{"id":12728,"date":"2019-08-28T11:06:41","date_gmt":"2019-08-28T09:06:41","guid":{"rendered":"https:\/\/www.design-duval.com\/notre-adn\/le-choix-du-sur-mesure\/"},"modified":"2021-02-10T17:33:43","modified_gmt":"2021-02-10T16:33:43","slug":"ausschliesslich-massanfertigung","status":"publish","type":"page","link":"https:\/\/www.design-duval.com\/de\/unsere-adn\/ausschliesslich-massanfertigung\/","title":{"rendered":"Unsere Wahl : Ausschliesslich Massanfertigung"},"content":{"rendered":"<div id=\"attachment_11535\" style=\"width: 810px\" class=\"wp-caption aligncenter\"><img aria-describedby=\"caption-attachment-11535\" loading=\"lazy\" class=\"wp-image-11535\" src=\"https:\/\/www.design-duval.com\/wp-content\/uploads\/2020\/01\/Design-Duval-le-choix-du-sur-mesure-1-455x265.jpg\" alt=\"Design Duval - Ausschliesslich Massanfertigung\" width=\"800\" height=\"416\" srcset=\"https:\/\/www.design-duval.com\/wp-content\/uploads\/2020\/01\/Design-Duval-le-choix-du-sur-mesure-1-768x399.jpg 768w, https:\/\/www.design-duval.com\/wp-content\/uploads\/2020\/01\/Design-Duval-le-choix-du-sur-mesure-1-1500x780.jpg 1500w, https:\/\/www.design-duval.com\/wp-content\/uploads\/2020\/01\/Design-Duval-le-choix-du-sur-mesure-1-620x322.jpg 620w\" sizes=\"(max-width: 800px) 100vw, 800px\" \/><p id=\"caption-attachment-11535\" class=\"wp-caption-text\">Gwendal (Schreinerei, Werkzeug- und Prototypenbau) und Chantal (Konfektionierung)<\/p><\/div>\n<p>&nbsp;<\/p>\n<p>In unserer 70-j\u00e4hrigen Firmengeschichte hat sich h\u00e4ufig die Frage gestellt, Standardprodukte zu produzieren und zu lagern, die auf Anfrage mit dem Kundenlogo personalisiert werden k\u00f6nnen.<br \/>\nAber Sie, unsere Kunden, sind alle einzigartig \u2013 und <strong>einzigartige Kunden verdienen einzigartige Ideen und Produkte!<\/strong><\/p>\n<p>Daher wird bei uns jede <strong>Verpackung<\/strong>,\u00a0 jede <strong>Pr\u00e4sentationsmappe<\/strong>, jedes <strong>Werbemittel<\/strong> speziell f\u00fcr Sie entwickelt und somit <strong>100 % an Ihre W\u00fcnsche und Bed\u00fcrfnisse angepasst<\/strong>. Wir begleiten Sie w\u00e4hrend des ganzen Prozesses: ganz Ohr, um Ihre Problematik zu verstehen in der Phase der Ideenfindung, ein kompetenter Ratgeber, wenn es darum geht, die passende Produktionstechnik auszuw\u00e4hlen \u2013 wir sind ein Jungbrunnen von Kreativit\u00e4t, damit Ihr Produkt das gewisse Extra hat und Sie von der Konkurrenz abhebt. Denn das ist es, was wir am besten k\u00f6nnen: <strong>die Entwicklung und Produktion von massgeschneiderten L\u00f6sungen liegt in unseren Genen.<\/strong><\/p>\n<p>&nbsp;<\/p>\n<h2><strong>Die passende L\u00f6sung f\u00fcr Sie<\/strong><\/h2>\n<p>Eine <strong>Musterkollektion<\/strong>, einen <strong>Ordner<\/strong>, eine <strong>Pr\u00e4sentationsbox<\/strong> oder eine<strong> Schutzh\u00fclle<\/strong> im richtigen Format zu entwickeln und mit Ihrem Logo zu bedrucken ist gut \u2013 <a href=\"https:\/\/www.design-duval.com\/de\/der-ablauf-ihres-projekts\/\">Sie in allen Phasen dieser Entwicklung aktiv zu begleiten<\/a> ist besser. Bei <strong>Design Duval<\/strong> versuchen wir, \u00fcber den Tellerrand hinaus zu sehen.<br \/>\nEgal ob Sie eine <strong>originelle Promotionstasche<\/strong>, eine <strong>elegante Musterkollektion<\/strong> oder einen <strong>hochwertigen Kofferanh\u00e4nger<\/strong> suchen, wir erarbeiten auf der Basis Ihrer W\u00fcnsche und Kriterien Vorschl\u00e4ge, die Sie \u00fcberzeugen werden. Denn wir ber\u00fccksichtigen die Besonderheiten Ihrer Produkte und Ihrer Zielgruppen \u2013 das ist selbstverst\u00e4ndlich und in unserer Unternehmenskultur verankert f\u00fcr alle unsere Unternehmensbereiche: <strong>Entwicklung und Herstellung von Echtmusterpr\u00e4sentationen, von geschweissten und gen\u00e4hten Werbemitteln, von Promotionsverpackungen und Digitaldruck.<\/strong><\/p>\n<p>&nbsp;<\/p>\n<h2><strong>Ein offenes und aufmerksames Ohr und eine pers\u00f6nliche Beratung<\/strong><\/h2>\n<p>Um <strong>die passende L\u00f6sung f\u00fcr Ihre Problematik<\/strong> zu finden, m\u00fcssen wir vollst\u00e4ndig in Ihr Universum eintauchen, Ihre Gesch\u00e4ftst\u00e4tigkeit und Zielgruppen verstehen.<\/p>\n<p>Daher sind Sie unser bester Mitarbeiter, um dieses einzigartige Produkt zu entwickeln! Wir sind \u00fcberzeugt davon, dass man nur auf der Basis einer partnerschaftlichen Zusammenarbeit und eines offenen Austauschs kundenspezifische Pr\u00e4sentationsprodukte oder Werbemittel entwickeln kann.<\/p>\n<p>Bei <strong>Design Duval<\/strong> entdecken Sie <strong>ein kreatives und pro-aktives Team<\/strong>, Mitarbeiter, die Ihren Job leidenschaftlich lieben und immer f\u00fcr neue Ideen offen sind \u2013 und das durch die Bank, sowohl im Vertrieb als auch in der Entwicklung und bis hin zur Produktion. F\u00fcr jeden von uns ist jedes neue Projekt eine faszinierende Herausforderung um <strong>DIE Idee zu finden, die kreativ und realistisch ist und auf IHRE Problematik antwortet<\/strong>.<\/p>\n<p>&nbsp;<\/p>\n<h2><strong>Eine reiche Palette an Materialien und Techniken \u2013 und eine Unzahl an Kombinationen<\/strong><\/h2>\n<p>In unserer <strong>Ma\u03b2schneiderei<\/strong>, k\u00f6nnen Sie f\u00fcr jedes zu entwickelnde Produkt w\u00e4hlen:<\/p>\n<ul>\n<li><a href=\"https:\/\/www.design-duval.com\/de\/ueber-uns\/materialien-die-wir-verarbeiten\/\">das oder die Material(ien)<\/a> (PVC, Polypro, PU, Karton, Schaumstoff, EVA, Kunstleder \u2026)<\/li>\n<li>die <a href=\"https:\/\/www.design-duval.com\/de\/ueber-uns\/herstellungsverfahren\/#Produktionstechniken\">Produktionstechnik<\/a> (Hochfrequenzschweissen, Tiefziehen, Kaschieren, Falzen, Schneiden, N\u00e4hen \u2026)<\/li>\n<li>die <a href=\"https:\/\/www.design-duval.com\/de\/ueber-uns\/herstellungsverfahren\/#Drucktechniken\">Drucktechnik <\/a>(Siebdruck, Tampondruck, Pr\u00e4gung, Digitaldruck, Offset, Tintenstrahldruck \u2026)<\/li>\n<\/ul>\n<p>Alle diese Materialien und Transformationstechniken geh\u00f6ren zu unserem Know-how, das wir seit 1947 aufgebaut und regelm\u00e4ssig erweitert haben. Aber wir bleiben weiterhin am Ball und lieben Innovationen \u2013 f\u00fcr unsere Kunden, aber auch f\u00fcr uns. Der t\u00e4gliche Kontakt mit Kunden aus verschiedenen L\u00e4ndern, eine kontinuierliche Marktbeobachtung, Tests und Anpassungen unseres Maschinenparks durch kompetente Mitarbeiter machen es m\u00f6glich, dass <strong>Design Duval<\/strong> sich permanent weiterentwickelt, um Ihnen neue <strong>kundenspezifisiche L\u00f6sungen und Dienstleistungen<\/strong> anzubieten. Das schl\u00e4gt sich bereits heute in unseren 4 Fachgebieten nieder \u2013 und sicherlich kommen in der Zukunft neue hinzu.<\/p>\n<p>Haben Sie eine Idee, die Ihnen zu \u201everr\u00fcckt\u201c erscheint? Oder sind Sie im Gegenteil ein wenig verloren angesichts der Vielzahl von M\u00f6glichkeiten? <a href=\"https:\/\/www.design-duval.com\/de\/kontakt\/\">Kontaktieren Sie uns<\/a>, wir brennen vor Ungeduld, mit ihnen zu diskutieren!<\/p>\n<p>&nbsp;<\/p>\n<p>&nbsp;<\/p>\n","protected":false},"excerpt":{"rendered":"<p>&nbsp; In unserer 70-j\u00e4hrigen Firmengeschichte hat sich h\u00e4ufig die Frage gestellt, Standardprodukte zu produzieren und zu lagern, die auf Anfrage mit dem Kundenlogo personalisiert werden k\u00f6nnen. Aber Sie, unsere Kunden, sind alle einzigartig \u2013 und einzigartige Kunden verdienen einzigartige Ideen und Produkte! Daher wird bei uns jede Verpackung,\u00a0 jede Pr\u00e4sentationsmappe, jedes Werbemittel speziell f\u00fcr Sie [&hellip;]<\/p>\n","protected":false},"author":12,"featured_media":0,"parent":12716,"menu_order":0,"comment_status":"closed","ping_status":"closed","template":"","meta":[],"yoast_head":"<!-- This site is optimized with the Yoast SEO plugin v19.6.1 - https:\/\/yoast.com\/wordpress\/plugins\/seo\/ -->\n<title>Unsere Wahl : Ausschliesslich Massanfertigung - Design Duval<\/title>\n<meta name=\"description\" content=\"Unsere Wahl : Ausschliesslich Massanfertigung - Design Duval\" \/>\n<meta name=\"robots\" content=\"index, follow, max-snippet:-1, max-image-preview:large, max-video-preview:-1\" \/>\n<link rel=\"canonical\" href=\"https:\/\/www.design-duval.com\/de\/unsere-adn\/ausschliesslich-massanfertigung\/\" \/>\n<meta property=\"og:locale\" content=\"de_DE\" \/>\n<meta property=\"og:type\" content=\"article\" \/>\n<meta property=\"og:title\" content=\"Unsere Wahl : Ausschliesslich Massanfertigung - Design Duval\" \/>\n<meta property=\"og:description\" content=\"Unsere Wahl : Ausschliesslich Massanfertigung - Design Duval\" \/>\n<meta property=\"og:url\" content=\"https:\/\/www.design-duval.com\/de\/unsere-adn\/ausschliesslich-massanfertigung\/\" \/>\n<meta property=\"og:site_name\" content=\"Design Duval\" \/>\n<meta property=\"article:modified_time\" content=\"2021-02-10T16:33:43+00:00\" \/>\n<meta property=\"og:image\" content=\"https:\/\/www.design-duval.com\/wp-content\/uploads\/2020\/01\/Design-Duval-le-choix-du-sur-mesure-1-455x265.jpg\" \/>\n<meta name=\"twitter:card\" content=\"summary\" \/>\n<meta name=\"twitter:label1\" content=\"Gesch\u00e4tzte Lesezeit\" \/>\n\t<meta name=\"twitter:data1\" content=\"3\u00a0Minuten\" \/>\n<script type=\"application\/ld+json\" class=\"yoast-schema-graph\">{\"@context\":\"https:\/\/schema.org\",\"@graph\":[{\"@type\":\"WebPage\",\"@id\":\"https:\/\/www.design-duval.com\/de\/unsere-adn\/ausschliesslich-massanfertigung\/\",\"url\":\"https:\/\/www.design-duval.com\/de\/unsere-adn\/ausschliesslich-massanfertigung\/\",\"name\":\"Unsere Wahl : Ausschliesslich Massanfertigung - Design Duval\",\"isPartOf\":{\"@id\":\"https:\/\/www.design-duval.com\/es\/#website\"},\"datePublished\":\"2019-08-28T09:06:41+00:00\",\"dateModified\":\"2021-02-10T16:33:43+00:00\",\"description\":\"Unsere Wahl : Ausschliesslich Massanfertigung - Design Duval\",\"breadcrumb\":{\"@id\":\"https:\/\/www.design-duval.com\/de\/unsere-adn\/ausschliesslich-massanfertigung\/#breadcrumb\"},\"inLanguage\":\"de\",\"potentialAction\":[{\"@type\":\"ReadAction\",\"target\":[\"https:\/\/www.design-duval.com\/de\/unsere-adn\/ausschliesslich-massanfertigung\/\"]}]},{\"@type\":\"BreadcrumbList\",\"@id\":\"https:\/\/www.design-duval.com\/de\/unsere-adn\/ausschliesslich-massanfertigung\/#breadcrumb\",\"itemListElement\":[{\"@type\":\"ListItem\",\"position\":1,\"name\":\"Home\",\"item\":\"https:\/\/www.design-duval.com\/de\/\"},{\"@type\":\"ListItem\",\"position\":2,\"name\":\"Unsere ADN\",\"item\":\"https:\/\/www.design-duval.com\/de\/unsere-adn\/\"},{\"@type\":\"ListItem\",\"position\":3,\"name\":\"Unsere Wahl : Ausschliesslich Massanfertigung\"}]},{\"@type\":\"WebSite\",\"@id\":\"https:\/\/www.design-duval.com\/es\/#website\",\"url\":\"https:\/\/www.design-duval.com\/es\/\",\"name\":\"Design Duval\",\"description\":\"\",\"publisher\":{\"@id\":\"https:\/\/www.design-duval.com\/es\/#organization\"},\"potentialAction\":[{\"@type\":\"SearchAction\",\"target\":{\"@type\":\"EntryPoint\",\"urlTemplate\":\"https:\/\/www.design-duval.com\/es\/?s={search_term_string}\"},\"query-input\":\"required name=search_term_string\"}],\"inLanguage\":\"de\"},{\"@type\":\"Organization\",\"@id\":\"https:\/\/www.design-duval.com\/es\/#organization\",\"name\":\"Design duval\",\"url\":\"https:\/\/www.design-duval.com\/es\/\",\"sameAs\":[],\"logo\":{\"@type\":\"ImageObject\",\"inLanguage\":\"de\",\"@id\":\"https:\/\/www.design-duval.com\/es\/#\/schema\/logo\/image\/\",\"url\":\"https:\/\/www.design-duval.com\/wp-content\/uploads\/2020\/09\/LOGO-DD-DN-web.jpg\",\"contentUrl\":\"https:\/\/www.design-duval.com\/wp-content\/uploads\/2020\/09\/LOGO-DD-DN-web.jpg\",\"width\":614,\"height\":460,\"caption\":\"Design duval\"},\"image\":{\"@id\":\"https:\/\/www.design-duval.com\/es\/#\/schema\/logo\/image\/\"}}]}<\/script>\n<!-- \/ Yoast SEO plugin. -->","yoast_head_json":{"title":"Unsere Wahl : Ausschliesslich Massanfertigung - Design Duval","description":"Unsere Wahl : Ausschliesslich Massanfertigung - Design Duval","robots":{"index":"index","follow":"follow","max-snippet":"max-snippet:-1","max-image-preview":"max-image-preview:large","max-video-preview":"max-video-preview:-1"},"canonical":"https:\/\/www.design-duval.com\/de\/unsere-adn\/ausschliesslich-massanfertigung\/","og_locale":"de_DE","og_type":"article","og_title":"Unsere Wahl : Ausschliesslich Massanfertigung - Design Duval","og_description":"Unsere Wahl : Ausschliesslich Massanfertigung - Design Duval","og_url":"https:\/\/www.design-duval.com\/de\/unsere-adn\/ausschliesslich-massanfertigung\/","og_site_name":"Design Duval","article_modified_time":"2021-02-10T16:33:43+00:00","og_image":[{"url":"https:\/\/www.design-duval.com\/wp-content\/uploads\/2020\/01\/Design-Duval-le-choix-du-sur-mesure-1-455x265.jpg"}],"twitter_card":"summary","twitter_misc":{"Gesch\u00e4tzte Lesezeit":"3\u00a0Minuten"},"schema":{"@context":"https:\/\/schema.org","@graph":[{"@type":"WebPage","@id":"https:\/\/www.design-duval.com\/de\/unsere-adn\/ausschliesslich-massanfertigung\/","url":"https:\/\/www.design-duval.com\/de\/unsere-adn\/ausschliesslich-massanfertigung\/","name":"Unsere Wahl : Ausschliesslich Massanfertigung - Design Duval","isPartOf":{"@id":"https:\/\/www.design-duval.com\/es\/#website"},"datePublished":"2019-08-28T09:06:41+00:00","dateModified":"2021-02-10T16:33:43+00:00","description":"Unsere Wahl : Ausschliesslich Massanfertigung - Design Duval","breadcrumb":{"@id":"https:\/\/www.design-duval.com\/de\/unsere-adn\/ausschliesslich-massanfertigung\/#breadcrumb"},"inLanguage":"de","potentialAction":[{"@type":"ReadAction","target":["https:\/\/www.design-duval.com\/de\/unsere-adn\/ausschliesslich-massanfertigung\/"]}]},{"@type":"BreadcrumbList","@id":"https:\/\/www.design-duval.com\/de\/unsere-adn\/ausschliesslich-massanfertigung\/#breadcrumb","itemListElement":[{"@type":"ListItem","position":1,"name":"Home","item":"https:\/\/www.design-duval.com\/de\/"},{"@type":"ListItem","position":2,"name":"Unsere ADN","item":"https:\/\/www.design-duval.com\/de\/unsere-adn\/"},{"@type":"ListItem","position":3,"name":"Unsere Wahl : Ausschliesslich Massanfertigung"}]},{"@type":"WebSite","@id":"https:\/\/www.design-duval.com\/es\/#website","url":"https:\/\/www.design-duval.com\/es\/","name":"Design Duval","description":"","publisher":{"@id":"https:\/\/www.design-duval.com\/es\/#organization"},"potentialAction":[{"@type":"SearchAction","target":{"@type":"EntryPoint","urlTemplate":"https:\/\/www.design-duval.com\/es\/?s={search_term_string}"},"query-input":"required name=search_term_string"}],"inLanguage":"de"},{"@type":"Organization","@id":"https:\/\/www.design-duval.com\/es\/#organization","name":"Design duval","url":"https:\/\/www.design-duval.com\/es\/","sameAs":[],"logo":{"@type":"ImageObject","inLanguage":"de","@id":"https:\/\/www.design-duval.com\/es\/#\/schema\/logo\/image\/","url":"https:\/\/www.design-duval.com\/wp-content\/uploads\/2020\/09\/LOGO-DD-DN-web.jpg","contentUrl":"https:\/\/www.design-duval.com\/wp-content\/uploads\/2020\/09\/LOGO-DD-DN-web.jpg","width":614,"height":460,"caption":"Design duval"},"image":{"@id":"https:\/\/www.design-duval.com\/es\/#\/schema\/logo\/image\/"}}]}},"_links":{"self":[{"href":"https:\/\/www.design-duval.com\/de\/wp-json\/wp\/v2\/pages\/12728"}],"collection":[{"href":"https:\/\/www.design-duval.com\/de\/wp-json\/wp\/v2\/pages"}],"about":[{"href":"https:\/\/www.design-duval.com\/de\/wp-json\/wp\/v2\/types\/page"}],"author":[{"embeddable":true,"href":"https:\/\/www.design-duval.com\/de\/wp-json\/wp\/v2\/users\/12"}],"replies":[{"embeddable":true,"href":"https:\/\/www.design-duval.com\/de\/wp-json\/wp\/v2\/comments?post=12728"}],"version-history":[{"count":2,"href":"https:\/\/www.design-duval.com\/de\/wp-json\/wp\/v2\/pages\/12728\/revisions"}],"predecessor-version":[{"id":17811,"href":"https:\/\/www.design-duval.com\/de\/wp-json\/wp\/v2\/pages\/12728\/revisions\/17811"}],"up":[{"embeddable":true,"href":"https:\/\/www.design-duval.com\/de\/wp-json\/wp\/v2\/pages\/12716"}],"wp:attachment":[{"href":"https:\/\/www.design-duval.com\/de\/wp-json\/wp\/v2\/media?parent=12728"}],"curies":[{"name":"wp","href":"https:\/\/api.w.org\/{rel}","templated":true}]}}