{"id":13026,"date":"2019-08-28T17:11:36","date_gmt":"2019-08-28T15:11:36","guid":{"rendered":"https:\/\/www.design-duval.com\/notre-adn\/la-serenite-de-la-realisation-de-a-a-z\/"},"modified":"2021-02-10T17:35:12","modified_gmt":"2021-02-10T16:35:12","slug":"komplettleistung","status":"publish","type":"page","link":"https:\/\/www.design-duval.com\/de\/unsere-adn\/komplettleistung\/","title":{"rendered":"Lehnen Sie sich zur\u00fcck \u2013 wir erbringen eine Komplettleistung"},"content":{"rendered":"<div id=\"attachment_13210\" style=\"width: 810px\" class=\"wp-caption aligncenter\"><img aria-describedby=\"caption-attachment-13210\" loading=\"lazy\" class=\"wp-image-13210\" src=\"https:\/\/www.design-duval.com\/wp-content\/uploads\/2020\/04\/Design-Duval-la-s\u00e9r\u00e9nit\u00e9-de-la-r\u00e9alisation-de-A-\u00e0-Z-455x265.jpg\" alt=\"Design Duval - Lehnen Sie sich zur\u00fcck - wir erbringen die Komplettleistung\" width=\"800\" height=\"547\" srcset=\"https:\/\/www.design-duval.com\/wp-content\/uploads\/2020\/04\/Design-Duval-la-s\u00e9r\u00e9nit\u00e9-de-la-r\u00e9alisation-de-A-\u00e0-Z-768x525.jpg 768w, https:\/\/www.design-duval.com\/wp-content\/uploads\/2020\/04\/Design-Duval-la-s\u00e9r\u00e9nit\u00e9-de-la-r\u00e9alisation-de-A-\u00e0-Z-1500x1026.jpg 1500w, https:\/\/www.design-duval.com\/wp-content\/uploads\/2020\/04\/Design-Duval-la-s\u00e9r\u00e9nit\u00e9-de-la-r\u00e9alisation-de-A-\u00e0-Z-620x424.jpg 620w, https:\/\/www.design-duval.com\/wp-content\/uploads\/2020\/04\/Design-Duval-la-s\u00e9r\u00e9nit\u00e9-de-la-r\u00e9alisation-de-A-\u00e0-Z.jpg 1900w\" sizes=\"(max-width: 800px) 100vw, 800px\" \/><p id=\"caption-attachment-13210\" class=\"wp-caption-text\">Sandrine &#8211; Empfang<\/p><\/div>\n<p>&nbsp;<\/p>\n<p>Auch Sie haben sicherlich schon einmal davon getr\u00e4umt, eine <strong>schl\u00fcsselfertige L\u00f6sung<\/strong> zu finden, ohne sich um die Koordination verschiedener Dienstleister k\u00fcmmern zu m\u00fcssen? Einen <strong>einzigen kompetenten Ansprechpartner<\/strong> zu haben? Ein <strong>Partnerunternehmen<\/strong> zu finden, auf das Sie sich blind verlassen k\u00f6nnen und das Sie trotzdem mit einbezieht?<\/p>\n<p>All das finden Sie bei <strong>Design Duval<\/strong>. Wir bieten <strong>ausschliesslich personalisierte On-Demand-Produktionen<\/strong> an und das im <strong>Komplettservice<\/strong> mit einer Auswahl an Serviceleistungen.<\/p>\n<p>&nbsp;<\/p>\n<h2><strong>Eine partnerschaftliche und dauerhafte Gesch\u00e4ftsbeziehung<\/strong><\/h2>\n<p>Wenn Sie sich f\u00fcr ein <strong>Produkt oder eine L\u00f6sung<\/strong> interessieren, <strong>die exakt auf Sie zugeschnitten ist<\/strong>, entscheiden Sie sich gleichzeitig f\u00fcr <strong>eine Gesch\u00e4ftsbeziehung, die auf Vertrauen und Austausch basiert<\/strong>. Unser Team h\u00f6rt Ihnen zu, analysiert Ihren Bedarf, stellt Fragen und Sie bekommen gleichzeitig ein erstes feed-back auf der Basis unserer langj\u00e4hrigen Expertise in den verschiedenen Gesch\u00e4ftsbereichen.<\/p>\n<p>In unserer 70-j\u00e4hrigen Firmengeschichte haben wir<strong> konstruktive und dauerhafte Kundenbeziehungen<\/strong> aufgebaut. Wir entwickeln<strong> kundenspezifische Werkzeuge und individualisierte Prozesse<\/strong>, die eine Folgeproduktion vereinfachen.<\/p>\n<p>&nbsp;<\/p>\n<h2><strong>Innovation und ein breit gef\u00e4chertes Know-how <\/strong><\/h2>\n<p>Unsere enge Kundenbeziehung hat zur Entwicklung von <strong>Design Duval<\/strong> beigetragen. Vom einfachen Produzenten sind wir zu einem <strong>echten Partner<\/strong> geworden \u2013 nicht nur in der Dauer unserer Kundenbeziehung, sondern auch in der Erweiterung unseres Leistungsspektrums, um <strong>alles aus einer Hand<\/strong> anbieten zu k\u00f6nnen.<\/p>\n<p>Dies spiegelt sich in der <strong>Vielfalt der Berufe und Techniken<\/strong> wider, die wir heute beherrschen. Einige der Innovationen von <strong>Design Duval<\/strong> stehen in direktem Zusammenhang mit diesen Kundenkooperationen:<\/p>\n<ul>\n<li>die Einf\u00fchrung der<strong> Tiefziehtechnik<\/strong> in den 80er Jahren,<\/li>\n<li>der Aufbau unserer <strong>Musterabteilung<\/strong> 1995,<\/li>\n<li>der Kauf einer <strong>Digitaldruckmaschine<\/strong> 2015.<\/li>\n<\/ul>\n<p>Auch die Integration unseres Designerb\u00fcros 1998 ist eine logische Weiterentwicklung vom reinen Produzenten zum <strong>Partner f\u00fcr Beratung und Kreation<\/strong>.<\/p>\n<p>&nbsp;<\/p>\n<h2><strong>Komplettleistung<\/strong><\/h2>\n<p>Die Philosophie der <strong>Komplettleistung<\/strong> finden Sie in allen 4 Unternehmensbereichen, denn auch das geh\u00f6rt zu unseren Genen. Nichts dient hier besser der Veranschaulichung als einige konkrete Beispiele f\u00fcr Dienstleistungen, die wir auf Anfrage anbieten:<\/p>\n<p>Im Bereich der <strong>Musterkollektionen<\/strong> stellen wir selbstverst\u00e4ndlich die Pr\u00e4sentation (Mappe, Ordner, Box, Koffer \u2026) her, aber wir k\u00f6nnen auch die Muster herstellen oder bearbeiten (komplette Herstellung f\u00fcr Putze, Fugen, Designb\u00f6den \u2026, Schneiden, Beschriften, Kleben, Konfektionierung, Befestigung Ihrer Muster). Wenn Sie selbst die Muster stellen, k\u00f6nnen wir diese kleben oder konfektionieren.<\/p>\n<p>Was die <strong>gen\u00e4hten oder geschweissten Werbe- und Pr\u00e4sentationsmittel<\/strong> angeht, entwickeln und produzieren wir Ihre Ordner, H\u00fcllen, Einb\u00e4nde, Taschen \u2026 aber wir k\u00f6nnen auch hier weitergehen und z.B. die Register herstellen und einlegen oder die Produkte in die H\u00fcllen oder Taschen konfektionieren. Wir k\u00f6nnen Ihre fertigen Produkte auch bei uns einlagern, um sie auf Anfrage Ihrer Partner \/ Kunden zu personalisieren oder auf Abruf zu liefern.<\/p>\n<p>Gleiches gilt f\u00fcr die Herstellung von <strong>Werbetaschen oder Promotionsverpackungen<\/strong>: wir stellen die Kosmetiktaschen, Schachteln, Bordbuchmappen \u2026 nach Ihren W\u00fcnschen her, aber h\u00e4ufig liefern wir das Komplettpaket (z.B. Amenity Kit f\u00fcr die Fluggesellschaften mit dem gesamten Inhalt oder Geburtssets f\u00fcr neue M\u00fctter mit den ausgew\u00e4hlten Babyprodukten). Es kommt auch vor, dass wir umpacken (z.B. von einer Blisterverpackung in eine Kollektorverpackung).<\/p>\n<p>Der <strong>Digitaldruck<\/strong> erlaubt es uns, POS-Displays oder Ausstellungsw\u00e4nde zu personalisieren. Aber auch hier gehen wir weiter und begleiten unsere Kunden z.B. bei der Entwicklung von transportsicheren Einzelverpackungen.<\/p>\n<p>&nbsp;<\/p>\n<h2><strong>Zusatzleistungen<\/strong><\/h2>\n<p>Unabh\u00e4ngig davon f\u00fcr welchen unserer 4 Unternehmensbereiche Sie sich interessieren (<strong>Echtmusterkollektionen, geschweisste und gen\u00e4hte Werbemittel, Promotionsverpackungen oder Digitaldruck<\/strong>), <strong>Design Duval<\/strong> h\u00e4lt eine Auswahl von Zusatzleistungen f\u00fcr Sie bereit:<\/p>\n<ul>\n<li>Versand Ihrer Artikel direkt an Kunden, Partner, Vertriebsmitarbeiter nach Ihrer Aufstellung,<\/li>\n<li>Einlagerung der hergestellten Produkte bei uns,<\/li>\n<li>Lieferung auf Abruf, auf Bestellung oder nach einem im Voraus definierten Kalender,<\/li>\n<li>Erstellung einer Website, um die Bestellung Ihrer Handmuster, Mustermappen zu steuern oder die individuelle Personalisierung Ihrer bei uns eingelagerten Werbemittel zu erm\u00f6glichen,<\/li>\n<li>individuelle \u00dcberwachung Ihrer Best\u00e4nde, mit dem Ziel, die zuk\u00fcnftige Produktion zu antizipieren.<\/li>\n<\/ul>\n<p>Dank unseres breit gef\u00e4cherten Know-hows und unserer weiten Service-Palette haben Sie mit <strong>Design Duval<\/strong> einen einzigen Partner, der f\u00fcr die ordnungsgem\u00e4\u00dfe Durchf\u00fchrung aller Phasen Ihres Projekts verantwortlich ist. Eine echte Verpflichtung zu Qualit\u00e4t, Termineinhaltung und Kostenersparnis.<\/p>\n<p>Haben auch Sie ein Projekt f\u00fcr ein Produkt zur Verkaufsf\u00f6rderung oder Kundenbindung im Kopf? Vertrauen Sie <strong>Design Duval<\/strong>, um Sie bei jedem Schritt zu unterst\u00fctzen.<\/p>\n<p>Haben Sie andere Produktideen als die oben angesprochenen? Dann gibt es nur einen Weg, um zu wissen, ob Design Duval eine Antwort hat: <a href=\"https:\/\/www.design-duval.com\/de\/kontakt\/\">kontaktieren Sie uns<\/a>!<\/p>\n<p>&nbsp;<\/p>\n","protected":false},"excerpt":{"rendered":"<p>&nbsp; Auch Sie haben sicherlich schon einmal davon getr\u00e4umt, eine schl\u00fcsselfertige L\u00f6sung zu finden, ohne sich um die Koordination verschiedener Dienstleister k\u00fcmmern zu m\u00fcssen? Einen einzigen kompetenten Ansprechpartner zu haben? Ein Partnerunternehmen zu finden, auf das Sie sich blind verlassen k\u00f6nnen und das Sie trotzdem mit einbezieht? All das finden Sie bei Design Duval. Wir [&hellip;]<\/p>\n","protected":false},"author":12,"featured_media":0,"parent":12716,"menu_order":0,"comment_status":"closed","ping_status":"closed","template":"","meta":[],"yoast_head":"<!-- This site is optimized with the Yoast SEO plugin v19.6.1 - https:\/\/yoast.com\/wordpress\/plugins\/seo\/ -->\n<title>Lehnen Sie sich zur\u00fcck \u2013 wir erbringen eine Komplettleistung - Design Duval<\/title>\n<meta name=\"description\" content=\"Lehnen Sie sich zur\u00fcck \u2013 wir erbringen eine Komplettleistung - Design Duval\" \/>\n<meta name=\"robots\" content=\"index, follow, max-snippet:-1, max-image-preview:large, max-video-preview:-1\" \/>\n<link rel=\"canonical\" href=\"https:\/\/www.design-duval.com\/de\/unsere-adn\/komplettleistung\/\" \/>\n<meta property=\"og:locale\" content=\"de_DE\" \/>\n<meta property=\"og:type\" content=\"article\" \/>\n<meta property=\"og:title\" content=\"Lehnen Sie sich zur\u00fcck \u2013 wir erbringen eine Komplettleistung - Design Duval\" \/>\n<meta property=\"og:description\" content=\"Lehnen Sie sich zur\u00fcck \u2013 wir erbringen eine Komplettleistung - Design Duval\" \/>\n<meta property=\"og:url\" content=\"https:\/\/www.design-duval.com\/de\/unsere-adn\/komplettleistung\/\" \/>\n<meta property=\"og:site_name\" content=\"Design Duval\" \/>\n<meta property=\"article:modified_time\" content=\"2021-02-10T16:35:12+00:00\" \/>\n<meta name=\"twitter:card\" content=\"summary\" \/>\n<meta name=\"twitter:label1\" content=\"Gesch\u00e4tzte Lesezeit\" \/>\n\t<meta name=\"twitter:data1\" content=\"4\u00a0Minuten\" \/>\n<script type=\"application\/ld+json\" class=\"yoast-schema-graph\">{\"@context\":\"https:\/\/schema.org\",\"@graph\":[{\"@type\":\"WebPage\",\"@id\":\"https:\/\/www.design-duval.com\/de\/unsere-adn\/komplettleistung\/\",\"url\":\"https:\/\/www.design-duval.com\/de\/unsere-adn\/komplettleistung\/\",\"name\":\"Lehnen Sie sich zur\u00fcck \u2013 wir erbringen eine Komplettleistung - Design Duval\",\"isPartOf\":{\"@id\":\"https:\/\/www.design-duval.com\/es\/#website\"},\"datePublished\":\"2019-08-28T15:11:36+00:00\",\"dateModified\":\"2021-02-10T16:35:12+00:00\",\"description\":\"Lehnen Sie sich zur\u00fcck \u2013 wir erbringen eine Komplettleistung - Design Duval\",\"breadcrumb\":{\"@id\":\"https:\/\/www.design-duval.com\/de\/unsere-adn\/komplettleistung\/#breadcrumb\"},\"inLanguage\":\"de\",\"potentialAction\":[{\"@type\":\"ReadAction\",\"target\":[\"https:\/\/www.design-duval.com\/de\/unsere-adn\/komplettleistung\/\"]}]},{\"@type\":\"BreadcrumbList\",\"@id\":\"https:\/\/www.design-duval.com\/de\/unsere-adn\/komplettleistung\/#breadcrumb\",\"itemListElement\":[{\"@type\":\"ListItem\",\"position\":1,\"name\":\"Home\",\"item\":\"https:\/\/www.design-duval.com\/de\/\"},{\"@type\":\"ListItem\",\"position\":2,\"name\":\"Unsere ADN\",\"item\":\"https:\/\/www.design-duval.com\/de\/unsere-adn\/\"},{\"@type\":\"ListItem\",\"position\":3,\"name\":\"Lehnen Sie sich zur\u00fcck \u2013 wir erbringen eine Komplettleistung\"}]},{\"@type\":\"WebSite\",\"@id\":\"https:\/\/www.design-duval.com\/es\/#website\",\"url\":\"https:\/\/www.design-duval.com\/es\/\",\"name\":\"Design Duval\",\"description\":\"\",\"publisher\":{\"@id\":\"https:\/\/www.design-duval.com\/es\/#organization\"},\"potentialAction\":[{\"@type\":\"SearchAction\",\"target\":{\"@type\":\"EntryPoint\",\"urlTemplate\":\"https:\/\/www.design-duval.com\/es\/?s={search_term_string}\"},\"query-input\":\"required name=search_term_string\"}],\"inLanguage\":\"de\"},{\"@type\":\"Organization\",\"@id\":\"https:\/\/www.design-duval.com\/es\/#organization\",\"name\":\"Design duval\",\"url\":\"https:\/\/www.design-duval.com\/es\/\",\"sameAs\":[],\"logo\":{\"@type\":\"ImageObject\",\"inLanguage\":\"de\",\"@id\":\"https:\/\/www.design-duval.com\/es\/#\/schema\/logo\/image\/\",\"url\":\"https:\/\/www.design-duval.com\/wp-content\/uploads\/2020\/09\/LOGO-DD-DN-web.jpg\",\"contentUrl\":\"https:\/\/www.design-duval.com\/wp-content\/uploads\/2020\/09\/LOGO-DD-DN-web.jpg\",\"width\":614,\"height\":460,\"caption\":\"Design duval\"},\"image\":{\"@id\":\"https:\/\/www.design-duval.com\/es\/#\/schema\/logo\/image\/\"}}]}<\/script>\n<!-- \/ Yoast SEO plugin. -->","yoast_head_json":{"title":"Lehnen Sie sich zur\u00fcck \u2013 wir erbringen eine Komplettleistung - Design Duval","description":"Lehnen Sie sich zur\u00fcck \u2013 wir erbringen eine Komplettleistung - Design Duval","robots":{"index":"index","follow":"follow","max-snippet":"max-snippet:-1","max-image-preview":"max-image-preview:large","max-video-preview":"max-video-preview:-1"},"canonical":"https:\/\/www.design-duval.com\/de\/unsere-adn\/komplettleistung\/","og_locale":"de_DE","og_type":"article","og_title":"Lehnen Sie sich zur\u00fcck \u2013 wir erbringen eine Komplettleistung - Design Duval","og_description":"Lehnen Sie sich zur\u00fcck \u2013 wir erbringen eine Komplettleistung - Design Duval","og_url":"https:\/\/www.design-duval.com\/de\/unsere-adn\/komplettleistung\/","og_site_name":"Design Duval","article_modified_time":"2021-02-10T16:35:12+00:00","twitter_card":"summary","twitter_misc":{"Gesch\u00e4tzte Lesezeit":"4\u00a0Minuten"},"schema":{"@context":"https:\/\/schema.org","@graph":[{"@type":"WebPage","@id":"https:\/\/www.design-duval.com\/de\/unsere-adn\/komplettleistung\/","url":"https:\/\/www.design-duval.com\/de\/unsere-adn\/komplettleistung\/","name":"Lehnen Sie sich zur\u00fcck \u2013 wir erbringen eine Komplettleistung - Design Duval","isPartOf":{"@id":"https:\/\/www.design-duval.com\/es\/#website"},"datePublished":"2019-08-28T15:11:36+00:00","dateModified":"2021-02-10T16:35:12+00:00","description":"Lehnen Sie sich zur\u00fcck \u2013 wir erbringen eine Komplettleistung - Design Duval","breadcrumb":{"@id":"https:\/\/www.design-duval.com\/de\/unsere-adn\/komplettleistung\/#breadcrumb"},"inLanguage":"de","potentialAction":[{"@type":"ReadAction","target":["https:\/\/www.design-duval.com\/de\/unsere-adn\/komplettleistung\/"]}]},{"@type":"BreadcrumbList","@id":"https:\/\/www.design-duval.com\/de\/unsere-adn\/komplettleistung\/#breadcrumb","itemListElement":[{"@type":"ListItem","position":1,"name":"Home","item":"https:\/\/www.design-duval.com\/de\/"},{"@type":"ListItem","position":2,"name":"Unsere ADN","item":"https:\/\/www.design-duval.com\/de\/unsere-adn\/"},{"@type":"ListItem","position":3,"name":"Lehnen Sie sich zur\u00fcck \u2013 wir erbringen eine Komplettleistung"}]},{"@type":"WebSite","@id":"https:\/\/www.design-duval.com\/es\/#website","url":"https:\/\/www.design-duval.com\/es\/","name":"Design Duval","description":"","publisher":{"@id":"https:\/\/www.design-duval.com\/es\/#organization"},"potentialAction":[{"@type":"SearchAction","target":{"@type":"EntryPoint","urlTemplate":"https:\/\/www.design-duval.com\/es\/?s={search_term_string}"},"query-input":"required name=search_term_string"}],"inLanguage":"de"},{"@type":"Organization","@id":"https:\/\/www.design-duval.com\/es\/#organization","name":"Design duval","url":"https:\/\/www.design-duval.com\/es\/","sameAs":[],"logo":{"@type":"ImageObject","inLanguage":"de","@id":"https:\/\/www.design-duval.com\/es\/#\/schema\/logo\/image\/","url":"https:\/\/www.design-duval.com\/wp-content\/uploads\/2020\/09\/LOGO-DD-DN-web.jpg","contentUrl":"https:\/\/www.design-duval.com\/wp-content\/uploads\/2020\/09\/LOGO-DD-DN-web.jpg","width":614,"height":460,"caption":"Design duval"},"image":{"@id":"https:\/\/www.design-duval.com\/es\/#\/schema\/logo\/image\/"}}]}},"_links":{"self":[{"href":"https:\/\/www.design-duval.com\/de\/wp-json\/wp\/v2\/pages\/13026"}],"collection":[{"href":"https:\/\/www.design-duval.com\/de\/wp-json\/wp\/v2\/pages"}],"about":[{"href":"https:\/\/www.design-duval.com\/de\/wp-json\/wp\/v2\/types\/page"}],"author":[{"embeddable":true,"href":"https:\/\/www.design-duval.com\/de\/wp-json\/wp\/v2\/users\/12"}],"replies":[{"embeddable":true,"href":"https:\/\/www.design-duval.com\/de\/wp-json\/wp\/v2\/comments?post=13026"}],"version-history":[{"count":3,"href":"https:\/\/www.design-duval.com\/de\/wp-json\/wp\/v2\/pages\/13026\/revisions"}],"predecessor-version":[{"id":17812,"href":"https:\/\/www.design-duval.com\/de\/wp-json\/wp\/v2\/pages\/13026\/revisions\/17812"}],"up":[{"embeddable":true,"href":"https:\/\/www.design-duval.com\/de\/wp-json\/wp\/v2\/pages\/12716"}],"wp:attachment":[{"href":"https:\/\/www.design-duval.com\/de\/wp-json\/wp\/v2\/media?parent=13026"}],"curies":[{"name":"wp","href":"https:\/\/api.w.org\/{rel}","templated":true}]}}