{"id":13183,"date":"2019-10-11T18:35:32","date_gmt":"2019-10-11T16:35:32","guid":{"rendered":"https:\/\/www.design-duval.com\/services-impression-numerique\/impression-de-donnees-variables\/"},"modified":"2021-02-11T15:31:18","modified_gmt":"2021-02-11T14:31:18","slug":"einzelpersonalisierungen","status":"publish","type":"page","link":"https:\/\/www.design-duval.com\/de\/digitaldruck-zusatzleistungen\/einzelpersonalisierungen\/","title":{"rendered":"Einzelpersonalisierungen"},"content":{"rendered":"<div id=\"attachment_13611\" style=\"width: 810px\" class=\"wp-caption aligncenter\"><img aria-describedby=\"caption-attachment-13611\" loading=\"lazy\" class=\"wp-image-13611\" src=\"https:\/\/www.design-duval.com\/wp-content\/uploads\/2020\/04\/Impression-num\u00e9rique-impression-donn\u00e9es-variables-455x265.jpg\" alt=\"Impression-num\u00e9rique-impression-donn\u00e9es-variables\" width=\"800\" height=\"547\" srcset=\"https:\/\/www.design-duval.com\/wp-content\/uploads\/2020\/04\/Impression-num\u00e9rique-impression-donn\u00e9es-variables-768x525.jpg 768w, https:\/\/www.design-duval.com\/wp-content\/uploads\/2020\/04\/Impression-num\u00e9rique-impression-donn\u00e9es-variables-1500x1026.jpg 1500w, https:\/\/www.design-duval.com\/wp-content\/uploads\/2020\/04\/Impression-num\u00e9rique-impression-donn\u00e9es-variables-620x424.jpg 620w, https:\/\/www.design-duval.com\/wp-content\/uploads\/2020\/04\/Impression-num\u00e9rique-impression-donn\u00e9es-variables.jpg 1900w\" sizes=\"(max-width: 800px) 100vw, 800px\" \/><p id=\"caption-attachment-13611\" class=\"wp-caption-text\">Ang\u00e9lique, Hochfrequenzschwei\u03b2en und Digitaldruck<\/p><\/div>\n<p>&nbsp;<\/p>\n<p>Sie sind f\u00fcr uns einzigartig, und Ihre Kunden sind es bestimmt auch f\u00fcr Sie!<\/p>\n<p>Daher bieten wir Ihnen die Individualisierung Ihrer Produkte im <strong>Digitaldruck<\/strong> in Kleinstserie und bis zum Einzelst\u00fcck an. Wir finden eine L\u00f6sung f\u00fcr jeden Wunsch an individueller Gestaltung, von der einfachsten bis zur extremsten Form.<\/p>\n<p>F\u00fcr die Erfassung der individuellen Druckdaten k\u00f6nnen wir eine Website f\u00fcr Sie entwickeln, die auf Ihre Marke und Ihre Kriterien zugeschnitten ist.<\/p>\n","protected":false},"excerpt":{"rendered":"<p>&nbsp; Sie sind f\u00fcr uns einzigartig, und Ihre Kunden sind es bestimmt auch f\u00fcr Sie! Daher bieten wir Ihnen die Individualisierung Ihrer Produkte im Digitaldruck in Kleinstserie und bis zum Einzelst\u00fcck an. Wir finden eine L\u00f6sung f\u00fcr jeden Wunsch an individueller Gestaltung, von der einfachsten bis zur extremsten Form. F\u00fcr die Erfassung der individuellen Druckdaten [&hellip;]<\/p>\n","protected":false},"author":16,"featured_media":0,"parent":12874,"menu_order":0,"comment_status":"closed","ping_status":"closed","template":"","meta":[],"yoast_head":"<!-- This site is optimized with the Yoast SEO plugin v19.6.1 - https:\/\/yoast.com\/wordpress\/plugins\/seo\/ -->\n<title>Einzelpersonalisierungen - Design Duval<\/title>\n<meta name=\"description\" content=\"Einzelpersonalisierungen - Design Duval\" \/>\n<meta name=\"robots\" content=\"index, follow, max-snippet:-1, max-image-preview:large, max-video-preview:-1\" \/>\n<link rel=\"canonical\" href=\"https:\/\/www.design-duval.com\/de\/digitaldruck-zusatzleistungen\/einzelpersonalisierungen\/\" \/>\n<meta property=\"og:locale\" content=\"de_DE\" \/>\n<meta property=\"og:type\" content=\"article\" \/>\n<meta property=\"og:title\" content=\"Einzelpersonalisierungen - Design Duval\" \/>\n<meta property=\"og:description\" content=\"Einzelpersonalisierungen - Design Duval\" \/>\n<meta property=\"og:url\" content=\"https:\/\/www.design-duval.com\/de\/digitaldruck-zusatzleistungen\/einzelpersonalisierungen\/\" \/>\n<meta property=\"og:site_name\" content=\"Design Duval\" \/>\n<meta property=\"article:modified_time\" content=\"2021-02-11T14:31:18+00:00\" \/>\n<meta name=\"twitter:card\" content=\"summary\" \/>\n<script type=\"application\/ld+json\" class=\"yoast-schema-graph\">{\"@context\":\"https:\/\/schema.org\",\"@graph\":[{\"@type\":\"WebPage\",\"@id\":\"https:\/\/www.design-duval.com\/de\/digitaldruck-zusatzleistungen\/einzelpersonalisierungen\/\",\"url\":\"https:\/\/www.design-duval.com\/de\/digitaldruck-zusatzleistungen\/einzelpersonalisierungen\/\",\"name\":\"Einzelpersonalisierungen - Design Duval\",\"isPartOf\":{\"@id\":\"https:\/\/www.design-duval.com\/es\/#website\"},\"datePublished\":\"2019-10-11T16:35:32+00:00\",\"dateModified\":\"2021-02-11T14:31:18+00:00\",\"description\":\"Einzelpersonalisierungen - Design Duval\",\"breadcrumb\":{\"@id\":\"https:\/\/www.design-duval.com\/de\/digitaldruck-zusatzleistungen\/einzelpersonalisierungen\/#breadcrumb\"},\"inLanguage\":\"de\",\"potentialAction\":[{\"@type\":\"ReadAction\",\"target\":[\"https:\/\/www.design-duval.com\/de\/digitaldruck-zusatzleistungen\/einzelpersonalisierungen\/\"]}]},{\"@type\":\"BreadcrumbList\",\"@id\":\"https:\/\/www.design-duval.com\/de\/digitaldruck-zusatzleistungen\/einzelpersonalisierungen\/#breadcrumb\",\"itemListElement\":[{\"@type\":\"ListItem\",\"position\":1,\"name\":\"Home\",\"item\":\"https:\/\/www.design-duval.com\/de\/\"},{\"@type\":\"ListItem\",\"position\":2,\"name\":\"Digitaldruck : Service\",\"item\":\"https:\/\/www.design-duval.com\/de\/digitaldruck-zusatzleistungen\/\"},{\"@type\":\"ListItem\",\"position\":3,\"name\":\"Einzelpersonalisierungen\"}]},{\"@type\":\"WebSite\",\"@id\":\"https:\/\/www.design-duval.com\/es\/#website\",\"url\":\"https:\/\/www.design-duval.com\/es\/\",\"name\":\"Design Duval\",\"description\":\"\",\"publisher\":{\"@id\":\"https:\/\/www.design-duval.com\/es\/#organization\"},\"potentialAction\":[{\"@type\":\"SearchAction\",\"target\":{\"@type\":\"EntryPoint\",\"urlTemplate\":\"https:\/\/www.design-duval.com\/es\/?s={search_term_string}\"},\"query-input\":\"required name=search_term_string\"}],\"inLanguage\":\"de\"},{\"@type\":\"Organization\",\"@id\":\"https:\/\/www.design-duval.com\/es\/#organization\",\"name\":\"Design duval\",\"url\":\"https:\/\/www.design-duval.com\/es\/\",\"sameAs\":[],\"logo\":{\"@type\":\"ImageObject\",\"inLanguage\":\"de\",\"@id\":\"https:\/\/www.design-duval.com\/es\/#\/schema\/logo\/image\/\",\"url\":\"https:\/\/www.design-duval.com\/wp-content\/uploads\/2020\/09\/LOGO-DD-DN-web.jpg\",\"contentUrl\":\"https:\/\/www.design-duval.com\/wp-content\/uploads\/2020\/09\/LOGO-DD-DN-web.jpg\",\"width\":614,\"height\":460,\"caption\":\"Design duval\"},\"image\":{\"@id\":\"https:\/\/www.design-duval.com\/es\/#\/schema\/logo\/image\/\"}}]}<\/script>\n<!-- \/ Yoast SEO plugin. -->","yoast_head_json":{"title":"Einzelpersonalisierungen - Design Duval","description":"Einzelpersonalisierungen - Design Duval","robots":{"index":"index","follow":"follow","max-snippet":"max-snippet:-1","max-image-preview":"max-image-preview:large","max-video-preview":"max-video-preview:-1"},"canonical":"https:\/\/www.design-duval.com\/de\/digitaldruck-zusatzleistungen\/einzelpersonalisierungen\/","og_locale":"de_DE","og_type":"article","og_title":"Einzelpersonalisierungen - Design Duval","og_description":"Einzelpersonalisierungen - Design Duval","og_url":"https:\/\/www.design-duval.com\/de\/digitaldruck-zusatzleistungen\/einzelpersonalisierungen\/","og_site_name":"Design Duval","article_modified_time":"2021-02-11T14:31:18+00:00","twitter_card":"summary","schema":{"@context":"https:\/\/schema.org","@graph":[{"@type":"WebPage","@id":"https:\/\/www.design-duval.com\/de\/digitaldruck-zusatzleistungen\/einzelpersonalisierungen\/","url":"https:\/\/www.design-duval.com\/de\/digitaldruck-zusatzleistungen\/einzelpersonalisierungen\/","name":"Einzelpersonalisierungen - Design Duval","isPartOf":{"@id":"https:\/\/www.design-duval.com\/es\/#website"},"datePublished":"2019-10-11T16:35:32+00:00","dateModified":"2021-02-11T14:31:18+00:00","description":"Einzelpersonalisierungen - Design Duval","breadcrumb":{"@id":"https:\/\/www.design-duval.com\/de\/digitaldruck-zusatzleistungen\/einzelpersonalisierungen\/#breadcrumb"},"inLanguage":"de","potentialAction":[{"@type":"ReadAction","target":["https:\/\/www.design-duval.com\/de\/digitaldruck-zusatzleistungen\/einzelpersonalisierungen\/"]}]},{"@type":"BreadcrumbList","@id":"https:\/\/www.design-duval.com\/de\/digitaldruck-zusatzleistungen\/einzelpersonalisierungen\/#breadcrumb","itemListElement":[{"@type":"ListItem","position":1,"name":"Home","item":"https:\/\/www.design-duval.com\/de\/"},{"@type":"ListItem","position":2,"name":"Digitaldruck : Service","item":"https:\/\/www.design-duval.com\/de\/digitaldruck-zusatzleistungen\/"},{"@type":"ListItem","position":3,"name":"Einzelpersonalisierungen"}]},{"@type":"WebSite","@id":"https:\/\/www.design-duval.com\/es\/#website","url":"https:\/\/www.design-duval.com\/es\/","name":"Design Duval","description":"","publisher":{"@id":"https:\/\/www.design-duval.com\/es\/#organization"},"potentialAction":[{"@type":"SearchAction","target":{"@type":"EntryPoint","urlTemplate":"https:\/\/www.design-duval.com\/es\/?s={search_term_string}"},"query-input":"required name=search_term_string"}],"inLanguage":"de"},{"@type":"Organization","@id":"https:\/\/www.design-duval.com\/es\/#organization","name":"Design duval","url":"https:\/\/www.design-duval.com\/es\/","sameAs":[],"logo":{"@type":"ImageObject","inLanguage":"de","@id":"https:\/\/www.design-duval.com\/es\/#\/schema\/logo\/image\/","url":"https:\/\/www.design-duval.com\/wp-content\/uploads\/2020\/09\/LOGO-DD-DN-web.jpg","contentUrl":"https:\/\/www.design-duval.com\/wp-content\/uploads\/2020\/09\/LOGO-DD-DN-web.jpg","width":614,"height":460,"caption":"Design duval"},"image":{"@id":"https:\/\/www.design-duval.com\/es\/#\/schema\/logo\/image\/"}}]}},"_links":{"self":[{"href":"https:\/\/www.design-duval.com\/de\/wp-json\/wp\/v2\/pages\/13183"}],"collection":[{"href":"https:\/\/www.design-duval.com\/de\/wp-json\/wp\/v2\/pages"}],"about":[{"href":"https:\/\/www.design-duval.com\/de\/wp-json\/wp\/v2\/types\/page"}],"author":[{"embeddable":true,"href":"https:\/\/www.design-duval.com\/de\/wp-json\/wp\/v2\/users\/16"}],"replies":[{"embeddable":true,"href":"https:\/\/www.design-duval.com\/de\/wp-json\/wp\/v2\/comments?post=13183"}],"version-history":[{"count":3,"href":"https:\/\/www.design-duval.com\/de\/wp-json\/wp\/v2\/pages\/13183\/revisions"}],"predecessor-version":[{"id":17631,"href":"https:\/\/www.design-duval.com\/de\/wp-json\/wp\/v2\/pages\/13183\/revisions\/17631"}],"up":[{"embeddable":true,"href":"https:\/\/www.design-duval.com\/de\/wp-json\/wp\/v2\/pages\/12874"}],"wp:attachment":[{"href":"https:\/\/www.design-duval.com\/de\/wp-json\/wp\/v2\/media?parent=13183"}],"curies":[{"name":"wp","href":"https:\/\/api.w.org\/{rel}","templated":true}]}}