{"id":13670,"date":"2019-11-18T09:34:51","date_gmt":"2019-11-18T08:34:51","guid":{"rendered":"https:\/\/www.design-duval.com\/notre-histoire\/"},"modified":"2021-02-17T14:38:35","modified_gmt":"2021-02-17T13:38:35","slug":"unsere-geschichte","status":"publish","type":"page","link":"https:\/\/www.design-duval.com\/de\/ueber-uns\/unsere-geschichte\/","title":{"rendered":"Unsere Geschichte"},"content":{"rendered":"<div id=\"attachment_4864\" style=\"width: 810px\" class=\"wp-caption aligncenter\"><img aria-describedby=\"caption-attachment-4864\" loading=\"lazy\" class=\"wp-image-4864\" src=\"https:\/\/www.design-duval.com\/wp-content\/uploads\/2020\/01\/13-2-1-455x265.jpg\" alt=\"Design Duval - Unsere Geschichte\" width=\"800\" height=\"426\" srcset=\"https:\/\/www.design-duval.com\/wp-content\/uploads\/2020\/01\/13-2-1-768x409.jpg 768w, https:\/\/www.design-duval.com\/wp-content\/uploads\/2020\/01\/13-2-1-1500x799.jpg 1500w, https:\/\/www.design-duval.com\/wp-content\/uploads\/2020\/01\/13-2-1-620x330.jpg 620w, https:\/\/www.design-duval.com\/wp-content\/uploads\/2020\/01\/13-2-1.jpg 1539w\" sizes=\"(max-width: 800px) 100vw, 800px\" \/><p id=\"caption-attachment-4864\" class=\"wp-caption-text\">No\u00ebl, Gesch\u00e4ftsf\u00fchrer<\/p><\/div>\n<p>&nbsp;<\/p>\n<p><strong><a id=\"Unsere-Geschichte\"><\/a>Design Duval<\/strong> nennt sich das Unternehmen seit 2012, aber es existiert bereits seit 1947. Eine lange Geschichte, die von technologischen Fortschritten und wichtigen Innovationen gepr\u00e4gt ist und eine starke Unternehmenskultur geschaffen hat. Letztere basiert auf unver\u00e4nderlichen Werten und einer konstanten Richtlinie: <strong>hochwertige, ausschlie\u03b2lich ma\u00dfgeschneiderte Komplettl\u00f6sungen anzubieten.<\/strong><\/p>\n<p>&nbsp;<\/p>\n<h2>Ein industrielles und menschliches Abenteuer<\/h2>\n<p><strong>Design Duval<\/strong>\u00a0ist das Ergebnis eines <strong>einzigartigen menschlichen und industriellen Abenteuers<\/strong>, das sich von einer \u00a0<strong>kleinen Schneiderei und Lederwarenwerkstatt <\/strong>zu einem mittelst\u00e4ndischen Familienunternehmen entwickelt hat, das heute in die ganze Welt exportiert. Das Unternehmen wurde 1947 in Redon unter dem Namen <strong>Plastiques Duval<\/strong> gegr\u00fcndet und verf\u00fcgt heute \u00fcber 50 Mitarbeiter, die jeden Tag zur Zufriedenheit unserer Kunden beitragen.<\/p>\n<p>&nbsp;<\/p>\n<h2>Von der Ledern\u00e4hwerkstatt zur Technologie des HF-Schwei\u00dfens<\/h2>\n<p>Bereits in den fr\u00fchen 60-er Jahren f\u00fchrte Herr Duval, Unternehmer mit Weitblick, die <strong>Technologie des HF-Schwei\u00dfens<\/strong> ein. Eine f\u00fcr Frankreich wichtige Innovation in der damaligen Zeit.\u00a0 Das Unternehmen produziert daraufhin <strong>Kleinlederwaren (H\u00fcllen, Mappen, Ordner&#8230;)<\/strong>, erfindet sich aber auch in seinen Materialien neu, indem es von <strong>Leder<\/strong> auf <strong>PVC<\/strong> umsteigt.<\/p>\n<p><strong><u><a href=\"https:\/\/www.design-duval.com\/de\/werbe-und-praesentationsmittel\/\">Entdecken Sie unseren Kompetenzbereich \u201eGen\u00e4hte und geschwei\u00dfte Werbemittel\u201c<\/a><\/u><\/strong><\/p>\n<p>&nbsp;<\/p>\n<h2>Die 80-er Jahre: Ausbruch aus der Komfortzone<\/h2>\n<p>Eines Tages bestellt ein Stammkunde aus der <strong>Verlagsbranche<\/strong>, f\u00fcr den wir <strong>Buchschutzh\u00fcllen aus PVC <\/strong>herstellen, <strong>eine Box<\/strong> f\u00fcr ein Buch und eine Tonbandkassette.\u00a0Als <strong>Pionier in Frankreich auf dem Gebiet des HF-Schwei\u00dfens<\/strong> haben wir die Herausforderung angenommen und uns Maschinen zum Tiefziehen angeschafft. Der Auftrag wurde zum Erfolg. Und noch besser: es war der erste Schritt auf dem Weg zur Entwicklung eines unserer <strong>Spezialgebiete: Materialien und Technologien zu kombinieren!<\/strong><\/p>\n<p>Durch die <strong>Kombination von HF-Schwei\u00dfen und Tiefziehtechnik<\/strong> bieten wir ein <strong>einzigartiges Know-how<\/strong> an. Wir befinden uns damals im Jahr 1980. Wir erweitern unser Angebot, erschliessen neue Zielgruppen und schaffen so eine ganz <strong>neue Aktivit\u00e4t<\/strong>, die wir seitdem konstant weiter entwickeln.<\/p>\n<p>&nbsp;<\/p>\n<h2>Die 90-er Jahre: Wachstum im Dienst der Innovation<\/h2>\n<p>1992 wurde das Unternehmen von der Familie M\u00e9lois \u00fcbernommen. Bei dieser Gelegenheit gr\u00fcndete <strong>Plastiques Duval<\/strong> sein eigenes <strong>Designerb\u00fcro<\/strong>, um seinen Kunden noch mehr Kreativit\u00e4t und perfekt ma\u03b2geschneiderte L\u00f6sungen anbieten zu k\u00f6nnen.<\/p>\n<p>Die wachsende Nachfrage nach einer<strong> Komplettleistung f\u00fcr unsere Echtmuster-Pr\u00e4sentationsl\u00f6sungen<\/strong> f\u00fchrte 1999 zur Gr\u00fcndung von <strong>Saint-Jacut Conditionnement<\/strong>: ein Kompetenzzentrum, das sich ausschlie\u03b2lich der Herstellung von Mustern widmet und heute \u00fcber ein Know-how von h\u00f6chster Qualit\u00e4t in der<strong> Herstellung, der Bearbeitung, dem Schneiden und der Konfektionierung von Echtmustern und Musteraufbauten f\u00fcr das Baugewerbe <\/strong>verf\u00fcgt<strong>.<\/strong><\/p>\n<p>Die <strong>Komplettleistung<\/strong> wird seitdem zu unserer Spezialit\u00e4t \u2013 und\u00a0 daf\u00fcr sind wir heute in ganz Europa bekannt.<\/p>\n<p><strong><u><a href=\"https:\/\/www.design-duval.com\/de\/musterkollektionen-im-komplettservice\/\">Entdecken Sie unser unvergleichbares Know-how im Bereich \u201eEchtmusterkollektionen im Komplettservice\u201c<\/a><\/u><\/strong><\/p>\n<h2><\/h2>\n<h2>Die Jahrhundertwende: erste Schritte auf der internationalen B\u00fchne<\/h2>\n<p>Mit unserem in Frankreich entwickelten Know-how beginnen wir, unsere <strong>Musterkollektionen im Komplettservice<\/strong> ab dem Jahr 2000 nach Spanien und im Jahr 2004 auch nach Nordeuropa <strong>zu exportieren<\/strong>.<\/p>\n<p>Nordeuropa surft damals bereits auf der Welle der <strong>Naturmateralien<\/strong> und zieht <strong>Produkte aus Karton<\/strong> den L\u00f6sungen aus<strong> PVC<\/strong> vor.<\/p>\n<p>Aber daran soll es nicht liegen! Wir h\u00f6ren auf unsere Kunden und diversifizieren wieder einmal. Denn wir wissen, dass unsere F\u00e4higkeit, uns st\u00e4ndig zu erneuern uns antreibt. Und das erlaubt es uns, sowohl unser Know-how als auch unsere Kundenbeziehungen zu stabilisieren und kontinuierlich auszubauen.<\/p>\n<p>&nbsp;<\/p>\n<h2><a id=\"China\"><\/a>2005: Back to the Roots<\/h2>\n<p>Zur gleichen Zeit geht die <strong>Automobilindustrie<\/strong>, einer unserer wichtigsten Absatzm\u00e4rkte, von <strong>geschwei\u03b2ten Bordbuchmappen<\/strong> auf in Asien <strong>gen\u00e4hte Kunstledertaschen<\/strong> \u00fcber. Das ist ein schwerer Schlag f\u00fcr die gesamte Branche.<\/p>\n<p>Aber wir lassen uns nicht unterkriegen. Um unsere Kunden nicht zu verlieren und wettbewerbsf\u00e4hig zu bleiben, riskieren wir 2005 den Schritt ins Ungewisse und lassen unsere\u00a0<strong>gen\u00e4hten Werbemittel<\/strong>\u00a0in Asien fertigen. Die Konzeption dieser gen\u00e4hten Werbemittel und Taschen erfolgt weiterhin durch unsere <strong>Designer bei uns in der Bretagne<\/strong>. Hier bieten wir auch zahlreiche beliebte <a href=\"https:\/\/www.design-duval.com\/de\/promotions-und-werbeverpackungen-service\/\">Serviceleitungen<\/a> an<strong>\u00a0(Lagerung mit Lieferung auf Abruf, Konfektionierung\u2026).<\/strong><\/p>\n<p>Diese schwierige Entscheidung, das N\u00e4hen unserer Werbemittel auszulagern, haben wir nicht einfach so getroffen! Denn mit N\u00e4hen kennen wir uns aus, das ist ja schlie\u03b2lich unser Ursprung. Wir konnten dank diesen Know hows pers\u00f6nlich vor Ort Firmen suchen, besichtigen und beurteilen, um unsere <strong>idealen Partner<\/strong> zu finden. Diese entsprechen unseren Vorstellungen und\u00a0<strong>Anspr\u00fcchen an Ethik und<\/strong>\u00a0<a href=\"https:\/\/www.design-duval.com\/de\/unsere-adn\/qualitaet-ohne-kompromisse\/\">Qualit\u00e4tsniveau<\/a>. Zur Gew\u00e4hrleistung einer<strong> permanenten Qualit\u00e4tskontrolle und Produktions\u00fcberwachung<\/strong> haben wir einen Mitarbeiter dauerhaft vor Ort. Ein echter Vorteil!<\/p>\n<p>2001 gr\u00fcnden wir daher unsere <strong>Tochtergesellschaft Duval Trading<\/strong> in Hong Kong. Und nach und nach <strong>entwickeln wir ma\u00dfgeschneiderte gen\u00e4hte Werbeartikel<\/strong> auch f\u00fcr andere Branchen<\/p>\n<ul>\n<li><strong>Werbetaschen, Promotionsbeutel, und Geschenksets <\/strong>f\u00fcr Kosmetik, den Einzelhandel, Tankstellen,<\/li>\n<li><strong>Hochwertige Ordner, Konferenzmappen und gen\u00e4hte Welcome-Packs<\/strong> f\u00fcr Schulungen, Hotellerie, Banken, etc.<\/li>\n<\/ul>\n<p><strong><u><a href=\"https:\/\/www.design-duval.com\/de\/promotions-und-werbeverpackungen\/\">Entdecken Sie unseren Kompetenzbereich \u201ePromotionsverpackungen\u201c<\/a><\/u><\/strong><\/p>\n<p>&nbsp;<\/p>\n<h2>2012: Neuer Name, weitere Innovationen, aber eine unver\u00e4nderte DNA<\/h2>\n<p>Im Laufe der Jahre hat <strong>Plastiques Duval<\/strong> sein Gesch\u00e4ft stark diversifiziert, ohne jedoch irgendwelche Abstriche bei seiner <strong>fundamentalen Grundidee <\/strong>zu machen<strong>: die Entwicklung und Produktion von qualitativen und ma\u00dfgeschneiderten Pr\u00e4sentationsprodukten im Komplett-Service. <\/strong><\/p>\n<p>65 Jahre nach seiner Gr\u00fcndung bietet Plastiques Duval eine seltene, um nicht zu sagen einzigartige <strong>Kombination von<\/strong> <strong>Materialien und Technologien <\/strong>an. Die Umfirmierung in <strong>Design Duval <\/strong>im Jahre 2012 ist eine logische und nat\u00fcrliche Konsequenz &#8211; ein Name, der noch mehr Kreativit\u00e4t, technische Entwicklungen und Kundenorientierung verspricht.<\/p>\n<p>&nbsp;<\/p>\n<h2>2014: Die digitale Revolution<\/h2>\n<p>Und wie ein Zeichen dieser Erneuerung installieren wir zwei Jahre sp\u00e4ter in unserer Produktion \u2026 eine hochmoderne <strong>Digitaldruckmaschine<\/strong>!<\/p>\n<p>Bereits seit mehreren Jahren sind wir mehr als ein einfacher Hersteller. Neben <a href=\"https:\/\/www.design-duval.com\/de\/unsere-adn\/komplettleistung\/\">Beratung und Design rundet eine umfangreiche Palette von Serviceleistungen<\/a> unser Angebot ab. Und um die f\u00fcr Sie hergestellten Serienprodukte im Anschluss <strong>individuell zu personalisieren<\/strong>, investieren wir 2014 in einen <strong>Gro\u00dfformatdigitaldrucker.<\/strong><\/p>\n<p><strong>Kleinseriendruck, Direktdruck auf dicken Materialien, Erstellung von Prototypen<\/strong>&#8230; dieses kleine technische Juwel erm\u00f6glicht es uns, in Windeseile ein viertes Fachgebiet zu entwickeln: den <strong>Digitaldruck, <\/strong>um auch f\u00fcr Ihre <strong>POS-Projekte, Ausstellungen, individuelle Personalisierungen<\/strong> etc. einen<strong> Komplett-Service <\/strong>anbieten zu k\u00f6nnen.<\/p>\n<p>&nbsp;<\/p>\n<p><strong><u><a href=\"https:\/\/www.design-duval.com\/de\/digitaldruck\/\">Entdecken Sie unseren Kompetenzbereich \u201eDigitaldruck\u201c<\/a><\/u><\/strong><\/p>\n<p>&nbsp;<\/p>\n<h2>2017: Die Kontinuit\u00e4t ist gew\u00e4hrleistet<\/h2>\n<p>Frau M\u00e9lois, inzwischen alleinige Gesellschafterin von <strong>Design Duval<\/strong> und dem Unternehmen 25 Jahre lang treu zu Diensten, entscheidet sich, in die wohlverdiente Rente zu gehen. Um den <strong>humanen und famili\u00e4ren Charakter des Unternehmens<\/strong> zu bewahren, entscheidet sie, ihre Anteile am Unternehmen im Dezember 2017 an <strong>No\u00ebl Colineaux<\/strong>\u00a0(Gesch\u00e4ftsf\u00fchrer) und\u00a0<strong>Ivan Lefeuvre<\/strong>\u00a0(Gro\u03b2kundenbetreuer Frankreich)\u00a0zu verkaufen: beide sind langj\u00e4hrige Mitarbeiter, die die DNA von <strong>Design Duval<\/strong>\u00a0verinnerlicht haben und von der gesamten Belegschaft gesch\u00e4tzt werden.<\/p>\n<p>&nbsp;<\/p>\n<h2>2019: Immer in Bewegung!<\/h2>\n<p>Um die Prozesse, die interne Kommunikation und Vielseitigkeit der Teams zu optimieren, werden\u00a0<strong>Design Duval<\/strong>\u00a0und\u00a0<strong>Saint-Jacut Conditionnement\u00a0<\/strong>im Mai 2019 am selben Standort, in Sainte-Marie (35), zusammengelegt.<\/p>\n<p>Da <strong>Saint-Jacut Conditionnement<\/strong>\u00a0nun nicht mehr in Saint-Jacut ans\u00e4ssig ist, wird das Unternehmen in <strong>Duval Nuanciers <\/strong>umbenannt.<\/p>\n<p>Diese Zusammenlegung ist auch Gelegenheit,<\/p>\n<ul>\n<li>dem Image des Unternehmens mit <a href=\"https:\/\/www.design-duval.com\/de\/neue-homepage\/\"><strong><u>einer neuen Website<\/u><\/strong><u> <\/u><\/a>\u00a0und <a href=\"https:\/\/www.design-duval.com\/de\/neue-adresse-neue-logos\/\">einem neuen Logo<\/a> ein neues Gesicht zu geben, ,<\/li>\n<li>unsere Werte und <strong><u><a href=\"https:\/\/www.design-duval.com\/de\/unsere-adn\/\">unsere DNA<\/a><\/u><\/strong> zu bekr\u00e4ftigen,<\/li>\n<li>Ihnen noch mehr Geh\u00f6r zu schenken und Ihre Bed\u00fcrfnisse proaktiv zu ber\u00fccksichtigen,<\/li>\n<li>an Ihrer Seite Ihre verr\u00fccktesten Projekte zu verwirklichen.<\/li>\n<\/ul>\n<p>&nbsp;<\/p>\n<p>Fortsetzung folgt&#8230;<\/p>\n","protected":false},"excerpt":{"rendered":"<p>&nbsp; Design Duval nennt sich das Unternehmen seit 2012, aber es existiert bereits seit 1947. Eine lange Geschichte, die von technologischen Fortschritten und wichtigen Innovationen gepr\u00e4gt ist und eine starke Unternehmenskultur geschaffen hat. Letztere basiert auf unver\u00e4nderlichen Werten und einer konstanten Richtlinie: hochwertige, ausschlie\u03b2lich ma\u00dfgeschneiderte Komplettl\u00f6sungen anzubieten. &nbsp; Ein industrielles und menschliches Abenteuer Design Duval\u00a0ist [&hellip;]<\/p>\n","protected":false},"author":16,"featured_media":0,"parent":13967,"menu_order":0,"comment_status":"closed","ping_status":"closed","template":"","meta":[],"yoast_head":"<!-- This site is optimized with the Yoast SEO plugin v19.6.1 - https:\/\/yoast.com\/wordpress\/plugins\/seo\/ -->\n<title>Unsere Geschichte - Design Duval<\/title>\n<meta name=\"description\" content=\"Unsere Geschichte - Design Duval\" \/>\n<meta name=\"robots\" content=\"index, follow, max-snippet:-1, max-image-preview:large, max-video-preview:-1\" \/>\n<link rel=\"canonical\" href=\"https:\/\/www.design-duval.com\/de\/ueber-uns\/unsere-geschichte\/\" \/>\n<meta property=\"og:locale\" content=\"de_DE\" \/>\n<meta property=\"og:type\" content=\"article\" \/>\n<meta property=\"og:title\" content=\"Unsere Geschichte - Design Duval\" \/>\n<meta property=\"og:description\" content=\"Unsere Geschichte - Design Duval\" \/>\n<meta property=\"og:url\" content=\"https:\/\/www.design-duval.com\/de\/ueber-uns\/unsere-geschichte\/\" \/>\n<meta property=\"og:site_name\" content=\"Design Duval\" \/>\n<meta property=\"article:modified_time\" content=\"2021-02-17T13:38:35+00:00\" \/>\n<meta property=\"og:image\" content=\"https:\/\/www.design-duval.com\/wp-content\/uploads\/2020\/01\/13-2-1-455x265.jpg\" \/>\n<meta name=\"twitter:card\" content=\"summary\" \/>\n<meta name=\"twitter:label1\" content=\"Gesch\u00e4tzte Lesezeit\" \/>\n\t<meta name=\"twitter:data1\" content=\"6\u00a0Minuten\" \/>\n<script type=\"application\/ld+json\" class=\"yoast-schema-graph\">{\"@context\":\"https:\/\/schema.org\",\"@graph\":[{\"@type\":\"WebPage\",\"@id\":\"https:\/\/www.design-duval.com\/de\/ueber-uns\/unsere-geschichte\/\",\"url\":\"https:\/\/www.design-duval.com\/de\/ueber-uns\/unsere-geschichte\/\",\"name\":\"Unsere Geschichte - Design Duval\",\"isPartOf\":{\"@id\":\"https:\/\/www.design-duval.com\/es\/#website\"},\"datePublished\":\"2019-11-18T08:34:51+00:00\",\"dateModified\":\"2021-02-17T13:38:35+00:00\",\"description\":\"Unsere Geschichte - Design Duval\",\"breadcrumb\":{\"@id\":\"https:\/\/www.design-duval.com\/de\/ueber-uns\/unsere-geschichte\/#breadcrumb\"},\"inLanguage\":\"de\",\"potentialAction\":[{\"@type\":\"ReadAction\",\"target\":[\"https:\/\/www.design-duval.com\/de\/ueber-uns\/unsere-geschichte\/\"]}]},{\"@type\":\"BreadcrumbList\",\"@id\":\"https:\/\/www.design-duval.com\/de\/ueber-uns\/unsere-geschichte\/#breadcrumb\",\"itemListElement\":[{\"@type\":\"ListItem\",\"position\":1,\"name\":\"Home\",\"item\":\"https:\/\/www.design-duval.com\/de\/\"},{\"@type\":\"ListItem\",\"position\":2,\"name\":\"\u00dcber uns\",\"item\":\"https:\/\/www.design-duval.com\/de\/ueber-uns\/\"},{\"@type\":\"ListItem\",\"position\":3,\"name\":\"Unsere Geschichte\"}]},{\"@type\":\"WebSite\",\"@id\":\"https:\/\/www.design-duval.com\/es\/#website\",\"url\":\"https:\/\/www.design-duval.com\/es\/\",\"name\":\"Design Duval\",\"description\":\"\",\"publisher\":{\"@id\":\"https:\/\/www.design-duval.com\/es\/#organization\"},\"potentialAction\":[{\"@type\":\"SearchAction\",\"target\":{\"@type\":\"EntryPoint\",\"urlTemplate\":\"https:\/\/www.design-duval.com\/es\/?s={search_term_string}\"},\"query-input\":\"required name=search_term_string\"}],\"inLanguage\":\"de\"},{\"@type\":\"Organization\",\"@id\":\"https:\/\/www.design-duval.com\/es\/#organization\",\"name\":\"Design duval\",\"url\":\"https:\/\/www.design-duval.com\/es\/\",\"sameAs\":[],\"logo\":{\"@type\":\"ImageObject\",\"inLanguage\":\"de\",\"@id\":\"https:\/\/www.design-duval.com\/es\/#\/schema\/logo\/image\/\",\"url\":\"https:\/\/www.design-duval.com\/wp-content\/uploads\/2020\/09\/LOGO-DD-DN-web.jpg\",\"contentUrl\":\"https:\/\/www.design-duval.com\/wp-content\/uploads\/2020\/09\/LOGO-DD-DN-web.jpg\",\"width\":614,\"height\":460,\"caption\":\"Design duval\"},\"image\":{\"@id\":\"https:\/\/www.design-duval.com\/es\/#\/schema\/logo\/image\/\"}}]}<\/script>\n<!-- \/ Yoast SEO plugin. -->","yoast_head_json":{"title":"Unsere Geschichte - Design Duval","description":"Unsere Geschichte - Design Duval","robots":{"index":"index","follow":"follow","max-snippet":"max-snippet:-1","max-image-preview":"max-image-preview:large","max-video-preview":"max-video-preview:-1"},"canonical":"https:\/\/www.design-duval.com\/de\/ueber-uns\/unsere-geschichte\/","og_locale":"de_DE","og_type":"article","og_title":"Unsere Geschichte - Design Duval","og_description":"Unsere Geschichte - Design Duval","og_url":"https:\/\/www.design-duval.com\/de\/ueber-uns\/unsere-geschichte\/","og_site_name":"Design Duval","article_modified_time":"2021-02-17T13:38:35+00:00","og_image":[{"url":"https:\/\/www.design-duval.com\/wp-content\/uploads\/2020\/01\/13-2-1-455x265.jpg"}],"twitter_card":"summary","twitter_misc":{"Gesch\u00e4tzte Lesezeit":"6\u00a0Minuten"},"schema":{"@context":"https:\/\/schema.org","@graph":[{"@type":"WebPage","@id":"https:\/\/www.design-duval.com\/de\/ueber-uns\/unsere-geschichte\/","url":"https:\/\/www.design-duval.com\/de\/ueber-uns\/unsere-geschichte\/","name":"Unsere Geschichte - Design Duval","isPartOf":{"@id":"https:\/\/www.design-duval.com\/es\/#website"},"datePublished":"2019-11-18T08:34:51+00:00","dateModified":"2021-02-17T13:38:35+00:00","description":"Unsere Geschichte - Design Duval","breadcrumb":{"@id":"https:\/\/www.design-duval.com\/de\/ueber-uns\/unsere-geschichte\/#breadcrumb"},"inLanguage":"de","potentialAction":[{"@type":"ReadAction","target":["https:\/\/www.design-duval.com\/de\/ueber-uns\/unsere-geschichte\/"]}]},{"@type":"BreadcrumbList","@id":"https:\/\/www.design-duval.com\/de\/ueber-uns\/unsere-geschichte\/#breadcrumb","itemListElement":[{"@type":"ListItem","position":1,"name":"Home","item":"https:\/\/www.design-duval.com\/de\/"},{"@type":"ListItem","position":2,"name":"\u00dcber uns","item":"https:\/\/www.design-duval.com\/de\/ueber-uns\/"},{"@type":"ListItem","position":3,"name":"Unsere Geschichte"}]},{"@type":"WebSite","@id":"https:\/\/www.design-duval.com\/es\/#website","url":"https:\/\/www.design-duval.com\/es\/","name":"Design Duval","description":"","publisher":{"@id":"https:\/\/www.design-duval.com\/es\/#organization"},"potentialAction":[{"@type":"SearchAction","target":{"@type":"EntryPoint","urlTemplate":"https:\/\/www.design-duval.com\/es\/?s={search_term_string}"},"query-input":"required name=search_term_string"}],"inLanguage":"de"},{"@type":"Organization","@id":"https:\/\/www.design-duval.com\/es\/#organization","name":"Design duval","url":"https:\/\/www.design-duval.com\/es\/","sameAs":[],"logo":{"@type":"ImageObject","inLanguage":"de","@id":"https:\/\/www.design-duval.com\/es\/#\/schema\/logo\/image\/","url":"https:\/\/www.design-duval.com\/wp-content\/uploads\/2020\/09\/LOGO-DD-DN-web.jpg","contentUrl":"https:\/\/www.design-duval.com\/wp-content\/uploads\/2020\/09\/LOGO-DD-DN-web.jpg","width":614,"height":460,"caption":"Design duval"},"image":{"@id":"https:\/\/www.design-duval.com\/es\/#\/schema\/logo\/image\/"}}]}},"_links":{"self":[{"href":"https:\/\/www.design-duval.com\/de\/wp-json\/wp\/v2\/pages\/13670"}],"collection":[{"href":"https:\/\/www.design-duval.com\/de\/wp-json\/wp\/v2\/pages"}],"about":[{"href":"https:\/\/www.design-duval.com\/de\/wp-json\/wp\/v2\/types\/page"}],"author":[{"embeddable":true,"href":"https:\/\/www.design-duval.com\/de\/wp-json\/wp\/v2\/users\/16"}],"replies":[{"embeddable":true,"href":"https:\/\/www.design-duval.com\/de\/wp-json\/wp\/v2\/comments?post=13670"}],"version-history":[{"count":2,"href":"https:\/\/www.design-duval.com\/de\/wp-json\/wp\/v2\/pages\/13670\/revisions"}],"predecessor-version":[{"id":20418,"href":"https:\/\/www.design-duval.com\/de\/wp-json\/wp\/v2\/pages\/13670\/revisions\/20418"}],"up":[{"embeddable":true,"href":"https:\/\/www.design-duval.com\/de\/wp-json\/wp\/v2\/pages\/13967"}],"wp:attachment":[{"href":"https:\/\/www.design-duval.com\/de\/wp-json\/wp\/v2\/media?parent=13670"}],"curies":[{"name":"wp","href":"https:\/\/api.w.org\/{rel}","templated":true}]}}