{"id":13807,"date":"2019-10-11T19:41:56","date_gmt":"2019-10-11T17:41:56","guid":{"rendered":"https:\/\/www.design-duval.com\/savoir-faire-echantillons\/fabrication-de-supports-de-presentation-dechantillons\/"},"modified":"2022-02-07T17:29:15","modified_gmt":"2022-02-07T16:29:15","slug":"entwurf-und-herstellung-von-musterkollektionen","status":"publish","type":"page","link":"https:\/\/www.design-duval.com\/de\/herstellung-musterkollektionen-know-how\/entwurf-und-herstellung-von-musterkollektionen\/","title":{"rendered":"Entwurf und Herstellung von Musterkollektionen"},"content":{"rendered":"<div id=\"attachment_13310\" style=\"width: 810px\" class=\"wp-caption aligncenter\"><img aria-describedby=\"caption-attachment-13310\" loading=\"lazy\" class=\"wp-image-13310\" src=\"https:\/\/www.design-duval.com\/wp-content\/uploads\/2020\/04\/Pr\u00e9sentation-et-fabrication-\u00e9chantillons-pr\u00e9sentation-d\u00e9chantillons-455x265.jpg\" alt=\"Entwurf und Herstellung von Musterkollektionen - Entwurf und Herstellung von Musterkollektionen\" width=\"800\" height=\"547\" srcset=\"https:\/\/www.design-duval.com\/wp-content\/uploads\/2020\/04\/Pr\u00e9sentation-et-fabrication-\u00e9chantillons-pr\u00e9sentation-d\u00e9chantillons-768x525.jpg 768w, https:\/\/www.design-duval.com\/wp-content\/uploads\/2020\/04\/Pr\u00e9sentation-et-fabrication-\u00e9chantillons-pr\u00e9sentation-d\u00e9chantillons-1500x1026.jpg 1500w, https:\/\/www.design-duval.com\/wp-content\/uploads\/2020\/04\/Pr\u00e9sentation-et-fabrication-\u00e9chantillons-pr\u00e9sentation-d\u00e9chantillons-620x424.jpg 620w, https:\/\/www.design-duval.com\/wp-content\/uploads\/2020\/04\/Pr\u00e9sentation-et-fabrication-\u00e9chantillons-pr\u00e9sentation-d\u00e9chantillons.jpg 1900w\" sizes=\"(max-width: 800px) 100vw, 800px\" \/><p id=\"caption-attachment-13310\" class=\"wp-caption-text\">Myriam, Vertriebsinnendienst Duval Nuanciers<\/p><\/div>\n<p>&nbsp;<\/p>\n<p>Egal ob Sie eine genaue Vorstellung haben, wie Sie Ihre <strong>Echtmuster optimal pr\u00e4sentieren<\/strong> wollen oder \u00fcberhaupt nicht wissen, wie Sie dieses Thema angehen sollen, Design Duval entwickelt f\u00fcr Sie und mit Ihnen Ihre ideale <strong>Musterpr\u00e4sentation<\/strong>.<\/p>\n<p>Unsere St\u00e4rke? Ein Designerstudio und ein Produktionsteam unter einem Dach, die Hand in Hand arbeiten, um gemeinsam <a href=\"https:\/\/www.design-duval.com\/de\/design-und-entwicklung-musterkollektionen\/\">die Musterkollektion zu entwickeln, die Ihren spezifischen Anforderungen entspricht<\/a>. <strong>Musterf\u00e4cher, Musterordner, Musterboxen, Mustermappen, Musterkoffer, Musterexponate<\/strong> werden im Anschluss inhouse produziert \u2013 mit zahlreichen und perfekt beherrschten Produktionstechniken:<\/p>\n<ul>\n<li>Verarbeitung von PVC durch HF-Schwei\u03b2en und Tiefziehverformung,<\/li>\n<li>Schneiden und Falzen von Polypropylen,<\/li>\n<li>Kaschieren von Karton,<\/li>\n<li>Siebdruck, Offsetdruck, Digitaldruck, Pr\u00e4gung.<\/li>\n<\/ul>\n<p>Durch diese Vielfalt von Materialien und Transformationstechniken haben wir die M\u00f6glichkeit, immer kundenspezifisch f\u00fcr Ihre Bed\u00fcrfnisse zu entwickeln und so alle Ihre W\u00fcnsche an Funktionalit\u00e4t, \u00c4sthetik und Kosten zu ber\u00fccksichtigen.<br \/>\nWir sind kein \u201eeinfacher Hersteller\u201c, nein, wir bieten Ihnen an, unsere 40-j\u00e4hrige Erfahrung in der Entwicklung und Herstellung von Echtmusterkollektionen mit Ihnen zu teilen!<\/p>\n<p>Haben Sie sich schon ein wenig auf unserer Website umgesehen? Und vielleicht schon ein Produkt gefunden, das in Ihre gew\u00fcnschte Richtung geht? Wir beraten Sie gerne, um Ihr Projekt an vorhandene Werkzeuge anzupassen \u2013 das erlaubt Geld und Zeit zu sparen, um Ihre Musterkollektion zeitnah herzustellen.<\/p>\n","protected":false},"excerpt":{"rendered":"<p>&nbsp; Egal ob Sie eine genaue Vorstellung haben, wie Sie Ihre Echtmuster optimal pr\u00e4sentieren wollen oder \u00fcberhaupt nicht wissen, wie Sie dieses Thema angehen sollen, Design Duval entwickelt f\u00fcr Sie und mit Ihnen Ihre ideale Musterpr\u00e4sentation. Unsere St\u00e4rke? Ein Designerstudio und ein Produktionsteam unter einem Dach, die Hand in Hand arbeiten, um gemeinsam die Musterkollektion [&hellip;]<\/p>\n","protected":false},"author":16,"featured_media":0,"parent":12731,"menu_order":0,"comment_status":"closed","ping_status":"closed","template":"","meta":[],"yoast_head":"<!-- This site is optimized with the Yoast SEO plugin v19.6.1 - https:\/\/yoast.com\/wordpress\/plugins\/seo\/ -->\n<title>Entwurf und Herstellung von Musterkollektionen - Design Duval<\/title>\n<meta name=\"description\" content=\"Design Duval entwirft und produziert Ihre personalisierte Musterkollektion - in Ihrem Design, in der passenden Form, aus verschiedenen Materialien.\" \/>\n<meta name=\"robots\" content=\"index, follow, max-snippet:-1, max-image-preview:large, max-video-preview:-1\" \/>\n<link rel=\"canonical\" href=\"https:\/\/www.design-duval.com\/de\/herstellung-musterkollektionen-know-how\/entwurf-und-herstellung-von-musterkollektionen\/\" \/>\n<meta property=\"og:locale\" content=\"de_DE\" \/>\n<meta property=\"og:type\" content=\"article\" \/>\n<meta property=\"og:title\" content=\"Entwurf und Herstellung von Musterkollektionen - Design Duval\" \/>\n<meta property=\"og:description\" content=\"Design Duval entwirft und produziert Ihre personalisierte Musterkollektion - in Ihrem Design, in der passenden Form, aus verschiedenen Materialien.\" \/>\n<meta property=\"og:url\" content=\"https:\/\/www.design-duval.com\/de\/herstellung-musterkollektionen-know-how\/entwurf-und-herstellung-von-musterkollektionen\/\" \/>\n<meta property=\"og:site_name\" content=\"Design Duval\" \/>\n<meta property=\"article:modified_time\" content=\"2022-02-07T16:29:15+00:00\" \/>\n<meta name=\"twitter:card\" content=\"summary\" \/>\n<meta name=\"twitter:label1\" content=\"Gesch\u00e4tzte Lesezeit\" \/>\n\t<meta name=\"twitter:data1\" content=\"1\u00a0Minute\" \/>\n<script type=\"application\/ld+json\" class=\"yoast-schema-graph\">{\"@context\":\"https:\/\/schema.org\",\"@graph\":[{\"@type\":\"WebPage\",\"@id\":\"https:\/\/www.design-duval.com\/de\/herstellung-musterkollektionen-know-how\/entwurf-und-herstellung-von-musterkollektionen\/\",\"url\":\"https:\/\/www.design-duval.com\/de\/herstellung-musterkollektionen-know-how\/entwurf-und-herstellung-von-musterkollektionen\/\",\"name\":\"Entwurf und Herstellung von Musterkollektionen - Design Duval\",\"isPartOf\":{\"@id\":\"https:\/\/www.design-duval.com\/es\/#website\"},\"datePublished\":\"2019-10-11T17:41:56+00:00\",\"dateModified\":\"2022-02-07T16:29:15+00:00\",\"description\":\"Design Duval entwirft und produziert Ihre personalisierte Musterkollektion - in Ihrem Design, in der passenden Form, aus verschiedenen Materialien.\",\"breadcrumb\":{\"@id\":\"https:\/\/www.design-duval.com\/de\/herstellung-musterkollektionen-know-how\/entwurf-und-herstellung-von-musterkollektionen\/#breadcrumb\"},\"inLanguage\":\"de\",\"potentialAction\":[{\"@type\":\"ReadAction\",\"target\":[\"https:\/\/www.design-duval.com\/de\/herstellung-musterkollektionen-know-how\/entwurf-und-herstellung-von-musterkollektionen\/\"]}]},{\"@type\":\"BreadcrumbList\",\"@id\":\"https:\/\/www.design-duval.com\/de\/herstellung-musterkollektionen-know-how\/entwurf-und-herstellung-von-musterkollektionen\/#breadcrumb\",\"itemListElement\":[{\"@type\":\"ListItem\",\"position\":1,\"name\":\"Home\",\"item\":\"https:\/\/www.design-duval.com\/de\/\"},{\"@type\":\"ListItem\",\"position\":2,\"name\":\"Pr\u00e4sentation und Herstellung von Musterkollektionen: unser Know-how\",\"item\":\"https:\/\/www.design-duval.com\/de\/herstellung-musterkollektionen-know-how\/\"},{\"@type\":\"ListItem\",\"position\":3,\"name\":\"Entwurf und Herstellung von Musterkollektionen\"}]},{\"@type\":\"WebSite\",\"@id\":\"https:\/\/www.design-duval.com\/es\/#website\",\"url\":\"https:\/\/www.design-duval.com\/es\/\",\"name\":\"Design Duval\",\"description\":\"\",\"publisher\":{\"@id\":\"https:\/\/www.design-duval.com\/es\/#organization\"},\"potentialAction\":[{\"@type\":\"SearchAction\",\"target\":{\"@type\":\"EntryPoint\",\"urlTemplate\":\"https:\/\/www.design-duval.com\/es\/?s={search_term_string}\"},\"query-input\":\"required name=search_term_string\"}],\"inLanguage\":\"de\"},{\"@type\":\"Organization\",\"@id\":\"https:\/\/www.design-duval.com\/es\/#organization\",\"name\":\"Design duval\",\"url\":\"https:\/\/www.design-duval.com\/es\/\",\"sameAs\":[],\"logo\":{\"@type\":\"ImageObject\",\"inLanguage\":\"de\",\"@id\":\"https:\/\/www.design-duval.com\/es\/#\/schema\/logo\/image\/\",\"url\":\"https:\/\/www.design-duval.com\/wp-content\/uploads\/2020\/09\/LOGO-DD-DN-web.jpg\",\"contentUrl\":\"https:\/\/www.design-duval.com\/wp-content\/uploads\/2020\/09\/LOGO-DD-DN-web.jpg\",\"width\":614,\"height\":460,\"caption\":\"Design duval\"},\"image\":{\"@id\":\"https:\/\/www.design-duval.com\/es\/#\/schema\/logo\/image\/\"}}]}<\/script>\n<!-- \/ Yoast SEO plugin. -->","yoast_head_json":{"title":"Entwurf und Herstellung von Musterkollektionen - Design Duval","description":"Design Duval entwirft und produziert Ihre personalisierte Musterkollektion - in Ihrem Design, in der passenden Form, aus verschiedenen Materialien.","robots":{"index":"index","follow":"follow","max-snippet":"max-snippet:-1","max-image-preview":"max-image-preview:large","max-video-preview":"max-video-preview:-1"},"canonical":"https:\/\/www.design-duval.com\/de\/herstellung-musterkollektionen-know-how\/entwurf-und-herstellung-von-musterkollektionen\/","og_locale":"de_DE","og_type":"article","og_title":"Entwurf und Herstellung von Musterkollektionen - Design Duval","og_description":"Design Duval entwirft und produziert Ihre personalisierte Musterkollektion - in Ihrem Design, in der passenden Form, aus verschiedenen Materialien.","og_url":"https:\/\/www.design-duval.com\/de\/herstellung-musterkollektionen-know-how\/entwurf-und-herstellung-von-musterkollektionen\/","og_site_name":"Design Duval","article_modified_time":"2022-02-07T16:29:15+00:00","twitter_card":"summary","twitter_misc":{"Gesch\u00e4tzte Lesezeit":"1\u00a0Minute"},"schema":{"@context":"https:\/\/schema.org","@graph":[{"@type":"WebPage","@id":"https:\/\/www.design-duval.com\/de\/herstellung-musterkollektionen-know-how\/entwurf-und-herstellung-von-musterkollektionen\/","url":"https:\/\/www.design-duval.com\/de\/herstellung-musterkollektionen-know-how\/entwurf-und-herstellung-von-musterkollektionen\/","name":"Entwurf und Herstellung von Musterkollektionen - Design Duval","isPartOf":{"@id":"https:\/\/www.design-duval.com\/es\/#website"},"datePublished":"2019-10-11T17:41:56+00:00","dateModified":"2022-02-07T16:29:15+00:00","description":"Design Duval entwirft und produziert Ihre personalisierte Musterkollektion - in Ihrem Design, in der passenden Form, aus verschiedenen Materialien.","breadcrumb":{"@id":"https:\/\/www.design-duval.com\/de\/herstellung-musterkollektionen-know-how\/entwurf-und-herstellung-von-musterkollektionen\/#breadcrumb"},"inLanguage":"de","potentialAction":[{"@type":"ReadAction","target":["https:\/\/www.design-duval.com\/de\/herstellung-musterkollektionen-know-how\/entwurf-und-herstellung-von-musterkollektionen\/"]}]},{"@type":"BreadcrumbList","@id":"https:\/\/www.design-duval.com\/de\/herstellung-musterkollektionen-know-how\/entwurf-und-herstellung-von-musterkollektionen\/#breadcrumb","itemListElement":[{"@type":"ListItem","position":1,"name":"Home","item":"https:\/\/www.design-duval.com\/de\/"},{"@type":"ListItem","position":2,"name":"Pr\u00e4sentation und Herstellung von Musterkollektionen: unser Know-how","item":"https:\/\/www.design-duval.com\/de\/herstellung-musterkollektionen-know-how\/"},{"@type":"ListItem","position":3,"name":"Entwurf und Herstellung von Musterkollektionen"}]},{"@type":"WebSite","@id":"https:\/\/www.design-duval.com\/es\/#website","url":"https:\/\/www.design-duval.com\/es\/","name":"Design Duval","description":"","publisher":{"@id":"https:\/\/www.design-duval.com\/es\/#organization"},"potentialAction":[{"@type":"SearchAction","target":{"@type":"EntryPoint","urlTemplate":"https:\/\/www.design-duval.com\/es\/?s={search_term_string}"},"query-input":"required name=search_term_string"}],"inLanguage":"de"},{"@type":"Organization","@id":"https:\/\/www.design-duval.com\/es\/#organization","name":"Design duval","url":"https:\/\/www.design-duval.com\/es\/","sameAs":[],"logo":{"@type":"ImageObject","inLanguage":"de","@id":"https:\/\/www.design-duval.com\/es\/#\/schema\/logo\/image\/","url":"https:\/\/www.design-duval.com\/wp-content\/uploads\/2020\/09\/LOGO-DD-DN-web.jpg","contentUrl":"https:\/\/www.design-duval.com\/wp-content\/uploads\/2020\/09\/LOGO-DD-DN-web.jpg","width":614,"height":460,"caption":"Design duval"},"image":{"@id":"https:\/\/www.design-duval.com\/es\/#\/schema\/logo\/image\/"}}]}},"_links":{"self":[{"href":"https:\/\/www.design-duval.com\/de\/wp-json\/wp\/v2\/pages\/13807"}],"collection":[{"href":"https:\/\/www.design-duval.com\/de\/wp-json\/wp\/v2\/pages"}],"about":[{"href":"https:\/\/www.design-duval.com\/de\/wp-json\/wp\/v2\/types\/page"}],"author":[{"embeddable":true,"href":"https:\/\/www.design-duval.com\/de\/wp-json\/wp\/v2\/users\/16"}],"replies":[{"embeddable":true,"href":"https:\/\/www.design-duval.com\/de\/wp-json\/wp\/v2\/comments?post=13807"}],"version-history":[{"count":3,"href":"https:\/\/www.design-duval.com\/de\/wp-json\/wp\/v2\/pages\/13807\/revisions"}],"predecessor-version":[{"id":19833,"href":"https:\/\/www.design-duval.com\/de\/wp-json\/wp\/v2\/pages\/13807\/revisions\/19833"}],"up":[{"embeddable":true,"href":"https:\/\/www.design-duval.com\/de\/wp-json\/wp\/v2\/pages\/12731"}],"wp:attachment":[{"href":"https:\/\/www.design-duval.com\/de\/wp-json\/wp\/v2\/media?parent=13807"}],"curies":[{"name":"wp","href":"https:\/\/api.w.org\/{rel}","templated":true}]}}