{"id":13821,"date":"2019-10-11T19:43:22","date_gmt":"2019-10-11T17:43:22","guid":{"rendered":"https:\/\/www.design-duval.com\/design-und-entwicklung\/etude-personnalisee-du-projet\/"},"modified":"2022-02-07T17:44:29","modified_gmt":"2022-02-07T16:44:29","slug":"personalisierte-projektanalyse","status":"publish","type":"page","link":"https:\/\/www.design-duval.com\/de\/design-und-entwicklung-musterkollektionen\/personalisierte-projektanalyse\/","title":{"rendered":"Personalisierte Projektanalyse"},"content":{"rendered":"<div id=\"attachment_4690\" style=\"width: 810px\" class=\"wp-caption aligncenter\"><img aria-describedby=\"caption-attachment-4690\" loading=\"lazy\" class=\"wp-image-4690\" src=\"https:\/\/www.design-duval.com\/wp-content\/uploads\/2020\/01\/Pr\u00e9sentation-et-fabrication-\u00e9chantillons-\u00e9tude-personnalis\u00e9e-du-projet-455x265.jpg\" alt=\"Echtmusterkollektionen (inkl. Musterarbeiten) - Personalisierte Projektanalyse\" width=\"800\" height=\"416\" \/><p id=\"caption-attachment-4690\" class=\"wp-caption-text\">Dorian, Industriemechaniker<\/p><\/div>\n<p>&nbsp;<\/p>\n<p>Bei <strong>Design Duval<\/strong> steht der Kunde im Mittelpunkt der Kreation.<\/p>\n<p>Wir m\u00f6gen Experten in der <strong>Entwicklung und Herstellung von kundenspezifischen Musterpr\u00e4sentationen<\/strong> sein, aber ohne Sie k\u00f6nnen wir gar nichts tun!<\/p>\n<p>Deshalb stellen wir Ihnen eine Menge Fragen:<\/p>\n<ul>\n<li>Anzahl, Gr\u00f6\u03b2e, Dicke und Gewicht der zu pr\u00e4sentierenden Muster,<\/li>\n<li>herausnehmbare oder feste Muster,<\/li>\n<li>welche Zielgruppe(n),<\/li>\n<li>welches Budget,<\/li>\n<li>welche Auflagenh\u00f6he,<br \/>\netc.<\/li>\n<\/ul>\n<p>Wir diskutieren ebenfalls mit Ihnen \u00fcber Ihre Materialpr\u00e4ferenzen f\u00fcr die Pr\u00e4sentation, Ihre generelle Art zu kommunizieren, Ihr Image und Marktsegment. Unser Austausch bildet die Grundlage des Projekts!<\/p>\n<p>Nach und nach nimmt es Form an. Unsere erfahrenen Kundenberater machen erste Vorschl\u00e4ge \u2013 manchmal auf der Basis \u00e4hnlicher Realisationen, damit es anschaulicher wird. Am Ende haben wir gemeinsam die <strong>Materialien und die Produktionstechniken<\/strong> definiert, was den Entwicklern erlaubt, das Projekt zu \u00fcbernehmen.<\/p>\n<p>Wir nutzen unsere konkreten Erfahrungen und bereichern sie durch permanente technologische Markt- und Trendbeobachtungen, um Ihnen eine funktionelle und perfekt angepasste Pr\u00e4sentation vorzuschlagen.<\/p>\n","protected":false},"excerpt":{"rendered":"<p>&nbsp; Bei Design Duval steht der Kunde im Mittelpunkt der Kreation. Wir m\u00f6gen Experten in der Entwicklung und Herstellung von kundenspezifischen Musterpr\u00e4sentationen sein, aber ohne Sie k\u00f6nnen wir gar nichts tun! Deshalb stellen wir Ihnen eine Menge Fragen: Anzahl, Gr\u00f6\u03b2e, Dicke und Gewicht der zu pr\u00e4sentierenden Muster, herausnehmbare oder feste Muster, welche Zielgruppe(n), welches Budget, [&hellip;]<\/p>\n","protected":false},"author":16,"featured_media":0,"parent":12867,"menu_order":0,"comment_status":"closed","ping_status":"closed","template":"","meta":[],"yoast_head":"<!-- This site is optimized with the Yoast SEO plugin v19.6.1 - https:\/\/yoast.com\/wordpress\/plugins\/seo\/ -->\n<title>Personalisierte Projektanalyse f\u00fcr Ihre Musterpr\u00e4sentation- Design Duval<\/title>\n<meta name=\"description\" content=\"Unser Team definiert mit Ihnen Form, Material, Funktionalit\u00e4t, Produktionstechnik, damit Ihre Musterkollektion \/ Musterpr\u00e4sentation, Ihr Exponat 100% passt.\" \/>\n<meta name=\"robots\" content=\"index, follow, max-snippet:-1, max-image-preview:large, max-video-preview:-1\" \/>\n<link rel=\"canonical\" href=\"https:\/\/www.design-duval.com\/de\/design-und-entwicklung-musterkollektionen\/personalisierte-projektanalyse\/\" \/>\n<meta property=\"og:locale\" content=\"de_DE\" \/>\n<meta property=\"og:type\" content=\"article\" \/>\n<meta property=\"og:title\" content=\"Personalisierte Projektanalyse f\u00fcr Ihre Musterpr\u00e4sentation- Design Duval\" \/>\n<meta property=\"og:description\" content=\"Unser Team definiert mit Ihnen Form, Material, Funktionalit\u00e4t, Produktionstechnik, damit Ihre Musterkollektion \/ Musterpr\u00e4sentation, Ihr Exponat 100% passt.\" \/>\n<meta property=\"og:url\" content=\"https:\/\/www.design-duval.com\/de\/design-und-entwicklung-musterkollektionen\/personalisierte-projektanalyse\/\" \/>\n<meta property=\"og:site_name\" content=\"Design Duval\" \/>\n<meta property=\"article:modified_time\" content=\"2022-02-07T16:44:29+00:00\" \/>\n<meta name=\"twitter:card\" content=\"summary\" \/>\n<meta name=\"twitter:label1\" content=\"Gesch\u00e4tzte Lesezeit\" \/>\n\t<meta name=\"twitter:data1\" content=\"1\u00a0Minute\" \/>\n<script type=\"application\/ld+json\" class=\"yoast-schema-graph\">{\"@context\":\"https:\/\/schema.org\",\"@graph\":[{\"@type\":\"WebPage\",\"@id\":\"https:\/\/www.design-duval.com\/de\/design-und-entwicklung-musterkollektionen\/personalisierte-projektanalyse\/\",\"url\":\"https:\/\/www.design-duval.com\/de\/design-und-entwicklung-musterkollektionen\/personalisierte-projektanalyse\/\",\"name\":\"Personalisierte Projektanalyse f\u00fcr Ihre Musterpr\u00e4sentation- Design Duval\",\"isPartOf\":{\"@id\":\"https:\/\/www.design-duval.com\/es\/#website\"},\"datePublished\":\"2019-10-11T17:43:22+00:00\",\"dateModified\":\"2022-02-07T16:44:29+00:00\",\"description\":\"Unser Team definiert mit Ihnen Form, Material, Funktionalit\u00e4t, Produktionstechnik, damit Ihre Musterkollektion \/ Musterpr\u00e4sentation, Ihr Exponat 100% passt.\",\"breadcrumb\":{\"@id\":\"https:\/\/www.design-duval.com\/de\/design-und-entwicklung-musterkollektionen\/personalisierte-projektanalyse\/#breadcrumb\"},\"inLanguage\":\"de\",\"potentialAction\":[{\"@type\":\"ReadAction\",\"target\":[\"https:\/\/www.design-duval.com\/de\/design-und-entwicklung-musterkollektionen\/personalisierte-projektanalyse\/\"]}]},{\"@type\":\"BreadcrumbList\",\"@id\":\"https:\/\/www.design-duval.com\/de\/design-und-entwicklung-musterkollektionen\/personalisierte-projektanalyse\/#breadcrumb\",\"itemListElement\":[{\"@type\":\"ListItem\",\"position\":1,\"name\":\"Home\",\"item\":\"https:\/\/www.design-duval.com\/de\/\"},{\"@type\":\"ListItem\",\"position\":2,\"name\":\"Pr\u00e4sentation und Herstellung von Musterkollektionen : Design und Entwicklung\",\"item\":\"https:\/\/www.design-duval.com\/de\/design-und-entwicklung-musterkollektionen\/\"},{\"@type\":\"ListItem\",\"position\":3,\"name\":\"Personalisierte Projektanalyse\"}]},{\"@type\":\"WebSite\",\"@id\":\"https:\/\/www.design-duval.com\/es\/#website\",\"url\":\"https:\/\/www.design-duval.com\/es\/\",\"name\":\"Design Duval\",\"description\":\"\",\"publisher\":{\"@id\":\"https:\/\/www.design-duval.com\/es\/#organization\"},\"potentialAction\":[{\"@type\":\"SearchAction\",\"target\":{\"@type\":\"EntryPoint\",\"urlTemplate\":\"https:\/\/www.design-duval.com\/es\/?s={search_term_string}\"},\"query-input\":\"required name=search_term_string\"}],\"inLanguage\":\"de\"},{\"@type\":\"Organization\",\"@id\":\"https:\/\/www.design-duval.com\/es\/#organization\",\"name\":\"Design duval\",\"url\":\"https:\/\/www.design-duval.com\/es\/\",\"sameAs\":[],\"logo\":{\"@type\":\"ImageObject\",\"inLanguage\":\"de\",\"@id\":\"https:\/\/www.design-duval.com\/es\/#\/schema\/logo\/image\/\",\"url\":\"https:\/\/www.design-duval.com\/wp-content\/uploads\/2020\/09\/LOGO-DD-DN-web.jpg\",\"contentUrl\":\"https:\/\/www.design-duval.com\/wp-content\/uploads\/2020\/09\/LOGO-DD-DN-web.jpg\",\"width\":614,\"height\":460,\"caption\":\"Design duval\"},\"image\":{\"@id\":\"https:\/\/www.design-duval.com\/es\/#\/schema\/logo\/image\/\"}}]}<\/script>\n<!-- \/ Yoast SEO plugin. -->","yoast_head_json":{"title":"Personalisierte Projektanalyse f\u00fcr Ihre Musterpr\u00e4sentation- Design Duval","description":"Unser Team definiert mit Ihnen Form, Material, Funktionalit\u00e4t, Produktionstechnik, damit Ihre Musterkollektion \/ Musterpr\u00e4sentation, Ihr Exponat 100% passt.","robots":{"index":"index","follow":"follow","max-snippet":"max-snippet:-1","max-image-preview":"max-image-preview:large","max-video-preview":"max-video-preview:-1"},"canonical":"https:\/\/www.design-duval.com\/de\/design-und-entwicklung-musterkollektionen\/personalisierte-projektanalyse\/","og_locale":"de_DE","og_type":"article","og_title":"Personalisierte Projektanalyse f\u00fcr Ihre Musterpr\u00e4sentation- Design Duval","og_description":"Unser Team definiert mit Ihnen Form, Material, Funktionalit\u00e4t, Produktionstechnik, damit Ihre Musterkollektion \/ Musterpr\u00e4sentation, Ihr Exponat 100% passt.","og_url":"https:\/\/www.design-duval.com\/de\/design-und-entwicklung-musterkollektionen\/personalisierte-projektanalyse\/","og_site_name":"Design Duval","article_modified_time":"2022-02-07T16:44:29+00:00","twitter_card":"summary","twitter_misc":{"Gesch\u00e4tzte Lesezeit":"1\u00a0Minute"},"schema":{"@context":"https:\/\/schema.org","@graph":[{"@type":"WebPage","@id":"https:\/\/www.design-duval.com\/de\/design-und-entwicklung-musterkollektionen\/personalisierte-projektanalyse\/","url":"https:\/\/www.design-duval.com\/de\/design-und-entwicklung-musterkollektionen\/personalisierte-projektanalyse\/","name":"Personalisierte Projektanalyse f\u00fcr Ihre Musterpr\u00e4sentation- Design Duval","isPartOf":{"@id":"https:\/\/www.design-duval.com\/es\/#website"},"datePublished":"2019-10-11T17:43:22+00:00","dateModified":"2022-02-07T16:44:29+00:00","description":"Unser Team definiert mit Ihnen Form, Material, Funktionalit\u00e4t, Produktionstechnik, damit Ihre Musterkollektion \/ Musterpr\u00e4sentation, Ihr Exponat 100% passt.","breadcrumb":{"@id":"https:\/\/www.design-duval.com\/de\/design-und-entwicklung-musterkollektionen\/personalisierte-projektanalyse\/#breadcrumb"},"inLanguage":"de","potentialAction":[{"@type":"ReadAction","target":["https:\/\/www.design-duval.com\/de\/design-und-entwicklung-musterkollektionen\/personalisierte-projektanalyse\/"]}]},{"@type":"BreadcrumbList","@id":"https:\/\/www.design-duval.com\/de\/design-und-entwicklung-musterkollektionen\/personalisierte-projektanalyse\/#breadcrumb","itemListElement":[{"@type":"ListItem","position":1,"name":"Home","item":"https:\/\/www.design-duval.com\/de\/"},{"@type":"ListItem","position":2,"name":"Pr\u00e4sentation und Herstellung von Musterkollektionen : Design und Entwicklung","item":"https:\/\/www.design-duval.com\/de\/design-und-entwicklung-musterkollektionen\/"},{"@type":"ListItem","position":3,"name":"Personalisierte Projektanalyse"}]},{"@type":"WebSite","@id":"https:\/\/www.design-duval.com\/es\/#website","url":"https:\/\/www.design-duval.com\/es\/","name":"Design Duval","description":"","publisher":{"@id":"https:\/\/www.design-duval.com\/es\/#organization"},"potentialAction":[{"@type":"SearchAction","target":{"@type":"EntryPoint","urlTemplate":"https:\/\/www.design-duval.com\/es\/?s={search_term_string}"},"query-input":"required name=search_term_string"}],"inLanguage":"de"},{"@type":"Organization","@id":"https:\/\/www.design-duval.com\/es\/#organization","name":"Design duval","url":"https:\/\/www.design-duval.com\/es\/","sameAs":[],"logo":{"@type":"ImageObject","inLanguage":"de","@id":"https:\/\/www.design-duval.com\/es\/#\/schema\/logo\/image\/","url":"https:\/\/www.design-duval.com\/wp-content\/uploads\/2020\/09\/LOGO-DD-DN-web.jpg","contentUrl":"https:\/\/www.design-duval.com\/wp-content\/uploads\/2020\/09\/LOGO-DD-DN-web.jpg","width":614,"height":460,"caption":"Design duval"},"image":{"@id":"https:\/\/www.design-duval.com\/es\/#\/schema\/logo\/image\/"}}]}},"_links":{"self":[{"href":"https:\/\/www.design-duval.com\/de\/wp-json\/wp\/v2\/pages\/13821"}],"collection":[{"href":"https:\/\/www.design-duval.com\/de\/wp-json\/wp\/v2\/pages"}],"about":[{"href":"https:\/\/www.design-duval.com\/de\/wp-json\/wp\/v2\/types\/page"}],"author":[{"embeddable":true,"href":"https:\/\/www.design-duval.com\/de\/wp-json\/wp\/v2\/users\/16"}],"replies":[{"embeddable":true,"href":"https:\/\/www.design-duval.com\/de\/wp-json\/wp\/v2\/comments?post=13821"}],"version-history":[{"count":3,"href":"https:\/\/www.design-duval.com\/de\/wp-json\/wp\/v2\/pages\/13821\/revisions"}],"predecessor-version":[{"id":13824,"href":"https:\/\/www.design-duval.com\/de\/wp-json\/wp\/v2\/pages\/13821\/revisions\/13824"}],"up":[{"embeddable":true,"href":"https:\/\/www.design-duval.com\/de\/wp-json\/wp\/v2\/pages\/12867"}],"wp:attachment":[{"href":"https:\/\/www.design-duval.com\/de\/wp-json\/wp\/v2\/media?parent=13821"}],"curies":[{"name":"wp","href":"https:\/\/api.w.org\/{rel}","templated":true}]}}