{"id":13833,"date":"2019-10-11T19:39:12","date_gmt":"2019-10-11T17:39:12","guid":{"rendered":"https:\/\/www.design-duval.com\/services-echantillons\/operations-sur-echantillons\/"},"modified":"2022-02-07T17:58:26","modified_gmt":"2022-02-07T16:58:26","slug":"musterarbeiten","status":"publish","type":"page","link":"https:\/\/www.design-duval.com\/de\/musterkollektionen-service\/musterarbeiten\/","title":{"rendered":"Musterarbeiten"},"content":{"rendered":"<div id=\"attachment_13491\" style=\"width: 810px\" class=\"wp-caption aligncenter\"><img aria-describedby=\"caption-attachment-13491\" loading=\"lazy\" class=\"wp-image-13491\" src=\"https:\/\/www.design-duval.com\/wp-content\/uploads\/2020\/04\/Pr\u00e9sentation-et-fabrication-\u00e9chantillons-op\u00e9rations-sur-\u00e9chantillons-455x265.jpg\" alt=\"Echtmusterkollektionen (inkl. Musterarbeiten)-Musterarbeiten\" width=\"800\" height=\"547\" srcset=\"https:\/\/www.design-duval.com\/wp-content\/uploads\/2020\/04\/Pr\u00e9sentation-et-fabrication-\u00e9chantillons-op\u00e9rations-sur-\u00e9chantillons-768x525.jpg 768w, https:\/\/www.design-duval.com\/wp-content\/uploads\/2020\/04\/Pr\u00e9sentation-et-fabrication-\u00e9chantillons-op\u00e9rations-sur-\u00e9chantillons-1500x1026.jpg 1500w, https:\/\/www.design-duval.com\/wp-content\/uploads\/2020\/04\/Pr\u00e9sentation-et-fabrication-\u00e9chantillons-op\u00e9rations-sur-\u00e9chantillons-620x424.jpg 620w, https:\/\/www.design-duval.com\/wp-content\/uploads\/2020\/04\/Pr\u00e9sentation-et-fabrication-\u00e9chantillons-op\u00e9rations-sur-\u00e9chantillons.jpg 1900w\" sizes=\"(max-width: 800px) 100vw, 800px\" \/><p id=\"caption-attachment-13491\" class=\"wp-caption-text\">Vincent, Anwendungstechniker<\/p><\/div>\n<p>&nbsp;<\/p>\n<p>Als Spezialist in der Herstellung von <strong>kundenspezifischen Musterpr\u00e4sentationen<\/strong> seit den 80er Jahren sind wir nach und nach auch zum Mustermacher geworden: <a href=\"https:\/\/www.design-duval.com\/de\/savoir-faire-echantillons\/mustererstellung-musterarbeiten\/\">komplette Herstellung, Schneiden und Beschriften von Mustern<\/a> sind heute unser t\u00e4gliches Brot. Und unsere 20 Mitarbeiter in der Musterabteilung haben durch die Bank langj\u00e4hrige Erfahrung und das H\u00e4ndchen f\u00fcr perfekte Oberfl\u00e4chen.<\/p>\n<p>Bei <strong>Design Duval<\/strong> bekommen Sie im Bereich der <strong>Musterkollektionen<\/strong> somit seit 20 Jahren alles aus einer Hand<\/p>\n<ul>\n<li>eine seltene um nicht zu sagen einzigartige Konstellation:<\/li>\n<li>Komplette Herstellung Ihrer Muster im Bereich Putze, Fugen, B\u00f6den, WDVS \u2026<\/li>\n<li>Einf\u00e4rben von mineralischen Putzen bei uns (unter Geheimhaltung Ihrer Rezepturen \u2013 das ist selbstverst\u00e4ndlich!),<\/li>\n<li>Schneiden von Musterplatten,<\/li>\n<li>Beschriften von Mustern,<\/li>\n<li>Konfektionierung,<\/li>\n<li>Komplette Auslagerung Ihrer Handmustererstellung und deren Versand.<\/li>\n<\/ul>\n<p>Wir garantieren Ihnen die <strong>Erstellung von qualitativ hochwertigen Mustern in k\u00fcrzester Zeit<\/strong>. Unm\u00f6glich, sagen Sie, denn Trockenzeiten m\u00fcssen strikt eingehalten werden? Klar! Aber wir arbeiten im 2-Schichtendienst und k\u00f6nnen somit Musterarbeiten optimal organisieren und koordinieren, um unn\u00f6tige Wartezeiten zu vermeiden.<\/p>\n<p>Und f\u00fcr Fans von \u201eAll inclusive\u201c k\u00f6nnen wir auch die <strong>komplette Auslagerung Ihrer Musterarbeiten<\/strong> bei uns anbieten. <a href=\"https:\/\/www.design-duval.com\/de\/services-echantillons\/lagerung-ihrer-musterpraesentationen\/\">Wir lagern dann alle Ihre Materialien bei uns<\/a> (und produzieren Ihre Handmuster auf Anfrage oder wenn der Bestand sinkt \u2013 wie eine interne Musterabteilung und mit einer garantierten Lieferung innerhalb von 72 Stunden!<\/p>\n<p>F\u00fcr diese F\u00e4lle haben wir optional auch die M\u00f6glichkeit, die Auftragserfassung und \u2013bearbeitung \u00fcber eine f\u00fcr Sie entwickelte Website abzuwickeln: Ihre Vertriebsleute k\u00f6nnen Ihre Bestellungen hier direkt \u00fcber einen gesicherten Zugang eingeben.<\/p>\n","protected":false},"excerpt":{"rendered":"<p>&nbsp; Als Spezialist in der Herstellung von kundenspezifischen Musterpr\u00e4sentationen seit den 80er Jahren sind wir nach und nach auch zum Mustermacher geworden: komplette Herstellung, Schneiden und Beschriften von Mustern sind heute unser t\u00e4gliches Brot. Und unsere 20 Mitarbeiter in der Musterabteilung haben durch die Bank langj\u00e4hrige Erfahrung und das H\u00e4ndchen f\u00fcr perfekte Oberfl\u00e4chen. Bei Design [&hellip;]<\/p>\n","protected":false},"author":16,"featured_media":0,"parent":12873,"menu_order":0,"comment_status":"closed","ping_status":"closed","template":"","meta":[],"yoast_head":"<!-- This site is optimized with the Yoast SEO plugin v19.6.1 - https:\/\/yoast.com\/wordpress\/plugins\/seo\/ -->\n<title>Mehr als 40 Jahre Erfahung in Musterarbeiten - Design Duval<\/title>\n<meta name=\"description\" content=\"Design Duval \u00fcbernimmt Ihre Musterarbeiten: komplette Herstellung (Putze, Fugen, Bodenmuster, Exponate, Handmuster), Schneiden, Beschriften, Konfektionieren\" \/>\n<meta name=\"robots\" content=\"index, follow, max-snippet:-1, max-image-preview:large, max-video-preview:-1\" \/>\n<link rel=\"canonical\" href=\"https:\/\/www.design-duval.com\/de\/musterkollektionen-service\/musterarbeiten\/\" \/>\n<meta property=\"og:locale\" content=\"de_DE\" \/>\n<meta property=\"og:type\" content=\"article\" \/>\n<meta property=\"og:title\" content=\"Mehr als 40 Jahre Erfahung in Musterarbeiten - Design Duval\" \/>\n<meta property=\"og:description\" content=\"Design Duval \u00fcbernimmt Ihre Musterarbeiten: komplette Herstellung (Putze, Fugen, Bodenmuster, Exponate, Handmuster), Schneiden, Beschriften, Konfektionieren\" \/>\n<meta property=\"og:url\" content=\"https:\/\/www.design-duval.com\/de\/musterkollektionen-service\/musterarbeiten\/\" \/>\n<meta property=\"og:site_name\" content=\"Design Duval\" \/>\n<meta property=\"article:modified_time\" content=\"2022-02-07T16:58:26+00:00\" \/>\n<meta name=\"twitter:card\" content=\"summary\" \/>\n<meta name=\"twitter:label1\" content=\"Gesch\u00e4tzte Lesezeit\" \/>\n\t<meta name=\"twitter:data1\" content=\"1\u00a0Minute\" \/>\n<script type=\"application\/ld+json\" class=\"yoast-schema-graph\">{\"@context\":\"https:\/\/schema.org\",\"@graph\":[{\"@type\":\"WebPage\",\"@id\":\"https:\/\/www.design-duval.com\/de\/musterkollektionen-service\/musterarbeiten\/\",\"url\":\"https:\/\/www.design-duval.com\/de\/musterkollektionen-service\/musterarbeiten\/\",\"name\":\"Mehr als 40 Jahre Erfahung in Musterarbeiten - Design Duval\",\"isPartOf\":{\"@id\":\"https:\/\/www.design-duval.com\/es\/#website\"},\"datePublished\":\"2019-10-11T17:39:12+00:00\",\"dateModified\":\"2022-02-07T16:58:26+00:00\",\"description\":\"Design Duval \u00fcbernimmt Ihre Musterarbeiten: komplette Herstellung (Putze, Fugen, Bodenmuster, Exponate, Handmuster), Schneiden, Beschriften, Konfektionieren\",\"breadcrumb\":{\"@id\":\"https:\/\/www.design-duval.com\/de\/musterkollektionen-service\/musterarbeiten\/#breadcrumb\"},\"inLanguage\":\"de\",\"potentialAction\":[{\"@type\":\"ReadAction\",\"target\":[\"https:\/\/www.design-duval.com\/de\/musterkollektionen-service\/musterarbeiten\/\"]}]},{\"@type\":\"BreadcrumbList\",\"@id\":\"https:\/\/www.design-duval.com\/de\/musterkollektionen-service\/musterarbeiten\/#breadcrumb\",\"itemListElement\":[{\"@type\":\"ListItem\",\"position\":1,\"name\":\"Home\",\"item\":\"https:\/\/www.design-duval.com\/de\/\"},{\"@type\":\"ListItem\",\"position\":2,\"name\":\"Pr\u00e4sentation und Herstellung von Musterkollektionen: Service\",\"item\":\"https:\/\/www.design-duval.com\/de\/musterkollektionen-service\/\"},{\"@type\":\"ListItem\",\"position\":3,\"name\":\"Musterarbeiten\"}]},{\"@type\":\"WebSite\",\"@id\":\"https:\/\/www.design-duval.com\/es\/#website\",\"url\":\"https:\/\/www.design-duval.com\/es\/\",\"name\":\"Design Duval\",\"description\":\"\",\"publisher\":{\"@id\":\"https:\/\/www.design-duval.com\/es\/#organization\"},\"potentialAction\":[{\"@type\":\"SearchAction\",\"target\":{\"@type\":\"EntryPoint\",\"urlTemplate\":\"https:\/\/www.design-duval.com\/es\/?s={search_term_string}\"},\"query-input\":\"required name=search_term_string\"}],\"inLanguage\":\"de\"},{\"@type\":\"Organization\",\"@id\":\"https:\/\/www.design-duval.com\/es\/#organization\",\"name\":\"Design duval\",\"url\":\"https:\/\/www.design-duval.com\/es\/\",\"sameAs\":[],\"logo\":{\"@type\":\"ImageObject\",\"inLanguage\":\"de\",\"@id\":\"https:\/\/www.design-duval.com\/es\/#\/schema\/logo\/image\/\",\"url\":\"https:\/\/www.design-duval.com\/wp-content\/uploads\/2020\/09\/LOGO-DD-DN-web.jpg\",\"contentUrl\":\"https:\/\/www.design-duval.com\/wp-content\/uploads\/2020\/09\/LOGO-DD-DN-web.jpg\",\"width\":614,\"height\":460,\"caption\":\"Design duval\"},\"image\":{\"@id\":\"https:\/\/www.design-duval.com\/es\/#\/schema\/logo\/image\/\"}}]}<\/script>\n<!-- \/ Yoast SEO plugin. -->","yoast_head_json":{"title":"Mehr als 40 Jahre Erfahung in Musterarbeiten - Design Duval","description":"Design Duval \u00fcbernimmt Ihre Musterarbeiten: komplette Herstellung (Putze, Fugen, Bodenmuster, Exponate, Handmuster), Schneiden, Beschriften, Konfektionieren","robots":{"index":"index","follow":"follow","max-snippet":"max-snippet:-1","max-image-preview":"max-image-preview:large","max-video-preview":"max-video-preview:-1"},"canonical":"https:\/\/www.design-duval.com\/de\/musterkollektionen-service\/musterarbeiten\/","og_locale":"de_DE","og_type":"article","og_title":"Mehr als 40 Jahre Erfahung in Musterarbeiten - Design Duval","og_description":"Design Duval \u00fcbernimmt Ihre Musterarbeiten: komplette Herstellung (Putze, Fugen, Bodenmuster, Exponate, Handmuster), Schneiden, Beschriften, Konfektionieren","og_url":"https:\/\/www.design-duval.com\/de\/musterkollektionen-service\/musterarbeiten\/","og_site_name":"Design Duval","article_modified_time":"2022-02-07T16:58:26+00:00","twitter_card":"summary","twitter_misc":{"Gesch\u00e4tzte Lesezeit":"1\u00a0Minute"},"schema":{"@context":"https:\/\/schema.org","@graph":[{"@type":"WebPage","@id":"https:\/\/www.design-duval.com\/de\/musterkollektionen-service\/musterarbeiten\/","url":"https:\/\/www.design-duval.com\/de\/musterkollektionen-service\/musterarbeiten\/","name":"Mehr als 40 Jahre Erfahung in Musterarbeiten - Design Duval","isPartOf":{"@id":"https:\/\/www.design-duval.com\/es\/#website"},"datePublished":"2019-10-11T17:39:12+00:00","dateModified":"2022-02-07T16:58:26+00:00","description":"Design Duval \u00fcbernimmt Ihre Musterarbeiten: komplette Herstellung (Putze, Fugen, Bodenmuster, Exponate, Handmuster), Schneiden, Beschriften, Konfektionieren","breadcrumb":{"@id":"https:\/\/www.design-duval.com\/de\/musterkollektionen-service\/musterarbeiten\/#breadcrumb"},"inLanguage":"de","potentialAction":[{"@type":"ReadAction","target":["https:\/\/www.design-duval.com\/de\/musterkollektionen-service\/musterarbeiten\/"]}]},{"@type":"BreadcrumbList","@id":"https:\/\/www.design-duval.com\/de\/musterkollektionen-service\/musterarbeiten\/#breadcrumb","itemListElement":[{"@type":"ListItem","position":1,"name":"Home","item":"https:\/\/www.design-duval.com\/de\/"},{"@type":"ListItem","position":2,"name":"Pr\u00e4sentation und Herstellung von Musterkollektionen: Service","item":"https:\/\/www.design-duval.com\/de\/musterkollektionen-service\/"},{"@type":"ListItem","position":3,"name":"Musterarbeiten"}]},{"@type":"WebSite","@id":"https:\/\/www.design-duval.com\/es\/#website","url":"https:\/\/www.design-duval.com\/es\/","name":"Design Duval","description":"","publisher":{"@id":"https:\/\/www.design-duval.com\/es\/#organization"},"potentialAction":[{"@type":"SearchAction","target":{"@type":"EntryPoint","urlTemplate":"https:\/\/www.design-duval.com\/es\/?s={search_term_string}"},"query-input":"required name=search_term_string"}],"inLanguage":"de"},{"@type":"Organization","@id":"https:\/\/www.design-duval.com\/es\/#organization","name":"Design duval","url":"https:\/\/www.design-duval.com\/es\/","sameAs":[],"logo":{"@type":"ImageObject","inLanguage":"de","@id":"https:\/\/www.design-duval.com\/es\/#\/schema\/logo\/image\/","url":"https:\/\/www.design-duval.com\/wp-content\/uploads\/2020\/09\/LOGO-DD-DN-web.jpg","contentUrl":"https:\/\/www.design-duval.com\/wp-content\/uploads\/2020\/09\/LOGO-DD-DN-web.jpg","width":614,"height":460,"caption":"Design duval"},"image":{"@id":"https:\/\/www.design-duval.com\/es\/#\/schema\/logo\/image\/"}}]}},"_links":{"self":[{"href":"https:\/\/www.design-duval.com\/de\/wp-json\/wp\/v2\/pages\/13833"}],"collection":[{"href":"https:\/\/www.design-duval.com\/de\/wp-json\/wp\/v2\/pages"}],"about":[{"href":"https:\/\/www.design-duval.com\/de\/wp-json\/wp\/v2\/types\/page"}],"author":[{"embeddable":true,"href":"https:\/\/www.design-duval.com\/de\/wp-json\/wp\/v2\/users\/16"}],"replies":[{"embeddable":true,"href":"https:\/\/www.design-duval.com\/de\/wp-json\/wp\/v2\/comments?post=13833"}],"version-history":[{"count":3,"href":"https:\/\/www.design-duval.com\/de\/wp-json\/wp\/v2\/pages\/13833\/revisions"}],"predecessor-version":[{"id":13848,"href":"https:\/\/www.design-duval.com\/de\/wp-json\/wp\/v2\/pages\/13833\/revisions\/13848"}],"up":[{"embeddable":true,"href":"https:\/\/www.design-duval.com\/de\/wp-json\/wp\/v2\/pages\/12873"}],"wp:attachment":[{"href":"https:\/\/www.design-duval.com\/de\/wp-json\/wp\/v2\/media?parent=13833"}],"curies":[{"name":"wp","href":"https:\/\/api.w.org\/{rel}","templated":true}]}}