{"id":13836,"date":"2019-10-11T19:39:45","date_gmt":"2019-10-11T17:39:45","guid":{"rendered":"https:\/\/www.design-duval.com\/services-echantillons\/gestion-des-versions-multiples-de-vos-presentations-dechantillons\/"},"modified":"2022-02-07T18:05:56","modified_gmt":"2022-02-07T17:05:56","slug":"musterkollektionen-in-verschiedenen-versionen","status":"publish","type":"page","link":"https:\/\/www.design-duval.com\/de\/musterkollektionen-service\/musterkollektionen-in-verschiedenen-versionen\/","title":{"rendered":"Musterkollektionen in verschiedenen Versionen (L\u00e4nderversionen, Sortimente, H\u00e4ndler &#8230;)"},"content":{"rendered":"<div id=\"attachment_13496\" style=\"width: 810px\" class=\"wp-caption aligncenter\"><img aria-describedby=\"caption-attachment-13496\" loading=\"lazy\" class=\"wp-image-13496\" src=\"https:\/\/www.design-duval.com\/wp-content\/uploads\/2020\/04\/Pr\u00e9sentation-et-fabrication-\u00e9chantillons-versions-multiples-455x265.jpg\" alt=\"Echtmusterkollektionen (inkl. Musterarbeiten)-Musterkollektionen in verschiedenen Versionen \" width=\"800\" height=\"547\" srcset=\"https:\/\/www.design-duval.com\/wp-content\/uploads\/2020\/04\/Pr\u00e9sentation-et-fabrication-\u00e9chantillons-versions-multiples-768x525.jpg 768w, https:\/\/www.design-duval.com\/wp-content\/uploads\/2020\/04\/Pr\u00e9sentation-et-fabrication-\u00e9chantillons-versions-multiples-1500x1026.jpg 1500w, https:\/\/www.design-duval.com\/wp-content\/uploads\/2020\/04\/Pr\u00e9sentation-et-fabrication-\u00e9chantillons-versions-multiples-620x424.jpg 620w, https:\/\/www.design-duval.com\/wp-content\/uploads\/2020\/04\/Pr\u00e9sentation-et-fabrication-\u00e9chantillons-versions-multiples.jpg 1900w\" sizes=\"(max-width: 800px) 100vw, 800px\" \/><p id=\"caption-attachment-13496\" class=\"wp-caption-text\">Claudia, Export<\/p><\/div>\n<p>&nbsp;<\/p>\n<p>Haben Sie ein Projekt f\u00fcr thematische Musterkollektionen?<br \/>\nWir sind es gewohnt, gro\u03b2e und umfangreiche <strong>Musterkollektionen f\u00fcr verschiedene Sortimente<\/strong> zu entwickeln, zu produzieren und richtig zu konfektionieren.<\/p>\n<p>M\u00f6chten Sie Ihre <strong>Musterkollektion<\/strong> in verschiedenen L\u00e4ndern einsetzen?<br \/>\nUm Ihre Zielgruppe erfolgreich anzusprechen, sind Anpassungen notwendig: sprachliche nat\u00fcrlich, aber vielleicht auch an kulturelle Besonderheiten (Bilder, Anzahl der Muster, Farben \u2026).<br \/>\nAuch das sind wir gew\u00f6hnt, denn wir lieben interkulturelle Projekte und passen uns gerne an:<\/p>\n<ul>\n<li>Bedruckung der Musterpr\u00e4sentation und der Muster in mehreren Sprachen nach von Ihnen gelieferten Druckvorlagen,<\/li>\n<li>Differenzierte Konfektionierung der Musterkollektionen nach L\u00e4nderversion und <a href=\"https:\/\/www.design-duval.com\/de\/echtmusterkollektionen-inkl-mustererstellung-service\/routing-und-versandservice-fuer-ihre-musterkollektionen\/\">Direktversand<\/a>.<\/li>\n<\/ul>\n<p>Das ist bei uns ein eingespielter und perfekt beherrschter Service! Kennen Sie jemanden, der die Herstellung von 8 verschiedenen WDVS-Systemen mit insgesamt 37 Druckversionen f\u00fcr die H\u00fcllen koordiniert \u2013 und sich nicht in der Konfektionierung irrt? Geheimtipp: <a href=\"https:\/\/www.design-duval.com\/de\/contact\/\">wenden Sie sich an Design Duval!<\/a><\/p>\n","protected":false},"excerpt":{"rendered":"<p>&nbsp; Haben Sie ein Projekt f\u00fcr thematische Musterkollektionen? Wir sind es gewohnt, gro\u03b2e und umfangreiche Musterkollektionen f\u00fcr verschiedene Sortimente zu entwickeln, zu produzieren und richtig zu konfektionieren. M\u00f6chten Sie Ihre Musterkollektion in verschiedenen L\u00e4ndern einsetzen? Um Ihre Zielgruppe erfolgreich anzusprechen, sind Anpassungen notwendig: sprachliche nat\u00fcrlich, aber vielleicht auch an kulturelle Besonderheiten (Bilder, Anzahl der Muster, [&hellip;]<\/p>\n","protected":false},"author":16,"featured_media":0,"parent":12873,"menu_order":0,"comment_status":"closed","ping_status":"closed","template":"","meta":[],"yoast_head":"<!-- This site is optimized with the Yoast SEO plugin v19.6.1 - https:\/\/yoast.com\/wordpress\/plugins\/seo\/ -->\n<title>Musterkollektionen in verschiedenen Versionen (L\u00e4nderversionen, Sortimente, H\u00e4ndler ...)<\/title>\n<meta name=\"description\" content=\"Design Duval hat Erfahrung in der Herstellung von Musterkollektionen in verschiedenen Ausf\u00fchrungen: Druckwechsel, Musterwechsel, Versand, Rechnungsstellung\" \/>\n<meta name=\"robots\" content=\"index, follow, max-snippet:-1, max-image-preview:large, max-video-preview:-1\" \/>\n<link rel=\"canonical\" href=\"https:\/\/www.design-duval.com\/de\/musterkollektionen-service\/musterkollektionen-in-verschiedenen-versionen\/\" \/>\n<meta property=\"og:locale\" content=\"de_DE\" \/>\n<meta property=\"og:type\" content=\"article\" \/>\n<meta property=\"og:title\" content=\"Musterkollektionen in verschiedenen Versionen (L\u00e4nderversionen, Sortimente, H\u00e4ndler ...)\" \/>\n<meta property=\"og:description\" content=\"Design Duval hat Erfahrung in der Herstellung von Musterkollektionen in verschiedenen Ausf\u00fchrungen: Druckwechsel, Musterwechsel, Versand, Rechnungsstellung\" \/>\n<meta property=\"og:url\" content=\"https:\/\/www.design-duval.com\/de\/musterkollektionen-service\/musterkollektionen-in-verschiedenen-versionen\/\" \/>\n<meta property=\"og:site_name\" content=\"Design Duval\" \/>\n<meta property=\"article:modified_time\" content=\"2022-02-07T17:05:56+00:00\" \/>\n<meta name=\"twitter:card\" content=\"summary\" \/>\n<meta name=\"twitter:label1\" content=\"Gesch\u00e4tzte Lesezeit\" \/>\n\t<meta name=\"twitter:data1\" content=\"1\u00a0Minute\" \/>\n<script type=\"application\/ld+json\" class=\"yoast-schema-graph\">{\"@context\":\"https:\/\/schema.org\",\"@graph\":[{\"@type\":\"WebPage\",\"@id\":\"https:\/\/www.design-duval.com\/de\/musterkollektionen-service\/musterkollektionen-in-verschiedenen-versionen\/\",\"url\":\"https:\/\/www.design-duval.com\/de\/musterkollektionen-service\/musterkollektionen-in-verschiedenen-versionen\/\",\"name\":\"Musterkollektionen in verschiedenen Versionen (L\u00e4nderversionen, Sortimente, H\u00e4ndler ...)\",\"isPartOf\":{\"@id\":\"https:\/\/www.design-duval.com\/es\/#website\"},\"datePublished\":\"2019-10-11T17:39:45+00:00\",\"dateModified\":\"2022-02-07T17:05:56+00:00\",\"description\":\"Design Duval hat Erfahrung in der Herstellung von Musterkollektionen in verschiedenen Ausf\u00fchrungen: Druckwechsel, Musterwechsel, Versand, Rechnungsstellung\",\"breadcrumb\":{\"@id\":\"https:\/\/www.design-duval.com\/de\/musterkollektionen-service\/musterkollektionen-in-verschiedenen-versionen\/#breadcrumb\"},\"inLanguage\":\"de\",\"potentialAction\":[{\"@type\":\"ReadAction\",\"target\":[\"https:\/\/www.design-duval.com\/de\/musterkollektionen-service\/musterkollektionen-in-verschiedenen-versionen\/\"]}]},{\"@type\":\"BreadcrumbList\",\"@id\":\"https:\/\/www.design-duval.com\/de\/musterkollektionen-service\/musterkollektionen-in-verschiedenen-versionen\/#breadcrumb\",\"itemListElement\":[{\"@type\":\"ListItem\",\"position\":1,\"name\":\"Home\",\"item\":\"https:\/\/www.design-duval.com\/de\/\"},{\"@type\":\"ListItem\",\"position\":2,\"name\":\"Pr\u00e4sentation und Herstellung von Musterkollektionen: Service\",\"item\":\"https:\/\/www.design-duval.com\/de\/musterkollektionen-service\/\"},{\"@type\":\"ListItem\",\"position\":3,\"name\":\"Musterkollektionen in verschiedenen Versionen (L\u00e4nderversionen, Sortimente, H\u00e4ndler &#8230;)\"}]},{\"@type\":\"WebSite\",\"@id\":\"https:\/\/www.design-duval.com\/es\/#website\",\"url\":\"https:\/\/www.design-duval.com\/es\/\",\"name\":\"Design Duval\",\"description\":\"\",\"publisher\":{\"@id\":\"https:\/\/www.design-duval.com\/es\/#organization\"},\"potentialAction\":[{\"@type\":\"SearchAction\",\"target\":{\"@type\":\"EntryPoint\",\"urlTemplate\":\"https:\/\/www.design-duval.com\/es\/?s={search_term_string}\"},\"query-input\":\"required name=search_term_string\"}],\"inLanguage\":\"de\"},{\"@type\":\"Organization\",\"@id\":\"https:\/\/www.design-duval.com\/es\/#organization\",\"name\":\"Design duval\",\"url\":\"https:\/\/www.design-duval.com\/es\/\",\"sameAs\":[],\"logo\":{\"@type\":\"ImageObject\",\"inLanguage\":\"de\",\"@id\":\"https:\/\/www.design-duval.com\/es\/#\/schema\/logo\/image\/\",\"url\":\"https:\/\/www.design-duval.com\/wp-content\/uploads\/2020\/09\/LOGO-DD-DN-web.jpg\",\"contentUrl\":\"https:\/\/www.design-duval.com\/wp-content\/uploads\/2020\/09\/LOGO-DD-DN-web.jpg\",\"width\":614,\"height\":460,\"caption\":\"Design duval\"},\"image\":{\"@id\":\"https:\/\/www.design-duval.com\/es\/#\/schema\/logo\/image\/\"}}]}<\/script>\n<!-- \/ Yoast SEO plugin. -->","yoast_head_json":{"title":"Musterkollektionen in verschiedenen Versionen (L\u00e4nderversionen, Sortimente, H\u00e4ndler ...)","description":"Design Duval hat Erfahrung in der Herstellung von Musterkollektionen in verschiedenen Ausf\u00fchrungen: Druckwechsel, Musterwechsel, Versand, Rechnungsstellung","robots":{"index":"index","follow":"follow","max-snippet":"max-snippet:-1","max-image-preview":"max-image-preview:large","max-video-preview":"max-video-preview:-1"},"canonical":"https:\/\/www.design-duval.com\/de\/musterkollektionen-service\/musterkollektionen-in-verschiedenen-versionen\/","og_locale":"de_DE","og_type":"article","og_title":"Musterkollektionen in verschiedenen Versionen (L\u00e4nderversionen, Sortimente, H\u00e4ndler ...)","og_description":"Design Duval hat Erfahrung in der Herstellung von Musterkollektionen in verschiedenen Ausf\u00fchrungen: Druckwechsel, Musterwechsel, Versand, Rechnungsstellung","og_url":"https:\/\/www.design-duval.com\/de\/musterkollektionen-service\/musterkollektionen-in-verschiedenen-versionen\/","og_site_name":"Design Duval","article_modified_time":"2022-02-07T17:05:56+00:00","twitter_card":"summary","twitter_misc":{"Gesch\u00e4tzte Lesezeit":"1\u00a0Minute"},"schema":{"@context":"https:\/\/schema.org","@graph":[{"@type":"WebPage","@id":"https:\/\/www.design-duval.com\/de\/musterkollektionen-service\/musterkollektionen-in-verschiedenen-versionen\/","url":"https:\/\/www.design-duval.com\/de\/musterkollektionen-service\/musterkollektionen-in-verschiedenen-versionen\/","name":"Musterkollektionen in verschiedenen Versionen (L\u00e4nderversionen, Sortimente, H\u00e4ndler ...)","isPartOf":{"@id":"https:\/\/www.design-duval.com\/es\/#website"},"datePublished":"2019-10-11T17:39:45+00:00","dateModified":"2022-02-07T17:05:56+00:00","description":"Design Duval hat Erfahrung in der Herstellung von Musterkollektionen in verschiedenen Ausf\u00fchrungen: Druckwechsel, Musterwechsel, Versand, Rechnungsstellung","breadcrumb":{"@id":"https:\/\/www.design-duval.com\/de\/musterkollektionen-service\/musterkollektionen-in-verschiedenen-versionen\/#breadcrumb"},"inLanguage":"de","potentialAction":[{"@type":"ReadAction","target":["https:\/\/www.design-duval.com\/de\/musterkollektionen-service\/musterkollektionen-in-verschiedenen-versionen\/"]}]},{"@type":"BreadcrumbList","@id":"https:\/\/www.design-duval.com\/de\/musterkollektionen-service\/musterkollektionen-in-verschiedenen-versionen\/#breadcrumb","itemListElement":[{"@type":"ListItem","position":1,"name":"Home","item":"https:\/\/www.design-duval.com\/de\/"},{"@type":"ListItem","position":2,"name":"Pr\u00e4sentation und Herstellung von Musterkollektionen: Service","item":"https:\/\/www.design-duval.com\/de\/musterkollektionen-service\/"},{"@type":"ListItem","position":3,"name":"Musterkollektionen in verschiedenen Versionen (L\u00e4nderversionen, Sortimente, H\u00e4ndler &#8230;)"}]},{"@type":"WebSite","@id":"https:\/\/www.design-duval.com\/es\/#website","url":"https:\/\/www.design-duval.com\/es\/","name":"Design Duval","description":"","publisher":{"@id":"https:\/\/www.design-duval.com\/es\/#organization"},"potentialAction":[{"@type":"SearchAction","target":{"@type":"EntryPoint","urlTemplate":"https:\/\/www.design-duval.com\/es\/?s={search_term_string}"},"query-input":"required name=search_term_string"}],"inLanguage":"de"},{"@type":"Organization","@id":"https:\/\/www.design-duval.com\/es\/#organization","name":"Design duval","url":"https:\/\/www.design-duval.com\/es\/","sameAs":[],"logo":{"@type":"ImageObject","inLanguage":"de","@id":"https:\/\/www.design-duval.com\/es\/#\/schema\/logo\/image\/","url":"https:\/\/www.design-duval.com\/wp-content\/uploads\/2020\/09\/LOGO-DD-DN-web.jpg","contentUrl":"https:\/\/www.design-duval.com\/wp-content\/uploads\/2020\/09\/LOGO-DD-DN-web.jpg","width":614,"height":460,"caption":"Design duval"},"image":{"@id":"https:\/\/www.design-duval.com\/es\/#\/schema\/logo\/image\/"}}]}},"_links":{"self":[{"href":"https:\/\/www.design-duval.com\/de\/wp-json\/wp\/v2\/pages\/13836"}],"collection":[{"href":"https:\/\/www.design-duval.com\/de\/wp-json\/wp\/v2\/pages"}],"about":[{"href":"https:\/\/www.design-duval.com\/de\/wp-json\/wp\/v2\/types\/page"}],"author":[{"embeddable":true,"href":"https:\/\/www.design-duval.com\/de\/wp-json\/wp\/v2\/users\/16"}],"replies":[{"embeddable":true,"href":"https:\/\/www.design-duval.com\/de\/wp-json\/wp\/v2\/comments?post=13836"}],"version-history":[{"count":2,"href":"https:\/\/www.design-duval.com\/de\/wp-json\/wp\/v2\/pages\/13836\/revisions"}],"predecessor-version":[{"id":21688,"href":"https:\/\/www.design-duval.com\/de\/wp-json\/wp\/v2\/pages\/13836\/revisions\/21688"}],"up":[{"embeddable":true,"href":"https:\/\/www.design-duval.com\/de\/wp-json\/wp\/v2\/pages\/12873"}],"wp:attachment":[{"href":"https:\/\/www.design-duval.com\/de\/wp-json\/wp\/v2\/media?parent=13836"}],"curies":[{"name":"wp","href":"https:\/\/api.w.org\/{rel}","templated":true}]}}