{"id":13839,"date":"2019-10-11T19:40:16","date_gmt":"2019-10-11T17:40:16","guid":{"rendered":"https:\/\/www.design-duval.com\/services-echantillons\/service-de-stockage-de-vos-presentations-dechantillons\/"},"modified":"2020-06-18T10:56:15","modified_gmt":"2020-06-18T08:56:15","slug":"lagerung-ihrer-musterpraesentationen","status":"publish","type":"page","link":"https:\/\/www.design-duval.com\/de\/musterkollektionen-service\/lagerung-ihrer-musterpraesentationen\/","title":{"rendered":"Lagerung Ihrer Musterpr\u00e4sentationen"},"content":{"rendered":"<div id=\"attachment_13503\" style=\"width: 810px\" class=\"wp-caption aligncenter\"><img aria-describedby=\"caption-attachment-13503\" loading=\"lazy\" class=\"wp-image-13503\" src=\"https:\/\/www.design-duval.com\/wp-content\/uploads\/2020\/04\/Pr\u00e9sentation-et-fabrication-\u00e9chantillons-stockage-455x265.jpg\" alt=\"Echtmusterkollektionen (inkl. Musterarbeiten) - Lagerung Ihrer Musterpr\u00e4sentationen\" width=\"800\" height=\"547\" srcset=\"https:\/\/www.design-duval.com\/wp-content\/uploads\/2020\/04\/Pr\u00e9sentation-et-fabrication-\u00e9chantillons-stockage-768x525.jpg 768w, https:\/\/www.design-duval.com\/wp-content\/uploads\/2020\/04\/Pr\u00e9sentation-et-fabrication-\u00e9chantillons-stockage-1500x1026.jpg 1500w, https:\/\/www.design-duval.com\/wp-content\/uploads\/2020\/04\/Pr\u00e9sentation-et-fabrication-\u00e9chantillons-stockage-620x424.jpg 620w, https:\/\/www.design-duval.com\/wp-content\/uploads\/2020\/04\/Pr\u00e9sentation-et-fabrication-\u00e9chantillons-stockage.jpg 1900w\" sizes=\"(max-width: 800px) 100vw, 800px\" \/><p id=\"caption-attachment-13503\" class=\"wp-caption-text\">Fred ( Lagerarbeiter), Karine (Sourcing), Sylvain (Lagerarbeiter)<\/p><\/div>\n<p>&nbsp;<\/p>\n<p>Erzielen Sie g\u00fcnstigere Preise, indem Sie eine Jahresmenge von Ihren <strong>Musterkollektionen<\/strong> oder <strong>Handmustern <\/strong> auflegen \u2013 auch wenn Sie nicht \u00fcber den notwendigen Lagerplatz verf\u00fcgen: wir haben ihn f\u00fcr Sie! Und noch besser: wir k\u00f6nnen im Anschluss auf Abruf liefern.<\/p>\n<p>Design Duval verf\u00fcgt \u00fcber 5000 m\u00b2 Lagerfl\u00e4che f\u00fcr Rohmaterialien, Echtmuster und fertige Pr\u00e4sentationsmittel unserer Kunden. Das hat f\u00fcr Sie zahlreiche Vorteile:<\/p>\n<ul>\n<li>Sie sparen Platz bei sich ;<\/li>\n<li>Sie werden regelm\u00e4\u03b2ig \u00fcber den Lagerbestand informiert;<\/li>\n<li>Sie vertrauen die Lagerung einem Experten an, der Ihre Produkte und deren potentielle Br\u00fcchigkeit kennt ;<\/li>\n<li>Sie profitieren von einem auf Ihre Bed\u00fcrfnisse zugeschnittenen Lieferservice!<\/li>\n<\/ul>\n<p>Die Teillieferungen k\u00f6nnen nach einem zuvor abgestimmten Lieferplan erfolgen oder auf Abruf, zu Ihnen oder <a href=\"https:\/\/www.design-duval.com\/de\/services-echantillons\/routing-und-versandservice-fuer-ihre-musterkollektionen\/\">direkt zu Ihren Kunden oder H\u00e4ndlern<\/a>.<\/p>\n","protected":false},"excerpt":{"rendered":"<p>&nbsp; Erzielen Sie g\u00fcnstigere Preise, indem Sie eine Jahresmenge von Ihren Musterkollektionen oder Handmustern auflegen \u2013 auch wenn Sie nicht \u00fcber den notwendigen Lagerplatz verf\u00fcgen: wir haben ihn f\u00fcr Sie! Und noch besser: wir k\u00f6nnen im Anschluss auf Abruf liefern. Design Duval verf\u00fcgt \u00fcber 5000 m\u00b2 Lagerfl\u00e4che f\u00fcr Rohmaterialien, Echtmuster und fertige Pr\u00e4sentationsmittel unserer Kunden. [&hellip;]<\/p>\n","protected":false},"author":16,"featured_media":0,"parent":12873,"menu_order":0,"comment_status":"closed","ping_status":"closed","template":"","meta":[],"yoast_head":"<!-- This site is optimized with the Yoast SEO plugin v19.6.1 - https:\/\/yoast.com\/wordpress\/plugins\/seo\/ -->\n<title>Lagerung Ihrer Musterpr\u00e4sentationen - Design Duval<\/title>\n<meta name=\"description\" content=\"Lagerung Ihrer Musterpr\u00e4sentationen - Design Duval\" \/>\n<meta name=\"robots\" content=\"index, follow, max-snippet:-1, max-image-preview:large, max-video-preview:-1\" \/>\n<link rel=\"canonical\" href=\"https:\/\/www.design-duval.com\/de\/musterkollektionen-service\/lagerung-ihrer-musterpraesentationen\/\" \/>\n<meta property=\"og:locale\" content=\"de_DE\" \/>\n<meta property=\"og:type\" content=\"article\" \/>\n<meta property=\"og:title\" content=\"Lagerung Ihrer Musterpr\u00e4sentationen - Design Duval\" \/>\n<meta property=\"og:description\" content=\"Lagerung Ihrer Musterpr\u00e4sentationen - Design Duval\" \/>\n<meta property=\"og:url\" content=\"https:\/\/www.design-duval.com\/de\/musterkollektionen-service\/lagerung-ihrer-musterpraesentationen\/\" \/>\n<meta property=\"og:site_name\" content=\"Design Duval\" \/>\n<meta property=\"article:modified_time\" content=\"2020-06-18T08:56:15+00:00\" \/>\n<meta name=\"twitter:card\" content=\"summary\" \/>\n<meta name=\"twitter:label1\" content=\"Gesch\u00e4tzte Lesezeit\" \/>\n\t<meta name=\"twitter:data1\" content=\"1\u00a0Minute\" \/>\n<script type=\"application\/ld+json\" class=\"yoast-schema-graph\">{\"@context\":\"https:\/\/schema.org\",\"@graph\":[{\"@type\":\"WebPage\",\"@id\":\"https:\/\/www.design-duval.com\/de\/musterkollektionen-service\/lagerung-ihrer-musterpraesentationen\/\",\"url\":\"https:\/\/www.design-duval.com\/de\/musterkollektionen-service\/lagerung-ihrer-musterpraesentationen\/\",\"name\":\"Lagerung Ihrer Musterpr\u00e4sentationen - Design Duval\",\"isPartOf\":{\"@id\":\"https:\/\/www.design-duval.com\/es\/#website\"},\"datePublished\":\"2019-10-11T17:40:16+00:00\",\"dateModified\":\"2020-06-18T08:56:15+00:00\",\"description\":\"Lagerung Ihrer Musterpr\u00e4sentationen - Design Duval\",\"breadcrumb\":{\"@id\":\"https:\/\/www.design-duval.com\/de\/musterkollektionen-service\/lagerung-ihrer-musterpraesentationen\/#breadcrumb\"},\"inLanguage\":\"de\",\"potentialAction\":[{\"@type\":\"ReadAction\",\"target\":[\"https:\/\/www.design-duval.com\/de\/musterkollektionen-service\/lagerung-ihrer-musterpraesentationen\/\"]}]},{\"@type\":\"BreadcrumbList\",\"@id\":\"https:\/\/www.design-duval.com\/de\/musterkollektionen-service\/lagerung-ihrer-musterpraesentationen\/#breadcrumb\",\"itemListElement\":[{\"@type\":\"ListItem\",\"position\":1,\"name\":\"Home\",\"item\":\"https:\/\/www.design-duval.com\/de\/\"},{\"@type\":\"ListItem\",\"position\":2,\"name\":\"Pr\u00e4sentation und Herstellung von Musterkollektionen: Service\",\"item\":\"https:\/\/www.design-duval.com\/de\/musterkollektionen-service\/\"},{\"@type\":\"ListItem\",\"position\":3,\"name\":\"Lagerung Ihrer Musterpr\u00e4sentationen\"}]},{\"@type\":\"WebSite\",\"@id\":\"https:\/\/www.design-duval.com\/es\/#website\",\"url\":\"https:\/\/www.design-duval.com\/es\/\",\"name\":\"Design Duval\",\"description\":\"\",\"publisher\":{\"@id\":\"https:\/\/www.design-duval.com\/es\/#organization\"},\"potentialAction\":[{\"@type\":\"SearchAction\",\"target\":{\"@type\":\"EntryPoint\",\"urlTemplate\":\"https:\/\/www.design-duval.com\/es\/?s={search_term_string}\"},\"query-input\":\"required name=search_term_string\"}],\"inLanguage\":\"de\"},{\"@type\":\"Organization\",\"@id\":\"https:\/\/www.design-duval.com\/es\/#organization\",\"name\":\"Design duval\",\"url\":\"https:\/\/www.design-duval.com\/es\/\",\"sameAs\":[],\"logo\":{\"@type\":\"ImageObject\",\"inLanguage\":\"de\",\"@id\":\"https:\/\/www.design-duval.com\/es\/#\/schema\/logo\/image\/\",\"url\":\"https:\/\/www.design-duval.com\/wp-content\/uploads\/2020\/09\/LOGO-DD-DN-web.jpg\",\"contentUrl\":\"https:\/\/www.design-duval.com\/wp-content\/uploads\/2020\/09\/LOGO-DD-DN-web.jpg\",\"width\":614,\"height\":460,\"caption\":\"Design duval\"},\"image\":{\"@id\":\"https:\/\/www.design-duval.com\/es\/#\/schema\/logo\/image\/\"}}]}<\/script>\n<!-- \/ Yoast SEO plugin. -->","yoast_head_json":{"title":"Lagerung Ihrer Musterpr\u00e4sentationen - Design Duval","description":"Lagerung Ihrer Musterpr\u00e4sentationen - Design Duval","robots":{"index":"index","follow":"follow","max-snippet":"max-snippet:-1","max-image-preview":"max-image-preview:large","max-video-preview":"max-video-preview:-1"},"canonical":"https:\/\/www.design-duval.com\/de\/musterkollektionen-service\/lagerung-ihrer-musterpraesentationen\/","og_locale":"de_DE","og_type":"article","og_title":"Lagerung Ihrer Musterpr\u00e4sentationen - Design Duval","og_description":"Lagerung Ihrer Musterpr\u00e4sentationen - Design Duval","og_url":"https:\/\/www.design-duval.com\/de\/musterkollektionen-service\/lagerung-ihrer-musterpraesentationen\/","og_site_name":"Design Duval","article_modified_time":"2020-06-18T08:56:15+00:00","twitter_card":"summary","twitter_misc":{"Gesch\u00e4tzte Lesezeit":"1\u00a0Minute"},"schema":{"@context":"https:\/\/schema.org","@graph":[{"@type":"WebPage","@id":"https:\/\/www.design-duval.com\/de\/musterkollektionen-service\/lagerung-ihrer-musterpraesentationen\/","url":"https:\/\/www.design-duval.com\/de\/musterkollektionen-service\/lagerung-ihrer-musterpraesentationen\/","name":"Lagerung Ihrer Musterpr\u00e4sentationen - Design Duval","isPartOf":{"@id":"https:\/\/www.design-duval.com\/es\/#website"},"datePublished":"2019-10-11T17:40:16+00:00","dateModified":"2020-06-18T08:56:15+00:00","description":"Lagerung Ihrer Musterpr\u00e4sentationen - Design Duval","breadcrumb":{"@id":"https:\/\/www.design-duval.com\/de\/musterkollektionen-service\/lagerung-ihrer-musterpraesentationen\/#breadcrumb"},"inLanguage":"de","potentialAction":[{"@type":"ReadAction","target":["https:\/\/www.design-duval.com\/de\/musterkollektionen-service\/lagerung-ihrer-musterpraesentationen\/"]}]},{"@type":"BreadcrumbList","@id":"https:\/\/www.design-duval.com\/de\/musterkollektionen-service\/lagerung-ihrer-musterpraesentationen\/#breadcrumb","itemListElement":[{"@type":"ListItem","position":1,"name":"Home","item":"https:\/\/www.design-duval.com\/de\/"},{"@type":"ListItem","position":2,"name":"Pr\u00e4sentation und Herstellung von Musterkollektionen: Service","item":"https:\/\/www.design-duval.com\/de\/musterkollektionen-service\/"},{"@type":"ListItem","position":3,"name":"Lagerung Ihrer Musterpr\u00e4sentationen"}]},{"@type":"WebSite","@id":"https:\/\/www.design-duval.com\/es\/#website","url":"https:\/\/www.design-duval.com\/es\/","name":"Design Duval","description":"","publisher":{"@id":"https:\/\/www.design-duval.com\/es\/#organization"},"potentialAction":[{"@type":"SearchAction","target":{"@type":"EntryPoint","urlTemplate":"https:\/\/www.design-duval.com\/es\/?s={search_term_string}"},"query-input":"required name=search_term_string"}],"inLanguage":"de"},{"@type":"Organization","@id":"https:\/\/www.design-duval.com\/es\/#organization","name":"Design duval","url":"https:\/\/www.design-duval.com\/es\/","sameAs":[],"logo":{"@type":"ImageObject","inLanguage":"de","@id":"https:\/\/www.design-duval.com\/es\/#\/schema\/logo\/image\/","url":"https:\/\/www.design-duval.com\/wp-content\/uploads\/2020\/09\/LOGO-DD-DN-web.jpg","contentUrl":"https:\/\/www.design-duval.com\/wp-content\/uploads\/2020\/09\/LOGO-DD-DN-web.jpg","width":614,"height":460,"caption":"Design duval"},"image":{"@id":"https:\/\/www.design-duval.com\/es\/#\/schema\/logo\/image\/"}}]}},"_links":{"self":[{"href":"https:\/\/www.design-duval.com\/de\/wp-json\/wp\/v2\/pages\/13839"}],"collection":[{"href":"https:\/\/www.design-duval.com\/de\/wp-json\/wp\/v2\/pages"}],"about":[{"href":"https:\/\/www.design-duval.com\/de\/wp-json\/wp\/v2\/types\/page"}],"author":[{"embeddable":true,"href":"https:\/\/www.design-duval.com\/de\/wp-json\/wp\/v2\/users\/16"}],"replies":[{"embeddable":true,"href":"https:\/\/www.design-duval.com\/de\/wp-json\/wp\/v2\/comments?post=13839"}],"version-history":[{"count":3,"href":"https:\/\/www.design-duval.com\/de\/wp-json\/wp\/v2\/pages\/13839\/revisions"}],"predecessor-version":[{"id":13840,"href":"https:\/\/www.design-duval.com\/de\/wp-json\/wp\/v2\/pages\/13839\/revisions\/13840"}],"up":[{"embeddable":true,"href":"https:\/\/www.design-duval.com\/de\/wp-json\/wp\/v2\/pages\/12873"}],"wp:attachment":[{"href":"https:\/\/www.design-duval.com\/de\/wp-json\/wp\/v2\/media?parent=13839"}],"curies":[{"name":"wp","href":"https:\/\/api.w.org\/{rel}","templated":true}]}}