{"id":13845,"date":"2019-10-11T19:41:13","date_gmt":"2019-10-11T17:41:13","guid":{"rendered":"https:\/\/www.design-duval.com\/services-echantillons\/service-de-routage-et-de-dispatching-de-vos-presentations-dechantillons\/"},"modified":"2020-06-18T10:53:37","modified_gmt":"2020-06-18T08:53:37","slug":"routing-und-versandservice-fuer-ihre-musterkollektionen","status":"publish","type":"page","link":"https:\/\/www.design-duval.com\/de\/musterkollektionen-service\/routing-und-versandservice-fuer-ihre-musterkollektionen\/","title":{"rendered":"Routing- und Versandservice f\u00fcr Ihre Musterkollektionen"},"content":{"rendered":"<div id=\"attachment_13515\" style=\"width: 810px\" class=\"wp-caption aligncenter\"><img aria-describedby=\"caption-attachment-13515\" loading=\"lazy\" class=\"wp-image-13515\" src=\"https:\/\/www.design-duval.com\/wp-content\/uploads\/2020\/04\/Pr\u00e9sentation-et-fabrication-\u00e9chantillons-routage-et-dispatching-455x265.jpg\" alt=\"Echtmusterkollektionen (inkl. Musterarbeiten) - Routing- und Versandservice f\u00fcr Ihre Musterkollektionen\" width=\"800\" height=\"547\" srcset=\"https:\/\/www.design-duval.com\/wp-content\/uploads\/2020\/04\/Pr\u00e9sentation-et-fabrication-\u00e9chantillons-routage-et-dispatching-768x525.jpg 768w, https:\/\/www.design-duval.com\/wp-content\/uploads\/2020\/04\/Pr\u00e9sentation-et-fabrication-\u00e9chantillons-routage-et-dispatching-1500x1026.jpg 1500w, https:\/\/www.design-duval.com\/wp-content\/uploads\/2020\/04\/Pr\u00e9sentation-et-fabrication-\u00e9chantillons-routage-et-dispatching-620x424.jpg 620w, https:\/\/www.design-duval.com\/wp-content\/uploads\/2020\/04\/Pr\u00e9sentation-et-fabrication-\u00e9chantillons-routage-et-dispatching.jpg 1900w\" sizes=\"(max-width: 800px) 100vw, 800px\" \/><p id=\"caption-attachment-13515\" class=\"wp-caption-text\">Myriam (Vertriebsinnendienst Duval Nuanciers), Jean-Yves (Produktionsplanung), Sarah (Auftragserfassung, Versand, Abrechnung)<\/p><\/div>\n<p>&nbsp;<\/p>\n<p>Immer darauf bedacht, Ihnen vom Entwurf bis zur Auslieferung Ihrer <strong>Mustermappen und Farbkarten<\/strong> eine Komplettleistung anzubieten, finden Sie bei Design Duval einen <strong>Routing- und Versandservice \u00e0 la carte<\/strong>.<br \/>\nWir k\u00f6nnen Ihre eigenen Vertriebsleute, Ihre Kunden, Architekten oder H\u00e4ndler direkt nach Ihren Vorgaben beliefern:<\/p>\n<ul>\n<li>wir k\u00f6nnen an einen oder an mehrere Standorte liefern,<\/li>\n<li>wir passen uns an die von Ihnen gelisteten Mengen an,<\/li>\n<li>wir liefern alle Artikel in einem Zug oder gestaffelt nach dem von Ihnen gew\u00fcnschten Lieferrhythmus<\/li>\n<li>wir k\u00f6nnen die Rechnungsstellung zentral oder dezentral vornehmen.<\/li>\n<\/ul>\n<p>Wir liefern im In- und Ausland, europa- oder weltweit \u2013 passend zu unserer Kapazit\u00e4t verschiedene <a href=\"https:\/\/www.design-duval.com\/de\/services-echantillons\/musterkollektionen-in-verschiedenen-versionen\/\">L\u00e4nderversionen Ihrer Musterkollektionen<\/a> zu realisieren.<\/p>\n<p>M\u00f6chten Sie mehr zu unseren Dienstleistungen erfahren? \u00dcber ein konkretes Projekt diskutieren? Sehen, was m\u00f6glich ist? <a href=\"https:\/\/www.design-duval.com\/de\/contact\/\">Kontaktieren Sie uns noch heute!<\/a><\/p>\n","protected":false},"excerpt":{"rendered":"<p>&nbsp; Immer darauf bedacht, Ihnen vom Entwurf bis zur Auslieferung Ihrer Mustermappen und Farbkarten eine Komplettleistung anzubieten, finden Sie bei Design Duval einen Routing- und Versandservice \u00e0 la carte. Wir k\u00f6nnen Ihre eigenen Vertriebsleute, Ihre Kunden, Architekten oder H\u00e4ndler direkt nach Ihren Vorgaben beliefern: wir k\u00f6nnen an einen oder an mehrere Standorte liefern, wir passen [&hellip;]<\/p>\n","protected":false},"author":16,"featured_media":0,"parent":12873,"menu_order":0,"comment_status":"closed","ping_status":"closed","template":"","meta":[],"yoast_head":"<!-- This site is optimized with the Yoast SEO plugin v19.6.1 - https:\/\/yoast.com\/wordpress\/plugins\/seo\/ -->\n<title>Routing- und Versandservice f\u00fcr Ihre Musterkollektionen - Design Duval<\/title>\n<meta name=\"description\" content=\"Routing- und Versandservice f\u00fcr Ihre Musterkollektionen - Design Duval\" \/>\n<meta name=\"robots\" content=\"index, follow, max-snippet:-1, max-image-preview:large, max-video-preview:-1\" \/>\n<link rel=\"canonical\" href=\"https:\/\/www.design-duval.com\/de\/musterkollektionen-service\/routing-und-versandservice-fuer-ihre-musterkollektionen\/\" \/>\n<meta property=\"og:locale\" content=\"de_DE\" \/>\n<meta property=\"og:type\" content=\"article\" \/>\n<meta property=\"og:title\" content=\"Routing- und Versandservice f\u00fcr Ihre Musterkollektionen - Design Duval\" \/>\n<meta property=\"og:description\" content=\"Routing- und Versandservice f\u00fcr Ihre Musterkollektionen - Design Duval\" \/>\n<meta property=\"og:url\" content=\"https:\/\/www.design-duval.com\/de\/musterkollektionen-service\/routing-und-versandservice-fuer-ihre-musterkollektionen\/\" \/>\n<meta property=\"og:site_name\" content=\"Design Duval\" \/>\n<meta property=\"article:modified_time\" content=\"2020-06-18T08:53:37+00:00\" \/>\n<meta name=\"twitter:card\" content=\"summary\" \/>\n<meta name=\"twitter:label1\" content=\"Gesch\u00e4tzte Lesezeit\" \/>\n\t<meta name=\"twitter:data1\" content=\"1\u00a0Minute\" \/>\n<script type=\"application\/ld+json\" class=\"yoast-schema-graph\">{\"@context\":\"https:\/\/schema.org\",\"@graph\":[{\"@type\":\"WebPage\",\"@id\":\"https:\/\/www.design-duval.com\/de\/musterkollektionen-service\/routing-und-versandservice-fuer-ihre-musterkollektionen\/\",\"url\":\"https:\/\/www.design-duval.com\/de\/musterkollektionen-service\/routing-und-versandservice-fuer-ihre-musterkollektionen\/\",\"name\":\"Routing- und Versandservice f\u00fcr Ihre Musterkollektionen - Design Duval\",\"isPartOf\":{\"@id\":\"https:\/\/www.design-duval.com\/es\/#website\"},\"datePublished\":\"2019-10-11T17:41:13+00:00\",\"dateModified\":\"2020-06-18T08:53:37+00:00\",\"description\":\"Routing- und Versandservice f\u00fcr Ihre Musterkollektionen - Design Duval\",\"breadcrumb\":{\"@id\":\"https:\/\/www.design-duval.com\/de\/musterkollektionen-service\/routing-und-versandservice-fuer-ihre-musterkollektionen\/#breadcrumb\"},\"inLanguage\":\"de\",\"potentialAction\":[{\"@type\":\"ReadAction\",\"target\":[\"https:\/\/www.design-duval.com\/de\/musterkollektionen-service\/routing-und-versandservice-fuer-ihre-musterkollektionen\/\"]}]},{\"@type\":\"BreadcrumbList\",\"@id\":\"https:\/\/www.design-duval.com\/de\/musterkollektionen-service\/routing-und-versandservice-fuer-ihre-musterkollektionen\/#breadcrumb\",\"itemListElement\":[{\"@type\":\"ListItem\",\"position\":1,\"name\":\"Home\",\"item\":\"https:\/\/www.design-duval.com\/de\/\"},{\"@type\":\"ListItem\",\"position\":2,\"name\":\"Pr\u00e4sentation und Herstellung von Musterkollektionen: Service\",\"item\":\"https:\/\/www.design-duval.com\/de\/musterkollektionen-service\/\"},{\"@type\":\"ListItem\",\"position\":3,\"name\":\"Routing- und Versandservice f\u00fcr Ihre Musterkollektionen\"}]},{\"@type\":\"WebSite\",\"@id\":\"https:\/\/www.design-duval.com\/es\/#website\",\"url\":\"https:\/\/www.design-duval.com\/es\/\",\"name\":\"Design Duval\",\"description\":\"\",\"publisher\":{\"@id\":\"https:\/\/www.design-duval.com\/es\/#organization\"},\"potentialAction\":[{\"@type\":\"SearchAction\",\"target\":{\"@type\":\"EntryPoint\",\"urlTemplate\":\"https:\/\/www.design-duval.com\/es\/?s={search_term_string}\"},\"query-input\":\"required name=search_term_string\"}],\"inLanguage\":\"de\"},{\"@type\":\"Organization\",\"@id\":\"https:\/\/www.design-duval.com\/es\/#organization\",\"name\":\"Design duval\",\"url\":\"https:\/\/www.design-duval.com\/es\/\",\"sameAs\":[],\"logo\":{\"@type\":\"ImageObject\",\"inLanguage\":\"de\",\"@id\":\"https:\/\/www.design-duval.com\/es\/#\/schema\/logo\/image\/\",\"url\":\"https:\/\/www.design-duval.com\/wp-content\/uploads\/2020\/09\/LOGO-DD-DN-web.jpg\",\"contentUrl\":\"https:\/\/www.design-duval.com\/wp-content\/uploads\/2020\/09\/LOGO-DD-DN-web.jpg\",\"width\":614,\"height\":460,\"caption\":\"Design duval\"},\"image\":{\"@id\":\"https:\/\/www.design-duval.com\/es\/#\/schema\/logo\/image\/\"}}]}<\/script>\n<!-- \/ Yoast SEO plugin. -->","yoast_head_json":{"title":"Routing- und Versandservice f\u00fcr Ihre Musterkollektionen - Design Duval","description":"Routing- und Versandservice f\u00fcr Ihre Musterkollektionen - Design Duval","robots":{"index":"index","follow":"follow","max-snippet":"max-snippet:-1","max-image-preview":"max-image-preview:large","max-video-preview":"max-video-preview:-1"},"canonical":"https:\/\/www.design-duval.com\/de\/musterkollektionen-service\/routing-und-versandservice-fuer-ihre-musterkollektionen\/","og_locale":"de_DE","og_type":"article","og_title":"Routing- und Versandservice f\u00fcr Ihre Musterkollektionen - Design Duval","og_description":"Routing- und Versandservice f\u00fcr Ihre Musterkollektionen - Design Duval","og_url":"https:\/\/www.design-duval.com\/de\/musterkollektionen-service\/routing-und-versandservice-fuer-ihre-musterkollektionen\/","og_site_name":"Design Duval","article_modified_time":"2020-06-18T08:53:37+00:00","twitter_card":"summary","twitter_misc":{"Gesch\u00e4tzte Lesezeit":"1\u00a0Minute"},"schema":{"@context":"https:\/\/schema.org","@graph":[{"@type":"WebPage","@id":"https:\/\/www.design-duval.com\/de\/musterkollektionen-service\/routing-und-versandservice-fuer-ihre-musterkollektionen\/","url":"https:\/\/www.design-duval.com\/de\/musterkollektionen-service\/routing-und-versandservice-fuer-ihre-musterkollektionen\/","name":"Routing- und Versandservice f\u00fcr Ihre Musterkollektionen - Design Duval","isPartOf":{"@id":"https:\/\/www.design-duval.com\/es\/#website"},"datePublished":"2019-10-11T17:41:13+00:00","dateModified":"2020-06-18T08:53:37+00:00","description":"Routing- und Versandservice f\u00fcr Ihre Musterkollektionen - Design Duval","breadcrumb":{"@id":"https:\/\/www.design-duval.com\/de\/musterkollektionen-service\/routing-und-versandservice-fuer-ihre-musterkollektionen\/#breadcrumb"},"inLanguage":"de","potentialAction":[{"@type":"ReadAction","target":["https:\/\/www.design-duval.com\/de\/musterkollektionen-service\/routing-und-versandservice-fuer-ihre-musterkollektionen\/"]}]},{"@type":"BreadcrumbList","@id":"https:\/\/www.design-duval.com\/de\/musterkollektionen-service\/routing-und-versandservice-fuer-ihre-musterkollektionen\/#breadcrumb","itemListElement":[{"@type":"ListItem","position":1,"name":"Home","item":"https:\/\/www.design-duval.com\/de\/"},{"@type":"ListItem","position":2,"name":"Pr\u00e4sentation und Herstellung von Musterkollektionen: Service","item":"https:\/\/www.design-duval.com\/de\/musterkollektionen-service\/"},{"@type":"ListItem","position":3,"name":"Routing- und Versandservice f\u00fcr Ihre Musterkollektionen"}]},{"@type":"WebSite","@id":"https:\/\/www.design-duval.com\/es\/#website","url":"https:\/\/www.design-duval.com\/es\/","name":"Design Duval","description":"","publisher":{"@id":"https:\/\/www.design-duval.com\/es\/#organization"},"potentialAction":[{"@type":"SearchAction","target":{"@type":"EntryPoint","urlTemplate":"https:\/\/www.design-duval.com\/es\/?s={search_term_string}"},"query-input":"required name=search_term_string"}],"inLanguage":"de"},{"@type":"Organization","@id":"https:\/\/www.design-duval.com\/es\/#organization","name":"Design duval","url":"https:\/\/www.design-duval.com\/es\/","sameAs":[],"logo":{"@type":"ImageObject","inLanguage":"de","@id":"https:\/\/www.design-duval.com\/es\/#\/schema\/logo\/image\/","url":"https:\/\/www.design-duval.com\/wp-content\/uploads\/2020\/09\/LOGO-DD-DN-web.jpg","contentUrl":"https:\/\/www.design-duval.com\/wp-content\/uploads\/2020\/09\/LOGO-DD-DN-web.jpg","width":614,"height":460,"caption":"Design duval"},"image":{"@id":"https:\/\/www.design-duval.com\/es\/#\/schema\/logo\/image\/"}}]}},"_links":{"self":[{"href":"https:\/\/www.design-duval.com\/de\/wp-json\/wp\/v2\/pages\/13845"}],"collection":[{"href":"https:\/\/www.design-duval.com\/de\/wp-json\/wp\/v2\/pages"}],"about":[{"href":"https:\/\/www.design-duval.com\/de\/wp-json\/wp\/v2\/types\/page"}],"author":[{"embeddable":true,"href":"https:\/\/www.design-duval.com\/de\/wp-json\/wp\/v2\/users\/16"}],"replies":[{"embeddable":true,"href":"https:\/\/www.design-duval.com\/de\/wp-json\/wp\/v2\/comments?post=13845"}],"version-history":[{"count":2,"href":"https:\/\/www.design-duval.com\/de\/wp-json\/wp\/v2\/pages\/13845\/revisions"}],"predecessor-version":[{"id":13847,"href":"https:\/\/www.design-duval.com\/de\/wp-json\/wp\/v2\/pages\/13845\/revisions\/13847"}],"up":[{"embeddable":true,"href":"https:\/\/www.design-duval.com\/de\/wp-json\/wp\/v2\/pages\/12873"}],"wp:attachment":[{"href":"https:\/\/www.design-duval.com\/de\/wp-json\/wp\/v2\/media?parent=13845"}],"curies":[{"name":"wp","href":"https:\/\/api.w.org\/{rel}","templated":true}]}}