{"id":13967,"date":"2016-10-27T16:53:43","date_gmt":"2016-10-27T14:53:43","guid":{"rendered":"https:\/\/www.design-duval.com\/qui-sommes-nous\/"},"modified":"2021-02-10T16:52:19","modified_gmt":"2021-02-10T15:52:19","slug":"ueber-uns","status":"publish","type":"page","link":"https:\/\/www.design-duval.com\/de\/ueber-uns\/","title":{"rendered":"\u00dcber uns"},"content":{"rendered":"<p><strong>Design Duval<\/strong> wurde 1947 von Herrn Duval gegr\u00fcndet und hat sich auf d<strong>ie Herstellung von Musterpr\u00e4sentationen, Dokumentenh\u00fcllen, Verpackungen und Organisationsmitteln<\/strong> <strong>spezialisiert, die immer kundenspezifische Komplettl\u00f6sungen sind.<\/strong> Wir arbeiten f\u00fcr Unternehmen aller Branchen (Automobilindustrie, Banken, Bauwesen, Verlage, Gesundheitswesen, Kosmetik usw.), die ihre <strong>Produkte und Marken originell pr\u00e4sentieren<\/strong> m\u00f6chten, um ihren Bekanntheitsgrad zu erh\u00f6hen.<\/p>\n<p>Was finden Sie auf unserer Website?<br \/>\nDiese Seiten sollen Sie vor allem inspirieren! Hier finden Sie zahlreiche Beispiele von Kreationen aus unseren 4 Kompetenzbereichen:<\/p>\n<ul>\n<li><a href=\"https:\/\/www.design-duval.com\/de\/musterkollektionen-im-komplettservice\/\">Echtmusterkollektionen (inkl. Musterarbeiten)<\/a><\/li>\n<li><a href=\"https:\/\/www.design-duval.com\/de\/werbe-und-praesentationsmittel\/\">Gen\u00e4hte und geschwei\u00dfte Werbe- und Pr\u00e4sentationsmittel<\/a><\/li>\n<li><a href=\"https:\/\/www.design-duval.com\/de\/promotions-und-werbeverpackungen\/\">Promotionsverpackungen<\/a><\/li>\n<li><a href=\"https:\/\/www.design-duval.com\/de\/digitaldruck\/\">Digitaldruck<\/a><\/li>\n<\/ul>\n<p>Wir sind Spezialist in der Ma\u00dfanfertigung und der On-Demand-Fertigung \u2013 www.designduval.com ist daher weder ein Online-Shop noch ein Produktkatalog. Wenn eine der gezeigten Kreationen Ihr Interesse weckt oder Sie zu einer Idee inspiriert, <a href=\"https:\/\/www.design-duval.com\/de\/kontakt\/\">kontaktieren Sie uns<\/a>!<\/p>\n<p>Auf unserer Website erfahren Sie auch, was sich hinter den Kulissen abspielt, welche <a href=\"https:\/\/www.design-duval.com\/de\/ueber-uns\/materialien-die-wir-verarbeiten\/\">Materialien<\/a> wir verarbeiten und welche <a href=\"https:\/\/www.design-duval.com\/de\/ueber-uns\/herstellungsverfahren\/\">technischen Verfahren<\/a> wir f\u00fcr die Fertigung Ihrer Produkte einsetzen.<\/p>\n<p>Au\u00dferdem finden Sie hier <a href=\"https:\/\/www.design-duval.com\/de\/neuigkeiten-design-duval\/\">aktuelle Nachrichten aus dem Unternehmen Design Duval<\/a> und den Branchen, f\u00fcr die wir arbeiten.<br \/>\nUnd wenn Sie gerne interessante Geschichten voller Leidenschaft und unerwarteter Wendungen h\u00f6ren, dann bleiben Sie noch ein bisschen, und wir erz\u00e4hlen Ihnen unsere Geschichte \u2026<\/p>\n","protected":false},"excerpt":{"rendered":"<p>Design Duval wurde 1947 von Herrn Duval gegr\u00fcndet und hat sich auf die Herstellung von Musterpr\u00e4sentationen, Dokumentenh\u00fcllen, Verpackungen und Organisationsmitteln spezialisiert, die immer kundenspezifische Komplettl\u00f6sungen sind. Wir arbeiten f\u00fcr Unternehmen aller Branchen (Automobilindustrie, Banken, Bauwesen, Verlage, Gesundheitswesen, Kosmetik usw.), die ihre Produkte und Marken originell pr\u00e4sentieren m\u00f6chten, um ihren Bekanntheitsgrad zu erh\u00f6hen. Was finden Sie [&hellip;]<\/p>\n","protected":false},"author":9,"featured_media":12615,"parent":0,"menu_order":0,"comment_status":"closed","ping_status":"closed","template":"","meta":[],"yoast_head":"<!-- This site is optimized with the Yoast SEO plugin v19.6.1 - https:\/\/yoast.com\/wordpress\/plugins\/seo\/ -->\n<title>\u00dcber uns - Design Duval<\/title>\n<meta name=\"description\" content=\"\u00dcber uns - Design Duval\" \/>\n<meta name=\"robots\" content=\"index, follow, max-snippet:-1, max-image-preview:large, max-video-preview:-1\" \/>\n<link rel=\"canonical\" href=\"https:\/\/www.design-duval.com\/de\/ueber-uns\/\" \/>\n<meta property=\"og:locale\" content=\"de_DE\" \/>\n<meta property=\"og:type\" content=\"article\" \/>\n<meta property=\"og:title\" content=\"\u00dcber uns - Design Duval\" \/>\n<meta property=\"og:description\" content=\"\u00dcber uns - Design Duval\" \/>\n<meta property=\"og:url\" content=\"https:\/\/www.design-duval.com\/de\/ueber-uns\/\" \/>\n<meta property=\"og:site_name\" content=\"Design Duval\" \/>\n<meta property=\"article:modified_time\" content=\"2021-02-10T15:52:19+00:00\" \/>\n<meta property=\"og:image\" content=\"https:\/\/www.design-duval.com\/wp-content\/uploads\/2020\/01\/36-3.jpg\" \/>\n\t<meta property=\"og:image:width\" content=\"1900\" \/>\n\t<meta property=\"og:image:height\" content=\"1300\" \/>\n\t<meta property=\"og:image:type\" content=\"image\/jpeg\" \/>\n<meta name=\"twitter:card\" content=\"summary\" \/>\n<meta name=\"twitter:label1\" content=\"Gesch\u00e4tzte Lesezeit\" \/>\n\t<meta name=\"twitter:data1\" content=\"1\u00a0Minute\" \/>\n<script type=\"application\/ld+json\" class=\"yoast-schema-graph\">{\"@context\":\"https:\/\/schema.org\",\"@graph\":[{\"@type\":\"WebPage\",\"@id\":\"https:\/\/www.design-duval.com\/de\/ueber-uns\/\",\"url\":\"https:\/\/www.design-duval.com\/de\/ueber-uns\/\",\"name\":\"\u00dcber uns - Design Duval\",\"isPartOf\":{\"@id\":\"https:\/\/www.design-duval.com\/es\/#website\"},\"datePublished\":\"2016-10-27T14:53:43+00:00\",\"dateModified\":\"2021-02-10T15:52:19+00:00\",\"description\":\"\u00dcber uns - Design Duval\",\"breadcrumb\":{\"@id\":\"https:\/\/www.design-duval.com\/de\/ueber-uns\/#breadcrumb\"},\"inLanguage\":\"de\",\"potentialAction\":[{\"@type\":\"ReadAction\",\"target\":[\"https:\/\/www.design-duval.com\/de\/ueber-uns\/\"]}]},{\"@type\":\"BreadcrumbList\",\"@id\":\"https:\/\/www.design-duval.com\/de\/ueber-uns\/#breadcrumb\",\"itemListElement\":[{\"@type\":\"ListItem\",\"position\":1,\"name\":\"Home\",\"item\":\"https:\/\/www.design-duval.com\/de\/\"},{\"@type\":\"ListItem\",\"position\":2,\"name\":\"\u00dcber uns\"}]},{\"@type\":\"WebSite\",\"@id\":\"https:\/\/www.design-duval.com\/es\/#website\",\"url\":\"https:\/\/www.design-duval.com\/es\/\",\"name\":\"Design Duval\",\"description\":\"\",\"publisher\":{\"@id\":\"https:\/\/www.design-duval.com\/es\/#organization\"},\"potentialAction\":[{\"@type\":\"SearchAction\",\"target\":{\"@type\":\"EntryPoint\",\"urlTemplate\":\"https:\/\/www.design-duval.com\/es\/?s={search_term_string}\"},\"query-input\":\"required name=search_term_string\"}],\"inLanguage\":\"de\"},{\"@type\":\"Organization\",\"@id\":\"https:\/\/www.design-duval.com\/es\/#organization\",\"name\":\"Design duval\",\"url\":\"https:\/\/www.design-duval.com\/es\/\",\"sameAs\":[],\"logo\":{\"@type\":\"ImageObject\",\"inLanguage\":\"de\",\"@id\":\"https:\/\/www.design-duval.com\/es\/#\/schema\/logo\/image\/\",\"url\":\"https:\/\/www.design-duval.com\/wp-content\/uploads\/2020\/09\/LOGO-DD-DN-web.jpg\",\"contentUrl\":\"https:\/\/www.design-duval.com\/wp-content\/uploads\/2020\/09\/LOGO-DD-DN-web.jpg\",\"width\":614,\"height\":460,\"caption\":\"Design duval\"},\"image\":{\"@id\":\"https:\/\/www.design-duval.com\/es\/#\/schema\/logo\/image\/\"}}]}<\/script>\n<!-- \/ Yoast SEO plugin. -->","yoast_head_json":{"title":"\u00dcber uns - Design Duval","description":"\u00dcber uns - Design Duval","robots":{"index":"index","follow":"follow","max-snippet":"max-snippet:-1","max-image-preview":"max-image-preview:large","max-video-preview":"max-video-preview:-1"},"canonical":"https:\/\/www.design-duval.com\/de\/ueber-uns\/","og_locale":"de_DE","og_type":"article","og_title":"\u00dcber uns - Design Duval","og_description":"\u00dcber uns - Design Duval","og_url":"https:\/\/www.design-duval.com\/de\/ueber-uns\/","og_site_name":"Design Duval","article_modified_time":"2021-02-10T15:52:19+00:00","og_image":[{"width":1900,"height":1300,"url":"https:\/\/www.design-duval.com\/wp-content\/uploads\/2020\/01\/36-3.jpg","type":"image\/jpeg"}],"twitter_card":"summary","twitter_misc":{"Gesch\u00e4tzte Lesezeit":"1\u00a0Minute"},"schema":{"@context":"https:\/\/schema.org","@graph":[{"@type":"WebPage","@id":"https:\/\/www.design-duval.com\/de\/ueber-uns\/","url":"https:\/\/www.design-duval.com\/de\/ueber-uns\/","name":"\u00dcber uns - Design Duval","isPartOf":{"@id":"https:\/\/www.design-duval.com\/es\/#website"},"datePublished":"2016-10-27T14:53:43+00:00","dateModified":"2021-02-10T15:52:19+00:00","description":"\u00dcber uns - Design Duval","breadcrumb":{"@id":"https:\/\/www.design-duval.com\/de\/ueber-uns\/#breadcrumb"},"inLanguage":"de","potentialAction":[{"@type":"ReadAction","target":["https:\/\/www.design-duval.com\/de\/ueber-uns\/"]}]},{"@type":"BreadcrumbList","@id":"https:\/\/www.design-duval.com\/de\/ueber-uns\/#breadcrumb","itemListElement":[{"@type":"ListItem","position":1,"name":"Home","item":"https:\/\/www.design-duval.com\/de\/"},{"@type":"ListItem","position":2,"name":"\u00dcber uns"}]},{"@type":"WebSite","@id":"https:\/\/www.design-duval.com\/es\/#website","url":"https:\/\/www.design-duval.com\/es\/","name":"Design Duval","description":"","publisher":{"@id":"https:\/\/www.design-duval.com\/es\/#organization"},"potentialAction":[{"@type":"SearchAction","target":{"@type":"EntryPoint","urlTemplate":"https:\/\/www.design-duval.com\/es\/?s={search_term_string}"},"query-input":"required name=search_term_string"}],"inLanguage":"de"},{"@type":"Organization","@id":"https:\/\/www.design-duval.com\/es\/#organization","name":"Design duval","url":"https:\/\/www.design-duval.com\/es\/","sameAs":[],"logo":{"@type":"ImageObject","inLanguage":"de","@id":"https:\/\/www.design-duval.com\/es\/#\/schema\/logo\/image\/","url":"https:\/\/www.design-duval.com\/wp-content\/uploads\/2020\/09\/LOGO-DD-DN-web.jpg","contentUrl":"https:\/\/www.design-duval.com\/wp-content\/uploads\/2020\/09\/LOGO-DD-DN-web.jpg","width":614,"height":460,"caption":"Design duval"},"image":{"@id":"https:\/\/www.design-duval.com\/es\/#\/schema\/logo\/image\/"}}]}},"_links":{"self":[{"href":"https:\/\/www.design-duval.com\/de\/wp-json\/wp\/v2\/pages\/13967"}],"collection":[{"href":"https:\/\/www.design-duval.com\/de\/wp-json\/wp\/v2\/pages"}],"about":[{"href":"https:\/\/www.design-duval.com\/de\/wp-json\/wp\/v2\/types\/page"}],"author":[{"embeddable":true,"href":"https:\/\/www.design-duval.com\/de\/wp-json\/wp\/v2\/users\/9"}],"replies":[{"embeddable":true,"href":"https:\/\/www.design-duval.com\/de\/wp-json\/wp\/v2\/comments?post=13967"}],"version-history":[{"count":2,"href":"https:\/\/www.design-duval.com\/de\/wp-json\/wp\/v2\/pages\/13967\/revisions"}],"predecessor-version":[{"id":17807,"href":"https:\/\/www.design-duval.com\/de\/wp-json\/wp\/v2\/pages\/13967\/revisions\/17807"}],"wp:featuredmedia":[{"embeddable":true,"href":"https:\/\/www.design-duval.com\/de\/wp-json\/wp\/v2\/media\/12615"}],"wp:attachment":[{"href":"https:\/\/www.design-duval.com\/de\/wp-json\/wp\/v2\/media?parent=13967"}],"curies":[{"name":"wp","href":"https:\/\/api.w.org\/{rel}","templated":true}]}}