{"id":13976,"date":"2019-09-24T16:43:25","date_gmt":"2019-09-24T14:43:25","guid":{"rendered":"https:\/\/www.design-duval.com\/qui-sommes-nous\/matieres-transformees\/"},"modified":"2021-02-10T17:27:53","modified_gmt":"2021-02-10T16:27:53","slug":"materialien-die-wir-verarbeiten","status":"publish","type":"page","link":"https:\/\/www.design-duval.com\/de\/ueber-uns\/materialien-die-wir-verarbeiten\/","title":{"rendered":"Materialien, die wir verarbeiten"},"content":{"rendered":"<div id=\"attachment_5115\" style=\"width: 810px\" class=\"wp-caption aligncenter\"><img aria-describedby=\"caption-attachment-5115\" loading=\"lazy\" class=\"wp-image-5115\" src=\"https:\/\/www.design-duval.com\/wp-content\/uploads\/2020\/01\/36-3-455x265.jpg\" alt=\"Design Duval - Materialien, die wir verarbeiten\" width=\"800\" height=\"547\" srcset=\"https:\/\/www.design-duval.com\/wp-content\/uploads\/2020\/01\/36-3-768x525.jpg 768w, https:\/\/www.design-duval.com\/wp-content\/uploads\/2020\/01\/36-3-1500x1026.jpg 1500w, https:\/\/www.design-duval.com\/wp-content\/uploads\/2020\/01\/36-3-620x424.jpg 620w, https:\/\/www.design-duval.com\/wp-content\/uploads\/2020\/01\/36-3.jpg 1900w\" sizes=\"(max-width: 800px) 100vw, 800px\" \/><p id=\"caption-attachment-5115\" class=\"wp-caption-text\">S\u00e9b, V\u00e9ro, St\u00e9phane, Christiane, Ang\u00e9lique, Dorian<\/p><\/div>\n<p>&nbsp;<\/p>\n<p><a id=\"Materialien\"><\/a>Bei <strong>Design Duval<\/strong> verarbeiten und verformen wir verschiedene Materialien (PVC, Polypropylen, PU, Pappe, Schaumstoff). Welches Material wir f\u00fcr Ihr Projekt empfehlen, h\u00e4ngt davon ab, wie Sie Ihr Endprodukt einsetzen, welche pers\u00f6nlichen W\u00fcnsche Sie haben (Haptik, Farbe, individuelle Gestaltung&#8230;), welche Menge Sie ben\u00f6tigen und in welcher Gr\u00f6\u03b2enordnung sich Ihr Budget bewegt. Unsere Designer und Techniker stehen Ihnen beratend zur Seite und schlagen Ihnen die Materialkombination vor, die Ihr <strong>ma\u00dfgeschneidertes<\/strong> <strong>und personalisiertes<\/strong> <strong>Produkt<\/strong> <strong>einzigartig <\/strong>werden lassen.<\/p>\n<h2><a id=\"PVC\"><\/a>Weich-PVC<\/h2>\n<p>Das Material, das keine Geheimnisse mehr f\u00fcr uns hat! Wir verarbeiten Weich-PVC seit den 60er Jahren mit der Technik des Hochfrequenz-Schwei\u03b2ens und seit den 80er Jahren auch durch Tiefziehtechnik \u2013 alles an unserem Standort in Frankreich. Daher verf\u00fcgen wir heute \u00fcber zahlreiche existierende Werkzeuge, die teilweise auch angepasst werden k\u00f6nnen \u2013 ein klarer Preisvorteil. Wir setzen selbstverst\u00e4ndlich nur qualitativ hochwertiges PVC ein, das der REACH-Verordnung entspricht und frei von Phtalaten ist.<\/p>\n<p>Mit PVC kann man einzigartige Produkte fast ohne Grenzen entwickeln, denn dieses Material ist in einer Vielzahl von Farbt\u00f6nen, Strukturen, Haptiken und Dicken erh\u00e4ltlich. Und PVC kann zudem auch noch durch verschiedene\u00a0<strong><u><a href=\"https:\/\/www.design-duval.com\/de\/ueber-uns\/herstellungsverfahren\/#Drucktechniken\">Drucktechniken<\/a><\/u><\/strong> personalisiert werden.<\/p>\n<p>Flexibel, resistent und abwaschbar \u2013 PVC ist vielseitig einsetzbar. PVC, das durch <strong><u><a href=\"https:\/\/www.design-duval.com\/de\/ueber-uns\/herstellungsverfahren\/#HF-Schweissen\">HF-Schwei\u00dfen<\/a><\/u><\/strong> verarbeitet wird, eignet sich insbesondere f\u00fcr<\/p>\n<ul>\n<li>Produkte, die starker Handhabung ausgesetzt sind (Einb\u00e4nde f\u00fcr juristische Nachschlagewerke oder f\u00fcr Terminkalender, Kartenh\u00fcllen, Register\u2026)<\/li>\n<li>Ordner, Pr\u00e4sentationsmappen, Koffer, Boxen, die h\u00e4ufig benutzt werden und das auch im Au\u03b2enbereich (Baustellen, Werkst\u00e4tten\u2026)<\/li>\n<li>Durchsichtige Schutzh\u00fcllen (H\u00fcllen f\u00fcr Mutterschutzpass, Kinderuntersuchungsheft, Impfpass, Stammbuch, Reisepass\u2026)<\/li>\n<li>Durchsichtige oder undurchsichtige H\u00fcllen, Taschen oder Etuis mit originellen Formen und mehreren Lagen und F\u00e4chern<\/li>\n<li>Aufblasbare und wasserdichte Produkte<\/li>\n<\/ul>\n<p>Durch die <strong><u><a href=\"https:\/\/www.design-duval.com\/de\/ueber-uns\/herstellungsverfahren\/#Tiefziehtechnik\">Tiefziehtechnik<\/a><\/u><\/strong> er\u00f6ffnen sich weitere Einsatzgebiete f\u00fcr PVC.<\/p>\n<ul>\n<li>Eins\u00e4tze\/Inletts f\u00fcr Musterkollektionen, die Ihre Produkte oder Muster herausnehmbar machen lassen<\/li>\n<li>Tiefgezogene Tablette f\u00fcr den internen Transport von Halbfertigteilen in Ihrer Fabrik<\/li>\n<li>Blisterverpackungen, um Ihre Produkte zu sch\u00fctzen<\/li>\n<\/ul>\n<p>Als Pionier in Frankreich in der Verarbeitung von Weich-PVC, tragen wir auch dazu bei, nachhaltige L\u00f6sungen zu entwickeln. PVC hat in der Tat eine gute \u00d6kobilanz vorzuweisen: Im Vergleich zu anderen Materialien (Kunststoffe oder andere) werden bei der Verarbeitung von PVC wenig Energie und auch nur wenige nat\u00fcrliche Rohstoffe verbraucht. Und PVC ist am Lebensende nach Aufbereitung 100% wiederverwertbar.<\/p>\n<h2>Hartes Schaum-PVC<\/h2>\n<p><strong>Hartes Schaum-PVC <\/strong>(Typ Forex<strong>\u00ae<\/strong>) ist ein\u00a0hartes und dennoch leichtes <strong>PVC<\/strong>. Es ist leicht zu bearbeiten, zu schneiden, zu bohren&#8230; und kann bedruckt werden! Es ist daher ein ideales Material f\u00fcr die Herstellung Ihrer <strong>Ausstellungstafeln<\/strong> in jedem Format.<\/p>\n<p>Und da wir immer bem\u00fcht sind, Sie so weit wie m\u00f6glich zu entlasten und Ihnen eine Komplettl\u00f6sung vorzuschlagen, bieten wir ihnen auch die\u00a0<a href=\"https:\/\/www.design-duval.com\/de\/produkt\/mustertafel-wanddisplay\/\"><strong><u>Erstellung und\/oder Anbringung Ihrer Muster\/Produkte auf dem Exponat oder POS-Display<\/u><\/strong><\/a> an.<\/p>\n<h2><a id=\"Polypropylen\"><\/a>Polypropylen<\/h2>\n<p><strong>Polypropylen<\/strong> ist ein thermoplastisches Polymer mit hervorragenden Eigenschaften. Es ist widerstandsf\u00e4hig, wasserdicht, kann durch Drucken oder Hinzuf\u00fcgen von Zubeh\u00f6r individuell gestaltet werden und ist in opaker, transparenter oder transluzenter Ausf\u00fchrung erh\u00e4ltlich Weil es hart ist, ben\u00f6tigt es keine Kartonverst\u00e4rkung.<\/p>\n<p>Bei\u00a0<strong>Design Duval<\/strong> verarbeiten wir <strong>Polypropylen<\/strong>\u00a0durch Schneiden, Rillen und Falzen zu <strong>Ordnern, Registern, Boxen, Schachteln, Koffern und Displays.\u00a0Polypropylen<\/strong> kann auch durch Ultraschallschwei\u00dfen bearbeitet werden, um<strong> Einb\u00e4nde f\u00fcr B\u00fccher, Terminkalender, Notizb\u00fccher oder Schutzh\u00fcllen <\/strong>herzustellen.<strong> Polypropylen<\/strong> ist vor allem aufgrund seiner niedrigen Werkzeugkosten beliebt.\u00a0 Es ist zwar kosteng\u00fcnstiger als <strong>PVC<\/strong> jedoch nicht so flexibel und widerstandsf\u00e4hig.<\/p>\n<h2><a id=\"EVA\"><\/a>EVA<\/h2>\n<p><strong>EVA<\/strong> ist ein Co-Polymer, das besonders flexibel ist. Es zeichnet sich durch seine Weichheit und Biegsamkeit aus &#8211; \u00e4hnlich wie Gummi, aber mit einer sehr angenehmen Haptik. Wasserdicht, UV-best\u00e4ndig und geruchlos wird <strong>EVA<\/strong> in vielen Bereichen wie Verpackung, Medizin und Lebensmittel eingesetzt. <strong>EVA<\/strong> ist in verschiedenen Farben erh\u00e4ltlich und kann opak, durchsichtig oder lichtdurchl\u00e4ssig sein. Es kann geschwei\u03b2t oder auch gen\u00e4ht werden.<\/p>\n<p>Bei\u00a0<strong>Design Duval<\/strong> verwenden wir EVA gerne f\u00fcr die <strong>Herstellung von flexiblen Werbeverpackungen <\/strong>f\u00fcr Dessous (insbesondere f\u00fcr <strong><u><a href=\"https:\/\/www.design-duval.com\/de\/produkt\/transparente-bikini-tasche-eva\/\">Bademoden<\/a><\/u><\/strong>\u00a0aufgrund seiner wasserdichten Textur) sowie in der Kosmetik und sogar in der Automobilbranche.<\/p>\n<p>Als innovatives Material kann es in jede erdenkliche Form geschnitten und mit zahlreichen Zubeh\u00f6rteilen, wie z.B. einem Rei\u00df- oder Gleitverschluss (Typ Flexico), kombiniert werden! Ideal, um Ihren Wunsch nach Originalit\u00e4t zu befriedigen und unsere Kreativit\u00e4t zu n\u00e4hren. <strong>EVA<\/strong>\u00a0ist selbstverst\u00e4ndlich auch bedruckbar (<strong><u><a href=\"https:\/\/www.design-duval.com\/de\/ueber-uns\/herstellungsverfahren\/#Drucktechniken\">Siebdruck oder Offset-Druck<\/a><\/u><\/strong>). Und f\u00fcr eine hochwertige Wirkung sollten Sie einen Pr\u00e4gedruck w\u00e4hlen!<\/p>\n<h2><a id=\"Karton\"><\/a>Karton<\/h2>\n<p>Wir bieten auch <strong>L\u00f6sungen aus Karton <\/strong>an. Wir verwenden sowohl kaschierte Pappe als auch Wellpappe, beides in verschiedenen Dicken, f\u00fcr die Herstellung Ihrer <strong>Werbe- und Pr\u00e4sentationsartikel:<\/strong><\/p>\n<ul>\n<li>Ordner, Pr\u00e4sentationsmappen, Schuber,<\/li>\n<li>Musterkollektionen, Pr\u00e4sentationsboxen, Geschenkesets, Pr\u00e4sentationskoffer,<\/li>\n<li>Thekenaufsteller<\/li>\n<\/ul>\n<p>Das Kaschieren von Karton bietet grenzenlose M\u00f6glichkeiten: Auswahl des Papiers, individuelle Gestaltung durch Druck und \/ oder Pr\u00e4gung, Veredelung durch Folie oder Lack, Selektivlack etc.<\/p>\n<p><strong>Karton<\/strong> gilt als umweltfreundlicher und wird daher gern f\u00fcr die <strong>Pr\u00e4sentation von Naturprodukten<\/strong> eingesetzt. Er eignet sich auch f\u00fcr die Herstellung von Kleinserien, denn im Vergleich mit PVC sind die Werkzeugkosten geringer und die Anlaufzeiten k\u00fcrzer. Karton bleibt jedoch weniger robust als PVC oder Polypropylen.<\/p>\n<h2>Schaumstoff<\/h2>\n<p>Zur Befestigung, Anordnung und Aufbewahrung Ihrer Muster oder Produkte in den von uns entwickelten Pr\u00e4sentationen bieten wir Ihnen individuell ausgeschnittene Schaumstoffeinlagen an. Da bei Schaumstoff relativ geringe Werkzeugkosten anfallen, ist er eine interessante Alternative zur <strong>Tiefziehtechnik <\/strong>f\u00fcr kleinere Auflagen. Er verleiht Ihren Pr\u00e4sentationen zudem ein hochwertiges Erscheinungsbild.<\/p>\n<p>Bei\u00a0<strong>Design Duval<\/strong> verarbeiten wir in Auftragsfertigung verschiedene <strong>Schaumstoffqualit\u00e4ten,<\/strong> um Ihre Produkte in Ihren <strong>Kollektionsmappen, Musterboxen, Pr\u00e4sentationskoffern<\/strong> usw. perfekt in Szene zu setzen. In Abh\u00e4ngigkeit vom Gewicht, dem Format und der Art Ihrer <strong>Muster<\/strong> beraten wir Sie bei der Auswahl der Qualit\u00e4t des<strong> Schaumstoffs<\/strong> &#8211; \u00a0damit Ihre Muster am Ende optimal gehalten werden und das Design Ihren Vorstellungen entspricht!<\/p>\n<p>Als Spezialist in der <strong>Herstellung von ma\u00dfgeschneiderten Verkaufsf\u00f6rderungsinstrumenten, Pr\u00e4sentationshilfen und Werbeverpackungen<\/strong> kennen und verarbeiten wir unterschiedliche Materialien, um auf Ihre spezifischen Anfragen mit einer vollst\u00e4ndig personalisierten L\u00f6sung antworten zu k\u00f6nnen. Dank dieser Expertise sind wir in der Lage:<\/p>\n<ul>\n<li>Produkte aus einem einzigen Material herzustellen (alles aus Karton, alles aus PVC oder alles aus Polypropylen, usw.);<\/li>\n<li>L\u00f6sungen anzubieten, die mehrere Materialien kombinieren, wie zum Beispiel:\n<ul>\n<li>Ein Ordner aus kaschierter Pappe mit Registern aus Polypropylen und einem Visitenkartenfach aus PVC,<\/li>\n<li>Eine Mustermappe aus kaschierter Pappe mit einem tiefgezogenem Inlett f\u00fcr herausnehmbare Muster,<\/li>\n<li>Eine Pr\u00e4sentationsbox aus kaschierter Pappe mit Feinleinenkaschierung zum Schutz der Ecken, in der innen PP-Schachteln zur Aufhebung Ihrer Kleinteile eingearbeitet sind<\/li>\n<li>Ein Thekendisplay aus kaschierter Pappe mit Aufsteller aus Karton auf der R\u00fcckseite und einer Schaumstoffeinlage zur Pr\u00e4sentation Ihrer Muster auf der Vorderseite,<\/li>\n<\/ul>\n<\/li>\n<\/ul>\n<p>Seit unserer Gr\u00fcndung stehen wir unserer Kunden zur Seite, um auf alle ihre W\u00fcnsche zu antworten und innovativ zu sein. St\u00f6bern Sie gerne in unseren verschiedenen Kompetenzbereichen und entdecken Sie eine Vielzahl von Beispielen:<\/p>\n<ul>\n<li><strong><u><a href=\"https:\/\/www.design-duval.com\/de\/musterkollektionen-im-komplettservice\/\">Echtmusterkollektionen (inklusive Musterarbeiten),<\/a><\/u><\/strong><\/li>\n<li><strong><u><a href=\"https:\/\/www.design-duval.com\/de\/werbe-und-praesentationsmittel\/\">Gen\u00e4hte und geschwei\u00dfte Werbe und Pr\u00e4sentationsmittel,<\/a><\/u><\/strong><\/li>\n<li><strong><u><a href=\"https:\/\/www.design-duval.com\/de\/promotions-und-werbeverpackungen\/\">Promotionsverpackungen<\/a><\/u><\/strong>,<\/li>\n<li><strong><u><a href=\"https:\/\/www.design-duval.com\/de\/digitaldruck\/\">Digitaldruck<\/a><\/u><\/strong>.<\/li>\n<\/ul>\n<p>&nbsp;<\/p>\n","protected":false},"excerpt":{"rendered":"<p>&nbsp; Bei Design Duval verarbeiten und verformen wir verschiedene Materialien (PVC, Polypropylen, PU, Pappe, Schaumstoff). Welches Material wir f\u00fcr Ihr Projekt empfehlen, h\u00e4ngt davon ab, wie Sie Ihr Endprodukt einsetzen, welche pers\u00f6nlichen W\u00fcnsche Sie haben (Haptik, Farbe, individuelle Gestaltung&#8230;), welche Menge Sie ben\u00f6tigen und in welcher Gr\u00f6\u03b2enordnung sich Ihr Budget bewegt. Unsere Designer und Techniker [&hellip;]<\/p>\n","protected":false},"author":16,"featured_media":0,"parent":13967,"menu_order":0,"comment_status":"closed","ping_status":"closed","template":"","meta":[],"yoast_head":"<!-- This site is optimized with the Yoast SEO plugin v19.6.1 - https:\/\/yoast.com\/wordpress\/plugins\/seo\/ -->\n<title>Materialien, die wir verarbeiten - Design Duval<\/title>\n<meta name=\"description\" content=\"Materialien, die wir verarbeiten - Design Duval\" \/>\n<meta name=\"robots\" content=\"index, follow, max-snippet:-1, max-image-preview:large, max-video-preview:-1\" \/>\n<link rel=\"canonical\" href=\"https:\/\/www.design-duval.com\/de\/ueber-uns\/materialien-die-wir-verarbeiten\/\" \/>\n<meta property=\"og:locale\" content=\"de_DE\" \/>\n<meta property=\"og:type\" content=\"article\" \/>\n<meta property=\"og:title\" content=\"Materialien, die wir verarbeiten - Design Duval\" \/>\n<meta property=\"og:description\" content=\"Materialien, die wir verarbeiten - Design Duval\" \/>\n<meta property=\"og:url\" content=\"https:\/\/www.design-duval.com\/de\/ueber-uns\/materialien-die-wir-verarbeiten\/\" \/>\n<meta property=\"og:site_name\" content=\"Design Duval\" \/>\n<meta property=\"article:modified_time\" content=\"2021-02-10T16:27:53+00:00\" \/>\n<meta property=\"og:image\" content=\"https:\/\/www.design-duval.com\/wp-content\/uploads\/2020\/01\/36-3-455x265.jpg\" \/>\n<meta name=\"twitter:card\" content=\"summary\" \/>\n<meta name=\"twitter:label1\" content=\"Gesch\u00e4tzte Lesezeit\" \/>\n\t<meta name=\"twitter:data1\" content=\"6\u00a0Minuten\" \/>\n<script type=\"application\/ld+json\" class=\"yoast-schema-graph\">{\"@context\":\"https:\/\/schema.org\",\"@graph\":[{\"@type\":\"WebPage\",\"@id\":\"https:\/\/www.design-duval.com\/de\/ueber-uns\/materialien-die-wir-verarbeiten\/\",\"url\":\"https:\/\/www.design-duval.com\/de\/ueber-uns\/materialien-die-wir-verarbeiten\/\",\"name\":\"Materialien, die wir verarbeiten - Design Duval\",\"isPartOf\":{\"@id\":\"https:\/\/www.design-duval.com\/es\/#website\"},\"datePublished\":\"2019-09-24T14:43:25+00:00\",\"dateModified\":\"2021-02-10T16:27:53+00:00\",\"description\":\"Materialien, die wir verarbeiten - Design Duval\",\"breadcrumb\":{\"@id\":\"https:\/\/www.design-duval.com\/de\/ueber-uns\/materialien-die-wir-verarbeiten\/#breadcrumb\"},\"inLanguage\":\"de\",\"potentialAction\":[{\"@type\":\"ReadAction\",\"target\":[\"https:\/\/www.design-duval.com\/de\/ueber-uns\/materialien-die-wir-verarbeiten\/\"]}]},{\"@type\":\"BreadcrumbList\",\"@id\":\"https:\/\/www.design-duval.com\/de\/ueber-uns\/materialien-die-wir-verarbeiten\/#breadcrumb\",\"itemListElement\":[{\"@type\":\"ListItem\",\"position\":1,\"name\":\"Home\",\"item\":\"https:\/\/www.design-duval.com\/de\/\"},{\"@type\":\"ListItem\",\"position\":2,\"name\":\"\u00dcber uns\",\"item\":\"https:\/\/www.design-duval.com\/de\/ueber-uns\/\"},{\"@type\":\"ListItem\",\"position\":3,\"name\":\"Materialien, die wir verarbeiten\"}]},{\"@type\":\"WebSite\",\"@id\":\"https:\/\/www.design-duval.com\/es\/#website\",\"url\":\"https:\/\/www.design-duval.com\/es\/\",\"name\":\"Design Duval\",\"description\":\"\",\"publisher\":{\"@id\":\"https:\/\/www.design-duval.com\/es\/#organization\"},\"potentialAction\":[{\"@type\":\"SearchAction\",\"target\":{\"@type\":\"EntryPoint\",\"urlTemplate\":\"https:\/\/www.design-duval.com\/es\/?s={search_term_string}\"},\"query-input\":\"required name=search_term_string\"}],\"inLanguage\":\"de\"},{\"@type\":\"Organization\",\"@id\":\"https:\/\/www.design-duval.com\/es\/#organization\",\"name\":\"Design duval\",\"url\":\"https:\/\/www.design-duval.com\/es\/\",\"sameAs\":[],\"logo\":{\"@type\":\"ImageObject\",\"inLanguage\":\"de\",\"@id\":\"https:\/\/www.design-duval.com\/es\/#\/schema\/logo\/image\/\",\"url\":\"https:\/\/www.design-duval.com\/wp-content\/uploads\/2020\/09\/LOGO-DD-DN-web.jpg\",\"contentUrl\":\"https:\/\/www.design-duval.com\/wp-content\/uploads\/2020\/09\/LOGO-DD-DN-web.jpg\",\"width\":614,\"height\":460,\"caption\":\"Design duval\"},\"image\":{\"@id\":\"https:\/\/www.design-duval.com\/es\/#\/schema\/logo\/image\/\"}}]}<\/script>\n<!-- \/ Yoast SEO plugin. -->","yoast_head_json":{"title":"Materialien, die wir verarbeiten - Design Duval","description":"Materialien, die wir verarbeiten - Design Duval","robots":{"index":"index","follow":"follow","max-snippet":"max-snippet:-1","max-image-preview":"max-image-preview:large","max-video-preview":"max-video-preview:-1"},"canonical":"https:\/\/www.design-duval.com\/de\/ueber-uns\/materialien-die-wir-verarbeiten\/","og_locale":"de_DE","og_type":"article","og_title":"Materialien, die wir verarbeiten - Design Duval","og_description":"Materialien, die wir verarbeiten - Design Duval","og_url":"https:\/\/www.design-duval.com\/de\/ueber-uns\/materialien-die-wir-verarbeiten\/","og_site_name":"Design Duval","article_modified_time":"2021-02-10T16:27:53+00:00","og_image":[{"url":"https:\/\/www.design-duval.com\/wp-content\/uploads\/2020\/01\/36-3-455x265.jpg"}],"twitter_card":"summary","twitter_misc":{"Gesch\u00e4tzte Lesezeit":"6\u00a0Minuten"},"schema":{"@context":"https:\/\/schema.org","@graph":[{"@type":"WebPage","@id":"https:\/\/www.design-duval.com\/de\/ueber-uns\/materialien-die-wir-verarbeiten\/","url":"https:\/\/www.design-duval.com\/de\/ueber-uns\/materialien-die-wir-verarbeiten\/","name":"Materialien, die wir verarbeiten - Design Duval","isPartOf":{"@id":"https:\/\/www.design-duval.com\/es\/#website"},"datePublished":"2019-09-24T14:43:25+00:00","dateModified":"2021-02-10T16:27:53+00:00","description":"Materialien, die wir verarbeiten - Design Duval","breadcrumb":{"@id":"https:\/\/www.design-duval.com\/de\/ueber-uns\/materialien-die-wir-verarbeiten\/#breadcrumb"},"inLanguage":"de","potentialAction":[{"@type":"ReadAction","target":["https:\/\/www.design-duval.com\/de\/ueber-uns\/materialien-die-wir-verarbeiten\/"]}]},{"@type":"BreadcrumbList","@id":"https:\/\/www.design-duval.com\/de\/ueber-uns\/materialien-die-wir-verarbeiten\/#breadcrumb","itemListElement":[{"@type":"ListItem","position":1,"name":"Home","item":"https:\/\/www.design-duval.com\/de\/"},{"@type":"ListItem","position":2,"name":"\u00dcber uns","item":"https:\/\/www.design-duval.com\/de\/ueber-uns\/"},{"@type":"ListItem","position":3,"name":"Materialien, die wir verarbeiten"}]},{"@type":"WebSite","@id":"https:\/\/www.design-duval.com\/es\/#website","url":"https:\/\/www.design-duval.com\/es\/","name":"Design Duval","description":"","publisher":{"@id":"https:\/\/www.design-duval.com\/es\/#organization"},"potentialAction":[{"@type":"SearchAction","target":{"@type":"EntryPoint","urlTemplate":"https:\/\/www.design-duval.com\/es\/?s={search_term_string}"},"query-input":"required name=search_term_string"}],"inLanguage":"de"},{"@type":"Organization","@id":"https:\/\/www.design-duval.com\/es\/#organization","name":"Design duval","url":"https:\/\/www.design-duval.com\/es\/","sameAs":[],"logo":{"@type":"ImageObject","inLanguage":"de","@id":"https:\/\/www.design-duval.com\/es\/#\/schema\/logo\/image\/","url":"https:\/\/www.design-duval.com\/wp-content\/uploads\/2020\/09\/LOGO-DD-DN-web.jpg","contentUrl":"https:\/\/www.design-duval.com\/wp-content\/uploads\/2020\/09\/LOGO-DD-DN-web.jpg","width":614,"height":460,"caption":"Design duval"},"image":{"@id":"https:\/\/www.design-duval.com\/es\/#\/schema\/logo\/image\/"}}]}},"_links":{"self":[{"href":"https:\/\/www.design-duval.com\/de\/wp-json\/wp\/v2\/pages\/13976"}],"collection":[{"href":"https:\/\/www.design-duval.com\/de\/wp-json\/wp\/v2\/pages"}],"about":[{"href":"https:\/\/www.design-duval.com\/de\/wp-json\/wp\/v2\/types\/page"}],"author":[{"embeddable":true,"href":"https:\/\/www.design-duval.com\/de\/wp-json\/wp\/v2\/users\/16"}],"replies":[{"embeddable":true,"href":"https:\/\/www.design-duval.com\/de\/wp-json\/wp\/v2\/comments?post=13976"}],"version-history":[{"count":2,"href":"https:\/\/www.design-duval.com\/de\/wp-json\/wp\/v2\/pages\/13976\/revisions"}],"predecessor-version":[{"id":17810,"href":"https:\/\/www.design-duval.com\/de\/wp-json\/wp\/v2\/pages\/13976\/revisions\/17810"}],"up":[{"embeddable":true,"href":"https:\/\/www.design-duval.com\/de\/wp-json\/wp\/v2\/pages\/13967"}],"wp:attachment":[{"href":"https:\/\/www.design-duval.com\/de\/wp-json\/wp\/v2\/media?parent=13976"}],"curies":[{"name":"wp","href":"https:\/\/api.w.org\/{rel}","templated":true}]}}