{"id":14000,"date":"2019-10-06T20:58:31","date_gmt":"2019-10-06T18:58:31","guid":{"rendered":"https:\/\/www.design-duval.com\/promotions-und-werbeverpackungen-unser-know-how\/la-maitrise-de-la-creation-et-de-la-fabrication\/"},"modified":"2021-02-02T17:58:37","modified_gmt":"2021-02-02T16:58:37","slug":"design-und-fertigung-aus-einer-hand","status":"publish","type":"page","link":"https:\/\/www.design-duval.com\/de\/werbeverpackungen-know-how\/design-und-fertigung-aus-einer-hand\/","title":{"rendered":"Design und Fertigung aus einer Hand"},"content":{"rendered":"<div id=\"attachment_13563\" style=\"width: 810px\" class=\"wp-caption aligncenter\"><img aria-describedby=\"caption-attachment-13563\" loading=\"lazy\" class=\"wp-image-13563\" src=\"https:\/\/www.design-duval.com\/wp-content\/uploads\/2020\/04\/Packaging-promotionnel-ma\u00eetrise-de-la-cr\u00e9ation-et-de-la-fabrication-455x265.jpg\" alt=\"Promotions- und Werbeverpackungen - Design und Fertigung aus einer Hand\" width=\"800\" height=\"547\" srcset=\"https:\/\/www.design-duval.com\/wp-content\/uploads\/2020\/04\/Packaging-promotionnel-ma\u00eetrise-de-la-cr\u00e9ation-et-de-la-fabrication-768x525.jpg 768w, https:\/\/www.design-duval.com\/wp-content\/uploads\/2020\/04\/Packaging-promotionnel-ma\u00eetrise-de-la-cr\u00e9ation-et-de-la-fabrication-1500x1026.jpg 1500w, https:\/\/www.design-duval.com\/wp-content\/uploads\/2020\/04\/Packaging-promotionnel-ma\u00eetrise-de-la-cr\u00e9ation-et-de-la-fabrication-620x424.jpg 620w, https:\/\/www.design-duval.com\/wp-content\/uploads\/2020\/04\/Packaging-promotionnel-ma\u00eetrise-de-la-cr\u00e9ation-et-de-la-fabrication.jpg 1900w\" sizes=\"(max-width: 800px) 100vw, 800px\" \/><p id=\"caption-attachment-13563\" class=\"wp-caption-text\">Luc, Maschinenf\u00fchrer<\/p><\/div>\n<p>&nbsp;<\/p>\n<p><strong>Design Duval<\/strong> existiert seit \u00fcber 70 Jahren und hat seine Urspr\u00fcnge in der franz\u00f6sischen Bretagne. Von einer <strong>anf\u00e4nglichen Schneiderei und Lederwarenwerkstatt<\/strong> haben wir unser Angebot stetig erweitert und sind so zum Pionier in Frankreich auf dem Gebiet der <strong>Verarbeitung von PVC durch HF-Schwei\u00dfen<\/strong> geworden.<\/p>\n<p>F\u00fcr Kunden aus den Bereichen Kosmetik, Gesundheit, Tourismus, Automobil usw. entwerfen und produzieren wir <strong>Taschen, Beauty-Kits, Etuis<\/strong> und jedes andere gen\u00e4hte oder geschwei\u03b2te <strong>Promotion-Packaging<\/strong>, das aus Ihrer Fantasie und unserer Kreativit\u00e4t entsteht.<\/p>\n<p>Wir verf\u00fcgen \u00fcber unser eigenes integriertes Designerstudio, das sich am selben Standort wie unsere Produktionsst\u00e4tte befindet: eine Garantie f\u00fcr die Entwicklung von originellen L\u00f6sungen f\u00fcr Ihre Projekte, die auch technisch umsetzbar sind.<\/p>\n<p>Alle <strong>geschwei\u00dften Werbeverpackungen<\/strong> <strong>(Beutel, Etuis usw.)<\/strong> werden in unserer Produktionsst\u00e4tte in der Bretagne entworfen und hergestellt.<\/p>\n<p>Die <strong>gen\u00e4hten Werbeartikel (Kosmetiktaschen, Welcome-Packs, Shopper usw.)<\/strong> werden von unseren Designern in Frankreich entworfen und von unseren Partnern in Asien unter <a href=\"https:\/\/www.design-duval.com\/de\/promotions-und-werbeverpackungen-unser-know-how\/le-controle-qualite\/\">st\u00e4ndiger und \u00e4u\u00dferst strenger Qualit\u00e4tskontrolle<\/a> hergestellt.<\/p>\n","protected":false},"excerpt":{"rendered":"<p>&nbsp; Design Duval existiert seit \u00fcber 70 Jahren und hat seine Urspr\u00fcnge in der franz\u00f6sischen Bretagne. Von einer anf\u00e4nglichen Schneiderei und Lederwarenwerkstatt haben wir unser Angebot stetig erweitert und sind so zum Pionier in Frankreich auf dem Gebiet der Verarbeitung von PVC durch HF-Schwei\u00dfen geworden. F\u00fcr Kunden aus den Bereichen Kosmetik, Gesundheit, Tourismus, Automobil usw. [&hellip;]<\/p>\n","protected":false},"author":16,"featured_media":0,"parent":12863,"menu_order":0,"comment_status":"closed","ping_status":"closed","template":"","meta":[],"yoast_head":"<!-- This site is optimized with the Yoast SEO plugin v19.6.1 - https:\/\/yoast.com\/wordpress\/plugins\/seo\/ -->\n<title>Design und Fertigung aus einer Hand - Design Duval<\/title>\n<meta name=\"description\" content=\"Design und Fertigung aus einer Hand - Design Duval\" \/>\n<meta name=\"robots\" content=\"index, follow, max-snippet:-1, max-image-preview:large, max-video-preview:-1\" \/>\n<link rel=\"canonical\" href=\"https:\/\/www.design-duval.com\/de\/werbeverpackungen-know-how\/design-und-fertigung-aus-einer-hand\/\" \/>\n<meta property=\"og:locale\" content=\"de_DE\" \/>\n<meta property=\"og:type\" content=\"article\" \/>\n<meta property=\"og:title\" content=\"Design und Fertigung aus einer Hand - Design Duval\" \/>\n<meta property=\"og:description\" content=\"Design und Fertigung aus einer Hand - Design Duval\" \/>\n<meta property=\"og:url\" content=\"https:\/\/www.design-duval.com\/de\/werbeverpackungen-know-how\/design-und-fertigung-aus-einer-hand\/\" \/>\n<meta property=\"og:site_name\" content=\"Design Duval\" \/>\n<meta property=\"article:modified_time\" content=\"2021-02-02T16:58:37+00:00\" \/>\n<meta name=\"twitter:card\" content=\"summary\" \/>\n<meta name=\"twitter:label1\" content=\"Gesch\u00e4tzte Lesezeit\" \/>\n\t<meta name=\"twitter:data1\" content=\"1\u00a0Minute\" \/>\n<script type=\"application\/ld+json\" class=\"yoast-schema-graph\">{\"@context\":\"https:\/\/schema.org\",\"@graph\":[{\"@type\":\"WebPage\",\"@id\":\"https:\/\/www.design-duval.com\/de\/werbeverpackungen-know-how\/design-und-fertigung-aus-einer-hand\/\",\"url\":\"https:\/\/www.design-duval.com\/de\/werbeverpackungen-know-how\/design-und-fertigung-aus-einer-hand\/\",\"name\":\"Design und Fertigung aus einer Hand - Design Duval\",\"isPartOf\":{\"@id\":\"https:\/\/www.design-duval.com\/es\/#website\"},\"datePublished\":\"2019-10-06T18:58:31+00:00\",\"dateModified\":\"2021-02-02T16:58:37+00:00\",\"description\":\"Design und Fertigung aus einer Hand - Design Duval\",\"breadcrumb\":{\"@id\":\"https:\/\/www.design-duval.com\/de\/werbeverpackungen-know-how\/design-und-fertigung-aus-einer-hand\/#breadcrumb\"},\"inLanguage\":\"de\",\"potentialAction\":[{\"@type\":\"ReadAction\",\"target\":[\"https:\/\/www.design-duval.com\/de\/werbeverpackungen-know-how\/design-und-fertigung-aus-einer-hand\/\"]}]},{\"@type\":\"BreadcrumbList\",\"@id\":\"https:\/\/www.design-duval.com\/de\/werbeverpackungen-know-how\/design-und-fertigung-aus-einer-hand\/#breadcrumb\",\"itemListElement\":[{\"@type\":\"ListItem\",\"position\":1,\"name\":\"Home\",\"item\":\"https:\/\/www.design-duval.com\/de\/\"},{\"@type\":\"ListItem\",\"position\":2,\"name\":\"Promotions- und Werbeverpackungen: unser know-how\",\"item\":\"https:\/\/www.design-duval.com\/de\/werbeverpackungen-know-how\/\"},{\"@type\":\"ListItem\",\"position\":3,\"name\":\"Design und Fertigung aus einer Hand\"}]},{\"@type\":\"WebSite\",\"@id\":\"https:\/\/www.design-duval.com\/es\/#website\",\"url\":\"https:\/\/www.design-duval.com\/es\/\",\"name\":\"Design Duval\",\"description\":\"\",\"publisher\":{\"@id\":\"https:\/\/www.design-duval.com\/es\/#organization\"},\"potentialAction\":[{\"@type\":\"SearchAction\",\"target\":{\"@type\":\"EntryPoint\",\"urlTemplate\":\"https:\/\/www.design-duval.com\/es\/?s={search_term_string}\"},\"query-input\":\"required name=search_term_string\"}],\"inLanguage\":\"de\"},{\"@type\":\"Organization\",\"@id\":\"https:\/\/www.design-duval.com\/es\/#organization\",\"name\":\"Design duval\",\"url\":\"https:\/\/www.design-duval.com\/es\/\",\"sameAs\":[],\"logo\":{\"@type\":\"ImageObject\",\"inLanguage\":\"de\",\"@id\":\"https:\/\/www.design-duval.com\/es\/#\/schema\/logo\/image\/\",\"url\":\"https:\/\/www.design-duval.com\/wp-content\/uploads\/2020\/09\/LOGO-DD-DN-web.jpg\",\"contentUrl\":\"https:\/\/www.design-duval.com\/wp-content\/uploads\/2020\/09\/LOGO-DD-DN-web.jpg\",\"width\":614,\"height\":460,\"caption\":\"Design duval\"},\"image\":{\"@id\":\"https:\/\/www.design-duval.com\/es\/#\/schema\/logo\/image\/\"}}]}<\/script>\n<!-- \/ Yoast SEO plugin. -->","yoast_head_json":{"title":"Design und Fertigung aus einer Hand - Design Duval","description":"Design und Fertigung aus einer Hand - Design Duval","robots":{"index":"index","follow":"follow","max-snippet":"max-snippet:-1","max-image-preview":"max-image-preview:large","max-video-preview":"max-video-preview:-1"},"canonical":"https:\/\/www.design-duval.com\/de\/werbeverpackungen-know-how\/design-und-fertigung-aus-einer-hand\/","og_locale":"de_DE","og_type":"article","og_title":"Design und Fertigung aus einer Hand - Design Duval","og_description":"Design und Fertigung aus einer Hand - Design Duval","og_url":"https:\/\/www.design-duval.com\/de\/werbeverpackungen-know-how\/design-und-fertigung-aus-einer-hand\/","og_site_name":"Design Duval","article_modified_time":"2021-02-02T16:58:37+00:00","twitter_card":"summary","twitter_misc":{"Gesch\u00e4tzte Lesezeit":"1\u00a0Minute"},"schema":{"@context":"https:\/\/schema.org","@graph":[{"@type":"WebPage","@id":"https:\/\/www.design-duval.com\/de\/werbeverpackungen-know-how\/design-und-fertigung-aus-einer-hand\/","url":"https:\/\/www.design-duval.com\/de\/werbeverpackungen-know-how\/design-und-fertigung-aus-einer-hand\/","name":"Design und Fertigung aus einer Hand - Design Duval","isPartOf":{"@id":"https:\/\/www.design-duval.com\/es\/#website"},"datePublished":"2019-10-06T18:58:31+00:00","dateModified":"2021-02-02T16:58:37+00:00","description":"Design und Fertigung aus einer Hand - Design Duval","breadcrumb":{"@id":"https:\/\/www.design-duval.com\/de\/werbeverpackungen-know-how\/design-und-fertigung-aus-einer-hand\/#breadcrumb"},"inLanguage":"de","potentialAction":[{"@type":"ReadAction","target":["https:\/\/www.design-duval.com\/de\/werbeverpackungen-know-how\/design-und-fertigung-aus-einer-hand\/"]}]},{"@type":"BreadcrumbList","@id":"https:\/\/www.design-duval.com\/de\/werbeverpackungen-know-how\/design-und-fertigung-aus-einer-hand\/#breadcrumb","itemListElement":[{"@type":"ListItem","position":1,"name":"Home","item":"https:\/\/www.design-duval.com\/de\/"},{"@type":"ListItem","position":2,"name":"Promotions- und Werbeverpackungen: unser know-how","item":"https:\/\/www.design-duval.com\/de\/werbeverpackungen-know-how\/"},{"@type":"ListItem","position":3,"name":"Design und Fertigung aus einer Hand"}]},{"@type":"WebSite","@id":"https:\/\/www.design-duval.com\/es\/#website","url":"https:\/\/www.design-duval.com\/es\/","name":"Design Duval","description":"","publisher":{"@id":"https:\/\/www.design-duval.com\/es\/#organization"},"potentialAction":[{"@type":"SearchAction","target":{"@type":"EntryPoint","urlTemplate":"https:\/\/www.design-duval.com\/es\/?s={search_term_string}"},"query-input":"required name=search_term_string"}],"inLanguage":"de"},{"@type":"Organization","@id":"https:\/\/www.design-duval.com\/es\/#organization","name":"Design duval","url":"https:\/\/www.design-duval.com\/es\/","sameAs":[],"logo":{"@type":"ImageObject","inLanguage":"de","@id":"https:\/\/www.design-duval.com\/es\/#\/schema\/logo\/image\/","url":"https:\/\/www.design-duval.com\/wp-content\/uploads\/2020\/09\/LOGO-DD-DN-web.jpg","contentUrl":"https:\/\/www.design-duval.com\/wp-content\/uploads\/2020\/09\/LOGO-DD-DN-web.jpg","width":614,"height":460,"caption":"Design duval"},"image":{"@id":"https:\/\/www.design-duval.com\/es\/#\/schema\/logo\/image\/"}}]}},"_links":{"self":[{"href":"https:\/\/www.design-duval.com\/de\/wp-json\/wp\/v2\/pages\/14000"}],"collection":[{"href":"https:\/\/www.design-duval.com\/de\/wp-json\/wp\/v2\/pages"}],"about":[{"href":"https:\/\/www.design-duval.com\/de\/wp-json\/wp\/v2\/types\/page"}],"author":[{"embeddable":true,"href":"https:\/\/www.design-duval.com\/de\/wp-json\/wp\/v2\/users\/16"}],"replies":[{"embeddable":true,"href":"https:\/\/www.design-duval.com\/de\/wp-json\/wp\/v2\/comments?post=14000"}],"version-history":[{"count":3,"href":"https:\/\/www.design-duval.com\/de\/wp-json\/wp\/v2\/pages\/14000\/revisions"}],"predecessor-version":[{"id":17619,"href":"https:\/\/www.design-duval.com\/de\/wp-json\/wp\/v2\/pages\/14000\/revisions\/17619"}],"up":[{"embeddable":true,"href":"https:\/\/www.design-duval.com\/de\/wp-json\/wp\/v2\/pages\/12863"}],"wp:attachment":[{"href":"https:\/\/www.design-duval.com\/de\/wp-json\/wp\/v2\/media?parent=14000"}],"curies":[{"name":"wp","href":"https:\/\/api.w.org\/{rel}","templated":true}]}}