{"id":14003,"date":"2019-10-06T21:01:52","date_gmt":"2019-10-06T19:01:52","guid":{"rendered":"https:\/\/www.design-duval.com\/promotions-und-werbeverpackungen-unser-know-how\/le-controle-qualite\/"},"modified":"2021-02-11T15:33:00","modified_gmt":"2021-02-11T14:33:00","slug":"qualitaetskontrolle","status":"publish","type":"page","link":"https:\/\/www.design-duval.com\/de\/werbeverpackungen-know-how\/qualitaetskontrolle\/","title":{"rendered":"Qualit\u00e4tskontrolle"},"content":{"rendered":"<div id=\"attachment_13569\" style=\"width: 810px\" class=\"wp-caption aligncenter\"><img aria-describedby=\"caption-attachment-13569\" loading=\"lazy\" class=\"wp-image-13569\" src=\"https:\/\/www.design-duval.com\/wp-content\/uploads\/2020\/04\/Packaging-promotionnel-contr\u00f4le-qualit\u00e9-455x265.jpg\" alt=\"Promotions- und Werbeverpackungen - Qualit\u00e4tskontrolle\" width=\"800\" height=\"547\" srcset=\"https:\/\/www.design-duval.com\/wp-content\/uploads\/2020\/04\/Packaging-promotionnel-contr\u00f4le-qualit\u00e9-768x525.jpg 768w, https:\/\/www.design-duval.com\/wp-content\/uploads\/2020\/04\/Packaging-promotionnel-contr\u00f4le-qualit\u00e9-1500x1026.jpg 1500w, https:\/\/www.design-duval.com\/wp-content\/uploads\/2020\/04\/Packaging-promotionnel-contr\u00f4le-qualit\u00e9-620x424.jpg 620w, https:\/\/www.design-duval.com\/wp-content\/uploads\/2020\/04\/Packaging-promotionnel-contr\u00f4le-qualit\u00e9.jpg 1900w\" sizes=\"(max-width: 800px) 100vw, 800px\" \/><p id=\"caption-attachment-13569\" class=\"wp-caption-text\">Jacques &#8211; Produktionsleiter Duval Nuanciers<\/p><\/div>\n<p>&nbsp;<\/p>\n<p>F\u00fcr die ausgelagerte Produktion unserer <strong>gen\u00e4hten Werbe- und Pr\u00e4sentationsprodukte<\/strong> haben wir unsere Partner nach unseren Vorstellungen und Anspr\u00fcchen an <strong>Ethik und Qualit\u00e4tsniveau<\/strong> ausgew\u00e4hlt und insbesondere aufgrund ihrer Einhaltung der Richtlinien der ILO (International Labour Organization). Einer unserer Mitarbeiter \u00fcberwacht permanent die Produktion vor Ort und stellt sicher, dass sie 100% mit dem von Ihnen freigegebenen Protoypen \u00fcbereinstimmt. Dar\u00fcber hinaus finden <strong><u><a href=\"https:\/\/www.design-duval.com\/de\/der-ablauf-ihres-projekts\/\">regelm\u00e4\u00dfig Besuche und Qualit\u00e4tskontrollen<\/a><\/u><\/strong>\u00a0durch einen Mitarbeiter unserer Einkaufsabteilung und externer Kontrollorganismen (Typ Intertek) statt.<\/p>\n<p>F\u00fcr alle Ihre Werbeartikel bieten wir Materialien an, die mindestens Ihren Vorgaben entsprechen (REACH, EN71, Automobilnormen VDA&#8230;). Und selbstverst\u00e4ndlich k\u00f6nnen wir auf Anfrage f\u00fcr Ihre Kosmetiktaschen, Bordbuchmappen, Werbe-K\u00fchltaschen, Flugbeutel usw. Pr\u00fcfungen von zertifizierten unabh\u00e4ngigen Labors durchf\u00fchren lassen:<\/p>\n<ul>\n<li>vollst\u00e4ndige Palette von Analysen f\u00fcr jede im Produkt vorhandene chemische Substanz,<\/li>\n<li>Toxizit\u00e4tsbewertung,<\/li>\n<li>Zertifizierung und chemische Qualit\u00e4tssicherung<\/li>\n<li>usw.<\/li>\n<\/ul>\n<p>&nbsp;<\/p>\n","protected":false},"excerpt":{"rendered":"<p>&nbsp; F\u00fcr die ausgelagerte Produktion unserer gen\u00e4hten Werbe- und Pr\u00e4sentationsprodukte haben wir unsere Partner nach unseren Vorstellungen und Anspr\u00fcchen an Ethik und Qualit\u00e4tsniveau ausgew\u00e4hlt und insbesondere aufgrund ihrer Einhaltung der Richtlinien der ILO (International Labour Organization). Einer unserer Mitarbeiter \u00fcberwacht permanent die Produktion vor Ort und stellt sicher, dass sie 100% mit dem von Ihnen [&hellip;]<\/p>\n","protected":false},"author":16,"featured_media":0,"parent":12863,"menu_order":0,"comment_status":"closed","ping_status":"closed","template":"","meta":[],"yoast_head":"<!-- This site is optimized with the Yoast SEO plugin v19.6.1 - https:\/\/yoast.com\/wordpress\/plugins\/seo\/ -->\n<title>Qualit\u00e4tskontrolle - Design Duval<\/title>\n<meta name=\"description\" content=\"Qualit\u00e4tskontrolle - Design Duval\" \/>\n<meta name=\"robots\" content=\"index, follow, max-snippet:-1, max-image-preview:large, max-video-preview:-1\" \/>\n<link rel=\"canonical\" href=\"https:\/\/www.design-duval.com\/de\/werbeverpackungen-know-how\/qualitaetskontrolle\/\" \/>\n<meta property=\"og:locale\" content=\"de_DE\" \/>\n<meta property=\"og:type\" content=\"article\" \/>\n<meta property=\"og:title\" content=\"Qualit\u00e4tskontrolle - Design Duval\" \/>\n<meta property=\"og:description\" content=\"Qualit\u00e4tskontrolle - Design Duval\" \/>\n<meta property=\"og:url\" content=\"https:\/\/www.design-duval.com\/de\/werbeverpackungen-know-how\/qualitaetskontrolle\/\" \/>\n<meta property=\"og:site_name\" content=\"Design Duval\" \/>\n<meta property=\"article:modified_time\" content=\"2021-02-11T14:33:00+00:00\" \/>\n<meta name=\"twitter:card\" content=\"summary\" \/>\n<meta name=\"twitter:label1\" content=\"Gesch\u00e4tzte Lesezeit\" \/>\n\t<meta name=\"twitter:data1\" content=\"1\u00a0Minute\" \/>\n<script type=\"application\/ld+json\" class=\"yoast-schema-graph\">{\"@context\":\"https:\/\/schema.org\",\"@graph\":[{\"@type\":\"WebPage\",\"@id\":\"https:\/\/www.design-duval.com\/de\/werbeverpackungen-know-how\/qualitaetskontrolle\/\",\"url\":\"https:\/\/www.design-duval.com\/de\/werbeverpackungen-know-how\/qualitaetskontrolle\/\",\"name\":\"Qualit\u00e4tskontrolle - Design Duval\",\"isPartOf\":{\"@id\":\"https:\/\/www.design-duval.com\/es\/#website\"},\"datePublished\":\"2019-10-06T19:01:52+00:00\",\"dateModified\":\"2021-02-11T14:33:00+00:00\",\"description\":\"Qualit\u00e4tskontrolle - Design Duval\",\"breadcrumb\":{\"@id\":\"https:\/\/www.design-duval.com\/de\/werbeverpackungen-know-how\/qualitaetskontrolle\/#breadcrumb\"},\"inLanguage\":\"de\",\"potentialAction\":[{\"@type\":\"ReadAction\",\"target\":[\"https:\/\/www.design-duval.com\/de\/werbeverpackungen-know-how\/qualitaetskontrolle\/\"]}]},{\"@type\":\"BreadcrumbList\",\"@id\":\"https:\/\/www.design-duval.com\/de\/werbeverpackungen-know-how\/qualitaetskontrolle\/#breadcrumb\",\"itemListElement\":[{\"@type\":\"ListItem\",\"position\":1,\"name\":\"Home\",\"item\":\"https:\/\/www.design-duval.com\/de\/\"},{\"@type\":\"ListItem\",\"position\":2,\"name\":\"Promotions- und Werbeverpackungen: unser know-how\",\"item\":\"https:\/\/www.design-duval.com\/de\/werbeverpackungen-know-how\/\"},{\"@type\":\"ListItem\",\"position\":3,\"name\":\"Qualit\u00e4tskontrolle\"}]},{\"@type\":\"WebSite\",\"@id\":\"https:\/\/www.design-duval.com\/es\/#website\",\"url\":\"https:\/\/www.design-duval.com\/es\/\",\"name\":\"Design Duval\",\"description\":\"\",\"publisher\":{\"@id\":\"https:\/\/www.design-duval.com\/es\/#organization\"},\"potentialAction\":[{\"@type\":\"SearchAction\",\"target\":{\"@type\":\"EntryPoint\",\"urlTemplate\":\"https:\/\/www.design-duval.com\/es\/?s={search_term_string}\"},\"query-input\":\"required name=search_term_string\"}],\"inLanguage\":\"de\"},{\"@type\":\"Organization\",\"@id\":\"https:\/\/www.design-duval.com\/es\/#organization\",\"name\":\"Design duval\",\"url\":\"https:\/\/www.design-duval.com\/es\/\",\"sameAs\":[],\"logo\":{\"@type\":\"ImageObject\",\"inLanguage\":\"de\",\"@id\":\"https:\/\/www.design-duval.com\/es\/#\/schema\/logo\/image\/\",\"url\":\"https:\/\/www.design-duval.com\/wp-content\/uploads\/2020\/09\/LOGO-DD-DN-web.jpg\",\"contentUrl\":\"https:\/\/www.design-duval.com\/wp-content\/uploads\/2020\/09\/LOGO-DD-DN-web.jpg\",\"width\":614,\"height\":460,\"caption\":\"Design duval\"},\"image\":{\"@id\":\"https:\/\/www.design-duval.com\/es\/#\/schema\/logo\/image\/\"}}]}<\/script>\n<!-- \/ Yoast SEO plugin. -->","yoast_head_json":{"title":"Qualit\u00e4tskontrolle - Design Duval","description":"Qualit\u00e4tskontrolle - Design Duval","robots":{"index":"index","follow":"follow","max-snippet":"max-snippet:-1","max-image-preview":"max-image-preview:large","max-video-preview":"max-video-preview:-1"},"canonical":"https:\/\/www.design-duval.com\/de\/werbeverpackungen-know-how\/qualitaetskontrolle\/","og_locale":"de_DE","og_type":"article","og_title":"Qualit\u00e4tskontrolle - Design Duval","og_description":"Qualit\u00e4tskontrolle - Design Duval","og_url":"https:\/\/www.design-duval.com\/de\/werbeverpackungen-know-how\/qualitaetskontrolle\/","og_site_name":"Design Duval","article_modified_time":"2021-02-11T14:33:00+00:00","twitter_card":"summary","twitter_misc":{"Gesch\u00e4tzte Lesezeit":"1\u00a0Minute"},"schema":{"@context":"https:\/\/schema.org","@graph":[{"@type":"WebPage","@id":"https:\/\/www.design-duval.com\/de\/werbeverpackungen-know-how\/qualitaetskontrolle\/","url":"https:\/\/www.design-duval.com\/de\/werbeverpackungen-know-how\/qualitaetskontrolle\/","name":"Qualit\u00e4tskontrolle - Design Duval","isPartOf":{"@id":"https:\/\/www.design-duval.com\/es\/#website"},"datePublished":"2019-10-06T19:01:52+00:00","dateModified":"2021-02-11T14:33:00+00:00","description":"Qualit\u00e4tskontrolle - Design Duval","breadcrumb":{"@id":"https:\/\/www.design-duval.com\/de\/werbeverpackungen-know-how\/qualitaetskontrolle\/#breadcrumb"},"inLanguage":"de","potentialAction":[{"@type":"ReadAction","target":["https:\/\/www.design-duval.com\/de\/werbeverpackungen-know-how\/qualitaetskontrolle\/"]}]},{"@type":"BreadcrumbList","@id":"https:\/\/www.design-duval.com\/de\/werbeverpackungen-know-how\/qualitaetskontrolle\/#breadcrumb","itemListElement":[{"@type":"ListItem","position":1,"name":"Home","item":"https:\/\/www.design-duval.com\/de\/"},{"@type":"ListItem","position":2,"name":"Promotions- und Werbeverpackungen: unser know-how","item":"https:\/\/www.design-duval.com\/de\/werbeverpackungen-know-how\/"},{"@type":"ListItem","position":3,"name":"Qualit\u00e4tskontrolle"}]},{"@type":"WebSite","@id":"https:\/\/www.design-duval.com\/es\/#website","url":"https:\/\/www.design-duval.com\/es\/","name":"Design Duval","description":"","publisher":{"@id":"https:\/\/www.design-duval.com\/es\/#organization"},"potentialAction":[{"@type":"SearchAction","target":{"@type":"EntryPoint","urlTemplate":"https:\/\/www.design-duval.com\/es\/?s={search_term_string}"},"query-input":"required name=search_term_string"}],"inLanguage":"de"},{"@type":"Organization","@id":"https:\/\/www.design-duval.com\/es\/#organization","name":"Design duval","url":"https:\/\/www.design-duval.com\/es\/","sameAs":[],"logo":{"@type":"ImageObject","inLanguage":"de","@id":"https:\/\/www.design-duval.com\/es\/#\/schema\/logo\/image\/","url":"https:\/\/www.design-duval.com\/wp-content\/uploads\/2020\/09\/LOGO-DD-DN-web.jpg","contentUrl":"https:\/\/www.design-duval.com\/wp-content\/uploads\/2020\/09\/LOGO-DD-DN-web.jpg","width":614,"height":460,"caption":"Design duval"},"image":{"@id":"https:\/\/www.design-duval.com\/es\/#\/schema\/logo\/image\/"}}]}},"_links":{"self":[{"href":"https:\/\/www.design-duval.com\/de\/wp-json\/wp\/v2\/pages\/14003"}],"collection":[{"href":"https:\/\/www.design-duval.com\/de\/wp-json\/wp\/v2\/pages"}],"about":[{"href":"https:\/\/www.design-duval.com\/de\/wp-json\/wp\/v2\/types\/page"}],"author":[{"embeddable":true,"href":"https:\/\/www.design-duval.com\/de\/wp-json\/wp\/v2\/users\/16"}],"replies":[{"embeddable":true,"href":"https:\/\/www.design-duval.com\/de\/wp-json\/wp\/v2\/comments?post=14003"}],"version-history":[{"count":3,"href":"https:\/\/www.design-duval.com\/de\/wp-json\/wp\/v2\/pages\/14003\/revisions"}],"predecessor-version":[{"id":17620,"href":"https:\/\/www.design-duval.com\/de\/wp-json\/wp\/v2\/pages\/14003\/revisions\/17620"}],"up":[{"embeddable":true,"href":"https:\/\/www.design-duval.com\/de\/wp-json\/wp\/v2\/pages\/12863"}],"wp:attachment":[{"href":"https:\/\/www.design-duval.com\/de\/wp-json\/wp\/v2\/media?parent=14003"}],"curies":[{"name":"wp","href":"https:\/\/api.w.org\/{rel}","templated":true}]}}