{"id":14989,"date":"2019-10-20T23:44:59","date_gmt":"2019-10-20T21:44:59","guid":{"rendered":"https:\/\/www.design-duval.com\/geschwei%ce%b2te-und-genaehte-werbe-und-praesentationsmittel-unser-know-how\/maroquinerie-soudee\/"},"modified":"2021-02-11T15:36:51","modified_gmt":"2021-02-11T14:36:51","slug":"geschweisste-werbe-und-praesentationsmittel","status":"publish","type":"page","link":"https:\/\/www.design-duval.com\/de\/werbemittel-praesentationsmittel-know-how\/geschweisste-werbe-und-praesentationsmittel\/","title":{"rendered":"Geschwei\u00dfte Werbe- und Pr\u00e4sentationsmittel"},"content":{"rendered":"<div id=\"attachment_13522\" style=\"width: 810px\" class=\"wp-caption aligncenter\"><img aria-describedby=\"caption-attachment-13522\" loading=\"lazy\" class=\"wp-image-13522\" src=\"https:\/\/www.design-duval.com\/wp-content\/uploads\/2020\/04\/Maroquinerie-soud\u00e9e-et-cousue-maroquinerie-soud\u00e9e-455x265.jpg\" alt=\"Geschwei\u03b2te und gen\u00e4hte Werbe- und Pr\u00e4sentationsmittel - unser Know-how\" width=\"800\" height=\"547\" srcset=\"https:\/\/www.design-duval.com\/wp-content\/uploads\/2020\/04\/Maroquinerie-soud\u00e9e-et-cousue-maroquinerie-soud\u00e9e-768x525.jpg 768w, https:\/\/www.design-duval.com\/wp-content\/uploads\/2020\/04\/Maroquinerie-soud\u00e9e-et-cousue-maroquinerie-soud\u00e9e-1500x1026.jpg 1500w, https:\/\/www.design-duval.com\/wp-content\/uploads\/2020\/04\/Maroquinerie-soud\u00e9e-et-cousue-maroquinerie-soud\u00e9e-620x424.jpg 620w, https:\/\/www.design-duval.com\/wp-content\/uploads\/2020\/04\/Maroquinerie-soud\u00e9e-et-cousue-maroquinerie-soud\u00e9e.jpg 1900w\" sizes=\"(max-width: 800px) 100vw, 800px\" \/><p id=\"caption-attachment-13522\" class=\"wp-caption-text\">Aur\u00e9lie (HF-Schwei\u03b2en), Nathalie (HF-Schwei\u03b2en), No\u00e9lie (Vertriebsinnendienst)<\/p><\/div>\n<p>&nbsp;<\/p>\n<p>Urspr\u00fcnglich auf <a href=\"https:\/\/www.design-duval.com\/de\/geschwei%ce%b2te-und-genaehte-werbe-und-praesentationsmittel-unser-know-how\/genaehte-werbe-und-praesentationsmittel\/\">gen\u00e4hte Werbemittel<\/a> spezialisiert, haben wir in den 60-er Jahren unsere ersten <strong>geschwei\u00dften Werbe- und Pr\u00e4sentationsmittel<\/strong> entwickelt und somit die Technik des <a href=\"https:\/\/www.design-duval.com\/de\/ueber-uns\/herstellungsverfahren\/#HF-Schweissen\">Hochfrequenz-Schwei\u00dfens<\/a> in unser Unternehmen eingef\u00fchrt. Seitdem produzieren wir <strong>Einb\u00e4nde, Etuis, Schutzh\u00fcllen, Kofferanh\u00e4nger<\/strong>, usw. bis zu einem maximalen Format von 750 x 1100 mm.<\/p>\n<p>Um Ihren kreativen W\u00fcnschen gerecht zu werden, bieten wir ma\u03b2geschneiderte geschwei\u00dfte Werbe- und Pr\u00e4sentationsmittel an, die bei uns entwickelt und produziert werden und die wir fast grenzenlos personalisieren k\u00f6nnen:<\/p>\n<ul>\n<li>Hinzuf\u00fcgen von Visitenkartenh\u00fcllen oder Taschen,<\/li>\n<li>Schmale oder breite Schwei\u03b2naht,<\/li>\n<li>Erstellung von \u201eSattlern\u00e4hten\u201c<\/li>\n<li>Kartonverst\u00e4rkung f\u00fcr Ordner oder Mappen \u2026<\/li>\n<\/ul>\n<p>Unser umfangreicher Maschinenpark, unsere integrierten Druck- und Pr\u00e4getechniken, unsere Arbeit im 3-Schichtendienst und unsere Erfahrung im HF-Schwei\u00dfen garantieren unseren Kunden Reaktionsf\u00e4higkeit, Qualit\u00e4t und kurze Lieferfristen.<\/p>\n","protected":false},"excerpt":{"rendered":"<p>&nbsp; Urspr\u00fcnglich auf gen\u00e4hte Werbemittel spezialisiert, haben wir in den 60-er Jahren unsere ersten geschwei\u00dften Werbe- und Pr\u00e4sentationsmittel entwickelt und somit die Technik des Hochfrequenz-Schwei\u00dfens in unser Unternehmen eingef\u00fchrt. Seitdem produzieren wir Einb\u00e4nde, Etuis, Schutzh\u00fcllen, Kofferanh\u00e4nger, usw. bis zu einem maximalen Format von 750 x 1100 mm. Um Ihren kreativen W\u00fcnschen gerecht zu werden, bieten [&hellip;]<\/p>\n","protected":false},"author":16,"featured_media":0,"parent":12862,"menu_order":0,"comment_status":"closed","ping_status":"closed","template":"","meta":[],"yoast_head":"<!-- This site is optimized with the Yoast SEO plugin v19.6.1 - https:\/\/yoast.com\/wordpress\/plugins\/seo\/ -->\n<title>Geschwei\u00dfte Werbe- und Pr\u00e4sentationsmittel - Design Duval<\/title>\n<meta name=\"description\" content=\"Geschwei\u00dfte Werbe- und Pr\u00e4sentationsmittel - Design Duval\" \/>\n<meta name=\"robots\" content=\"index, follow, max-snippet:-1, max-image-preview:large, max-video-preview:-1\" \/>\n<link rel=\"canonical\" href=\"https:\/\/www.design-duval.com\/de\/werbemittel-praesentationsmittel-know-how\/geschweisste-werbe-und-praesentationsmittel\/\" \/>\n<meta property=\"og:locale\" content=\"de_DE\" \/>\n<meta property=\"og:type\" content=\"article\" \/>\n<meta property=\"og:title\" content=\"Geschwei\u00dfte Werbe- und Pr\u00e4sentationsmittel - Design Duval\" \/>\n<meta property=\"og:description\" content=\"Geschwei\u00dfte Werbe- und Pr\u00e4sentationsmittel - Design Duval\" \/>\n<meta property=\"og:url\" content=\"https:\/\/www.design-duval.com\/de\/werbemittel-praesentationsmittel-know-how\/geschweisste-werbe-und-praesentationsmittel\/\" \/>\n<meta property=\"og:site_name\" content=\"Design Duval\" \/>\n<meta property=\"article:modified_time\" content=\"2021-02-11T14:36:51+00:00\" \/>\n<meta name=\"twitter:card\" content=\"summary\" \/>\n<meta name=\"twitter:label1\" content=\"Gesch\u00e4tzte Lesezeit\" \/>\n\t<meta name=\"twitter:data1\" content=\"1\u00a0Minute\" \/>\n<script type=\"application\/ld+json\" class=\"yoast-schema-graph\">{\"@context\":\"https:\/\/schema.org\",\"@graph\":[{\"@type\":\"WebPage\",\"@id\":\"https:\/\/www.design-duval.com\/de\/werbemittel-praesentationsmittel-know-how\/geschweisste-werbe-und-praesentationsmittel\/\",\"url\":\"https:\/\/www.design-duval.com\/de\/werbemittel-praesentationsmittel-know-how\/geschweisste-werbe-und-praesentationsmittel\/\",\"name\":\"Geschwei\u00dfte Werbe- und Pr\u00e4sentationsmittel - Design Duval\",\"isPartOf\":{\"@id\":\"https:\/\/www.design-duval.com\/es\/#website\"},\"datePublished\":\"2019-10-20T21:44:59+00:00\",\"dateModified\":\"2021-02-11T14:36:51+00:00\",\"description\":\"Geschwei\u00dfte Werbe- und Pr\u00e4sentationsmittel - Design Duval\",\"breadcrumb\":{\"@id\":\"https:\/\/www.design-duval.com\/de\/werbemittel-praesentationsmittel-know-how\/geschweisste-werbe-und-praesentationsmittel\/#breadcrumb\"},\"inLanguage\":\"de\",\"potentialAction\":[{\"@type\":\"ReadAction\",\"target\":[\"https:\/\/www.design-duval.com\/de\/werbemittel-praesentationsmittel-know-how\/geschweisste-werbe-und-praesentationsmittel\/\"]}]},{\"@type\":\"BreadcrumbList\",\"@id\":\"https:\/\/www.design-duval.com\/de\/werbemittel-praesentationsmittel-know-how\/geschweisste-werbe-und-praesentationsmittel\/#breadcrumb\",\"itemListElement\":[{\"@type\":\"ListItem\",\"position\":1,\"name\":\"Home\",\"item\":\"https:\/\/www.design-duval.com\/de\/\"},{\"@type\":\"ListItem\",\"position\":2,\"name\":\"Werbe- und Pr\u00e4sentationsmittel: unser Know-how\",\"item\":\"https:\/\/www.design-duval.com\/de\/werbemittel-praesentationsmittel-know-how\/\"},{\"@type\":\"ListItem\",\"position\":3,\"name\":\"Geschwei\u00dfte Werbe- und Pr\u00e4sentationsmittel\"}]},{\"@type\":\"WebSite\",\"@id\":\"https:\/\/www.design-duval.com\/es\/#website\",\"url\":\"https:\/\/www.design-duval.com\/es\/\",\"name\":\"Design Duval\",\"description\":\"\",\"publisher\":{\"@id\":\"https:\/\/www.design-duval.com\/es\/#organization\"},\"potentialAction\":[{\"@type\":\"SearchAction\",\"target\":{\"@type\":\"EntryPoint\",\"urlTemplate\":\"https:\/\/www.design-duval.com\/es\/?s={search_term_string}\"},\"query-input\":\"required name=search_term_string\"}],\"inLanguage\":\"de\"},{\"@type\":\"Organization\",\"@id\":\"https:\/\/www.design-duval.com\/es\/#organization\",\"name\":\"Design duval\",\"url\":\"https:\/\/www.design-duval.com\/es\/\",\"sameAs\":[],\"logo\":{\"@type\":\"ImageObject\",\"inLanguage\":\"de\",\"@id\":\"https:\/\/www.design-duval.com\/es\/#\/schema\/logo\/image\/\",\"url\":\"https:\/\/www.design-duval.com\/wp-content\/uploads\/2020\/09\/LOGO-DD-DN-web.jpg\",\"contentUrl\":\"https:\/\/www.design-duval.com\/wp-content\/uploads\/2020\/09\/LOGO-DD-DN-web.jpg\",\"width\":614,\"height\":460,\"caption\":\"Design duval\"},\"image\":{\"@id\":\"https:\/\/www.design-duval.com\/es\/#\/schema\/logo\/image\/\"}}]}<\/script>\n<!-- \/ Yoast SEO plugin. -->","yoast_head_json":{"title":"Geschwei\u00dfte Werbe- und Pr\u00e4sentationsmittel - Design Duval","description":"Geschwei\u00dfte Werbe- und Pr\u00e4sentationsmittel - Design Duval","robots":{"index":"index","follow":"follow","max-snippet":"max-snippet:-1","max-image-preview":"max-image-preview:large","max-video-preview":"max-video-preview:-1"},"canonical":"https:\/\/www.design-duval.com\/de\/werbemittel-praesentationsmittel-know-how\/geschweisste-werbe-und-praesentationsmittel\/","og_locale":"de_DE","og_type":"article","og_title":"Geschwei\u00dfte Werbe- und Pr\u00e4sentationsmittel - Design Duval","og_description":"Geschwei\u00dfte Werbe- und Pr\u00e4sentationsmittel - Design Duval","og_url":"https:\/\/www.design-duval.com\/de\/werbemittel-praesentationsmittel-know-how\/geschweisste-werbe-und-praesentationsmittel\/","og_site_name":"Design Duval","article_modified_time":"2021-02-11T14:36:51+00:00","twitter_card":"summary","twitter_misc":{"Gesch\u00e4tzte Lesezeit":"1\u00a0Minute"},"schema":{"@context":"https:\/\/schema.org","@graph":[{"@type":"WebPage","@id":"https:\/\/www.design-duval.com\/de\/werbemittel-praesentationsmittel-know-how\/geschweisste-werbe-und-praesentationsmittel\/","url":"https:\/\/www.design-duval.com\/de\/werbemittel-praesentationsmittel-know-how\/geschweisste-werbe-und-praesentationsmittel\/","name":"Geschwei\u00dfte Werbe- und Pr\u00e4sentationsmittel - Design Duval","isPartOf":{"@id":"https:\/\/www.design-duval.com\/es\/#website"},"datePublished":"2019-10-20T21:44:59+00:00","dateModified":"2021-02-11T14:36:51+00:00","description":"Geschwei\u00dfte Werbe- und Pr\u00e4sentationsmittel - Design Duval","breadcrumb":{"@id":"https:\/\/www.design-duval.com\/de\/werbemittel-praesentationsmittel-know-how\/geschweisste-werbe-und-praesentationsmittel\/#breadcrumb"},"inLanguage":"de","potentialAction":[{"@type":"ReadAction","target":["https:\/\/www.design-duval.com\/de\/werbemittel-praesentationsmittel-know-how\/geschweisste-werbe-und-praesentationsmittel\/"]}]},{"@type":"BreadcrumbList","@id":"https:\/\/www.design-duval.com\/de\/werbemittel-praesentationsmittel-know-how\/geschweisste-werbe-und-praesentationsmittel\/#breadcrumb","itemListElement":[{"@type":"ListItem","position":1,"name":"Home","item":"https:\/\/www.design-duval.com\/de\/"},{"@type":"ListItem","position":2,"name":"Werbe- und Pr\u00e4sentationsmittel: unser Know-how","item":"https:\/\/www.design-duval.com\/de\/werbemittel-praesentationsmittel-know-how\/"},{"@type":"ListItem","position":3,"name":"Geschwei\u00dfte Werbe- und Pr\u00e4sentationsmittel"}]},{"@type":"WebSite","@id":"https:\/\/www.design-duval.com\/es\/#website","url":"https:\/\/www.design-duval.com\/es\/","name":"Design Duval","description":"","publisher":{"@id":"https:\/\/www.design-duval.com\/es\/#organization"},"potentialAction":[{"@type":"SearchAction","target":{"@type":"EntryPoint","urlTemplate":"https:\/\/www.design-duval.com\/es\/?s={search_term_string}"},"query-input":"required name=search_term_string"}],"inLanguage":"de"},{"@type":"Organization","@id":"https:\/\/www.design-duval.com\/es\/#organization","name":"Design duval","url":"https:\/\/www.design-duval.com\/es\/","sameAs":[],"logo":{"@type":"ImageObject","inLanguage":"de","@id":"https:\/\/www.design-duval.com\/es\/#\/schema\/logo\/image\/","url":"https:\/\/www.design-duval.com\/wp-content\/uploads\/2020\/09\/LOGO-DD-DN-web.jpg","contentUrl":"https:\/\/www.design-duval.com\/wp-content\/uploads\/2020\/09\/LOGO-DD-DN-web.jpg","width":614,"height":460,"caption":"Design duval"},"image":{"@id":"https:\/\/www.design-duval.com\/es\/#\/schema\/logo\/image\/"}}]}},"_links":{"self":[{"href":"https:\/\/www.design-duval.com\/de\/wp-json\/wp\/v2\/pages\/14989"}],"collection":[{"href":"https:\/\/www.design-duval.com\/de\/wp-json\/wp\/v2\/pages"}],"about":[{"href":"https:\/\/www.design-duval.com\/de\/wp-json\/wp\/v2\/types\/page"}],"author":[{"embeddable":true,"href":"https:\/\/www.design-duval.com\/de\/wp-json\/wp\/v2\/users\/16"}],"replies":[{"embeddable":true,"href":"https:\/\/www.design-duval.com\/de\/wp-json\/wp\/v2\/comments?post=14989"}],"version-history":[{"count":3,"href":"https:\/\/www.design-duval.com\/de\/wp-json\/wp\/v2\/pages\/14989\/revisions"}],"predecessor-version":[{"id":16030,"href":"https:\/\/www.design-duval.com\/de\/wp-json\/wp\/v2\/pages\/14989\/revisions\/16030"}],"up":[{"embeddable":true,"href":"https:\/\/www.design-duval.com\/de\/wp-json\/wp\/v2\/pages\/12862"}],"wp:attachment":[{"href":"https:\/\/www.design-duval.com\/de\/wp-json\/wp\/v2\/media?parent=14989"}],"curies":[{"name":"wp","href":"https:\/\/api.w.org\/{rel}","templated":true}]}}