{"id":15015,"date":"2019-10-20T20:51:18","date_gmt":"2019-10-20T18:51:18","guid":{"rendered":"https:\/\/www.design-duval.com\/geschwei%ce%b2te-und-genaehte-werbe-und-praesentationsmittel\/conditionnement-a-facon\/"},"modified":"2021-02-11T15:43:50","modified_gmt":"2021-02-11T14:43:50","slug":"verpackung-nach-wunsch","status":"publish","type":"page","link":"https:\/\/www.design-duval.com\/de\/werbemittel-praesentationsmittel-service\/verpackung-nach-wunsch\/","title":{"rendered":"Verpackung nach Wunsch"},"content":{"rendered":"<div id=\"attachment_13544\" style=\"width: 810px\" class=\"wp-caption aligncenter\"><img aria-describedby=\"caption-attachment-13544\" loading=\"lazy\" class=\"wp-image-13544\" src=\"https:\/\/www.design-duval.com\/wp-content\/uploads\/2020\/04\/Maroquinerie-soud\u00e9e-et-cousue-conditionnement-\u00e0-fa\u00e7on-455x265.jpg\" alt=\"Geschwei\u03b2te und gen\u00e4hte Werbe- und Pr\u00e4sentationsmittel - Verpackung nach Wunsch\" width=\"800\" height=\"547\" srcset=\"https:\/\/www.design-duval.com\/wp-content\/uploads\/2020\/04\/Maroquinerie-soud\u00e9e-et-cousue-conditionnement-\u00e0-fa\u00e7on-768x525.jpg 768w, https:\/\/www.design-duval.com\/wp-content\/uploads\/2020\/04\/Maroquinerie-soud\u00e9e-et-cousue-conditionnement-\u00e0-fa\u00e7on-1500x1026.jpg 1500w, https:\/\/www.design-duval.com\/wp-content\/uploads\/2020\/04\/Maroquinerie-soud\u00e9e-et-cousue-conditionnement-\u00e0-fa\u00e7on-620x424.jpg 620w, https:\/\/www.design-duval.com\/wp-content\/uploads\/2020\/04\/Maroquinerie-soud\u00e9e-et-cousue-conditionnement-\u00e0-fa\u00e7on.jpg 1900w\" sizes=\"(max-width: 800px) 100vw, 800px\" \/><p id=\"caption-attachment-13544\" class=\"wp-caption-text\">Sophie, Konfektionierung<\/p><\/div>\n<p>&nbsp;<\/p>\n<p>Ganz wie bei der Herstellung Ihrer Projekte liegt auch hier unsere St\u00e4rke in einer <strong>ma\u00dfgeschneiderten<\/strong> <strong>L\u00f6sung<\/strong>. Wir passen die <strong>Verpackung Ihrer Produkte<\/strong> an Ihre Anforderungen an:<\/p>\n<ul>\n<li>Erstellung ma\u00dfgeschneiderter Verpackungskartons passend zum Format Ihrer Produkte<\/li>\n<li>Kennzeichnung der Kartons mit der Produktbezeichnung und\/oder der Artikelnummer, der enthaltenen Menge, einem Barcode usw.<\/li>\n<li>Perfekte Hohlraumausf\u00fcllung zum Schutz der Produkte beim Transport gegen St\u00f6\u03b2e und Bewegung<\/li>\n<li>Einlage von Trennkartons, um ein Zusammenfallen der Verpackung zu verhindern<\/li>\n<li>Anpassung an die von Ihrer zentralen Logistik erlaubten Mengen und Palettenh\u00f6hen<\/li>\n<\/ul>\n<p>Unser erfahrenes Team <strong>verpackt<\/strong> alle Ihre <strong>geschwei\u00dften oder gen\u00e4hten Pr\u00e4sentations- und Werbemittel kundenspezifisch:\u00a0<\/strong><strong><u><a href=\"https:\/\/www.design-duval.com\/de\/werbe-und-praesentationsmittel\/?_sfm_type_de_produit_de=Taschen%2C%20H%C3%BCllen%2C%20Einb%C3%A4nde\">Schutzh\u00fcllen<\/a>, <a href=\"https:\/\/www.design-duval.com\/de\/promotions-und-werbeverpackungen\/\">gen\u00e4hte Taschen<\/a><\/u><\/strong><strong>,\u00a0<\/strong><strong><u><a href=\"https:\/\/www.design-duval.com\/de\/produkt\/konferenzmappen-tagungsmappen-schreibmappen\/\">Konferenzmappen<\/a><\/u><\/strong><strong>,\u00a0<\/strong><strong><u><a href=\"https:\/\/www.design-duval.com\/de\/produit\/individuelle-pvc-etuis\/\">Etuis<\/a><\/u><\/strong>, usw.<\/p>\n","protected":false},"excerpt":{"rendered":"<p>&nbsp; Ganz wie bei der Herstellung Ihrer Projekte liegt auch hier unsere St\u00e4rke in einer ma\u00dfgeschneiderten L\u00f6sung. Wir passen die Verpackung Ihrer Produkte an Ihre Anforderungen an: Erstellung ma\u00dfgeschneiderter Verpackungskartons passend zum Format Ihrer Produkte Kennzeichnung der Kartons mit der Produktbezeichnung und\/oder der Artikelnummer, der enthaltenen Menge, einem Barcode usw. Perfekte Hohlraumausf\u00fcllung zum Schutz der [&hellip;]<\/p>\n","protected":false},"author":16,"featured_media":0,"parent":12875,"menu_order":0,"comment_status":"closed","ping_status":"closed","template":"","meta":[],"yoast_head":"<!-- This site is optimized with the Yoast SEO plugin v19.6.1 - https:\/\/yoast.com\/wordpress\/plugins\/seo\/ -->\n<title>Verpackung nach Wunsch - Design Duval<\/title>\n<meta name=\"description\" content=\"Verpackung nach Wunsch - Design Duval\" \/>\n<meta name=\"robots\" content=\"index, follow, max-snippet:-1, max-image-preview:large, max-video-preview:-1\" \/>\n<link rel=\"canonical\" href=\"https:\/\/www.design-duval.com\/de\/werbemittel-praesentationsmittel-service\/verpackung-nach-wunsch\/\" \/>\n<meta property=\"og:locale\" content=\"de_DE\" \/>\n<meta property=\"og:type\" content=\"article\" \/>\n<meta property=\"og:title\" content=\"Verpackung nach Wunsch - Design Duval\" \/>\n<meta property=\"og:description\" content=\"Verpackung nach Wunsch - Design Duval\" \/>\n<meta property=\"og:url\" content=\"https:\/\/www.design-duval.com\/de\/werbemittel-praesentationsmittel-service\/verpackung-nach-wunsch\/\" \/>\n<meta property=\"og:site_name\" content=\"Design Duval\" \/>\n<meta property=\"article:modified_time\" content=\"2021-02-11T14:43:50+00:00\" \/>\n<meta name=\"twitter:card\" content=\"summary\" \/>\n<meta name=\"twitter:label1\" content=\"Gesch\u00e4tzte Lesezeit\" \/>\n\t<meta name=\"twitter:data1\" content=\"1\u00a0Minute\" \/>\n<script type=\"application\/ld+json\" class=\"yoast-schema-graph\">{\"@context\":\"https:\/\/schema.org\",\"@graph\":[{\"@type\":\"WebPage\",\"@id\":\"https:\/\/www.design-duval.com\/de\/werbemittel-praesentationsmittel-service\/verpackung-nach-wunsch\/\",\"url\":\"https:\/\/www.design-duval.com\/de\/werbemittel-praesentationsmittel-service\/verpackung-nach-wunsch\/\",\"name\":\"Verpackung nach Wunsch - Design Duval\",\"isPartOf\":{\"@id\":\"https:\/\/www.design-duval.com\/es\/#website\"},\"datePublished\":\"2019-10-20T18:51:18+00:00\",\"dateModified\":\"2021-02-11T14:43:50+00:00\",\"description\":\"Verpackung nach Wunsch - Design Duval\",\"breadcrumb\":{\"@id\":\"https:\/\/www.design-duval.com\/de\/werbemittel-praesentationsmittel-service\/verpackung-nach-wunsch\/#breadcrumb\"},\"inLanguage\":\"de\",\"potentialAction\":[{\"@type\":\"ReadAction\",\"target\":[\"https:\/\/www.design-duval.com\/de\/werbemittel-praesentationsmittel-service\/verpackung-nach-wunsch\/\"]}]},{\"@type\":\"BreadcrumbList\",\"@id\":\"https:\/\/www.design-duval.com\/de\/werbemittel-praesentationsmittel-service\/verpackung-nach-wunsch\/#breadcrumb\",\"itemListElement\":[{\"@type\":\"ListItem\",\"position\":1,\"name\":\"Home\",\"item\":\"https:\/\/www.design-duval.com\/de\/\"},{\"@type\":\"ListItem\",\"position\":2,\"name\":\"Werbe- und Pr\u00e4sentationsmittel: Service\",\"item\":\"https:\/\/www.design-duval.com\/de\/werbemittel-praesentationsmittel-service\/\"},{\"@type\":\"ListItem\",\"position\":3,\"name\":\"Verpackung nach Wunsch\"}]},{\"@type\":\"WebSite\",\"@id\":\"https:\/\/www.design-duval.com\/es\/#website\",\"url\":\"https:\/\/www.design-duval.com\/es\/\",\"name\":\"Design Duval\",\"description\":\"\",\"publisher\":{\"@id\":\"https:\/\/www.design-duval.com\/es\/#organization\"},\"potentialAction\":[{\"@type\":\"SearchAction\",\"target\":{\"@type\":\"EntryPoint\",\"urlTemplate\":\"https:\/\/www.design-duval.com\/es\/?s={search_term_string}\"},\"query-input\":\"required name=search_term_string\"}],\"inLanguage\":\"de\"},{\"@type\":\"Organization\",\"@id\":\"https:\/\/www.design-duval.com\/es\/#organization\",\"name\":\"Design duval\",\"url\":\"https:\/\/www.design-duval.com\/es\/\",\"sameAs\":[],\"logo\":{\"@type\":\"ImageObject\",\"inLanguage\":\"de\",\"@id\":\"https:\/\/www.design-duval.com\/es\/#\/schema\/logo\/image\/\",\"url\":\"https:\/\/www.design-duval.com\/wp-content\/uploads\/2020\/09\/LOGO-DD-DN-web.jpg\",\"contentUrl\":\"https:\/\/www.design-duval.com\/wp-content\/uploads\/2020\/09\/LOGO-DD-DN-web.jpg\",\"width\":614,\"height\":460,\"caption\":\"Design duval\"},\"image\":{\"@id\":\"https:\/\/www.design-duval.com\/es\/#\/schema\/logo\/image\/\"}}]}<\/script>\n<!-- \/ Yoast SEO plugin. -->","yoast_head_json":{"title":"Verpackung nach Wunsch - Design Duval","description":"Verpackung nach Wunsch - Design Duval","robots":{"index":"index","follow":"follow","max-snippet":"max-snippet:-1","max-image-preview":"max-image-preview:large","max-video-preview":"max-video-preview:-1"},"canonical":"https:\/\/www.design-duval.com\/de\/werbemittel-praesentationsmittel-service\/verpackung-nach-wunsch\/","og_locale":"de_DE","og_type":"article","og_title":"Verpackung nach Wunsch - Design Duval","og_description":"Verpackung nach Wunsch - Design Duval","og_url":"https:\/\/www.design-duval.com\/de\/werbemittel-praesentationsmittel-service\/verpackung-nach-wunsch\/","og_site_name":"Design Duval","article_modified_time":"2021-02-11T14:43:50+00:00","twitter_card":"summary","twitter_misc":{"Gesch\u00e4tzte Lesezeit":"1\u00a0Minute"},"schema":{"@context":"https:\/\/schema.org","@graph":[{"@type":"WebPage","@id":"https:\/\/www.design-duval.com\/de\/werbemittel-praesentationsmittel-service\/verpackung-nach-wunsch\/","url":"https:\/\/www.design-duval.com\/de\/werbemittel-praesentationsmittel-service\/verpackung-nach-wunsch\/","name":"Verpackung nach Wunsch - Design Duval","isPartOf":{"@id":"https:\/\/www.design-duval.com\/es\/#website"},"datePublished":"2019-10-20T18:51:18+00:00","dateModified":"2021-02-11T14:43:50+00:00","description":"Verpackung nach Wunsch - Design Duval","breadcrumb":{"@id":"https:\/\/www.design-duval.com\/de\/werbemittel-praesentationsmittel-service\/verpackung-nach-wunsch\/#breadcrumb"},"inLanguage":"de","potentialAction":[{"@type":"ReadAction","target":["https:\/\/www.design-duval.com\/de\/werbemittel-praesentationsmittel-service\/verpackung-nach-wunsch\/"]}]},{"@type":"BreadcrumbList","@id":"https:\/\/www.design-duval.com\/de\/werbemittel-praesentationsmittel-service\/verpackung-nach-wunsch\/#breadcrumb","itemListElement":[{"@type":"ListItem","position":1,"name":"Home","item":"https:\/\/www.design-duval.com\/de\/"},{"@type":"ListItem","position":2,"name":"Werbe- und Pr\u00e4sentationsmittel: Service","item":"https:\/\/www.design-duval.com\/de\/werbemittel-praesentationsmittel-service\/"},{"@type":"ListItem","position":3,"name":"Verpackung nach Wunsch"}]},{"@type":"WebSite","@id":"https:\/\/www.design-duval.com\/es\/#website","url":"https:\/\/www.design-duval.com\/es\/","name":"Design Duval","description":"","publisher":{"@id":"https:\/\/www.design-duval.com\/es\/#organization"},"potentialAction":[{"@type":"SearchAction","target":{"@type":"EntryPoint","urlTemplate":"https:\/\/www.design-duval.com\/es\/?s={search_term_string}"},"query-input":"required name=search_term_string"}],"inLanguage":"de"},{"@type":"Organization","@id":"https:\/\/www.design-duval.com\/es\/#organization","name":"Design duval","url":"https:\/\/www.design-duval.com\/es\/","sameAs":[],"logo":{"@type":"ImageObject","inLanguage":"de","@id":"https:\/\/www.design-duval.com\/es\/#\/schema\/logo\/image\/","url":"https:\/\/www.design-duval.com\/wp-content\/uploads\/2020\/09\/LOGO-DD-DN-web.jpg","contentUrl":"https:\/\/www.design-duval.com\/wp-content\/uploads\/2020\/09\/LOGO-DD-DN-web.jpg","width":614,"height":460,"caption":"Design duval"},"image":{"@id":"https:\/\/www.design-duval.com\/es\/#\/schema\/logo\/image\/"}}]}},"_links":{"self":[{"href":"https:\/\/www.design-duval.com\/de\/wp-json\/wp\/v2\/pages\/15015"}],"collection":[{"href":"https:\/\/www.design-duval.com\/de\/wp-json\/wp\/v2\/pages"}],"about":[{"href":"https:\/\/www.design-duval.com\/de\/wp-json\/wp\/v2\/types\/page"}],"author":[{"embeddable":true,"href":"https:\/\/www.design-duval.com\/de\/wp-json\/wp\/v2\/users\/16"}],"replies":[{"embeddable":true,"href":"https:\/\/www.design-duval.com\/de\/wp-json\/wp\/v2\/comments?post=15015"}],"version-history":[{"count":3,"href":"https:\/\/www.design-duval.com\/de\/wp-json\/wp\/v2\/pages\/15015\/revisions"}],"predecessor-version":[{"id":18794,"href":"https:\/\/www.design-duval.com\/de\/wp-json\/wp\/v2\/pages\/15015\/revisions\/18794"}],"up":[{"embeddable":true,"href":"https:\/\/www.design-duval.com\/de\/wp-json\/wp\/v2\/pages\/12875"}],"wp:attachment":[{"href":"https:\/\/www.design-duval.com\/de\/wp-json\/wp\/v2\/media?parent=15015"}],"curies":[{"name":"wp","href":"https:\/\/api.w.org\/{rel}","templated":true}]}}