{"id":20678,"date":"2019-10-11T19:41:56","date_gmt":"2019-10-11T17:41:56","guid":{"rendered":"https:\/\/www.design-duval.com\/savoir-faire-echantillons\/entwurf-und-herstellung-von-musterkollektionen\/"},"modified":"2021-04-19T18:35:45","modified_gmt":"2021-04-19T16:35:45","slug":"design-and-manufacture-of-sample-display-units","status":"publish","type":"page","link":"https:\/\/www.design-duval.com\/en\/sample-presentation-and-manufacturer-our-know-how\/design-and-manufacture-of-sample-display-units\/","title":{"rendered":"Design and manufacture of sample display units"},"content":{"rendered":"<div id=\"attachment_13310\" style=\"width: 810px\" class=\"wp-caption aligncenter\"><img aria-describedby=\"caption-attachment-13310\" loading=\"lazy\" class=\"wp-image-13310\" src=\"https:\/\/www.design-duval.com\/wp-content\/uploads\/2020\/04\/Pr\u00e9sentation-et-fabrication-\u00e9chantillons-pr\u00e9sentation-d\u00e9chantillons-455x265.jpg\" alt=\"Design and manufacture of sample display units - Design Duval\" width=\"800\" height=\"547\" srcset=\"https:\/\/www.design-duval.com\/wp-content\/uploads\/2020\/04\/Pr\u00e9sentation-et-fabrication-\u00e9chantillons-pr\u00e9sentation-d\u00e9chantillons-768x525.jpg 768w, https:\/\/www.design-duval.com\/wp-content\/uploads\/2020\/04\/Pr\u00e9sentation-et-fabrication-\u00e9chantillons-pr\u00e9sentation-d\u00e9chantillons-1500x1026.jpg 1500w, https:\/\/www.design-duval.com\/wp-content\/uploads\/2020\/04\/Pr\u00e9sentation-et-fabrication-\u00e9chantillons-pr\u00e9sentation-d\u00e9chantillons-620x424.jpg 620w, https:\/\/www.design-duval.com\/wp-content\/uploads\/2020\/04\/Pr\u00e9sentation-et-fabrication-\u00e9chantillons-pr\u00e9sentation-d\u00e9chantillons.jpg 1900w\" sizes=\"(max-width: 800px) 100vw, 800px\" \/><p id=\"caption-attachment-13310\" class=\"wp-caption-text\">Myriam, Internal sales Duval Nuanciers<\/p><\/div>\n<p>&nbsp;<\/p>\n<p>Whether you have a very precise idea or not how to <strong>enhance your samples<\/strong>, Design Duval conceives for you and together with you, the ideal <strong>presentation support<\/strong>. Our asset? A design office and a production team located on the same site (Sainte-Marie 35) to design and develop all in one <a href=\"https:\/\/www.design-duval.com\/creation-developpement-echantillons\/\">the display adapted to your particular need<\/a>.\u00a0 <strong>Colour charts, folders, cases, boxes, suitcases, POS displays<\/strong> are then manufactured using perfectly mastered techniques:<\/p>\n<ul>\n<li>High Frequency welding and PVC thermoforming,<\/li>\n<li>\u00a0cutting of polypropylene,<\/li>\n<li>cardboard laminating and turning-in,<\/li>\n<li>screen, digital or offset printing<\/li>\n<\/ul>\n<p>This combination allows us to respond thoroughly and precisely to your needs, and to satisfy your functional, aesthetic and financial requirements.<\/p>\n<p>We go further than simple manufacturing, but are committed to letting you benefit from our 40 years of experience!<\/p>\n<p>Does your project fit into the spirit of a range already developed by <strong>Design Duval<\/strong>? We advise you on how to adapt it to existing tools, saving you time and money in the <strong>making of your displays and sample holders<\/strong>.<\/p>\n","protected":false},"excerpt":{"rendered":"<p>&nbsp; Whether you have a very precise idea or not how to enhance your samples, Design Duval conceives for you and together with you, the ideal presentation support. Our asset? A design office and a production team located on the same site (Sainte-Marie 35) to design and develop all in one the display adapted to [&hellip;]<\/p>\n","protected":false},"author":16,"featured_media":0,"parent":20675,"menu_order":0,"comment_status":"closed","ping_status":"closed","template":"","meta":[],"yoast_head":"<!-- This site is optimized with the Yoast SEO plugin v19.6.1 - https:\/\/yoast.com\/wordpress\/plugins\/seo\/ -->\n<title>Design and manufacture of sample display units - Design Duval<\/title>\n<meta name=\"description\" content=\"Design and manufacture of sample display units - Design Duval\" \/>\n<meta name=\"robots\" content=\"index, follow, max-snippet:-1, max-image-preview:large, max-video-preview:-1\" \/>\n<link rel=\"canonical\" href=\"https:\/\/www.design-duval.com\/en\/sample-presentation-and-manufacturer-our-know-how\/design-and-manufacture-of-sample-display-units\/\" \/>\n<meta property=\"og:locale\" content=\"en_US\" \/>\n<meta property=\"og:type\" content=\"article\" \/>\n<meta property=\"og:title\" content=\"Design and manufacture of sample display units - Design Duval\" \/>\n<meta property=\"og:description\" content=\"Design and manufacture of sample display units - Design Duval\" \/>\n<meta property=\"og:url\" content=\"https:\/\/www.design-duval.com\/en\/sample-presentation-and-manufacturer-our-know-how\/design-and-manufacture-of-sample-display-units\/\" \/>\n<meta property=\"og:site_name\" content=\"Design Duval\" \/>\n<meta property=\"article:modified_time\" content=\"2021-04-19T16:35:45+00:00\" \/>\n<meta name=\"twitter:card\" content=\"summary\" \/>\n<meta name=\"twitter:label1\" content=\"Est. reading time\" \/>\n\t<meta name=\"twitter:data1\" content=\"1 minute\" \/>\n<script type=\"application\/ld+json\" class=\"yoast-schema-graph\">{\"@context\":\"https:\/\/schema.org\",\"@graph\":[{\"@type\":\"WebPage\",\"@id\":\"https:\/\/www.design-duval.com\/en\/sample-presentation-and-manufacturer-our-know-how\/design-and-manufacture-of-sample-display-units\/\",\"url\":\"https:\/\/www.design-duval.com\/en\/sample-presentation-and-manufacturer-our-know-how\/design-and-manufacture-of-sample-display-units\/\",\"name\":\"Design and manufacture of sample display units - Design Duval\",\"isPartOf\":{\"@id\":\"https:\/\/www.design-duval.com\/es\/#website\"},\"datePublished\":\"2019-10-11T17:41:56+00:00\",\"dateModified\":\"2021-04-19T16:35:45+00:00\",\"description\":\"Design and manufacture of sample display units - Design Duval\",\"breadcrumb\":{\"@id\":\"https:\/\/www.design-duval.com\/en\/sample-presentation-and-manufacturer-our-know-how\/design-and-manufacture-of-sample-display-units\/#breadcrumb\"},\"inLanguage\":\"en-US\",\"potentialAction\":[{\"@type\":\"ReadAction\",\"target\":[\"https:\/\/www.design-duval.com\/en\/sample-presentation-and-manufacturer-our-know-how\/design-and-manufacture-of-sample-display-units\/\"]}]},{\"@type\":\"BreadcrumbList\",\"@id\":\"https:\/\/www.design-duval.com\/en\/sample-presentation-and-manufacturer-our-know-how\/design-and-manufacture-of-sample-display-units\/#breadcrumb\",\"itemListElement\":[{\"@type\":\"ListItem\",\"position\":1,\"name\":\"Accueil\",\"item\":\"https:\/\/www.design-duval.com\/en\/\"},{\"@type\":\"ListItem\",\"position\":2,\"name\":\"Sample presentation and manufacturer : our know-how\",\"item\":\"https:\/\/www.design-duval.com\/en\/sample-presentation-and-manufacturer-our-know-how\/\"},{\"@type\":\"ListItem\",\"position\":3,\"name\":\"Design and manufacture of sample display units\"}]},{\"@type\":\"WebSite\",\"@id\":\"https:\/\/www.design-duval.com\/es\/#website\",\"url\":\"https:\/\/www.design-duval.com\/es\/\",\"name\":\"Design Duval\",\"description\":\"\",\"publisher\":{\"@id\":\"https:\/\/www.design-duval.com\/es\/#organization\"},\"potentialAction\":[{\"@type\":\"SearchAction\",\"target\":{\"@type\":\"EntryPoint\",\"urlTemplate\":\"https:\/\/www.design-duval.com\/es\/?s={search_term_string}\"},\"query-input\":\"required name=search_term_string\"}],\"inLanguage\":\"en-US\"},{\"@type\":\"Organization\",\"@id\":\"https:\/\/www.design-duval.com\/es\/#organization\",\"name\":\"Design duval\",\"url\":\"https:\/\/www.design-duval.com\/es\/\",\"sameAs\":[],\"logo\":{\"@type\":\"ImageObject\",\"inLanguage\":\"en-US\",\"@id\":\"https:\/\/www.design-duval.com\/es\/#\/schema\/logo\/image\/\",\"url\":\"https:\/\/www.design-duval.com\/wp-content\/uploads\/2020\/09\/LOGO-DD-DN-web.jpg\",\"contentUrl\":\"https:\/\/www.design-duval.com\/wp-content\/uploads\/2020\/09\/LOGO-DD-DN-web.jpg\",\"width\":614,\"height\":460,\"caption\":\"Design duval\"},\"image\":{\"@id\":\"https:\/\/www.design-duval.com\/es\/#\/schema\/logo\/image\/\"}}]}<\/script>\n<!-- \/ Yoast SEO plugin. -->","yoast_head_json":{"title":"Design and manufacture of sample display units - Design Duval","description":"Design and manufacture of sample display units - Design Duval","robots":{"index":"index","follow":"follow","max-snippet":"max-snippet:-1","max-image-preview":"max-image-preview:large","max-video-preview":"max-video-preview:-1"},"canonical":"https:\/\/www.design-duval.com\/en\/sample-presentation-and-manufacturer-our-know-how\/design-and-manufacture-of-sample-display-units\/","og_locale":"en_US","og_type":"article","og_title":"Design and manufacture of sample display units - Design Duval","og_description":"Design and manufacture of sample display units - Design Duval","og_url":"https:\/\/www.design-duval.com\/en\/sample-presentation-and-manufacturer-our-know-how\/design-and-manufacture-of-sample-display-units\/","og_site_name":"Design Duval","article_modified_time":"2021-04-19T16:35:45+00:00","twitter_card":"summary","twitter_misc":{"Est. reading time":"1 minute"},"schema":{"@context":"https:\/\/schema.org","@graph":[{"@type":"WebPage","@id":"https:\/\/www.design-duval.com\/en\/sample-presentation-and-manufacturer-our-know-how\/design-and-manufacture-of-sample-display-units\/","url":"https:\/\/www.design-duval.com\/en\/sample-presentation-and-manufacturer-our-know-how\/design-and-manufacture-of-sample-display-units\/","name":"Design and manufacture of sample display units - Design Duval","isPartOf":{"@id":"https:\/\/www.design-duval.com\/es\/#website"},"datePublished":"2019-10-11T17:41:56+00:00","dateModified":"2021-04-19T16:35:45+00:00","description":"Design and manufacture of sample display units - Design Duval","breadcrumb":{"@id":"https:\/\/www.design-duval.com\/en\/sample-presentation-and-manufacturer-our-know-how\/design-and-manufacture-of-sample-display-units\/#breadcrumb"},"inLanguage":"en-US","potentialAction":[{"@type":"ReadAction","target":["https:\/\/www.design-duval.com\/en\/sample-presentation-and-manufacturer-our-know-how\/design-and-manufacture-of-sample-display-units\/"]}]},{"@type":"BreadcrumbList","@id":"https:\/\/www.design-duval.com\/en\/sample-presentation-and-manufacturer-our-know-how\/design-and-manufacture-of-sample-display-units\/#breadcrumb","itemListElement":[{"@type":"ListItem","position":1,"name":"Accueil","item":"https:\/\/www.design-duval.com\/en\/"},{"@type":"ListItem","position":2,"name":"Sample presentation and manufacturer : our know-how","item":"https:\/\/www.design-duval.com\/en\/sample-presentation-and-manufacturer-our-know-how\/"},{"@type":"ListItem","position":3,"name":"Design and manufacture of sample display units"}]},{"@type":"WebSite","@id":"https:\/\/www.design-duval.com\/es\/#website","url":"https:\/\/www.design-duval.com\/es\/","name":"Design Duval","description":"","publisher":{"@id":"https:\/\/www.design-duval.com\/es\/#organization"},"potentialAction":[{"@type":"SearchAction","target":{"@type":"EntryPoint","urlTemplate":"https:\/\/www.design-duval.com\/es\/?s={search_term_string}"},"query-input":"required name=search_term_string"}],"inLanguage":"en-US"},{"@type":"Organization","@id":"https:\/\/www.design-duval.com\/es\/#organization","name":"Design duval","url":"https:\/\/www.design-duval.com\/es\/","sameAs":[],"logo":{"@type":"ImageObject","inLanguage":"en-US","@id":"https:\/\/www.design-duval.com\/es\/#\/schema\/logo\/image\/","url":"https:\/\/www.design-duval.com\/wp-content\/uploads\/2020\/09\/LOGO-DD-DN-web.jpg","contentUrl":"https:\/\/www.design-duval.com\/wp-content\/uploads\/2020\/09\/LOGO-DD-DN-web.jpg","width":614,"height":460,"caption":"Design duval"},"image":{"@id":"https:\/\/www.design-duval.com\/es\/#\/schema\/logo\/image\/"}}]}},"_links":{"self":[{"href":"https:\/\/www.design-duval.com\/en\/wp-json\/wp\/v2\/pages\/20678"}],"collection":[{"href":"https:\/\/www.design-duval.com\/en\/wp-json\/wp\/v2\/pages"}],"about":[{"href":"https:\/\/www.design-duval.com\/en\/wp-json\/wp\/v2\/types\/page"}],"author":[{"embeddable":true,"href":"https:\/\/www.design-duval.com\/en\/wp-json\/wp\/v2\/users\/16"}],"replies":[{"embeddable":true,"href":"https:\/\/www.design-duval.com\/en\/wp-json\/wp\/v2\/comments?post=20678"}],"version-history":[{"count":2,"href":"https:\/\/www.design-duval.com\/en\/wp-json\/wp\/v2\/pages\/20678\/revisions"}],"predecessor-version":[{"id":20680,"href":"https:\/\/www.design-duval.com\/en\/wp-json\/wp\/v2\/pages\/20678\/revisions\/20680"}],"up":[{"embeddable":true,"href":"https:\/\/www.design-duval.com\/en\/wp-json\/wp\/v2\/pages\/20675"}],"wp:attachment":[{"href":"https:\/\/www.design-duval.com\/en\/wp-json\/wp\/v2\/media?parent=20678"}],"curies":[{"name":"wp","href":"https:\/\/api.w.org\/{rel}","templated":true}]}}