{"id":20691,"date":"2019-10-11T19:43:22","date_gmt":"2019-10-11T17:43:22","guid":{"rendered":"https:\/\/www.design-duval.com\/creation-developpement-echantillons\/etude-personnalisee-du-projet\/"},"modified":"2021-04-21T17:43:27","modified_gmt":"2021-04-21T15:43:27","slug":"personalized-project-planning","status":"publish","type":"page","link":"https:\/\/www.design-duval.com\/en\/sample-presentation-and-manufacturer-design-and-development\/personalized-project-planning\/","title":{"rendered":"Personalized project planning"},"content":{"rendered":"<div id=\"attachment_4690\" style=\"width: 810px\" class=\"wp-caption aligncenter\"><img aria-describedby=\"caption-attachment-4690\" loading=\"lazy\" class=\"wp-image-4690\" src=\"https:\/\/www.design-duval.com\/wp-content\/uploads\/2020\/01\/Pr\u00e9sentation-et-fabrication-\u00e9chantillons-\u00e9tude-personnalis\u00e9e-du-projet-455x265.jpg\" alt=\"Sample presentation and manufacturer- personalized project planning\" width=\"800\" height=\"416\" \/><p id=\"caption-attachment-4690\" class=\"wp-caption-text\">Dorian, maintenance technician<\/p><\/div>\n<p>&nbsp;<\/p>\n<p><strong>Design Duval<\/strong> makes sure that the customer is at the centre of the creation process. Even though we are experts in <strong>custom-made sample presentations<\/strong>, we can&#8217;t do anything without you! We may be asking you many questions:<\/p>\n<ul>\n<li>number, size and weight of samples,<\/li>\n<li>removable or fixed samples,<\/li>\n<li>concerned audience,<\/li>\n<li>budget,<\/li>\n<li>quantity,<br \/>\netc.<\/li>\n<\/ul>\n<p>We also inquire about your preferences regarding presentation, your brand image, your means of communication. Our dialogue is the basis of your project! All through this interaction, the project takes shape. Our sales advisors submit their first proposals to you &#8211; sometimes based on similar achievements. We will finally agree on the <strong>materials and production techniques<\/strong> before the design office takes over.<\/p>\n<p>We make use of our practical experience, coupled with a permanent technological watch, to suggest you our most unique and functional presentation.<\/p>\n","protected":false},"excerpt":{"rendered":"<p>&nbsp; Design Duval makes sure that the customer is at the centre of the creation process. Even though we are experts in custom-made sample presentations, we can&#8217;t do anything without you! We may be asking you many questions: number, size and weight of samples, removable or fixed samples, concerned audience, budget, quantity, etc. We also [&hellip;]<\/p>\n","protected":false},"author":16,"featured_media":0,"parent":20687,"menu_order":0,"comment_status":"closed","ping_status":"closed","template":"","meta":[],"yoast_head":"<!-- This site is optimized with the Yoast SEO plugin v19.6.1 - https:\/\/yoast.com\/wordpress\/plugins\/seo\/ -->\n<title>Personalized project planning - Design Duval<\/title>\n<meta name=\"description\" content=\"Personalized project planning - Design Duval\" \/>\n<meta name=\"robots\" content=\"index, follow, max-snippet:-1, max-image-preview:large, max-video-preview:-1\" \/>\n<link rel=\"canonical\" href=\"https:\/\/www.design-duval.com\/en\/sample-presentation-and-manufacturer-design-and-development\/personalized-project-planning\/\" \/>\n<meta property=\"og:locale\" content=\"en_US\" \/>\n<meta property=\"og:type\" content=\"article\" \/>\n<meta property=\"og:title\" content=\"Personalized project planning - Design Duval\" \/>\n<meta property=\"og:description\" content=\"Personalized project planning - Design Duval\" \/>\n<meta property=\"og:url\" content=\"https:\/\/www.design-duval.com\/en\/sample-presentation-and-manufacturer-design-and-development\/personalized-project-planning\/\" \/>\n<meta property=\"og:site_name\" content=\"Design Duval\" \/>\n<meta property=\"article:modified_time\" content=\"2021-04-21T15:43:27+00:00\" \/>\n<meta name=\"twitter:card\" content=\"summary\" \/>\n<meta name=\"twitter:label1\" content=\"Est. reading time\" \/>\n\t<meta name=\"twitter:data1\" content=\"1 minute\" \/>\n<script type=\"application\/ld+json\" class=\"yoast-schema-graph\">{\"@context\":\"https:\/\/schema.org\",\"@graph\":[{\"@type\":\"WebPage\",\"@id\":\"https:\/\/www.design-duval.com\/en\/sample-presentation-and-manufacturer-design-and-development\/personalized-project-planning\/\",\"url\":\"https:\/\/www.design-duval.com\/en\/sample-presentation-and-manufacturer-design-and-development\/personalized-project-planning\/\",\"name\":\"Personalized project planning - Design Duval\",\"isPartOf\":{\"@id\":\"https:\/\/www.design-duval.com\/es\/#website\"},\"datePublished\":\"2019-10-11T17:43:22+00:00\",\"dateModified\":\"2021-04-21T15:43:27+00:00\",\"description\":\"Personalized project planning - Design Duval\",\"breadcrumb\":{\"@id\":\"https:\/\/www.design-duval.com\/en\/sample-presentation-and-manufacturer-design-and-development\/personalized-project-planning\/#breadcrumb\"},\"inLanguage\":\"en-US\",\"potentialAction\":[{\"@type\":\"ReadAction\",\"target\":[\"https:\/\/www.design-duval.com\/en\/sample-presentation-and-manufacturer-design-and-development\/personalized-project-planning\/\"]}]},{\"@type\":\"BreadcrumbList\",\"@id\":\"https:\/\/www.design-duval.com\/en\/sample-presentation-and-manufacturer-design-and-development\/personalized-project-planning\/#breadcrumb\",\"itemListElement\":[{\"@type\":\"ListItem\",\"position\":1,\"name\":\"Accueil\",\"item\":\"https:\/\/www.design-duval.com\/en\/\"},{\"@type\":\"ListItem\",\"position\":2,\"name\":\"Sample presentation and manufacturer: design and development\",\"item\":\"https:\/\/www.design-duval.com\/en\/sample-presentation-and-manufacturer-design-and-development\/\"},{\"@type\":\"ListItem\",\"position\":3,\"name\":\"Personalized project planning\"}]},{\"@type\":\"WebSite\",\"@id\":\"https:\/\/www.design-duval.com\/es\/#website\",\"url\":\"https:\/\/www.design-duval.com\/es\/\",\"name\":\"Design Duval\",\"description\":\"\",\"publisher\":{\"@id\":\"https:\/\/www.design-duval.com\/es\/#organization\"},\"potentialAction\":[{\"@type\":\"SearchAction\",\"target\":{\"@type\":\"EntryPoint\",\"urlTemplate\":\"https:\/\/www.design-duval.com\/es\/?s={search_term_string}\"},\"query-input\":\"required name=search_term_string\"}],\"inLanguage\":\"en-US\"},{\"@type\":\"Organization\",\"@id\":\"https:\/\/www.design-duval.com\/es\/#organization\",\"name\":\"Design duval\",\"url\":\"https:\/\/www.design-duval.com\/es\/\",\"sameAs\":[],\"logo\":{\"@type\":\"ImageObject\",\"inLanguage\":\"en-US\",\"@id\":\"https:\/\/www.design-duval.com\/es\/#\/schema\/logo\/image\/\",\"url\":\"https:\/\/www.design-duval.com\/wp-content\/uploads\/2020\/09\/LOGO-DD-DN-web.jpg\",\"contentUrl\":\"https:\/\/www.design-duval.com\/wp-content\/uploads\/2020\/09\/LOGO-DD-DN-web.jpg\",\"width\":614,\"height\":460,\"caption\":\"Design duval\"},\"image\":{\"@id\":\"https:\/\/www.design-duval.com\/es\/#\/schema\/logo\/image\/\"}}]}<\/script>\n<!-- \/ Yoast SEO plugin. -->","yoast_head_json":{"title":"Personalized project planning - Design Duval","description":"Personalized project planning - Design Duval","robots":{"index":"index","follow":"follow","max-snippet":"max-snippet:-1","max-image-preview":"max-image-preview:large","max-video-preview":"max-video-preview:-1"},"canonical":"https:\/\/www.design-duval.com\/en\/sample-presentation-and-manufacturer-design-and-development\/personalized-project-planning\/","og_locale":"en_US","og_type":"article","og_title":"Personalized project planning - Design Duval","og_description":"Personalized project planning - Design Duval","og_url":"https:\/\/www.design-duval.com\/en\/sample-presentation-and-manufacturer-design-and-development\/personalized-project-planning\/","og_site_name":"Design Duval","article_modified_time":"2021-04-21T15:43:27+00:00","twitter_card":"summary","twitter_misc":{"Est. reading time":"1 minute"},"schema":{"@context":"https:\/\/schema.org","@graph":[{"@type":"WebPage","@id":"https:\/\/www.design-duval.com\/en\/sample-presentation-and-manufacturer-design-and-development\/personalized-project-planning\/","url":"https:\/\/www.design-duval.com\/en\/sample-presentation-and-manufacturer-design-and-development\/personalized-project-planning\/","name":"Personalized project planning - Design Duval","isPartOf":{"@id":"https:\/\/www.design-duval.com\/es\/#website"},"datePublished":"2019-10-11T17:43:22+00:00","dateModified":"2021-04-21T15:43:27+00:00","description":"Personalized project planning - Design Duval","breadcrumb":{"@id":"https:\/\/www.design-duval.com\/en\/sample-presentation-and-manufacturer-design-and-development\/personalized-project-planning\/#breadcrumb"},"inLanguage":"en-US","potentialAction":[{"@type":"ReadAction","target":["https:\/\/www.design-duval.com\/en\/sample-presentation-and-manufacturer-design-and-development\/personalized-project-planning\/"]}]},{"@type":"BreadcrumbList","@id":"https:\/\/www.design-duval.com\/en\/sample-presentation-and-manufacturer-design-and-development\/personalized-project-planning\/#breadcrumb","itemListElement":[{"@type":"ListItem","position":1,"name":"Accueil","item":"https:\/\/www.design-duval.com\/en\/"},{"@type":"ListItem","position":2,"name":"Sample presentation and manufacturer: design and development","item":"https:\/\/www.design-duval.com\/en\/sample-presentation-and-manufacturer-design-and-development\/"},{"@type":"ListItem","position":3,"name":"Personalized project planning"}]},{"@type":"WebSite","@id":"https:\/\/www.design-duval.com\/es\/#website","url":"https:\/\/www.design-duval.com\/es\/","name":"Design Duval","description":"","publisher":{"@id":"https:\/\/www.design-duval.com\/es\/#organization"},"potentialAction":[{"@type":"SearchAction","target":{"@type":"EntryPoint","urlTemplate":"https:\/\/www.design-duval.com\/es\/?s={search_term_string}"},"query-input":"required name=search_term_string"}],"inLanguage":"en-US"},{"@type":"Organization","@id":"https:\/\/www.design-duval.com\/es\/#organization","name":"Design duval","url":"https:\/\/www.design-duval.com\/es\/","sameAs":[],"logo":{"@type":"ImageObject","inLanguage":"en-US","@id":"https:\/\/www.design-duval.com\/es\/#\/schema\/logo\/image\/","url":"https:\/\/www.design-duval.com\/wp-content\/uploads\/2020\/09\/LOGO-DD-DN-web.jpg","contentUrl":"https:\/\/www.design-duval.com\/wp-content\/uploads\/2020\/09\/LOGO-DD-DN-web.jpg","width":614,"height":460,"caption":"Design duval"},"image":{"@id":"https:\/\/www.design-duval.com\/es\/#\/schema\/logo\/image\/"}}]}},"_links":{"self":[{"href":"https:\/\/www.design-duval.com\/en\/wp-json\/wp\/v2\/pages\/20691"}],"collection":[{"href":"https:\/\/www.design-duval.com\/en\/wp-json\/wp\/v2\/pages"}],"about":[{"href":"https:\/\/www.design-duval.com\/en\/wp-json\/wp\/v2\/types\/page"}],"author":[{"embeddable":true,"href":"https:\/\/www.design-duval.com\/en\/wp-json\/wp\/v2\/users\/16"}],"replies":[{"embeddable":true,"href":"https:\/\/www.design-duval.com\/en\/wp-json\/wp\/v2\/comments?post=20691"}],"version-history":[{"count":2,"href":"https:\/\/www.design-duval.com\/en\/wp-json\/wp\/v2\/pages\/20691\/revisions"}],"predecessor-version":[{"id":20693,"href":"https:\/\/www.design-duval.com\/en\/wp-json\/wp\/v2\/pages\/20691\/revisions\/20693"}],"up":[{"embeddable":true,"href":"https:\/\/www.design-duval.com\/en\/wp-json\/wp\/v2\/pages\/20687"}],"wp:attachment":[{"href":"https:\/\/www.design-duval.com\/en\/wp-json\/wp\/v2\/media?parent=20691"}],"curies":[{"name":"wp","href":"https:\/\/api.w.org\/{rel}","templated":true}]}}