{"id":20916,"date":"2019-10-20T20:51:18","date_gmt":"2019-10-20T18:51:18","guid":{"rendered":"https:\/\/www.design-duval.com\/advertising-and-presentation-materials-services\/verpackung-nach-wunsch\/"},"modified":"2021-05-31T16:53:55","modified_gmt":"2021-05-31T14:53:55","slug":"contract-packing","status":"publish","type":"page","link":"https:\/\/www.design-duval.com\/en\/advertising-and-presentation-materials-services\/contract-packing\/","title":{"rendered":"Contract packing"},"content":{"rendered":"<div id=\"attachment_13544\" style=\"width: 810px\" class=\"wp-caption aligncenter\"><img aria-describedby=\"caption-attachment-13544\" loading=\"lazy\" class=\"wp-image-13544\" src=\"https:\/\/www.design-duval.com\/wp-content\/uploads\/2020\/04\/Maroquinerie-soud\u00e9e-et-cousue-conditionnement-\u00e0-fa\u00e7on-455x265.jpg\" alt=\"Advertising and presentation materials - Contract packing\" width=\"800\" height=\"547\" srcset=\"https:\/\/www.design-duval.com\/wp-content\/uploads\/2020\/04\/Maroquinerie-soud\u00e9e-et-cousue-conditionnement-\u00e0-fa\u00e7on-768x525.jpg 768w, https:\/\/www.design-duval.com\/wp-content\/uploads\/2020\/04\/Maroquinerie-soud\u00e9e-et-cousue-conditionnement-\u00e0-fa\u00e7on-1500x1026.jpg 1500w, https:\/\/www.design-duval.com\/wp-content\/uploads\/2020\/04\/Maroquinerie-soud\u00e9e-et-cousue-conditionnement-\u00e0-fa\u00e7on-620x424.jpg 620w, https:\/\/www.design-duval.com\/wp-content\/uploads\/2020\/04\/Maroquinerie-soud\u00e9e-et-cousue-conditionnement-\u00e0-fa\u00e7on.jpg 1900w\" sizes=\"(max-width: 800px) 100vw, 800px\" \/><p id=\"caption-attachment-13544\" class=\"wp-caption-text\">Sophie, Filling<\/p><\/div>\n<p>&nbsp;<\/p>\n<p>As when creating your projects, <strong>customization<\/strong> is once again our greatest asset! We manage the <strong>packaging of your products<\/strong> according to your requirements:<\/p>\n<ul>\n<li>creation of custom-made packaging adapted to the size of your products,<\/li>\n<li>marking of the packages with description and\/or reference of the product, quantity contained, barcode etc..,<\/li>\n<li>addition of dunnage paper to secure the products perfectly for shipping,<\/li>\n<li>addition of partition boards to limit the sagging of packaging,<\/li>\n<li>manufacturing of pallets in respect of the quantity and height admitted by your logistics platform.<\/li>\n<\/ul>\n<p>Our experienced team carries out your <strong>custom packaging<\/strong> operations for all your <strong>welded or sewn promotional leather goods<\/strong>: folders, <strong><u><a href=\"https:\/\/designduval.mutuphp7-1.imagescreations.eu\/maroquinerie-publicitaire\/?_sfm_type_de_produit=pochettes-cousues\">sewn pouches<\/a><\/u><\/strong>, <strong><u><a href=\"https:\/\/designduval.mutuphp7-1.imagescreations.eu\/maroquinerie-publicitaire\/?_sfm_type_de_produit=conferenciers-publicitaires-et-porte-blocs\">promotional organizers<\/a><\/u><\/strong>, <strong><u><a href=\"https:\/\/designduval.mutuphp7-1.imagescreations.eu\/maroquinerie-publicitaire\/?_sfm_type_de_produit=valisettes\">cases<\/a><\/u><\/strong>, etc.<\/p>\n","protected":false},"excerpt":{"rendered":"<p>&nbsp; As when creating your projects, customization is once again our greatest asset! We manage the packaging of your products according to your requirements: creation of custom-made packaging adapted to the size of your products, marking of the packages with description and\/or reference of the product, quantity contained, barcode etc.., addition of dunnage paper to [&hellip;]<\/p>\n","protected":false},"author":16,"featured_media":0,"parent":20912,"menu_order":0,"comment_status":"closed","ping_status":"closed","template":"","meta":[],"yoast_head":"<!-- This site is optimized with the Yoast SEO plugin v19.6.1 - https:\/\/yoast.com\/wordpress\/plugins\/seo\/ -->\n<title>Contract packing - Design Duval<\/title>\n<meta name=\"description\" content=\"Contract packing - Design Duval\" \/>\n<meta name=\"robots\" content=\"index, follow, max-snippet:-1, max-image-preview:large, max-video-preview:-1\" \/>\n<link rel=\"canonical\" href=\"https:\/\/www.design-duval.com\/en\/advertising-and-presentation-materials-services\/contract-packing\/\" \/>\n<meta property=\"og:locale\" content=\"en_US\" \/>\n<meta property=\"og:type\" content=\"article\" \/>\n<meta property=\"og:title\" content=\"Contract packing - Design Duval\" \/>\n<meta property=\"og:description\" content=\"Contract packing - Design Duval\" \/>\n<meta property=\"og:url\" content=\"https:\/\/www.design-duval.com\/en\/advertising-and-presentation-materials-services\/contract-packing\/\" \/>\n<meta property=\"og:site_name\" content=\"Design Duval\" \/>\n<meta property=\"article:modified_time\" content=\"2021-05-31T14:53:55+00:00\" \/>\n<meta name=\"twitter:card\" content=\"summary\" \/>\n<meta name=\"twitter:label1\" content=\"Est. reading time\" \/>\n\t<meta name=\"twitter:data1\" content=\"1 minute\" \/>\n<script type=\"application\/ld+json\" class=\"yoast-schema-graph\">{\"@context\":\"https:\/\/schema.org\",\"@graph\":[{\"@type\":\"WebPage\",\"@id\":\"https:\/\/www.design-duval.com\/en\/advertising-and-presentation-materials-services\/contract-packing\/\",\"url\":\"https:\/\/www.design-duval.com\/en\/advertising-and-presentation-materials-services\/contract-packing\/\",\"name\":\"Contract packing - Design Duval\",\"isPartOf\":{\"@id\":\"https:\/\/www.design-duval.com\/es\/#website\"},\"datePublished\":\"2019-10-20T18:51:18+00:00\",\"dateModified\":\"2021-05-31T14:53:55+00:00\",\"description\":\"Contract packing - Design Duval\",\"breadcrumb\":{\"@id\":\"https:\/\/www.design-duval.com\/en\/advertising-and-presentation-materials-services\/contract-packing\/#breadcrumb\"},\"inLanguage\":\"en-US\",\"potentialAction\":[{\"@type\":\"ReadAction\",\"target\":[\"https:\/\/www.design-duval.com\/en\/advertising-and-presentation-materials-services\/contract-packing\/\"]}]},{\"@type\":\"BreadcrumbList\",\"@id\":\"https:\/\/www.design-duval.com\/en\/advertising-and-presentation-materials-services\/contract-packing\/#breadcrumb\",\"itemListElement\":[{\"@type\":\"ListItem\",\"position\":1,\"name\":\"Accueil\",\"item\":\"https:\/\/www.design-duval.com\/en\/\"},{\"@type\":\"ListItem\",\"position\":2,\"name\":\"Advertising and presentation materials : Services\",\"item\":\"https:\/\/www.design-duval.com\/en\/advertising-and-presentation-materials-services\/\"},{\"@type\":\"ListItem\",\"position\":3,\"name\":\"Contract packing\"}]},{\"@type\":\"WebSite\",\"@id\":\"https:\/\/www.design-duval.com\/es\/#website\",\"url\":\"https:\/\/www.design-duval.com\/es\/\",\"name\":\"Design Duval\",\"description\":\"\",\"publisher\":{\"@id\":\"https:\/\/www.design-duval.com\/es\/#organization\"},\"potentialAction\":[{\"@type\":\"SearchAction\",\"target\":{\"@type\":\"EntryPoint\",\"urlTemplate\":\"https:\/\/www.design-duval.com\/es\/?s={search_term_string}\"},\"query-input\":\"required name=search_term_string\"}],\"inLanguage\":\"en-US\"},{\"@type\":\"Organization\",\"@id\":\"https:\/\/www.design-duval.com\/es\/#organization\",\"name\":\"Design duval\",\"url\":\"https:\/\/www.design-duval.com\/es\/\",\"sameAs\":[],\"logo\":{\"@type\":\"ImageObject\",\"inLanguage\":\"en-US\",\"@id\":\"https:\/\/www.design-duval.com\/es\/#\/schema\/logo\/image\/\",\"url\":\"https:\/\/www.design-duval.com\/wp-content\/uploads\/2020\/09\/LOGO-DD-DN-web.jpg\",\"contentUrl\":\"https:\/\/www.design-duval.com\/wp-content\/uploads\/2020\/09\/LOGO-DD-DN-web.jpg\",\"width\":614,\"height\":460,\"caption\":\"Design duval\"},\"image\":{\"@id\":\"https:\/\/www.design-duval.com\/es\/#\/schema\/logo\/image\/\"}}]}<\/script>\n<!-- \/ Yoast SEO plugin. -->","yoast_head_json":{"title":"Contract packing - Design Duval","description":"Contract packing - Design Duval","robots":{"index":"index","follow":"follow","max-snippet":"max-snippet:-1","max-image-preview":"max-image-preview:large","max-video-preview":"max-video-preview:-1"},"canonical":"https:\/\/www.design-duval.com\/en\/advertising-and-presentation-materials-services\/contract-packing\/","og_locale":"en_US","og_type":"article","og_title":"Contract packing - Design Duval","og_description":"Contract packing - Design Duval","og_url":"https:\/\/www.design-duval.com\/en\/advertising-and-presentation-materials-services\/contract-packing\/","og_site_name":"Design Duval","article_modified_time":"2021-05-31T14:53:55+00:00","twitter_card":"summary","twitter_misc":{"Est. reading time":"1 minute"},"schema":{"@context":"https:\/\/schema.org","@graph":[{"@type":"WebPage","@id":"https:\/\/www.design-duval.com\/en\/advertising-and-presentation-materials-services\/contract-packing\/","url":"https:\/\/www.design-duval.com\/en\/advertising-and-presentation-materials-services\/contract-packing\/","name":"Contract packing - Design Duval","isPartOf":{"@id":"https:\/\/www.design-duval.com\/es\/#website"},"datePublished":"2019-10-20T18:51:18+00:00","dateModified":"2021-05-31T14:53:55+00:00","description":"Contract packing - Design Duval","breadcrumb":{"@id":"https:\/\/www.design-duval.com\/en\/advertising-and-presentation-materials-services\/contract-packing\/#breadcrumb"},"inLanguage":"en-US","potentialAction":[{"@type":"ReadAction","target":["https:\/\/www.design-duval.com\/en\/advertising-and-presentation-materials-services\/contract-packing\/"]}]},{"@type":"BreadcrumbList","@id":"https:\/\/www.design-duval.com\/en\/advertising-and-presentation-materials-services\/contract-packing\/#breadcrumb","itemListElement":[{"@type":"ListItem","position":1,"name":"Accueil","item":"https:\/\/www.design-duval.com\/en\/"},{"@type":"ListItem","position":2,"name":"Advertising and presentation materials : Services","item":"https:\/\/www.design-duval.com\/en\/advertising-and-presentation-materials-services\/"},{"@type":"ListItem","position":3,"name":"Contract packing"}]},{"@type":"WebSite","@id":"https:\/\/www.design-duval.com\/es\/#website","url":"https:\/\/www.design-duval.com\/es\/","name":"Design Duval","description":"","publisher":{"@id":"https:\/\/www.design-duval.com\/es\/#organization"},"potentialAction":[{"@type":"SearchAction","target":{"@type":"EntryPoint","urlTemplate":"https:\/\/www.design-duval.com\/es\/?s={search_term_string}"},"query-input":"required name=search_term_string"}],"inLanguage":"en-US"},{"@type":"Organization","@id":"https:\/\/www.design-duval.com\/es\/#organization","name":"Design duval","url":"https:\/\/www.design-duval.com\/es\/","sameAs":[],"logo":{"@type":"ImageObject","inLanguage":"en-US","@id":"https:\/\/www.design-duval.com\/es\/#\/schema\/logo\/image\/","url":"https:\/\/www.design-duval.com\/wp-content\/uploads\/2020\/09\/LOGO-DD-DN-web.jpg","contentUrl":"https:\/\/www.design-duval.com\/wp-content\/uploads\/2020\/09\/LOGO-DD-DN-web.jpg","width":614,"height":460,"caption":"Design duval"},"image":{"@id":"https:\/\/www.design-duval.com\/es\/#\/schema\/logo\/image\/"}}]}},"_links":{"self":[{"href":"https:\/\/www.design-duval.com\/en\/wp-json\/wp\/v2\/pages\/20916"}],"collection":[{"href":"https:\/\/www.design-duval.com\/en\/wp-json\/wp\/v2\/pages"}],"about":[{"href":"https:\/\/www.design-duval.com\/en\/wp-json\/wp\/v2\/types\/page"}],"author":[{"embeddable":true,"href":"https:\/\/www.design-duval.com\/en\/wp-json\/wp\/v2\/users\/16"}],"replies":[{"embeddable":true,"href":"https:\/\/www.design-duval.com\/en\/wp-json\/wp\/v2\/comments?post=20916"}],"version-history":[{"count":2,"href":"https:\/\/www.design-duval.com\/en\/wp-json\/wp\/v2\/pages\/20916\/revisions"}],"predecessor-version":[{"id":20918,"href":"https:\/\/www.design-duval.com\/en\/wp-json\/wp\/v2\/pages\/20916\/revisions\/20918"}],"up":[{"embeddable":true,"href":"https:\/\/www.design-duval.com\/en\/wp-json\/wp\/v2\/pages\/20912"}],"wp:attachment":[{"href":"https:\/\/www.design-duval.com\/en\/wp-json\/wp\/v2\/media?parent=20916"}],"curies":[{"name":"wp","href":"https:\/\/api.w.org\/{rel}","templated":true}]}}