{"id":16600,"date":"2019-08-28T11:06:41","date_gmt":"2019-08-28T09:06:41","guid":{"rendered":"https:\/\/www.design-duval.com\/notre-adn\/le-choix-du-sur-mesure\/"},"modified":"2021-02-05T11:55:24","modified_gmt":"2021-02-05T10:55:24","slug":"soluciones-a-medida","status":"publish","type":"page","link":"https:\/\/www.design-duval.com\/es\/nuestro-adn\/soluciones-a-medida\/","title":{"rendered":"La elecci\u00f3n de soluciones a medida"},"content":{"rendered":"<div id=\"attachment_4978\" style=\"width: 810px\" class=\"wp-caption aligncenter\"><img aria-describedby=\"caption-attachment-4978\" loading=\"lazy\" class=\"wp-image-4978\" src=\"https:\/\/www.design-duval.com\/wp-content\/uploads\/2020\/01\/03-1500x1026.jpg\" alt=\"Gwendall - carpinter\u00eda, herramientas, corte y Chantal - confecci\u00f3n\" width=\"800\" height=\"547\" srcset=\"https:\/\/www.design-duval.com\/wp-content\/uploads\/2020\/01\/03-1500x1026.jpg 1500w, https:\/\/www.design-duval.com\/wp-content\/uploads\/2020\/01\/03-768x525.jpg 768w, https:\/\/www.design-duval.com\/wp-content\/uploads\/2020\/01\/03-620x424.jpg 620w, https:\/\/www.design-duval.com\/wp-content\/uploads\/2020\/01\/03.jpg 1900w\" sizes=\"(max-width: 800px) 100vw, 800px\" \/><p id=\"caption-attachment-4978\" class=\"wp-caption-text\">Gwendall &#8211; carpinter\u00eda, herramientas, corte y Chantal &#8211; confecci\u00f3n<\/p><\/div>\n<p>&nbsp;<\/p>\n<p>\u00bfPor qu\u00e9 <strong>optar por la fabricaci\u00f3n a medida<\/strong>? Porque eres \u00fanico.<\/p>\n<p>En<strong> Design Duval<\/strong>, cada nuevo <strong>soporte <\/strong>\u00a0<strong>para las\u00a0 ventas<\/strong>, cada <strong>regalo promociona<\/strong>l, cada <strong>embalaje promocional <\/strong>se dise\u00f1a espec\u00edficamente <strong>seg\u00fan las necesidades de nuestros clientes<\/strong>. Hacemos todo lo posible para crear <strong>tu producto 100% personalizado<\/strong>. Pero sobre todo, te acompa\u00f1amos en tu proyecto:todos los o\u00eddos para entender tus necesidades en la fase de generaci\u00f3n de ideas, un asesor competente a la hora de seleccionar la tecnolog\u00eda de producci\u00f3n adecuada, desplegamos tesoros de creatividad para que tu producto tenga ese algo extra y se destaque de la competencia. \u00a1Porque es lo que mejor sabemos\u00a0 hacer! <strong>Ofrecer s\u00f3lo productos hechos a medida est\u00e1 en nuestro ADN.<\/strong><\/p>\n<p>&nbsp;<\/p>\n<h2>La soluci\u00f3n que corresponde a tus necesidades<\/h2>\n<p>Crear un<strong> muestrario<\/strong>, una <strong>funda<\/strong>, una carpeta mixta o una<strong> caja<\/strong> con dimensiones adaptadas a tus productos y con tu logo es bueno. \u00a1Ser socio de tu proyecto y acompa\u00f1arte en<a href=\"https:\/\/www.design-duval.com\/es\/las-etapas-de-tu-proyecto\/\"><u> cada etapa de tu proyecto<\/u><\/a> es mejor! En <strong>Design Duval,<\/strong> te guiamos fuera de las propuestas demasiado vistas.<\/p>\n<p>Tanto si buscas un<strong> kit promocional original<\/strong>, <strong>una elegante carpeta para tus muestras o tapas para agendas coordinadas<\/strong>, te ofrecemos una soluci\u00f3n completamente personalizada\u00a0 acorde con tus criterios y preferencias. Cuidar las particularidades de tu producto, pero tambi\u00e9n de tus clientes, es parte de nuestro trabajo. Aplicamos este reconocido know-how a todas nuestras actividades: <strong>presentaci\u00f3n de muestras, marroquiner\u00eda publicitaria, embalaje promocional, impresi\u00f3n digital.<\/strong><\/p>\n<p>&nbsp;<\/p>\n<h2>Escucha atenta y consejo personalizado<\/h2>\n<p>Para crear este<strong> producto \u00fanico<\/strong>, tenemos el mejor de los colaboradores&#8230; \u00a1T\u00fa!<\/p>\n<p>Sumergi\u00e9ndonos en tu mundo, entendiendo tu actividad y conociendo tus objetivos,\u00a0 podemos encontrar la soluci\u00f3n ideal a tus necesidades. Por lo tanto, estamos convencidos de que la proximidad con nuestros clientes y una escucha atenta son las claves para crear soluciones a medida con \u00e9xito.<\/p>\n<p>Al elegir <strong>Design Duval<\/strong>, descubrir\u00e1s un <strong>equipo inventivo y una fuerza de propuesta<\/strong>, formado por colaboradores curiosos y apasionados, tanto en la producci\u00f3n como en el departamento de ventas o en nuestra oficina de dise\u00f1o. Para cada uno de nosotros, es un desaf\u00edo fascinante encontrar<strong> LA respuesta creativa y realista a TUS necesidades<\/strong><\/p>\n<p>&nbsp;<\/p>\n<h2>Una amplia gama de materiales y t\u00e9cnicas combinables<\/h2>\n<p>En el marco de la <strong>creaci\u00f3n a medida,<\/strong> puedes elegir para cada producto:<\/p>\n<ul>\n<li><a href=\"https:\/\/www.design-duval.com\/es\/quienes-somos\/materiales-procesados\/#materias\"><u>uno o varios materiales<\/u><\/a> (PVC, PP, PU, cart\u00f3n, espuma, goma\u00a0 EVA, imitaci\u00f3n de cuero, etc.),<\/li>\n<li>entre\u00a0<u><a href=\"https:\/\/www.design-duval.com\/es\/quienes-somos\/procesos-de-fabricacion\/\">diferentes t\u00e9cnicas de procesamiento<\/a><\/u> (soldadura HF, termoformado, corte y plegado, cart\u00f3n forrado, costura, etc.),<\/li>\n<li>y la<a href=\"https:\/\/www.design-duval.com\/es\/quienes-somos\/procesos-de-fabricacion\/#tecnicas-impresion\"><u> impresi\u00f3n <\/u><\/a>(offset, serigraf\u00eda, grabado en relieve, estampado en caliente, impresi\u00f3n digital, inyecci\u00f3n de tinta, tampograf\u00eda&#8230;).<\/li>\n<\/ul>\n<p>Materiales y t\u00e9cnicas que dominamos perfectamente. Pero desde nuestra creaci\u00f3n en 1947, seguimos apasionados por la innovaci\u00f3n. Observaci\u00f3n, estudios, ensayos: estamos en constante evoluci\u00f3n para ofrecerte cada vez m\u00e1s soluciones y servicios.<\/p>\n<p>Este deseo de estar siempre a la vanguardia de la tecnolog\u00eda est\u00e1 transformando continuamente la cara del<strong> Design Duval,<\/strong> respetando nuestro ADN. Esto ya se refleja hoy en nuestros 4 campos de especializaci\u00f3n &#8211; y sin duda se a\u00f1adir\u00e1n otras nuevas en el futuro.<\/p>\n<p>En <strong>Design Duval,<\/strong> te acompa\u00f1amos en todos tus <strong>proyectos personalizados<\/strong> para que puedas ofrecer una experiencia de usuario \u00fanica a tus clientes. Podr\u00e1n proyectarse en el universo de tu marca con un producto personalizado y atractivo!<\/p>\n<p>\u00bfTienes ideas, pero crees que son demasiado extravagantes? O por el contrario, \u00bfte sientes perdido frente a todas las posibilidades? \u00a1<a href=\"https:\/\/www.design-duval.com\/es\/contacto\/\"><u>Cont\u00e1ctanos<\/u><\/a><u>,<\/u> estamos deseando hablarlo contigo!<\/p>\n","protected":false},"excerpt":{"rendered":"<p>&nbsp; \u00bfPor qu\u00e9 optar por la fabricaci\u00f3n a medida? Porque eres \u00fanico. En Design Duval, cada nuevo soporte \u00a0para las\u00a0 ventas, cada regalo promocional, cada embalaje promocional se dise\u00f1a espec\u00edficamente seg\u00fan las necesidades de nuestros clientes. Hacemos todo lo posible para crear tu producto 100% personalizado. Pero sobre todo, te acompa\u00f1amos en tu proyecto:todos los [&hellip;]<\/p>\n","protected":false},"author":12,"featured_media":0,"parent":16597,"menu_order":0,"comment_status":"closed","ping_status":"closed","template":"","meta":[],"yoast_head":"<!-- This site is optimized with the Yoast SEO plugin v19.6.1 - https:\/\/yoast.com\/wordpress\/plugins\/seo\/ -->\n<title>La elecci\u00f3n de soluciones a medida - Design Duval<\/title>\n<meta name=\"description\" content=\"La elecci\u00f3n de soluciones a medida - Design Duval\" \/>\n<meta name=\"robots\" content=\"index, follow, max-snippet:-1, max-image-preview:large, max-video-preview:-1\" \/>\n<link rel=\"canonical\" href=\"https:\/\/www.design-duval.com\/es\/nuestro-adn\/soluciones-a-medida\/\" \/>\n<meta property=\"og:locale\" content=\"es_ES\" \/>\n<meta property=\"og:type\" content=\"article\" \/>\n<meta property=\"og:title\" content=\"La elecci\u00f3n de soluciones a medida - Design Duval\" \/>\n<meta property=\"og:description\" content=\"La elecci\u00f3n de soluciones a medida - Design Duval\" \/>\n<meta property=\"og:url\" content=\"https:\/\/www.design-duval.com\/es\/nuestro-adn\/soluciones-a-medida\/\" \/>\n<meta property=\"og:site_name\" content=\"Design Duval\" \/>\n<meta property=\"article:modified_time\" content=\"2021-02-05T10:55:24+00:00\" \/>\n<meta property=\"og:image\" content=\"https:\/\/www.design-duval.com\/wp-content\/uploads\/2020\/01\/03-1500x1026.jpg\" \/>\n<meta name=\"twitter:card\" content=\"summary\" \/>\n<meta name=\"twitter:label1\" content=\"Tiempo de lectura\" \/>\n\t<meta name=\"twitter:data1\" content=\"3 minutos\" \/>\n<script type=\"application\/ld+json\" class=\"yoast-schema-graph\">{\"@context\":\"https:\/\/schema.org\",\"@graph\":[{\"@type\":\"WebPage\",\"@id\":\"https:\/\/www.design-duval.com\/es\/nuestro-adn\/soluciones-a-medida\/\",\"url\":\"https:\/\/www.design-duval.com\/es\/nuestro-adn\/soluciones-a-medida\/\",\"name\":\"La elecci\u00f3n de soluciones a medida - Design Duval\",\"isPartOf\":{\"@id\":\"https:\/\/www.design-duval.com\/es\/#website\"},\"datePublished\":\"2019-08-28T09:06:41+00:00\",\"dateModified\":\"2021-02-05T10:55:24+00:00\",\"description\":\"La elecci\u00f3n de soluciones a medida - Design Duval\",\"breadcrumb\":{\"@id\":\"https:\/\/www.design-duval.com\/es\/nuestro-adn\/soluciones-a-medida\/#breadcrumb\"},\"inLanguage\":\"es\",\"potentialAction\":[{\"@type\":\"ReadAction\",\"target\":[\"https:\/\/www.design-duval.com\/es\/nuestro-adn\/soluciones-a-medida\/\"]}]},{\"@type\":\"BreadcrumbList\",\"@id\":\"https:\/\/www.design-duval.com\/es\/nuestro-adn\/soluciones-a-medida\/#breadcrumb\",\"itemListElement\":[{\"@type\":\"ListItem\",\"position\":1,\"name\":\"Accueil\",\"item\":\"https:\/\/www.design-duval.com\/es\/\"},{\"@type\":\"ListItem\",\"position\":2,\"name\":\"Nuestro ADN\",\"item\":\"https:\/\/www.design-duval.com\/es\/nuestro-adn\/\"},{\"@type\":\"ListItem\",\"position\":3,\"name\":\"La elecci\u00f3n de soluciones a medida\"}]},{\"@type\":\"WebSite\",\"@id\":\"https:\/\/www.design-duval.com\/es\/#website\",\"url\":\"https:\/\/www.design-duval.com\/es\/\",\"name\":\"Design Duval\",\"description\":\"\",\"publisher\":{\"@id\":\"https:\/\/www.design-duval.com\/es\/#organization\"},\"potentialAction\":[{\"@type\":\"SearchAction\",\"target\":{\"@type\":\"EntryPoint\",\"urlTemplate\":\"https:\/\/www.design-duval.com\/es\/?s={search_term_string}\"},\"query-input\":\"required name=search_term_string\"}],\"inLanguage\":\"es\"},{\"@type\":\"Organization\",\"@id\":\"https:\/\/www.design-duval.com\/es\/#organization\",\"name\":\"Design duval\",\"url\":\"https:\/\/www.design-duval.com\/es\/\",\"sameAs\":[],\"logo\":{\"@type\":\"ImageObject\",\"inLanguage\":\"es\",\"@id\":\"https:\/\/www.design-duval.com\/es\/#\/schema\/logo\/image\/\",\"url\":\"https:\/\/www.design-duval.com\/wp-content\/uploads\/2020\/09\/LOGO-DD-DN-web.jpg\",\"contentUrl\":\"https:\/\/www.design-duval.com\/wp-content\/uploads\/2020\/09\/LOGO-DD-DN-web.jpg\",\"width\":614,\"height\":460,\"caption\":\"Design duval\"},\"image\":{\"@id\":\"https:\/\/www.design-duval.com\/es\/#\/schema\/logo\/image\/\"}}]}<\/script>\n<!-- \/ Yoast SEO plugin. -->","yoast_head_json":{"title":"La elecci\u00f3n de soluciones a medida - Design Duval","description":"La elecci\u00f3n de soluciones a medida - Design Duval","robots":{"index":"index","follow":"follow","max-snippet":"max-snippet:-1","max-image-preview":"max-image-preview:large","max-video-preview":"max-video-preview:-1"},"canonical":"https:\/\/www.design-duval.com\/es\/nuestro-adn\/soluciones-a-medida\/","og_locale":"es_ES","og_type":"article","og_title":"La elecci\u00f3n de soluciones a medida - Design Duval","og_description":"La elecci\u00f3n de soluciones a medida - Design Duval","og_url":"https:\/\/www.design-duval.com\/es\/nuestro-adn\/soluciones-a-medida\/","og_site_name":"Design Duval","article_modified_time":"2021-02-05T10:55:24+00:00","og_image":[{"url":"https:\/\/www.design-duval.com\/wp-content\/uploads\/2020\/01\/03-1500x1026.jpg"}],"twitter_card":"summary","twitter_misc":{"Tiempo de lectura":"3 minutos"},"schema":{"@context":"https:\/\/schema.org","@graph":[{"@type":"WebPage","@id":"https:\/\/www.design-duval.com\/es\/nuestro-adn\/soluciones-a-medida\/","url":"https:\/\/www.design-duval.com\/es\/nuestro-adn\/soluciones-a-medida\/","name":"La elecci\u00f3n de soluciones a medida - Design Duval","isPartOf":{"@id":"https:\/\/www.design-duval.com\/es\/#website"},"datePublished":"2019-08-28T09:06:41+00:00","dateModified":"2021-02-05T10:55:24+00:00","description":"La elecci\u00f3n de soluciones a medida - Design Duval","breadcrumb":{"@id":"https:\/\/www.design-duval.com\/es\/nuestro-adn\/soluciones-a-medida\/#breadcrumb"},"inLanguage":"es","potentialAction":[{"@type":"ReadAction","target":["https:\/\/www.design-duval.com\/es\/nuestro-adn\/soluciones-a-medida\/"]}]},{"@type":"BreadcrumbList","@id":"https:\/\/www.design-duval.com\/es\/nuestro-adn\/soluciones-a-medida\/#breadcrumb","itemListElement":[{"@type":"ListItem","position":1,"name":"Accueil","item":"https:\/\/www.design-duval.com\/es\/"},{"@type":"ListItem","position":2,"name":"Nuestro ADN","item":"https:\/\/www.design-duval.com\/es\/nuestro-adn\/"},{"@type":"ListItem","position":3,"name":"La elecci\u00f3n de soluciones a medida"}]},{"@type":"WebSite","@id":"https:\/\/www.design-duval.com\/es\/#website","url":"https:\/\/www.design-duval.com\/es\/","name":"Design Duval","description":"","publisher":{"@id":"https:\/\/www.design-duval.com\/es\/#organization"},"potentialAction":[{"@type":"SearchAction","target":{"@type":"EntryPoint","urlTemplate":"https:\/\/www.design-duval.com\/es\/?s={search_term_string}"},"query-input":"required name=search_term_string"}],"inLanguage":"es"},{"@type":"Organization","@id":"https:\/\/www.design-duval.com\/es\/#organization","name":"Design duval","url":"https:\/\/www.design-duval.com\/es\/","sameAs":[],"logo":{"@type":"ImageObject","inLanguage":"es","@id":"https:\/\/www.design-duval.com\/es\/#\/schema\/logo\/image\/","url":"https:\/\/www.design-duval.com\/wp-content\/uploads\/2020\/09\/LOGO-DD-DN-web.jpg","contentUrl":"https:\/\/www.design-duval.com\/wp-content\/uploads\/2020\/09\/LOGO-DD-DN-web.jpg","width":614,"height":460,"caption":"Design duval"},"image":{"@id":"https:\/\/www.design-duval.com\/es\/#\/schema\/logo\/image\/"}}]}},"_links":{"self":[{"href":"https:\/\/www.design-duval.com\/es\/wp-json\/wp\/v2\/pages\/16600"}],"collection":[{"href":"https:\/\/www.design-duval.com\/es\/wp-json\/wp\/v2\/pages"}],"about":[{"href":"https:\/\/www.design-duval.com\/es\/wp-json\/wp\/v2\/types\/page"}],"author":[{"embeddable":true,"href":"https:\/\/www.design-duval.com\/es\/wp-json\/wp\/v2\/users\/12"}],"replies":[{"embeddable":true,"href":"https:\/\/www.design-duval.com\/es\/wp-json\/wp\/v2\/comments?post=16600"}],"version-history":[{"count":2,"href":"https:\/\/www.design-duval.com\/es\/wp-json\/wp\/v2\/pages\/16600\/revisions"}],"predecessor-version":[{"id":17706,"href":"https:\/\/www.design-duval.com\/es\/wp-json\/wp\/v2\/pages\/16600\/revisions\/17706"}],"up":[{"embeddable":true,"href":"https:\/\/www.design-duval.com\/es\/wp-json\/wp\/v2\/pages\/16597"}],"wp:attachment":[{"href":"https:\/\/www.design-duval.com\/es\/wp-json\/wp\/v2\/media?parent=16600"}],"curies":[{"name":"wp","href":"https:\/\/api.w.org\/{rel}","templated":true}]}}