{"id":16609,"date":"2019-08-28T17:11:36","date_gmt":"2019-08-28T15:11:36","guid":{"rendered":"https:\/\/www.design-duval.com\/notre-adn\/la-serenite-de-la-realisation-de-a-a-z\/"},"modified":"2021-02-05T12:02:00","modified_gmt":"2021-02-05T11:02:00","slug":"la-serenite-de-la-realisation-de-a-a-z","status":"publish","type":"page","link":"https:\/\/www.design-duval.com\/es\/nuestro-adn\/la-serenite-de-la-realisation-de-a-a-z\/","title":{"rendered":"La serenidad de la realizaci\u00f3n de la A a la Z"},"content":{"rendered":"<div id=\"attachment_13208\" style=\"width: 810px\" class=\"wp-caption aligncenter\"><img aria-describedby=\"caption-attachment-13208\" loading=\"lazy\" class=\"wp-image-13208\" src=\"https:\/\/www.design-duval.com\/wp-content\/uploads\/2020\/04\/Design-Duval-la-s\u00e9r\u00e9nit\u00e9-de-la-r\u00e9alisation-de-A-\u00e0-Z-1500x1026.jpg\" alt=\"Design Duval - La serenidad de la realizaci\u00f3n de la A a la Z\" width=\"800\" height=\"547\" srcset=\"https:\/\/www.design-duval.com\/wp-content\/uploads\/2020\/04\/Design-Duval-la-s\u00e9r\u00e9nit\u00e9-de-la-r\u00e9alisation-de-A-\u00e0-Z-1500x1026.jpg 1500w, https:\/\/www.design-duval.com\/wp-content\/uploads\/2020\/04\/Design-Duval-la-s\u00e9r\u00e9nit\u00e9-de-la-r\u00e9alisation-de-A-\u00e0-Z-768x525.jpg 768w, https:\/\/www.design-duval.com\/wp-content\/uploads\/2020\/04\/Design-Duval-la-s\u00e9r\u00e9nit\u00e9-de-la-r\u00e9alisation-de-A-\u00e0-Z-620x424.jpg 620w, https:\/\/www.design-duval.com\/wp-content\/uploads\/2020\/04\/Design-Duval-la-s\u00e9r\u00e9nit\u00e9-de-la-r\u00e9alisation-de-A-\u00e0-Z.jpg 1900w\" sizes=\"(max-width: 800px) 100vw, 800px\" \/><p id=\"caption-attachment-13208\" class=\"wp-caption-text\">Sandrine &#8211; recepcionista<\/p><\/div>\n<p>&nbsp;<\/p>\n<p>\u00bfNunca has so\u00f1ado con tener una <strong>soluci\u00f3n llave en mano<\/strong>, sin tener que preocuparte de coordinar tus diferentes proveedores de servicios? \u00bfTener<strong> una \u00fanica persona de contacto <\/strong>y de confianza? Encontrar <strong>la empresa asociada<\/strong> para tus proyectos que te implique, pero en la que puedas confiar plenamente&#8230;<\/p>\n<p>Este es uno de los principios de<strong> Design Duval:<\/strong> garantizarte una<strong> soluci\u00f3n personalizada y completa<\/strong>, permiti\u00e9ndote, al mismo tiempo, beneficiarte de nuestro know-how en cada etapa de tu proyecto.<\/p>\n<h2><\/h2>\n<h2>Una asociaci\u00f3n duradera<\/h2>\n<p>Al confiarnos <strong>la realizaci\u00f3n de tus productos y soluciones a medida,<\/strong> t\u00fa eliges <strong>una relaci\u00f3n de intercambio y confianza<\/strong>. Nuestro equipo escucha y analiza tus necesidades cuidadosamente para responder de forma pertinente a tu problema. Te aconsejamos y te ofrecemos\u00a0 el beneficio de nuestra experiencia.<\/p>\n<p><strong>Al producir exclusivamente productos a medida<\/strong>, tambi\u00e9n establecemos <strong>relaciones constructivas y duraderas <\/strong>con nuestros clientes. Desarrollamos herramientas espec\u00edficas y establecemos procedimientos personalizados. As\u00ed, la renovaci\u00f3n de tus producciones se simplifica.<\/p>\n<h2><\/h2>\n<h2>Una experiencia multidisciplinar e innovadora<\/h2>\n<p>Este compromiso relacional ha hecho evolucionar a <strong>Design Duval.<\/strong> De ser un simple fabricante, nos hemos convertido en un <strong>verdadero socio <\/strong>de nuestros clientes en la relaci\u00f3n, a largo plazo, pero tambi\u00e9n en la <strong>asunci\u00f3n completa <\/strong>de los proyectos.<\/p>\n<p>Esto se puede ver en la <strong>diversidad de oficios y t\u00e9cnicas que dominamos<\/strong> hoy en d\u00eda. Algunas de las innovaciones de <strong>Design Duval<\/strong> est\u00e1n de hecho directamente relacionadas con estas colaboraciones:<\/p>\n<ul>\n<li>el cambio al <strong>termoformado<\/strong> en 1980,<\/li>\n<li>la creaci\u00f3n de un<strong> servicio de muestrarios <\/strong>en 1995,<\/li>\n<li>la adquisici\u00f3n de una <strong>impresora digital <\/strong>en 2015.<\/li>\n<\/ul>\n<p>La integraci\u00f3n de taller de dise\u00f1o industrial en 1998 es tambi\u00e9n la consecuencia l\u00f3gica del desarrollo de nuestra actividad hacia la <strong>consultor\u00eda y la creaci\u00f3n.<\/strong><\/p>\n<p>&nbsp;<\/p>\n<h2>Un servicio completo<\/h2>\n<p>La idea del<strong> servicio completo<\/strong> se refleja en cada una de nuestras actividades. A continuaci\u00f3n te mostramos\u00a0 algunos ejemplos concretos de los servicios que ofrecemos a demanda::<\/p>\n<p>Fabricamos los soportes de <strong>presentaci\u00f3n de las muestras,<\/strong> pero tambi\u00e9n podemos producir muestras de material (aplicaci\u00f3n, corte, perforaci\u00f3n, marcado, empaquetado, pegado) o llenar los\u00a0 con muestras proporcionadas por el cliente.<\/p>\n<p>En la <strong>marroquiner\u00eda soldada y cosida<\/strong>, creamos y producimos, por supuesto, las fundas, carpetas, tapas&#8230; pero tambi\u00e9n podemos llenarlos con productos, divisores, cajas de cart\u00f3n, etc&#8230; Tambi\u00e9n podemos almacenar los art\u00edculos, para personalizarlos a petici\u00f3n y entregarlos directamente despu\u00e9s.<\/p>\n<p>Para el <strong>embalaje promocional,<\/strong> fabricamos kits, cajas, bolsas, etc., pero a menudo suministramos un art\u00edculo completo (por ejemplo, un kit de vuelo para las aerol\u00edneas, un kit de nacimiento con art\u00edculos para beb\u00e9s) o lo volvemos a empaquetar (por ejemplo, desde un embalaje bl\u00edster est\u00e1ndar hasta un embalaje para coleccionistas) para su entrega.<\/p>\n<p>Fabricamos tus pantallas de punto de venta y nos encargamos de su <strong>impresi\u00f3n digital,<\/strong> pero tambi\u00e9n podemos hacer el embalaje en forma de kit, individualmente, y pegar la etiqueta del c\u00f3digo de barras.<\/p>\n<p><strong><em>\u00a0<\/em><\/strong><\/p>\n<h2>Servicios adicionales<\/h2>\n<p>Sea cual sea el sector de actividad de tu proyecto (<strong>presentaci\u00f3n de muestras, marroquiner\u00eda publicitaria, embalaje promocional o impresi\u00f3n digital<\/strong>)<strong>, Design Duval<\/strong> te ofrece una gama de servicios a medida:<\/p>\n<ul>\n<li>enviando tus art\u00edculos de acuerdo a tus especificaciones,<\/li>\n<li>almacenamiento de productos manufacturados,<\/li>\n<li>entrega de una sola unidad a petici\u00f3n o por encargo,<\/li>\n<li>creaci\u00f3n de una p\u00e1gina web dedicada a la gesti\u00f3n de tus pedidos de muestras o personalizaci\u00f3n en la impresi\u00f3n,<\/li>\n<li>seguimiento personalizado de tus existencias, con alertas para anticiparse a la fabricaci\u00f3n futura.<\/li>\n<\/ul>\n<p>\u00bfTienes un proyecto para una herramienta de comunicaci\u00f3n o de apoyo a las ventas? Conf\u00eda en que <strong>Design Duval<\/strong> te acompa\u00f1e en cada etapa de su realizaci\u00f3n.<\/p>\n<p>\u00bfTus necesidades son diferentes a las mencionadas anteriormente? S\u00f3lo hay una manera de averiguar si <strong>Design Duval<\/strong> puede responder : \u00a1cont\u00e1ctanos!<\/p>\n<p>Gracias a nuestra experiencia multidisciplinar y a nuestra gama de servicios complementarios, cuentas con un \u00fanico proveedor de servicios, responsable de la correcta ejecuci\u00f3n de todas las etapas de tu proyecto. Un <strong>compromiso real con la calidad, los plazos y el costo.<\/strong><\/p>\n<p><a href=\"https:\/\/www.design-duval.com\/es\/contacto\/\">Contacte con nosotros<\/a><\/p>\n<p>&nbsp;<\/p>\n<p>&nbsp;<\/p>\n","protected":false},"excerpt":{"rendered":"<p>&nbsp; \u00bfNunca has so\u00f1ado con tener una soluci\u00f3n llave en mano, sin tener que preocuparte de coordinar tus diferentes proveedores de servicios? \u00bfTener una \u00fanica persona de contacto y de confianza? Encontrar la empresa asociada para tus proyectos que te implique, pero en la que puedas confiar plenamente&#8230; Este es uno de los principios de [&hellip;]<\/p>\n","protected":false},"author":12,"featured_media":0,"parent":16597,"menu_order":0,"comment_status":"closed","ping_status":"closed","template":"","meta":[],"yoast_head":"<!-- This site is optimized with the Yoast SEO plugin v19.6.1 - https:\/\/yoast.com\/wordpress\/plugins\/seo\/ -->\n<title>La serenidad de la realizaci\u00f3n de la A a la Z - Design Duval<\/title>\n<meta name=\"description\" content=\"La serenidad de la realizaci\u00f3n de la A a la Z - Design Duval\" \/>\n<meta name=\"robots\" content=\"index, follow, max-snippet:-1, max-image-preview:large, max-video-preview:-1\" \/>\n<link rel=\"canonical\" href=\"https:\/\/www.design-duval.com\/es\/nuestro-adn\/la-serenite-de-la-realisation-de-a-a-z\/\" \/>\n<meta property=\"og:locale\" content=\"es_ES\" \/>\n<meta property=\"og:type\" content=\"article\" \/>\n<meta property=\"og:title\" content=\"La serenidad de la realizaci\u00f3n de la A a la Z - Design Duval\" \/>\n<meta property=\"og:description\" content=\"La serenidad de la realizaci\u00f3n de la A a la Z - Design Duval\" \/>\n<meta property=\"og:url\" content=\"https:\/\/www.design-duval.com\/es\/nuestro-adn\/la-serenite-de-la-realisation-de-a-a-z\/\" \/>\n<meta property=\"og:site_name\" content=\"Design Duval\" \/>\n<meta property=\"article:modified_time\" content=\"2021-02-05T11:02:00+00:00\" \/>\n<meta name=\"twitter:card\" content=\"summary\" \/>\n<meta name=\"twitter:label1\" content=\"Tiempo de lectura\" \/>\n\t<meta name=\"twitter:data1\" content=\"4 minutos\" \/>\n<script type=\"application\/ld+json\" class=\"yoast-schema-graph\">{\"@context\":\"https:\/\/schema.org\",\"@graph\":[{\"@type\":\"WebPage\",\"@id\":\"https:\/\/www.design-duval.com\/es\/nuestro-adn\/la-serenite-de-la-realisation-de-a-a-z\/\",\"url\":\"https:\/\/www.design-duval.com\/es\/nuestro-adn\/la-serenite-de-la-realisation-de-a-a-z\/\",\"name\":\"La serenidad de la realizaci\u00f3n de la A a la Z - Design Duval\",\"isPartOf\":{\"@id\":\"https:\/\/www.design-duval.com\/es\/#website\"},\"datePublished\":\"2019-08-28T15:11:36+00:00\",\"dateModified\":\"2021-02-05T11:02:00+00:00\",\"description\":\"La serenidad de la realizaci\u00f3n de la A a la Z - Design Duval\",\"breadcrumb\":{\"@id\":\"https:\/\/www.design-duval.com\/es\/nuestro-adn\/la-serenite-de-la-realisation-de-a-a-z\/#breadcrumb\"},\"inLanguage\":\"es\",\"potentialAction\":[{\"@type\":\"ReadAction\",\"target\":[\"https:\/\/www.design-duval.com\/es\/nuestro-adn\/la-serenite-de-la-realisation-de-a-a-z\/\"]}]},{\"@type\":\"BreadcrumbList\",\"@id\":\"https:\/\/www.design-duval.com\/es\/nuestro-adn\/la-serenite-de-la-realisation-de-a-a-z\/#breadcrumb\",\"itemListElement\":[{\"@type\":\"ListItem\",\"position\":1,\"name\":\"Accueil\",\"item\":\"https:\/\/www.design-duval.com\/es\/\"},{\"@type\":\"ListItem\",\"position\":2,\"name\":\"Nuestro ADN\",\"item\":\"https:\/\/www.design-duval.com\/es\/nuestro-adn\/\"},{\"@type\":\"ListItem\",\"position\":3,\"name\":\"La serenidad de la realizaci\u00f3n de la A a la Z\"}]},{\"@type\":\"WebSite\",\"@id\":\"https:\/\/www.design-duval.com\/es\/#website\",\"url\":\"https:\/\/www.design-duval.com\/es\/\",\"name\":\"Design Duval\",\"description\":\"\",\"publisher\":{\"@id\":\"https:\/\/www.design-duval.com\/es\/#organization\"},\"potentialAction\":[{\"@type\":\"SearchAction\",\"target\":{\"@type\":\"EntryPoint\",\"urlTemplate\":\"https:\/\/www.design-duval.com\/es\/?s={search_term_string}\"},\"query-input\":\"required name=search_term_string\"}],\"inLanguage\":\"es\"},{\"@type\":\"Organization\",\"@id\":\"https:\/\/www.design-duval.com\/es\/#organization\",\"name\":\"Design duval\",\"url\":\"https:\/\/www.design-duval.com\/es\/\",\"sameAs\":[],\"logo\":{\"@type\":\"ImageObject\",\"inLanguage\":\"es\",\"@id\":\"https:\/\/www.design-duval.com\/es\/#\/schema\/logo\/image\/\",\"url\":\"https:\/\/www.design-duval.com\/wp-content\/uploads\/2020\/09\/LOGO-DD-DN-web.jpg\",\"contentUrl\":\"https:\/\/www.design-duval.com\/wp-content\/uploads\/2020\/09\/LOGO-DD-DN-web.jpg\",\"width\":614,\"height\":460,\"caption\":\"Design duval\"},\"image\":{\"@id\":\"https:\/\/www.design-duval.com\/es\/#\/schema\/logo\/image\/\"}}]}<\/script>\n<!-- \/ Yoast SEO plugin. -->","yoast_head_json":{"title":"La serenidad de la realizaci\u00f3n de la A a la Z - Design Duval","description":"La serenidad de la realizaci\u00f3n de la A a la Z - Design Duval","robots":{"index":"index","follow":"follow","max-snippet":"max-snippet:-1","max-image-preview":"max-image-preview:large","max-video-preview":"max-video-preview:-1"},"canonical":"https:\/\/www.design-duval.com\/es\/nuestro-adn\/la-serenite-de-la-realisation-de-a-a-z\/","og_locale":"es_ES","og_type":"article","og_title":"La serenidad de la realizaci\u00f3n de la A a la Z - Design Duval","og_description":"La serenidad de la realizaci\u00f3n de la A a la Z - Design Duval","og_url":"https:\/\/www.design-duval.com\/es\/nuestro-adn\/la-serenite-de-la-realisation-de-a-a-z\/","og_site_name":"Design Duval","article_modified_time":"2021-02-05T11:02:00+00:00","twitter_card":"summary","twitter_misc":{"Tiempo de lectura":"4 minutos"},"schema":{"@context":"https:\/\/schema.org","@graph":[{"@type":"WebPage","@id":"https:\/\/www.design-duval.com\/es\/nuestro-adn\/la-serenite-de-la-realisation-de-a-a-z\/","url":"https:\/\/www.design-duval.com\/es\/nuestro-adn\/la-serenite-de-la-realisation-de-a-a-z\/","name":"La serenidad de la realizaci\u00f3n de la A a la Z - Design Duval","isPartOf":{"@id":"https:\/\/www.design-duval.com\/es\/#website"},"datePublished":"2019-08-28T15:11:36+00:00","dateModified":"2021-02-05T11:02:00+00:00","description":"La serenidad de la realizaci\u00f3n de la A a la Z - Design Duval","breadcrumb":{"@id":"https:\/\/www.design-duval.com\/es\/nuestro-adn\/la-serenite-de-la-realisation-de-a-a-z\/#breadcrumb"},"inLanguage":"es","potentialAction":[{"@type":"ReadAction","target":["https:\/\/www.design-duval.com\/es\/nuestro-adn\/la-serenite-de-la-realisation-de-a-a-z\/"]}]},{"@type":"BreadcrumbList","@id":"https:\/\/www.design-duval.com\/es\/nuestro-adn\/la-serenite-de-la-realisation-de-a-a-z\/#breadcrumb","itemListElement":[{"@type":"ListItem","position":1,"name":"Accueil","item":"https:\/\/www.design-duval.com\/es\/"},{"@type":"ListItem","position":2,"name":"Nuestro ADN","item":"https:\/\/www.design-duval.com\/es\/nuestro-adn\/"},{"@type":"ListItem","position":3,"name":"La serenidad de la realizaci\u00f3n de la A a la Z"}]},{"@type":"WebSite","@id":"https:\/\/www.design-duval.com\/es\/#website","url":"https:\/\/www.design-duval.com\/es\/","name":"Design Duval","description":"","publisher":{"@id":"https:\/\/www.design-duval.com\/es\/#organization"},"potentialAction":[{"@type":"SearchAction","target":{"@type":"EntryPoint","urlTemplate":"https:\/\/www.design-duval.com\/es\/?s={search_term_string}"},"query-input":"required name=search_term_string"}],"inLanguage":"es"},{"@type":"Organization","@id":"https:\/\/www.design-duval.com\/es\/#organization","name":"Design duval","url":"https:\/\/www.design-duval.com\/es\/","sameAs":[],"logo":{"@type":"ImageObject","inLanguage":"es","@id":"https:\/\/www.design-duval.com\/es\/#\/schema\/logo\/image\/","url":"https:\/\/www.design-duval.com\/wp-content\/uploads\/2020\/09\/LOGO-DD-DN-web.jpg","contentUrl":"https:\/\/www.design-duval.com\/wp-content\/uploads\/2020\/09\/LOGO-DD-DN-web.jpg","width":614,"height":460,"caption":"Design duval"},"image":{"@id":"https:\/\/www.design-duval.com\/es\/#\/schema\/logo\/image\/"}}]}},"_links":{"self":[{"href":"https:\/\/www.design-duval.com\/es\/wp-json\/wp\/v2\/pages\/16609"}],"collection":[{"href":"https:\/\/www.design-duval.com\/es\/wp-json\/wp\/v2\/pages"}],"about":[{"href":"https:\/\/www.design-duval.com\/es\/wp-json\/wp\/v2\/types\/page"}],"author":[{"embeddable":true,"href":"https:\/\/www.design-duval.com\/es\/wp-json\/wp\/v2\/users\/12"}],"replies":[{"embeddable":true,"href":"https:\/\/www.design-duval.com\/es\/wp-json\/wp\/v2\/comments?post=16609"}],"version-history":[{"count":2,"href":"https:\/\/www.design-duval.com\/es\/wp-json\/wp\/v2\/pages\/16609\/revisions"}],"predecessor-version":[{"id":17707,"href":"https:\/\/www.design-duval.com\/es\/wp-json\/wp\/v2\/pages\/16609\/revisions\/17707"}],"up":[{"embeddable":true,"href":"https:\/\/www.design-duval.com\/es\/wp-json\/wp\/v2\/pages\/16597"}],"wp:attachment":[{"href":"https:\/\/www.design-duval.com\/es\/wp-json\/wp\/v2\/media?parent=16609"}],"curies":[{"name":"wp","href":"https:\/\/api.w.org\/{rel}","templated":true}]}}