{"id":16619,"date":"2016-10-27T16:53:43","date_gmt":"2016-10-27T14:53:43","guid":{"rendered":"https:\/\/www.design-duval.com\/qui-sommes-nous\/"},"modified":"2021-02-05T11:24:07","modified_gmt":"2021-02-05T10:24:07","slug":"quienes-somos","status":"publish","type":"page","link":"https:\/\/www.design-duval.com\/es\/quienes-somos\/","title":{"rendered":"\u00bfQui\u00e9nes somos?"},"content":{"rendered":"<p>Fundada en 1947 por el Sr. Duval, <strong>Design Duval<\/strong> es una empresa <strong>especializada en la creaci\u00f3n de soluciones completas y a medida para la presentaci\u00f3n de muestras, la protecci\u00f3n, la organizaci\u00f3n y el archivo de documentos y los embalajes promocionales. <\/strong>Nos dirigimos a profesionales de todos los sectores (automoci\u00f3n, banca, construcci\u00f3n, editorial, salud, cosm\u00e9tica&#8230;) que desean<strong> presentar sus productos y comunicar <\/strong>sobre su marca, para aumentar su notoriedad.<\/p>\n<p>&nbsp;<\/p>\n<h2>\u00bfQu\u00e9 encontrar\u00e1s en nuestra p\u00e1gina web?<\/h2>\n<p>\u00a1Estas p\u00e1ginas est\u00e1n destinadas sobre todo a inspirarte! Encontrar\u00e1s muchos ejemplos de creaciones en cada uno de nuestros 4 campos de especializaci\u00f3n:<\/p>\n<ul>\n<li><u><a href=\"https:\/\/www.design-duval.com\/es\/presentacion-fabricacion-muestras\/\">presentaci\u00f3n y fabricaci\u00f3n de muestras<\/a><\/u><\/li>\n<li><a href=\"https:\/\/www.design-duval.com\/es\/articulos-publicitarios-y-de-presentacion\/\"><u>productos publicitarios y de presentaci\u00f3n soldados o cosidos<\/u><\/a><\/li>\n<li><a href=\"https:\/\/www.design-duval.com\/es\/embalajes-promicionales\/\"><u>embalajes promocionales<\/u><\/a><\/li>\n<li><u><a href=\"https:\/\/www.design-duval.com\/es\/impresion-digital\/\">impresi\u00f3n digital<\/a>.<\/u><\/li>\n<\/ul>\n<p>Como somos <strong><u>especialistas en fabricaci\u00f3n a medida y bajo demanda<\/u><\/strong>,<a href=\"https:\/\/www.design-duval.com\/es\/\"><u> www.designduval.com<\/u><\/a> no es un portal de ventas on-line, ni un cat\u00e1logo de referencias. Si te gusta una de las creaciones presentadas o si tienes una idea,<a href=\"https:\/\/www.design-duval.com\/es\/contacto\/\"><u> \u00a1cont\u00e1ctanos!<\/u><\/a><\/p>\n<p>Tambi\u00e9n descubrir\u00e1s nuestros bastidores, con <a href=\"https:\/\/www.design-duval.com\/es\/quienes-somos\/materiales-procesados\/\">los materiales que transformamos<\/a> y los <u><a href=\"https:\/\/www.design-duval.com\/es\/quienes-somos\/procesos-de-fabricacion\/\">procesos t\u00e9cnicos<\/a><\/u> que utilizamos para fabricar tus productos.<\/p>\n<p>Desde aqu\u00ed,\u00a0 tambi\u00e9n\u00a0 puedes estar al d\u00eda de las <a href=\"https:\/\/www.design-duval.com\/es\/actualidades\/\">\u00faltimas noticias sobre Design Duval<\/a> y las industrias para las que trabajamos.<\/p>\n<p>Finalmente, si te gustan las historias hermosas, con pasi\u00f3n y vueltas y revueltas, qu\u00e9date un poco m\u00e1s y d\u00e9janos contarte la nuestra&#8230;<\/p>\n","protected":false},"excerpt":{"rendered":"<p>Fundada en 1947 por el Sr. Duval, Design Duval es una empresa especializada en la creaci\u00f3n de soluciones completas y a medida para la presentaci\u00f3n de muestras, la protecci\u00f3n, la organizaci\u00f3n y el archivo de documentos y los embalajes promocionales. Nos dirigimos a profesionales de todos los sectores (automoci\u00f3n, banca, construcci\u00f3n, editorial, salud, cosm\u00e9tica&#8230;) que [&hellip;]<\/p>\n","protected":false},"author":9,"featured_media":15521,"parent":0,"menu_order":0,"comment_status":"closed","ping_status":"closed","template":"","meta":[],"yoast_head":"<!-- This site is optimized with the Yoast SEO plugin v19.6.1 - https:\/\/yoast.com\/wordpress\/plugins\/seo\/ -->\n<title>\u00bfQui\u00e9nes somos? - Design Duval<\/title>\n<meta name=\"description\" content=\"\u00bfQui\u00e9nes somos? - Design Duval\" \/>\n<meta name=\"robots\" content=\"index, follow, max-snippet:-1, max-image-preview:large, max-video-preview:-1\" \/>\n<link rel=\"canonical\" href=\"https:\/\/www.design-duval.com\/es\/quienes-somos\/\" \/>\n<meta property=\"og:locale\" content=\"es_ES\" \/>\n<meta property=\"og:type\" content=\"article\" \/>\n<meta property=\"og:title\" content=\"\u00bfQui\u00e9nes somos? - Design Duval\" \/>\n<meta property=\"og:description\" content=\"\u00bfQui\u00e9nes somos? - Design Duval\" \/>\n<meta property=\"og:url\" content=\"https:\/\/www.design-duval.com\/es\/quienes-somos\/\" \/>\n<meta property=\"og:site_name\" content=\"Design Duval\" \/>\n<meta property=\"article:modified_time\" content=\"2021-02-05T10:24:07+00:00\" \/>\n<meta property=\"og:image\" content=\"https:\/\/www.design-duval.com\/wp-content\/uploads\/2020\/01\/36-3.jpg\" \/>\n\t<meta property=\"og:image:width\" content=\"1900\" \/>\n\t<meta property=\"og:image:height\" content=\"1300\" \/>\n\t<meta property=\"og:image:type\" content=\"image\/jpeg\" \/>\n<meta name=\"twitter:card\" content=\"summary\" \/>\n<meta name=\"twitter:label1\" content=\"Tiempo de lectura\" \/>\n\t<meta name=\"twitter:data1\" content=\"1 minuto\" \/>\n<script type=\"application\/ld+json\" class=\"yoast-schema-graph\">{\"@context\":\"https:\/\/schema.org\",\"@graph\":[{\"@type\":\"WebPage\",\"@id\":\"https:\/\/www.design-duval.com\/es\/quienes-somos\/\",\"url\":\"https:\/\/www.design-duval.com\/es\/quienes-somos\/\",\"name\":\"\u00bfQui\u00e9nes somos? - Design Duval\",\"isPartOf\":{\"@id\":\"https:\/\/www.design-duval.com\/es\/#website\"},\"datePublished\":\"2016-10-27T14:53:43+00:00\",\"dateModified\":\"2021-02-05T10:24:07+00:00\",\"description\":\"\u00bfQui\u00e9nes somos? - Design Duval\",\"breadcrumb\":{\"@id\":\"https:\/\/www.design-duval.com\/es\/quienes-somos\/#breadcrumb\"},\"inLanguage\":\"es\",\"potentialAction\":[{\"@type\":\"ReadAction\",\"target\":[\"https:\/\/www.design-duval.com\/es\/quienes-somos\/\"]}]},{\"@type\":\"BreadcrumbList\",\"@id\":\"https:\/\/www.design-duval.com\/es\/quienes-somos\/#breadcrumb\",\"itemListElement\":[{\"@type\":\"ListItem\",\"position\":1,\"name\":\"Accueil\",\"item\":\"https:\/\/www.design-duval.com\/es\/\"},{\"@type\":\"ListItem\",\"position\":2,\"name\":\"\u00bfQui\u00e9nes somos?\"}]},{\"@type\":\"WebSite\",\"@id\":\"https:\/\/www.design-duval.com\/es\/#website\",\"url\":\"https:\/\/www.design-duval.com\/es\/\",\"name\":\"Design Duval\",\"description\":\"\",\"publisher\":{\"@id\":\"https:\/\/www.design-duval.com\/es\/#organization\"},\"potentialAction\":[{\"@type\":\"SearchAction\",\"target\":{\"@type\":\"EntryPoint\",\"urlTemplate\":\"https:\/\/www.design-duval.com\/es\/?s={search_term_string}\"},\"query-input\":\"required name=search_term_string\"}],\"inLanguage\":\"es\"},{\"@type\":\"Organization\",\"@id\":\"https:\/\/www.design-duval.com\/es\/#organization\",\"name\":\"Design duval\",\"url\":\"https:\/\/www.design-duval.com\/es\/\",\"sameAs\":[],\"logo\":{\"@type\":\"ImageObject\",\"inLanguage\":\"es\",\"@id\":\"https:\/\/www.design-duval.com\/es\/#\/schema\/logo\/image\/\",\"url\":\"https:\/\/www.design-duval.com\/wp-content\/uploads\/2020\/09\/LOGO-DD-DN-web.jpg\",\"contentUrl\":\"https:\/\/www.design-duval.com\/wp-content\/uploads\/2020\/09\/LOGO-DD-DN-web.jpg\",\"width\":614,\"height\":460,\"caption\":\"Design duval\"},\"image\":{\"@id\":\"https:\/\/www.design-duval.com\/es\/#\/schema\/logo\/image\/\"}}]}<\/script>\n<!-- \/ Yoast SEO plugin. -->","yoast_head_json":{"title":"\u00bfQui\u00e9nes somos? - Design Duval","description":"\u00bfQui\u00e9nes somos? - Design Duval","robots":{"index":"index","follow":"follow","max-snippet":"max-snippet:-1","max-image-preview":"max-image-preview:large","max-video-preview":"max-video-preview:-1"},"canonical":"https:\/\/www.design-duval.com\/es\/quienes-somos\/","og_locale":"es_ES","og_type":"article","og_title":"\u00bfQui\u00e9nes somos? - Design Duval","og_description":"\u00bfQui\u00e9nes somos? - Design Duval","og_url":"https:\/\/www.design-duval.com\/es\/quienes-somos\/","og_site_name":"Design Duval","article_modified_time":"2021-02-05T10:24:07+00:00","og_image":[{"width":1900,"height":1300,"url":"https:\/\/www.design-duval.com\/wp-content\/uploads\/2020\/01\/36-3.jpg","type":"image\/jpeg"}],"twitter_card":"summary","twitter_misc":{"Tiempo de lectura":"1 minuto"},"schema":{"@context":"https:\/\/schema.org","@graph":[{"@type":"WebPage","@id":"https:\/\/www.design-duval.com\/es\/quienes-somos\/","url":"https:\/\/www.design-duval.com\/es\/quienes-somos\/","name":"\u00bfQui\u00e9nes somos? - Design Duval","isPartOf":{"@id":"https:\/\/www.design-duval.com\/es\/#website"},"datePublished":"2016-10-27T14:53:43+00:00","dateModified":"2021-02-05T10:24:07+00:00","description":"\u00bfQui\u00e9nes somos? - Design Duval","breadcrumb":{"@id":"https:\/\/www.design-duval.com\/es\/quienes-somos\/#breadcrumb"},"inLanguage":"es","potentialAction":[{"@type":"ReadAction","target":["https:\/\/www.design-duval.com\/es\/quienes-somos\/"]}]},{"@type":"BreadcrumbList","@id":"https:\/\/www.design-duval.com\/es\/quienes-somos\/#breadcrumb","itemListElement":[{"@type":"ListItem","position":1,"name":"Accueil","item":"https:\/\/www.design-duval.com\/es\/"},{"@type":"ListItem","position":2,"name":"\u00bfQui\u00e9nes somos?"}]},{"@type":"WebSite","@id":"https:\/\/www.design-duval.com\/es\/#website","url":"https:\/\/www.design-duval.com\/es\/","name":"Design Duval","description":"","publisher":{"@id":"https:\/\/www.design-duval.com\/es\/#organization"},"potentialAction":[{"@type":"SearchAction","target":{"@type":"EntryPoint","urlTemplate":"https:\/\/www.design-duval.com\/es\/?s={search_term_string}"},"query-input":"required name=search_term_string"}],"inLanguage":"es"},{"@type":"Organization","@id":"https:\/\/www.design-duval.com\/es\/#organization","name":"Design duval","url":"https:\/\/www.design-duval.com\/es\/","sameAs":[],"logo":{"@type":"ImageObject","inLanguage":"es","@id":"https:\/\/www.design-duval.com\/es\/#\/schema\/logo\/image\/","url":"https:\/\/www.design-duval.com\/wp-content\/uploads\/2020\/09\/LOGO-DD-DN-web.jpg","contentUrl":"https:\/\/www.design-duval.com\/wp-content\/uploads\/2020\/09\/LOGO-DD-DN-web.jpg","width":614,"height":460,"caption":"Design duval"},"image":{"@id":"https:\/\/www.design-duval.com\/es\/#\/schema\/logo\/image\/"}}]}},"_links":{"self":[{"href":"https:\/\/www.design-duval.com\/es\/wp-json\/wp\/v2\/pages\/16619"}],"collection":[{"href":"https:\/\/www.design-duval.com\/es\/wp-json\/wp\/v2\/pages"}],"about":[{"href":"https:\/\/www.design-duval.com\/es\/wp-json\/wp\/v2\/types\/page"}],"author":[{"embeddable":true,"href":"https:\/\/www.design-duval.com\/es\/wp-json\/wp\/v2\/users\/9"}],"replies":[{"embeddable":true,"href":"https:\/\/www.design-duval.com\/es\/wp-json\/wp\/v2\/comments?post=16619"}],"version-history":[{"count":2,"href":"https:\/\/www.design-duval.com\/es\/wp-json\/wp\/v2\/pages\/16619\/revisions"}],"predecessor-version":[{"id":17702,"href":"https:\/\/www.design-duval.com\/es\/wp-json\/wp\/v2\/pages\/16619\/revisions\/17702"}],"wp:featuredmedia":[{"embeddable":true,"href":"https:\/\/www.design-duval.com\/es\/wp-json\/wp\/v2\/media\/15521"}],"wp:attachment":[{"href":"https:\/\/www.design-duval.com\/es\/wp-json\/wp\/v2\/media?parent=16619"}],"curies":[{"name":"wp","href":"https:\/\/api.w.org\/{rel}","templated":true}]}}