{"id":16624,"date":"2019-11-18T09:34:51","date_gmt":"2019-11-18T08:34:51","guid":{"rendered":"https:\/\/www.design-duval.com\/qui-sommes-nous\/notre-histoire\/"},"modified":"2021-02-05T11:25:17","modified_gmt":"2021-02-05T10:25:17","slug":"nuestra-historia","status":"publish","type":"page","link":"https:\/\/www.design-duval.com\/es\/quienes-somos\/nuestra-historia\/","title":{"rendered":"Nuestra historia"},"content":{"rendered":"<div id=\"attachment_4864\" style=\"width: 810px\" class=\"wp-caption aligncenter\"><img aria-describedby=\"caption-attachment-4864\" loading=\"lazy\" class=\"wp-image-4864\" src=\"https:\/\/www.design-duval.com\/wp-content\/uploads\/2020\/01\/13-2-1-455x265.jpg\" alt=\"Qui\u00e9nes somos - nuestra historia\" width=\"800\" height=\"426\" srcset=\"https:\/\/www.design-duval.com\/wp-content\/uploads\/2020\/01\/13-2-1-768x409.jpg 768w, https:\/\/www.design-duval.com\/wp-content\/uploads\/2020\/01\/13-2-1-1500x799.jpg 1500w, https:\/\/www.design-duval.com\/wp-content\/uploads\/2020\/01\/13-2-1-620x330.jpg 620w, https:\/\/www.design-duval.com\/wp-content\/uploads\/2020\/01\/13-2-1.jpg 1539w\" sizes=\"(max-width: 800px) 100vw, 800px\" \/><p id=\"caption-attachment-4864\" class=\"wp-caption-text\">No\u00ebl, CEO<\/p><\/div>\n<p>&nbsp;<\/p>\n<p>Aunque <strong>Design Duval<\/strong> se llama Design Duval desde 2012, la empresa existe desde <strong>1947<\/strong>. Marcada por los avances tecnol\u00f3gicos y las grandes innovaciones, esta larga historia es tambi\u00e9n la de una cultura empresarial construida sobre valores inmutables y una ambici\u00f3n constante: <strong>crear soluciones completas, de alta calidad y totalmente a medida.<\/strong><\/p>\n<p><strong>\u00a0<\/strong><\/p>\n<h2>Una aventura industrial y humana<\/h2>\n<p><strong>Design Duval <\/strong>es el fruto de una aventura humana e industrial \u00fanica, que ha visto la metamorfosis de <strong>un peque\u00f1o taller de sastrer\u00eda y marroquiner\u00eda<\/strong> en una mediana empresa familiar que hoy exporta a nivel internacional. Fundada en Redon en 1947 bajo el nombre de <strong>Plastiques Duval<\/strong>, la compa\u00f1\u00eda tiene ahora 50 empleados que contribuyen cada d\u00eda a la satisfacci\u00f3n de nuestros clientes.<\/p>\n<p>&nbsp;<\/p>\n<h2>Del taller de costura de art\u00edculos de cuero a la soldadura de alta frecuencia<\/h2>\n<p>Ya a principios de los a\u00f1os 60, el Sr. Duval, un empresario con visi\u00f3n de futuro, comenz\u00f3 a trabajar en <strong>la soldadura de alta frecuencia<\/strong>. Una gran innovaci\u00f3n, en Francia, en aquel\u00a0 momento. La empresa sigui\u00f3 produciendo <strong>peque\u00f1os art\u00edculos de marroquiner\u00eda (estuches, maletines, carpetas&#8230;),<\/strong> pero se reinvent\u00f3 en t\u00e9rminos de materiales, pasando del <strong>cuero al PVC.<\/strong><\/p>\n<p><a href=\"https:\/\/www.design-duval.com\/es\/articulos-publicitarios-y-de-presentacion\/\"><u>Descubre nuestro campo de especializaci\u00f3n \u00abArt\u00edculos publicitarios y de presentaci\u00f3n soldados y cosidos \u00ab.<\/u><\/a><\/p>\n<p>&nbsp;<\/p>\n<h2>Los a\u00f1os 80: fuera del molde<\/h2>\n<p>Un buen d\u00eda, un fiel cliente de la <strong>industria editorial, <\/strong>para el que sol\u00edamos hacer <strong>tapas de PVC para libros,<\/strong> nos encarg\u00f3\u00a0 hacer una<strong> caja\u00a0para presentar un libro y un cassette de audio<\/strong>. <strong>Pionero en Francia de la soldadura de alta frecuencia<\/strong>, aceptamos el reto y nos equipamos con m\u00e1quinas de termoconformado. La misi\u00f3n es un \u00e9xito. Mejor a\u00fan, es el primer paso hacia<strong> una de nuestras grandes especialidades: \u00a1la combinaci\u00f3n de materiales y t\u00e9cnicas!<\/strong><\/p>\n<p><strong>Al combinar la soldadura de alta frecuencia y el termoconformado<\/strong>, ofrecemos una <strong>experiencia \u00fanica.<\/strong> Esto fue en 1980. Ampliamos nuestra oferta \u00a0y buscamos nuevos grupos objetivo dando as\u00ed nacimiento<strong> a una actividad completamente nueva<\/strong> que nunca dejamos de perfeccionar.<\/p>\n<p>&nbsp;<\/p>\n<h2>Los a\u00f1os 90: el crecimiento al servicio de la innovaci\u00f3n<\/h2>\n<p>En 1992, la empresa fue adquirida por la familia M\u00e9lois. Esta fue una oportunidad para que <strong>Plastiques Duval<\/strong> creara su <strong>propio estudio de dise\u00f1o<\/strong>\u00a0 con el fin de proporcionar respuestas cada vez m\u00e1s creativas y completamente a medida a sus clientes.<\/p>\n<p>La creciente demanda de un servicio completo para nuestras <strong>soluciones de presentaci\u00f3n de muestras<\/strong> llev\u00f3 a la creaci\u00f3n de <strong>Saint-Jacut Conditionnement <\/strong>en 1999: una divisi\u00f3n dedicada exclusivamente a la <strong>fabricaci\u00f3n de muestras<\/strong>. Hoy en d\u00eda, la empresa cuenta con <strong>un know-how de la m\u00e1s alta calidad en la fabricaci\u00f3n, el corte, la manipulaci\u00f3n y la colocaci\u00f3n de muestras y maquetas para la industria de la construcci\u00f3n.<\/strong><\/p>\n<p>El <strong>servicio completo<\/strong> se convierte desde entonces en nuestra punta de lanza. Hoy en d\u00eda, nos ha hecho famosos en toda Europa.<\/p>\n<p><a href=\"https:\/\/www.design-duval.com\/es\/presentacion-fabricacion-muestras\/\"><u>Descubre nuestro campo de especializaci\u00f3n \u00bb Presentaci\u00f3n y fabricaci\u00f3n y de muestras\u00bb.<\/u><\/a><\/p>\n<p><u>\u00a0<\/u><\/p>\n<h2>El cambio de siglo: primeros pasos en el escenario internacional<\/h2>\n<p>Gracias a nuestra experiencia en Francia, comenzamos a <strong>exportar nuestros muestrarios con servicio completo<\/strong> (realizaci\u00f3n de las muestras), a Espa\u00f1a a partir del a\u00f1o\u00a0 2000 y en 2004 tambi\u00e9n al norte de Europa.<\/p>\n<p>El norte de Europa ya est\u00e1 surfeando la ola de los <strong>materiales naturales<\/strong> y prefiere los productos de <strong>cart\u00f3n<\/strong> a las soluciones de <strong>PVC<\/strong>.<\/p>\n<p>No importa. Escuchamos a nuestros clientes y nos diversificamos una vez m\u00e1s. Sabemos que\u00a0 esta capacidad de renovarnos constantemente es\u00a0 lo que nos impulsa. \u00a0Y esto nos permite consolidar y desarrollar continuamente nuestro know how y nuestras relaciones con los clientes.<\/p>\n<p>&nbsp;<\/p>\n<h2><a id=\"China\"><\/a>2005: Vuelta a las ra\u00edces<\/h2>\n<p>Al mismo tiempo, <strong>la industria automovil\u00edstica <\/strong>(uno de nuestros principales mercados) se est\u00e1 alejando cada vez m\u00e1s de las <strong>carpetas de bit\u00e1cora con bordes soldados<\/strong> para pasar a los <strong>bolsillos de imitaci\u00f3n de cuero cosidos<\/strong> en los pa\u00edses asi\u00e1ticos. Esto es un duro golpe para toda la industria.<\/p>\n<p>Pero por nuestra parte, no nos estamos rindiendo. Para no perder nuestros clientes y seguir siendo competitivos, nos arriesgamos a dar un paso hacia lo desconocido en 2005 y mandamos <strong>fabricar nuestros art\u00edculos de cuero cosido<\/strong> en Asia. La concepci\u00f3n de estos art\u00edculos promocionales y bolsas cosidos seguir\u00e1 siendo hecha por<strong> nuestro estudio de dise\u00f1adores <\/strong>aqu\u00ed en Breta\u00f1a y aqu\u00ed tambi\u00e9n ofrecemos muchos <a href=\"https:\/\/www.design-duval.com\/es\/embalajes-promicionales-servicios\/\">servicios adicionales<\/a> (<strong>almacenamiento con entrega a la demanda, envasado&#8230;<\/strong>).<\/p>\n<p><strong>\u00a0<\/strong>\u00a1Esta dif\u00edcil decisi\u00f3n de subcontratar la costura de nuestro material publicitarion no se hace bajo ninguna condici\u00f3n! La costura es algo que conocemos, es nuestro origen. Por lo tanto, hacemos una selecci\u00f3n dr\u00e1stica y encontramos la perla rara, <strong>el socio ideal<\/strong>:<strong> \u00e9tica irreprochable y <a href=\"https:\/\/www.design-duval.com\/es\/nuestro-adn\/compromiso-con-la-calidad\/\">calidad ejemplar<\/a><\/strong>. Delegamos en una persona para <strong>asegurar el control de calidad permanente y la supervisi\u00f3n de la producci\u00f3n en todo momento. <\/strong>Estar in situ es una verdadera ventaja.<\/p>\n<p>Por lo tanto, en 2011\u00a0\u00a0 creamos nuestra <strong>filial Duval Trading en Hong Kong. <\/strong>Y poco a poco <strong>desarrollamos art\u00edculos promocionales cosidos a medida<\/strong> para otras industrias:<\/p>\n<ul>\n<li><strong>neceseres y bolsas promocionales <\/strong>para la industria cosm\u00e9tica, minorista y petrolera,<\/li>\n<li><strong>carpetas de alta gama, agendas de trabajo\u00a0 y paquetes de bienvenida cosidos <\/strong>para el sector de la formaci\u00f3n, hoteles, bancos, etc.<\/li>\n<\/ul>\n<p><a href=\"https:\/\/www.design-duval.com\/es\/embalajes-promicionales\/\"><u>Descubre nuestro campo de especializaci\u00f3n \u00bb Embalajes promocionales\u00bb.<\/u><\/a><\/p>\n<p>&nbsp;<\/p>\n<h2>2012: Nuevo nombre, m\u00e1s innovaciones, pero un ADN inalterado<\/h2>\n<p>A lo largo de los a\u00f1os,<strong> Plastiques Duval<\/strong> ha diversificado sus actividades, sin por ello comprometer sus valores fundamentales: la <strong>creaci\u00f3n y la producci\u00f3n de productos de presentaci\u00f3n de alta calidad, hechos a medida y con un servicio completo<\/strong>. 65 a\u00f1os despu\u00e9s de su creaci\u00f3n, Plastiques Duval ofrece una rara, por no decir \u00fanica, <strong>combinaci\u00f3n de materiales y tecnolog\u00edas<\/strong>. El cambio de nombre <strong>a Design Duval<\/strong> en 2012 es una consecuencia l\u00f3gica y natural &#8211; un nombre que promete a\u00fan m\u00e1s creatividad, tecnicidad y orientaci\u00f3n al cliente.<\/p>\n<p>&nbsp;<\/p>\n<h2>2014: la revoluci\u00f3n digital<\/h2>\n<p>Y\u00a0 para ilustrar esta renovaci\u00f3n, dos a\u00f1os despu\u00e9s instalamos en nuestra planta de producci\u00f3n&#8230; \u00a1<strong>una impresora digital de \u00faltima generaci\u00f3n<\/strong>!<\/p>\n<p>Desde hace varios a\u00f1os, hemos ido m\u00e1s all\u00e1 del mero papel de\u00a0 fabricante a\u00f1adiendo, -adem\u00e1s <a href=\"https:\/\/www.design-duval.com\/es\/nuestro-adn\/la-serenite-de-la-realisation-de-a-a-z\/\">de la <u>consultor\u00eda y la creaci\u00f3n- la propuesta de servicios complementarios <\/u><\/a>a nuestra oferta. Para poder ofrecer la <strong>personalizaci\u00f3n de las gamas a la demanda<\/strong>\u00a0 estamos invirtiendo en una<strong> impresora digital de gran formato.<\/strong><\/p>\n<p><strong>Impresi\u00f3n en peque\u00f1as series, impresi\u00f3n directa en soportes gruesos, creaci\u00f3n de prototipos<\/strong>&#8230; esta peque\u00f1a joya tecnol\u00f3gica pronto nos permitir\u00e1 desarrollar una cuarta \u00e1rea de especializaci\u00f3n: <strong>la impresi\u00f3n digital <\/strong>para el<strong> servicio completo de tus proyectos POS, exposiciones, paneles impresos, etc.<\/strong><\/p>\n<p><a href=\"https:\/\/www.design-duval.com\/es\/impresion-digital\/\"><u>Descubre nuestro campo de especializaci\u00f3n \u00abImpresi\u00f3n digital\u00bb.<\/u><\/a><\/p>\n<p>&nbsp;<\/p>\n<h2>2017: la continuidad est\u00e1 asegurada<\/h2>\n<p>Despu\u00e9s de 25 a\u00f1os de buenos y leales servicios, Madame M\u00e9lois, entonces \u00fanica accionista de <strong>Design Duval<\/strong>, decidi\u00f3 jubilarse. Con el fin de preservar el <strong>car\u00e1cter humano y familiar<\/strong> de la empresa, decidi\u00f3 vender las acciones de la empresa en diciembre de 2017 a <strong>No\u00ebl Colineaux <\/strong>(Director General) e <strong>Ivan Lefeuvre <\/strong>(representante comercial de Key Accounts France): dos empleados de larga trayectoria, que se impregnaron del ADN de <strong>Design Duval<\/strong> y fueron apoyados por todo el equipo.<\/p>\n<p>&nbsp;<\/p>\n<h2>2019: \u00a1Siempre en movimiento!<\/h2>\n<p>Con el fin de optimizar los procesos, la comunicaci\u00f3n interna y la polivalencia de los equipos, <strong>Design Duval <\/strong>y<strong> Saint-Jacut Conditionnement<\/strong> se reunir\u00e1n en mayo de 2019 en el mismo lugar, en Sainte-Marie (35).<\/p>\n<p>Como <strong>Saint-Jacut Conditionnement<\/strong> ya no se encuentra en Saint-Jacut, la empresa pasa a llamarse <strong>Duval Nuanciers<\/strong>.<\/p>\n<p>Esta integraci\u00f3n es tambi\u00e9n una oportunidad para:<\/p>\n<ul>\n<li>dar\u00a0 un cambio de imagen a la empresa\u00a0 con una <a href=\"https:\/\/www.design-duval.com\/es\/nueva-pagina-web\/\">nueva p\u00e1gina\u00a0 web y un nuevo logotipo,<\/a><\/li>\n<li>afirmar nuestros valores y <strong><a href=\"https:\/\/www.design-duval.com\/es\/nuestro-adn\/\">nuestro ADN<\/a><u>,<\/u><\/strong><\/li>\n<li>escucharte a\u00fan m\u00e1s y considerar proactivamente tus necesidades,<\/li>\n<li>hacer realidad tus proyectos m\u00e1s locos, siempre estamos a tu lado!<\/li>\n<\/ul>\n<p>&nbsp;<\/p>\n<p>Para seguir&#8230;<\/p>\n","protected":false},"excerpt":{"rendered":"<p>&nbsp; Aunque Design Duval se llama Design Duval desde 2012, la empresa existe desde 1947. Marcada por los avances tecnol\u00f3gicos y las grandes innovaciones, esta larga historia es tambi\u00e9n la de una cultura empresarial construida sobre valores inmutables y una ambici\u00f3n constante: crear soluciones completas, de alta calidad y totalmente a medida. \u00a0 Una aventura [&hellip;]<\/p>\n","protected":false},"author":16,"featured_media":0,"parent":16619,"menu_order":0,"comment_status":"closed","ping_status":"closed","template":"","meta":[],"yoast_head":"<!-- This site is optimized with the Yoast SEO plugin v19.6.1 - https:\/\/yoast.com\/wordpress\/plugins\/seo\/ -->\n<title>Nuestra historia - Design Duval<\/title>\n<meta name=\"description\" content=\"Nuestra historia - Design Duval\" \/>\n<meta name=\"robots\" content=\"index, follow, max-snippet:-1, max-image-preview:large, max-video-preview:-1\" \/>\n<link rel=\"canonical\" href=\"https:\/\/www.design-duval.com\/es\/quienes-somos\/nuestra-historia\/\" \/>\n<meta property=\"og:locale\" content=\"es_ES\" \/>\n<meta property=\"og:type\" content=\"article\" \/>\n<meta property=\"og:title\" content=\"Nuestra historia - Design Duval\" \/>\n<meta property=\"og:description\" content=\"Nuestra historia - Design Duval\" \/>\n<meta property=\"og:url\" content=\"https:\/\/www.design-duval.com\/es\/quienes-somos\/nuestra-historia\/\" \/>\n<meta property=\"og:site_name\" content=\"Design Duval\" \/>\n<meta property=\"article:modified_time\" content=\"2021-02-05T10:25:17+00:00\" \/>\n<meta property=\"og:image\" content=\"https:\/\/www.design-duval.com\/wp-content\/uploads\/2020\/01\/13-2-1-455x265.jpg\" \/>\n<meta name=\"twitter:card\" content=\"summary\" \/>\n<meta name=\"twitter:label1\" content=\"Tiempo de lectura\" \/>\n\t<meta name=\"twitter:data1\" content=\"7 minutos\" \/>\n<script type=\"application\/ld+json\" class=\"yoast-schema-graph\">{\"@context\":\"https:\/\/schema.org\",\"@graph\":[{\"@type\":\"WebPage\",\"@id\":\"https:\/\/www.design-duval.com\/es\/quienes-somos\/nuestra-historia\/\",\"url\":\"https:\/\/www.design-duval.com\/es\/quienes-somos\/nuestra-historia\/\",\"name\":\"Nuestra historia - Design Duval\",\"isPartOf\":{\"@id\":\"https:\/\/www.design-duval.com\/es\/#website\"},\"datePublished\":\"2019-11-18T08:34:51+00:00\",\"dateModified\":\"2021-02-05T10:25:17+00:00\",\"description\":\"Nuestra historia - Design Duval\",\"breadcrumb\":{\"@id\":\"https:\/\/www.design-duval.com\/es\/quienes-somos\/nuestra-historia\/#breadcrumb\"},\"inLanguage\":\"es\",\"potentialAction\":[{\"@type\":\"ReadAction\",\"target\":[\"https:\/\/www.design-duval.com\/es\/quienes-somos\/nuestra-historia\/\"]}]},{\"@type\":\"BreadcrumbList\",\"@id\":\"https:\/\/www.design-duval.com\/es\/quienes-somos\/nuestra-historia\/#breadcrumb\",\"itemListElement\":[{\"@type\":\"ListItem\",\"position\":1,\"name\":\"Accueil\",\"item\":\"https:\/\/www.design-duval.com\/es\/\"},{\"@type\":\"ListItem\",\"position\":2,\"name\":\"\u00bfQui\u00e9nes somos?\",\"item\":\"https:\/\/www.design-duval.com\/es\/quienes-somos\/\"},{\"@type\":\"ListItem\",\"position\":3,\"name\":\"Nuestra historia\"}]},{\"@type\":\"WebSite\",\"@id\":\"https:\/\/www.design-duval.com\/es\/#website\",\"url\":\"https:\/\/www.design-duval.com\/es\/\",\"name\":\"Design Duval\",\"description\":\"\",\"publisher\":{\"@id\":\"https:\/\/www.design-duval.com\/es\/#organization\"},\"potentialAction\":[{\"@type\":\"SearchAction\",\"target\":{\"@type\":\"EntryPoint\",\"urlTemplate\":\"https:\/\/www.design-duval.com\/es\/?s={search_term_string}\"},\"query-input\":\"required name=search_term_string\"}],\"inLanguage\":\"es\"},{\"@type\":\"Organization\",\"@id\":\"https:\/\/www.design-duval.com\/es\/#organization\",\"name\":\"Design duval\",\"url\":\"https:\/\/www.design-duval.com\/es\/\",\"sameAs\":[],\"logo\":{\"@type\":\"ImageObject\",\"inLanguage\":\"es\",\"@id\":\"https:\/\/www.design-duval.com\/es\/#\/schema\/logo\/image\/\",\"url\":\"https:\/\/www.design-duval.com\/wp-content\/uploads\/2020\/09\/LOGO-DD-DN-web.jpg\",\"contentUrl\":\"https:\/\/www.design-duval.com\/wp-content\/uploads\/2020\/09\/LOGO-DD-DN-web.jpg\",\"width\":614,\"height\":460,\"caption\":\"Design duval\"},\"image\":{\"@id\":\"https:\/\/www.design-duval.com\/es\/#\/schema\/logo\/image\/\"}}]}<\/script>\n<!-- \/ Yoast SEO plugin. -->","yoast_head_json":{"title":"Nuestra historia - Design Duval","description":"Nuestra historia - Design Duval","robots":{"index":"index","follow":"follow","max-snippet":"max-snippet:-1","max-image-preview":"max-image-preview:large","max-video-preview":"max-video-preview:-1"},"canonical":"https:\/\/www.design-duval.com\/es\/quienes-somos\/nuestra-historia\/","og_locale":"es_ES","og_type":"article","og_title":"Nuestra historia - Design Duval","og_description":"Nuestra historia - Design Duval","og_url":"https:\/\/www.design-duval.com\/es\/quienes-somos\/nuestra-historia\/","og_site_name":"Design Duval","article_modified_time":"2021-02-05T10:25:17+00:00","og_image":[{"url":"https:\/\/www.design-duval.com\/wp-content\/uploads\/2020\/01\/13-2-1-455x265.jpg"}],"twitter_card":"summary","twitter_misc":{"Tiempo de lectura":"7 minutos"},"schema":{"@context":"https:\/\/schema.org","@graph":[{"@type":"WebPage","@id":"https:\/\/www.design-duval.com\/es\/quienes-somos\/nuestra-historia\/","url":"https:\/\/www.design-duval.com\/es\/quienes-somos\/nuestra-historia\/","name":"Nuestra historia - Design Duval","isPartOf":{"@id":"https:\/\/www.design-duval.com\/es\/#website"},"datePublished":"2019-11-18T08:34:51+00:00","dateModified":"2021-02-05T10:25:17+00:00","description":"Nuestra historia - Design Duval","breadcrumb":{"@id":"https:\/\/www.design-duval.com\/es\/quienes-somos\/nuestra-historia\/#breadcrumb"},"inLanguage":"es","potentialAction":[{"@type":"ReadAction","target":["https:\/\/www.design-duval.com\/es\/quienes-somos\/nuestra-historia\/"]}]},{"@type":"BreadcrumbList","@id":"https:\/\/www.design-duval.com\/es\/quienes-somos\/nuestra-historia\/#breadcrumb","itemListElement":[{"@type":"ListItem","position":1,"name":"Accueil","item":"https:\/\/www.design-duval.com\/es\/"},{"@type":"ListItem","position":2,"name":"\u00bfQui\u00e9nes somos?","item":"https:\/\/www.design-duval.com\/es\/quienes-somos\/"},{"@type":"ListItem","position":3,"name":"Nuestra historia"}]},{"@type":"WebSite","@id":"https:\/\/www.design-duval.com\/es\/#website","url":"https:\/\/www.design-duval.com\/es\/","name":"Design Duval","description":"","publisher":{"@id":"https:\/\/www.design-duval.com\/es\/#organization"},"potentialAction":[{"@type":"SearchAction","target":{"@type":"EntryPoint","urlTemplate":"https:\/\/www.design-duval.com\/es\/?s={search_term_string}"},"query-input":"required name=search_term_string"}],"inLanguage":"es"},{"@type":"Organization","@id":"https:\/\/www.design-duval.com\/es\/#organization","name":"Design duval","url":"https:\/\/www.design-duval.com\/es\/","sameAs":[],"logo":{"@type":"ImageObject","inLanguage":"es","@id":"https:\/\/www.design-duval.com\/es\/#\/schema\/logo\/image\/","url":"https:\/\/www.design-duval.com\/wp-content\/uploads\/2020\/09\/LOGO-DD-DN-web.jpg","contentUrl":"https:\/\/www.design-duval.com\/wp-content\/uploads\/2020\/09\/LOGO-DD-DN-web.jpg","width":614,"height":460,"caption":"Design duval"},"image":{"@id":"https:\/\/www.design-duval.com\/es\/#\/schema\/logo\/image\/"}}]}},"_links":{"self":[{"href":"https:\/\/www.design-duval.com\/es\/wp-json\/wp\/v2\/pages\/16624"}],"collection":[{"href":"https:\/\/www.design-duval.com\/es\/wp-json\/wp\/v2\/pages"}],"about":[{"href":"https:\/\/www.design-duval.com\/es\/wp-json\/wp\/v2\/types\/page"}],"author":[{"embeddable":true,"href":"https:\/\/www.design-duval.com\/es\/wp-json\/wp\/v2\/users\/16"}],"replies":[{"embeddable":true,"href":"https:\/\/www.design-duval.com\/es\/wp-json\/wp\/v2\/comments?post=16624"}],"version-history":[{"count":2,"href":"https:\/\/www.design-duval.com\/es\/wp-json\/wp\/v2\/pages\/16624\/revisions"}],"predecessor-version":[{"id":17703,"href":"https:\/\/www.design-duval.com\/es\/wp-json\/wp\/v2\/pages\/16624\/revisions\/17703"}],"up":[{"embeddable":true,"href":"https:\/\/www.design-duval.com\/es\/wp-json\/wp\/v2\/pages\/16619"}],"wp:attachment":[{"href":"https:\/\/www.design-duval.com\/es\/wp-json\/wp\/v2\/media?parent=16624"}],"curies":[{"name":"wp","href":"https:\/\/api.w.org\/{rel}","templated":true}]}}