{"id":16629,"date":"2019-09-04T21:01:16","date_gmt":"2019-09-04T19:01:16","guid":{"rendered":"https:\/\/www.design-duval.com\/qui-sommes-nous\/procedes-fabrication\/"},"modified":"2021-02-24T17:47:42","modified_gmt":"2021-02-24T16:47:42","slug":"procesos-de-fabricacion","status":"publish","type":"page","link":"https:\/\/www.design-duval.com\/es\/quienes-somos\/procesos-de-fabricacion\/","title":{"rendered":"Procesos de fabricaci\u00f3n"},"content":{"rendered":"<div id=\"attachment_4858\" style=\"width: 810px\" class=\"wp-caption aligncenter\"><img aria-describedby=\"caption-attachment-4858\" loading=\"lazy\" class=\"wp-image-4858\" src=\"https:\/\/www.design-duval.com\/wp-content\/uploads\/2020\/01\/31-2-1500x950.jpg\" alt=\"Design Duval - procesos de fabricaci\u00f3n\" width=\"800\" height=\"507\" \/><p id=\"caption-attachment-4858\" class=\"wp-caption-text\">Katia, confecci\u00f3n<\/p><\/div>\n<p>&nbsp;<\/p>\n<p>En continua\u00a0 evoluci\u00f3n,<strong> Design Duval<\/strong> se traslada a Sainte-Marie en 2019. En esta nueva planta de 7500 m\u00b2, hemos reunido nuestros dos sitios de producci\u00f3n para satisfacer la creciente demanda de nuestros clientes y para optimizar nuestros procesos. Estamos orgullosos de contar con un <strong>moderno y eficiente parque de m\u00e1quinas <\/strong>de soldadura, termoconformado, impresi\u00f3n, corte y montaje. <strong>M\u00e1s de 50 empleados competentes y reactivos son al servicio de la creaci\u00f3n y fabricaci\u00f3n de tu producto \u00abMade in France\u00bb.<\/strong><\/p>\n<p>Para <strong>producir tus materiales de presentaci\u00f3n de muestra<\/strong>s, <strong>embalajes promocionales y art\u00edculos de PVC soldados, <\/strong>utilizamos no menos de <strong>nueve t\u00e9cnicas diferentes de producci\u00f3n e impresi\u00f3n<\/strong>, ya sea por separado o en combinaci\u00f3n. La elecci\u00f3n de las t\u00e9cnicas se hace en funci\u00f3n de los requisitos vinculados a tu solicitud y a la utilizaci\u00f3n del producto final.<\/p>\n<p>&nbsp;<\/p>\n<h2><a id=\"texto\"><\/a>Nuestras t\u00e9cnicas de producci\u00f3n<\/h2>\n<h3><a id=\"soldadura-HF\"><\/a>Soldadura de alta frecuencia (HF)<\/h3>\n<p><strong>La soldadura de HF<\/strong> es un proceso de uni\u00f3n de dos o m\u00e1s l\u00e1minas termopl\u00e1sticas colocadas entre dos electrodos energizados a alta frecuencia. La zona donde se produce la\u00a0 soldadura reproduce la forma de la herramienta utilizada.<\/p>\n<p>Con el <a href=\"https:\/\/www.design-duval.com\/es\/quienes-somos\/materiales-procesados\/#PVC\">PVC<\/a> disponible en diferentes espesores, colores, texturas, granos, colores (incluso transparentes o transl\u00facidos) y que puede ser reforzado (cart\u00f3n, PP, madera&#8230;), <strong>la soldadura HF <\/strong>puede ser utilizada para producir una gran variedad de productos:<\/p>\n<ul>\n<li><a href=\"https:\/\/www.design-duval.com\/es\/producto\/cubiertas-de-pvc-para-libros\/\">tapas de agendas o libros<\/a><\/li>\n<li><a href=\"https:\/\/www.design-duval.com\/es\/articulos-publicitarios-y-de-presentacion\/?_sfm_categoria_de_productos=Portadocumentos%2C%20fundas%20y%20cubiertas\"><u>fundas de protecci\u00f3n<\/u><\/a><\/li>\n<li><a href=\"https:\/\/www.design-duval.com\/es\/articulos-publicitarios-y-de-presentacion\/?_sfm_categoria_de_productos=archivadores-revisteros-carpetas-congresos\"><u>archivadores y carpetas mixtas<\/u><\/a><\/li>\n<li><a href=\"https:\/\/www.design-duval.com\/es\/producto\/estuches-pvc-personalizados\/\"><u>estuches<\/u><\/a><\/li>\n<li>etc&#8230;<\/li>\n<\/ul>\n<p>Los <strong>productos soldados\u00a0 mediante\u00a0 alta frecuencia<\/strong> pueden ser totalmente personalizados:<\/p>\n<ul>\n<li>cortando formas simples o complejas,<\/li>\n<li>por impresi\u00f3n: offset, digital, serigraf\u00eda, estamping..,<\/li>\n<li>a\u00f1adiendo diferentes\u00a0 accesorios: cierre, ojal..,<\/li>\n<\/ul>\n<p>siempre con el objetivo de proporcionarte un <strong>producto \u00fanico y <a href=\"https:\/\/www.design-duval.com\/es\/nuestro-adn\/soluciones-a-medida\/\">totalmente hecho a medida<\/a>.<\/strong><\/p>\n<p>En <strong>Design Duval,<\/strong> precursor de la<strong> soldadura HF<\/strong> en Francia en los a\u00f1os 60, apreciamos este procedimiento por sus numerosas ventajas cualitativas (soldaduras r\u00e1pidas, no contaminantes, precisas, resistentes&#8230;) pero tambi\u00e9n por la dimensi\u00f3n innovadora que nos ofrece!<\/p>\n<p>La <strong>soldadura de HF<\/strong> tambi\u00e9n puede combinarse con el <strong>termoconformado <\/strong>para crear, por ejemplo,<a href=\"https:\/\/www.design-duval.com\/es\/presentacion-fabricacion-muestras\/?_sfm_categoria_de_productos=carpetas-muestrarios-catalogo-de-muestras-cajas-muestrarios-de-pvc\"><u> cajas y carpetas de presentaci\u00f3n de muestras.<\/u><\/a><\/p>\n<p>&nbsp;<\/p>\n<h3><a id=\"termoconformado\"><\/a>Termoconformado<\/h3>\n<p>El <strong>termoconformado<\/strong> consiste en crear un objeto 3D a partir de una l\u00e1mina de pl\u00e1stico utilizando calor, un sistema de vac\u00edo y herramientas. La forma as\u00ed reproducida en relieve permite presentar o fijar un producto.<\/p>\n<p>En Design Duval, usamos<strong> termoconformado de espesor fino <\/strong>con l\u00e1minas de PVC opacas o transparentes, en asociaci\u00f3n con <strong>soldadura HF,<\/strong> para crear <a href=\"https:\/\/www.design-duval.com\/es\/presentacion-fabricacion-muestras\/?_sfm_categoria_de_productos=carpetas-muestrarios-catalogo-de-muestras-cajas-muestrarios-de-pvc\">displays y cajas<\/a>.<\/p>\n<p>El<strong> termoconformado<\/strong> ofrece muchas ventajas:<\/p>\n<ul>\n<li>bajos costos de utillaje en comparaci\u00f3n con otras t\u00e9cnicas de procesamiento de pl\u00e1sticos, como la inyecci\u00f3n, por ejemplo (en algunos casos, el utillaje puede incluso reutilizarse y adaptarse a una posible evoluci\u00f3n),<\/li>\n<li>r\u00e1pido de implementar,<\/li>\n<li>adecuado para series peque\u00f1as y medianas.<\/li>\n<\/ul>\n<p>Tomamos la decisi\u00f3n de a\u00f1adir el<strong> termoconformado<\/strong> a nuestras diversas tecnolog\u00edas en los a\u00f1os 80 para satisfacer nuestras necesidades creativas. Este nuevo proceso nos permite as\u00ed aumentar nuestras posibilidades de producir <strong>productos de soporte de ventas,<\/strong> a costos razonables, con gran flexibilidad y m\u00e1xima reactividad.<\/p>\n<p>&nbsp;<\/p>\n<h3>Contracoloado \/ Forrado<\/h3>\n<p>El <strong>contracolado<\/strong> hace\u00a0 referencia\u00a0 al pegado de varias capas de papel y\/o cart\u00f3n. <strong>Design Duval<\/strong> produce <strong>art\u00edculos de presentaci\u00f3n y promoci\u00f3n<\/strong> de cart\u00f3n compacto contracolado y forrado con una hoja de papel.<\/p>\n<p>Papel impreso en cuatricrom\u00eda, papel creativo con textura, imitaci\u00f3n de cuero, imitaci\u00f3n de corcho&#8230; \u00a1las posibilidades son numerosas! La t\u00e9cnica de contracolar y forrar ofrece posibilidades casi infinitas para la personalizaci\u00f3n y el acabado de tus productos.<\/p>\n<p>En<strong> Design Duval<\/strong>, te ofrecemos:<\/p>\n<ul>\n<li>S\u00f3lo <strong>contracolar<\/strong>: se pega una hoja de papel\u00a0 en la parte delantera del cart\u00f3n. Por lo tanto, los bordes del cart\u00f3n son visibles. Este m\u00e9todo permite crear soportes r\u00edgidos con esquinas redondeadas, del grosor que se desee.<br \/>\nEjemplo de uso: la fabricaci\u00f3n de <a href=\"https:\/\/www.design-duval.com\/es\/produit\/carpeta-muestrario-para-morteros-minerales\/\">nidos de cart\u00f3n en un muestrario,<\/a> para proteger los bordes de muestras de revestimientos fr\u00e1giles.<\/li>\n<li><strong>Contracolar y forrar<\/strong>: la hoja de papel se pega en la parte delantera y cubre completamente los bordes del cart\u00f3n (\u00abenvuelve\u00bb el cart\u00f3n). Una hoja de guarda se pega en la parte posterior para un acabado perfecto. Este m\u00e9todo se utiliza para la fabricaci\u00f3n de las <strong>tapas\u00a0 exteriores de carpetas, muestrarios, cajas, maleta<\/strong>s&#8230; Tambi\u00e9n permite crear<strong> nidos para muestrarios <\/strong>de hasta 4 mm de grosor con esquinas cuadradas.<br \/>\nEjemplo de uso: la fabricaci\u00f3n de una <a href=\"https:\/\/www.design-duval.com\/es\/produit\/caja-carpeta-para-muestras-de-madera-decorativa\/\">carpeta mixta para la presentaci\u00f3n de muestras<\/a>.<\/li>\n<\/ul>\n<p>La <strong>t\u00e9cnica de contracolar y forrar<\/strong> est\u00e1 destinada a los profesionales que deseen crear muestrarios, carpetas, cajas, maletas, revisteros&#8230; resistentes y creativos. Encajar\u00e1 perfectamente en un proyecto con una fuerte dimensi\u00f3n ecol\u00f3gica o de presentaci\u00f3n de productos naturales.<\/p>\n<p>&nbsp;<\/p>\n<h3>Cortar y doblar el polipropileno (PP)<\/h3>\n<p>El <strong>plegado del polipropileno <\/strong>permite crear productos en volumen, en la forma que se desee: maletas, cajas, carpetas&#8230; Para ello, <strong>Design Duval<\/strong><\/p>\n<ul>\n<li>corta la hoja de PP a la forma deseada,<\/li>\n<li>la ranura para un pliegue perfecto,<\/li>\n<li>la ensambla por medio de enchufar, remachar, pegar&#8230;<\/li>\n<\/ul>\n<p>Esta t\u00e9cnica es apreciada por su bajo costo de herramientas y la creatividad del material utilizado. El <a href=\"https:\/\/www.design-duval.com\/es\/quienes-somos\/materiales-procesados\/#polipropileno\">polipropileno<\/a> puede ser impreso y completado con accesorios. Tambi\u00e9n est\u00e1 disponible en una variedad de colores. Disponible en opaco, transl\u00facido y transparente, el <strong>PP<\/strong> se presta a juegos de luz y transparencia. \u00a1Perfecto para dar un vistazo a tus productos y crear un efecto de suspenso!<\/p>\n<p>&nbsp;<\/p>\n<h2><a id=\"tecnicas-corte-pegado\"><\/a>Nuestras t\u00e9cnicas de corte y pegado<\/h2>\n<p>Para realizar tus proyectos de A a Z, disponemos de una <strong>multitud de equipos de corte de materias primas <\/strong>(espuma, Forex\u00ae, PP&#8230;)<strong> y de corte de muestras <\/strong>(aluminio, madera, revestimientos&#8230;):<\/p>\n<ul>\n<li>Corte CNC (fresado),<\/li>\n<li>sierras de diamante,<\/li>\n<li>cortadora de guillotina.<\/li>\n<\/ul>\n<p>Estas m\u00e1quinas, h\u00e1bilmente dirigidas por nuestro personal, nos permiten realizar todas las formas \u2013 desde las m\u00e1s simples hasta las m\u00e1s t\u00e9cnicas &#8211; con un acabado de calidad perfecta.<\/p>\n<p>A lo largo de los a\u00f1os tambi\u00e9n hemos adquirido <strong>mucha experiencia en el pegado<\/strong>. Un proceso que puede parecer trivial, pero que, sin embargo, requiere una serie de pasos que no deben descuidarse:<\/p>\n<ul>\n<li>selecci\u00f3n de la cola m\u00e1s adecuada para los materiales que se van a ensamblar (materiales que a menudo son completamente diferentes en cuanto a calidad, grosor, fragilidad&#8230; por ejemplo, una l\u00e1mina de imitaci\u00f3n de cuero sobre un soporte de cart\u00f3n o <a href=\"https:\/\/www.design-duval.com\/es\/produit\/caja-muestrario-original-de-pp\/\">una muestra de mortero \u00a0de cal sobre un separador de PP<\/a><u>),<\/u><\/li>\n<li>preparaci\u00f3n de la superficie para asegurar una \u00f3ptima adhesi\u00f3n,<\/li>\n<li>pegado de alta precisi\u00f3n con plantillas para asegurar un posicionamiento y alineaci\u00f3n precisos,<\/li>\n<li>prensado de las piezas a encolar mediante una prensa de riguroso montaje para obtener un encolado perfecto sin alteraci\u00f3n de los materiales.<\/li>\n<\/ul>\n<p>&nbsp;<\/p>\n<h2><a id=\"tecnicas-impresion\"><\/a>Nuestras t\u00e9cnicas de impresi\u00f3n<\/h2>\n<h3><a id=\"serigrafia\"><\/a>Serigraf\u00eda<\/h3>\n<p>La <strong>serigraf\u00eda <\/strong>es un <strong>proceso de impresi\u00f3n <\/strong>tradicional que consiste en grabar im\u00e1genes por medio de una pantalla de seda o tela met\u00e1lica muy fina. Recomendamos esta t\u00e9cnica para una impresi\u00f3n de uno o dos colores en.<\/p>\n<ul>\n<li>PVC suave (<strong>tapas, fundas para documentos, cubiertas para libros.<\/strong>..),<\/li>\n<li>PVC r\u00edgido (<strong>cajas, displays<\/strong>),<\/li>\n<li>PVC termoconformado (<strong>nidos en muestrarios<\/strong>),<\/li>\n<li>polipropileno (<strong>cajas, estuches, carpetas<\/strong>)<\/li>\n<\/ul>\n<p>o para la personalizaci\u00f3n de <strong>bolsas\u00a0 y kits<\/strong> en imitaci\u00f3n de cuero, nylon, EVA&#8230;<\/p>\n<p>La t\u00e9cnica de <strong>serigraf\u00eda<\/strong> se destaca por su variedad de medios, la durabilidad de sus colores y su costo relativamente bajo. Permite la aplicaci\u00f3n de un barniz protector. Tambi\u00e9n se puede utilizar para un efecto tono sobre tono.<\/p>\n<p>Para peque\u00f1as series o el uso de tres o cuatro colores, \u00a1descubre <a href=\"https:\/\/www.design-duval.com\/es\/quienes-somos\/procesos-de-fabricacion\/#impresion-digital\">la impresi\u00f3n digital<\/a>!<\/p>\n<p>&nbsp;<\/p>\n<h3>Impresi\u00f3n en tampograf\u00eda<\/h3>\n<p>La<strong> impresi\u00f3n tampogr\u00e1fica<\/strong> es un m\u00e9todo de impresi\u00f3n indirecta muy antiguo. Consiste en aplicar un patr\u00f3n con tamp\u00f3n de silicona o caucho impregnado de tinta en el\u00a0 <strong>objeto promocional<\/strong> a personalizar. Esta t\u00e9cnica ofrece una flexibilidad excepcional para decorar y marcar superficies de forma irregular en\u00a0 variedad de materiales. En<strong> Design Duval<\/strong>, tambi\u00e9n lo usamos para marcar muestras (aluminio, madera, etc.).<\/p>\n<p>La <strong>impresi\u00f3n tampogr\u00e1fica<\/strong> es apreciada por su velocidad y su\u00a0 bajo costo de implementaci\u00f3n.<\/p>\n<p>&nbsp;<\/p>\n<h3><a id=\"grabado-en-relieve\"><\/a>El grabado en relieve (o estamping)<\/h3>\n<p>El<strong> estampado <\/strong>puede ser usado para crear un patr\u00f3n elevado o empotrado. Se utiliza en materiales flexibles de cierto grosor (PVC expandido, EVA) y planos.<\/p>\n<p>Para acentuar el relieve o el hueco as\u00ed creado, <strong>Design Duval<\/strong> le ofrece la opci\u00f3n de a\u00f1adir un color. Ideal para poner tu logo o tu marca en tus<strong> carpetas, paquetes de bienvenida, bolsillos para los\u00a0 coches, agendas escolares, etc.<\/strong><\/p>\n<p>&nbsp;<\/p>\n<h3>Dorado<\/h3>\n<p>El <strong>dorado <\/strong>consiste en marcar un soporte aplicando una fina pel\u00edcula de oro o plata a la forma que se desee (logotipo, marca&#8230;). Particularmente utilizado en la <strong>personalizaci\u00f3n<\/strong> de <a href=\"https:\/\/www.design-duval.com\/es\/produit\/caja-muestrario-para-cartas-de-colores\/\">cajas y maletines de alta gama<\/a>, el <strong>dorado<\/strong> confiere un aspecto brillante y elegante a tu logo o texto. Es una excelente alternativa a la serigraf\u00eda.<\/p>\n<p>&nbsp;<\/p>\n<h3>Inyecci\u00f3n de tinta<\/h3>\n<p>La<strong> inyecci\u00f3n de tinta<\/strong> es un proceso de<strong> impresi\u00f3n <\/strong>sin contacto en el que se proyectan microgotas de tinta de las boquillas <strong>sobre el material\u00a0 a personalizar<\/strong>. Esta t\u00e9cnica, muy simple, permite una impresi\u00f3n ultrarr\u00e1pida para una productividad \u00f3ptima. Es ideal para <a href=\"https:\/\/www.design-duval.com\/es\/produit\/estuches-muestrario-juntas\/\"><u>marcar referencias en el reverso <\/u>de las muestras<\/a> (<strong>morteros, juntas de baldosas, suelos&#8230;<\/strong>) en materiales duros:<\/p>\n<ul>\n<li>aluminio<\/li>\n<li>Forex\u00ae<\/li>\n<li>PVC moldeado por inyecci\u00f3n<\/li>\n<li>etc&#8230;<\/li>\n<\/ul>\n<p>&nbsp;<\/p>\n<h3>Offset<\/h3>\n<p>El <strong>offset<\/strong> es una<strong> t\u00e9cnica de impresi\u00f3n<\/strong> que utiliza el principio de la repulsi\u00f3n rec\u00edproca del agua y las tintas grasas. Es el m\u00e9todo m\u00e1s utilizado para imprimir fotos, textos, diagramas, etc. R\u00e1pido, cualitativo y barato, se prefiere para la impresi\u00f3n de producci\u00f3n en masa en muchos soportes.<\/p>\n<p>En <strong>Design Duval<\/strong> lo usamos para personalizar hojas de papel, polipropileno o PVC que luego sirven para forrar cart\u00f3n para hacer <strong>carpetas, muestrarios, cajas, carpetas, cubiertas para libros&#8230;<\/strong><\/p>\n<p>La impresi\u00f3n resultante puede ser protegida con una capa de\u00a0 barniz o con laminaci\u00f3n mate, brillante, satinado o gofrado para una \u00f3ptima durabilidad. Para un <strong>producto hecho a medida<\/strong>, tambi\u00e9n podemos usar colores Pantone\u00ae o aplicar un barniz selectivo&#8230; \u00a1todo es posible! \u00a1No dudes en decirnos lo que quieres!<\/p>\n<p>&nbsp;<\/p>\n<h3><a id=\"impresion-digital\"><\/a>Impresi\u00f3n digital<\/h3>\n<p>La <strong>impresi\u00f3n digital<\/strong>, a diferencia de otros procesos de impresi\u00f3n, no utiliza una forma de impresi\u00f3n, que es la parte que recibe la tinta y se utiliza para imprimir. \u00a1Aqu\u00ed, es el ordenador quien controla la aplicaci\u00f3n de la tinta en el soporte! Sin costos de montaje\u00a0 y, por lo tanto, de bajo costo, la<strong> impresi\u00f3n digita<\/strong>l es preferible para imprimir fotos o im\u00e1genes individualmente o en peque\u00f1os lotes.<\/p>\n<p>Se puede utilizar en una amplia gama de materiales\u00a0 de hasta 5 cm de espesor. La <strong>impresi\u00f3n digital<\/strong> es particularmente ideal para la creaci\u00f3n de expositores <strong>POS<\/strong> en Forex\u00ae, Plexigl\u00e1s, madera, Alu Dibond\u00ae, etc.<\/p>\n<p>Esta<strong> t\u00e9cnica de impresi\u00f3n<\/strong> permite <strong>personalizar los productos acabados (personalizaci\u00f3n seg\u00fan demanda).<\/strong> Y tambi\u00e9n lo usamos para la validaci\u00f3n de\u00a0 nuestros prototipos.<\/p>\n","protected":false},"excerpt":{"rendered":"<p>&nbsp; En continua\u00a0 evoluci\u00f3n, Design Duval se traslada a Sainte-Marie en 2019. En esta nueva planta de 7500 m\u00b2, hemos reunido nuestros dos sitios de producci\u00f3n para satisfacer la creciente demanda de nuestros clientes y para optimizar nuestros procesos. Estamos orgullosos de contar con un moderno y eficiente parque de m\u00e1quinas de soldadura, termoconformado, impresi\u00f3n, [&hellip;]<\/p>\n","protected":false},"author":16,"featured_media":0,"parent":16619,"menu_order":0,"comment_status":"closed","ping_status":"closed","template":"","meta":[],"yoast_head":"<!-- This site is optimized with the Yoast SEO plugin v19.6.1 - https:\/\/yoast.com\/wordpress\/plugins\/seo\/ -->\n<title>Procesos de fabricaci\u00f3n - Design Duval<\/title>\n<meta name=\"description\" content=\"Procesos de fabricaci\u00f3n - Design Duval\" \/>\n<meta name=\"robots\" content=\"index, follow, max-snippet:-1, max-image-preview:large, max-video-preview:-1\" \/>\n<link rel=\"canonical\" href=\"https:\/\/www.design-duval.com\/es\/quienes-somos\/procesos-de-fabricacion\/\" \/>\n<meta property=\"og:locale\" content=\"es_ES\" \/>\n<meta property=\"og:type\" content=\"article\" \/>\n<meta property=\"og:title\" content=\"Procesos de fabricaci\u00f3n - Design Duval\" \/>\n<meta property=\"og:description\" content=\"Procesos de fabricaci\u00f3n - Design Duval\" \/>\n<meta property=\"og:url\" content=\"https:\/\/www.design-duval.com\/es\/quienes-somos\/procesos-de-fabricacion\/\" \/>\n<meta property=\"og:site_name\" content=\"Design Duval\" \/>\n<meta property=\"article:modified_time\" content=\"2021-02-24T16:47:42+00:00\" \/>\n<meta property=\"og:image\" content=\"https:\/\/www.design-duval.com\/wp-content\/uploads\/2020\/01\/31-2-1500x950.jpg\" \/>\n<meta name=\"twitter:card\" content=\"summary\" \/>\n<meta name=\"twitter:label1\" content=\"Tiempo de lectura\" \/>\n\t<meta name=\"twitter:data1\" content=\"10 minutos\" \/>\n<script type=\"application\/ld+json\" class=\"yoast-schema-graph\">{\"@context\":\"https:\/\/schema.org\",\"@graph\":[{\"@type\":\"WebPage\",\"@id\":\"https:\/\/www.design-duval.com\/es\/quienes-somos\/procesos-de-fabricacion\/\",\"url\":\"https:\/\/www.design-duval.com\/es\/quienes-somos\/procesos-de-fabricacion\/\",\"name\":\"Procesos de fabricaci\u00f3n - Design Duval\",\"isPartOf\":{\"@id\":\"https:\/\/www.design-duval.com\/es\/#website\"},\"datePublished\":\"2019-09-04T19:01:16+00:00\",\"dateModified\":\"2021-02-24T16:47:42+00:00\",\"description\":\"Procesos de fabricaci\u00f3n - Design Duval\",\"breadcrumb\":{\"@id\":\"https:\/\/www.design-duval.com\/es\/quienes-somos\/procesos-de-fabricacion\/#breadcrumb\"},\"inLanguage\":\"es\",\"potentialAction\":[{\"@type\":\"ReadAction\",\"target\":[\"https:\/\/www.design-duval.com\/es\/quienes-somos\/procesos-de-fabricacion\/\"]}]},{\"@type\":\"BreadcrumbList\",\"@id\":\"https:\/\/www.design-duval.com\/es\/quienes-somos\/procesos-de-fabricacion\/#breadcrumb\",\"itemListElement\":[{\"@type\":\"ListItem\",\"position\":1,\"name\":\"Accueil\",\"item\":\"https:\/\/www.design-duval.com\/es\/\"},{\"@type\":\"ListItem\",\"position\":2,\"name\":\"\u00bfQui\u00e9nes somos?\",\"item\":\"https:\/\/www.design-duval.com\/es\/quienes-somos\/\"},{\"@type\":\"ListItem\",\"position\":3,\"name\":\"Procesos de fabricaci\u00f3n\"}]},{\"@type\":\"WebSite\",\"@id\":\"https:\/\/www.design-duval.com\/es\/#website\",\"url\":\"https:\/\/www.design-duval.com\/es\/\",\"name\":\"Design Duval\",\"description\":\"\",\"publisher\":{\"@id\":\"https:\/\/www.design-duval.com\/es\/#organization\"},\"potentialAction\":[{\"@type\":\"SearchAction\",\"target\":{\"@type\":\"EntryPoint\",\"urlTemplate\":\"https:\/\/www.design-duval.com\/es\/?s={search_term_string}\"},\"query-input\":\"required name=search_term_string\"}],\"inLanguage\":\"es\"},{\"@type\":\"Organization\",\"@id\":\"https:\/\/www.design-duval.com\/es\/#organization\",\"name\":\"Design duval\",\"url\":\"https:\/\/www.design-duval.com\/es\/\",\"sameAs\":[],\"logo\":{\"@type\":\"ImageObject\",\"inLanguage\":\"es\",\"@id\":\"https:\/\/www.design-duval.com\/es\/#\/schema\/logo\/image\/\",\"url\":\"https:\/\/www.design-duval.com\/wp-content\/uploads\/2020\/09\/LOGO-DD-DN-web.jpg\",\"contentUrl\":\"https:\/\/www.design-duval.com\/wp-content\/uploads\/2020\/09\/LOGO-DD-DN-web.jpg\",\"width\":614,\"height\":460,\"caption\":\"Design duval\"},\"image\":{\"@id\":\"https:\/\/www.design-duval.com\/es\/#\/schema\/logo\/image\/\"}}]}<\/script>\n<!-- \/ Yoast SEO plugin. -->","yoast_head_json":{"title":"Procesos de fabricaci\u00f3n - Design Duval","description":"Procesos de fabricaci\u00f3n - Design Duval","robots":{"index":"index","follow":"follow","max-snippet":"max-snippet:-1","max-image-preview":"max-image-preview:large","max-video-preview":"max-video-preview:-1"},"canonical":"https:\/\/www.design-duval.com\/es\/quienes-somos\/procesos-de-fabricacion\/","og_locale":"es_ES","og_type":"article","og_title":"Procesos de fabricaci\u00f3n - Design Duval","og_description":"Procesos de fabricaci\u00f3n - Design Duval","og_url":"https:\/\/www.design-duval.com\/es\/quienes-somos\/procesos-de-fabricacion\/","og_site_name":"Design Duval","article_modified_time":"2021-02-24T16:47:42+00:00","og_image":[{"url":"https:\/\/www.design-duval.com\/wp-content\/uploads\/2020\/01\/31-2-1500x950.jpg"}],"twitter_card":"summary","twitter_misc":{"Tiempo de lectura":"10 minutos"},"schema":{"@context":"https:\/\/schema.org","@graph":[{"@type":"WebPage","@id":"https:\/\/www.design-duval.com\/es\/quienes-somos\/procesos-de-fabricacion\/","url":"https:\/\/www.design-duval.com\/es\/quienes-somos\/procesos-de-fabricacion\/","name":"Procesos de fabricaci\u00f3n - Design Duval","isPartOf":{"@id":"https:\/\/www.design-duval.com\/es\/#website"},"datePublished":"2019-09-04T19:01:16+00:00","dateModified":"2021-02-24T16:47:42+00:00","description":"Procesos de fabricaci\u00f3n - Design Duval","breadcrumb":{"@id":"https:\/\/www.design-duval.com\/es\/quienes-somos\/procesos-de-fabricacion\/#breadcrumb"},"inLanguage":"es","potentialAction":[{"@type":"ReadAction","target":["https:\/\/www.design-duval.com\/es\/quienes-somos\/procesos-de-fabricacion\/"]}]},{"@type":"BreadcrumbList","@id":"https:\/\/www.design-duval.com\/es\/quienes-somos\/procesos-de-fabricacion\/#breadcrumb","itemListElement":[{"@type":"ListItem","position":1,"name":"Accueil","item":"https:\/\/www.design-duval.com\/es\/"},{"@type":"ListItem","position":2,"name":"\u00bfQui\u00e9nes somos?","item":"https:\/\/www.design-duval.com\/es\/quienes-somos\/"},{"@type":"ListItem","position":3,"name":"Procesos de fabricaci\u00f3n"}]},{"@type":"WebSite","@id":"https:\/\/www.design-duval.com\/es\/#website","url":"https:\/\/www.design-duval.com\/es\/","name":"Design Duval","description":"","publisher":{"@id":"https:\/\/www.design-duval.com\/es\/#organization"},"potentialAction":[{"@type":"SearchAction","target":{"@type":"EntryPoint","urlTemplate":"https:\/\/www.design-duval.com\/es\/?s={search_term_string}"},"query-input":"required name=search_term_string"}],"inLanguage":"es"},{"@type":"Organization","@id":"https:\/\/www.design-duval.com\/es\/#organization","name":"Design duval","url":"https:\/\/www.design-duval.com\/es\/","sameAs":[],"logo":{"@type":"ImageObject","inLanguage":"es","@id":"https:\/\/www.design-duval.com\/es\/#\/schema\/logo\/image\/","url":"https:\/\/www.design-duval.com\/wp-content\/uploads\/2020\/09\/LOGO-DD-DN-web.jpg","contentUrl":"https:\/\/www.design-duval.com\/wp-content\/uploads\/2020\/09\/LOGO-DD-DN-web.jpg","width":614,"height":460,"caption":"Design duval"},"image":{"@id":"https:\/\/www.design-duval.com\/es\/#\/schema\/logo\/image\/"}}]}},"_links":{"self":[{"href":"https:\/\/www.design-duval.com\/es\/wp-json\/wp\/v2\/pages\/16629"}],"collection":[{"href":"https:\/\/www.design-duval.com\/es\/wp-json\/wp\/v2\/pages"}],"about":[{"href":"https:\/\/www.design-duval.com\/es\/wp-json\/wp\/v2\/types\/page"}],"author":[{"embeddable":true,"href":"https:\/\/www.design-duval.com\/es\/wp-json\/wp\/v2\/users\/16"}],"replies":[{"embeddable":true,"href":"https:\/\/www.design-duval.com\/es\/wp-json\/wp\/v2\/comments?post=16629"}],"version-history":[{"count":3,"href":"https:\/\/www.design-duval.com\/es\/wp-json\/wp\/v2\/pages\/16629\/revisions"}],"predecessor-version":[{"id":20518,"href":"https:\/\/www.design-duval.com\/es\/wp-json\/wp\/v2\/pages\/16629\/revisions\/20518"}],"up":[{"embeddable":true,"href":"https:\/\/www.design-duval.com\/es\/wp-json\/wp\/v2\/pages\/16619"}],"wp:attachment":[{"href":"https:\/\/www.design-duval.com\/es\/wp-json\/wp\/v2\/media?parent=16629"}],"curies":[{"name":"wp","href":"https:\/\/api.w.org\/{rel}","templated":true}]}}