{"id":16636,"date":"2019-09-24T16:43:25","date_gmt":"2019-09-24T14:43:25","guid":{"rendered":"https:\/\/www.design-duval.com\/qui-sommes-nous\/matieres-transformees\/"},"modified":"2021-02-05T11:22:25","modified_gmt":"2021-02-05T10:22:25","slug":"materiales-procesados","status":"publish","type":"page","link":"https:\/\/www.design-duval.com\/es\/quienes-somos\/materiales-procesados\/","title":{"rendered":"Materiales procesados"},"content":{"rendered":"<div id=\"attachment_5115\" style=\"width: 810px\" class=\"wp-caption aligncenter\"><img aria-describedby=\"caption-attachment-5115\" loading=\"lazy\" class=\"wp-image-5115\" src=\"https:\/\/www.design-duval.com\/wp-content\/uploads\/2020\/01\/36-3-455x265.jpg\" alt=\"Design Duval - mati\u00e8res transform\u00e9es\" width=\"800\" height=\"547\" srcset=\"https:\/\/www.design-duval.com\/wp-content\/uploads\/2020\/01\/36-3-768x525.jpg 768w, https:\/\/www.design-duval.com\/wp-content\/uploads\/2020\/01\/36-3-1500x1026.jpg 1500w, https:\/\/www.design-duval.com\/wp-content\/uploads\/2020\/01\/36-3-620x424.jpg 620w, https:\/\/www.design-duval.com\/wp-content\/uploads\/2020\/01\/36-3.jpg 1900w\" sizes=\"(max-width: 800px) 100vw, 800px\" \/><p id=\"caption-attachment-5115\" class=\"wp-caption-text\">S\u00e9b, V\u00e9ro, St\u00e9phane, Christiane, Ang\u00e9lique, Dorian<\/p><\/div>\n<p>&nbsp;<\/p>\n<p><a id=\"materiales\"><\/a>En <strong>Design Duval<\/strong>, transformamos y damos forma a diferentes materiales (PVC, PP, PU, cart\u00f3n, espuma). Los seleccionamos en funci\u00f3n del uso del producto acabado, tus deseos (tacto, color, personalizaci\u00f3n&#8230;), pero tambi\u00e9n tus limitaciones (presupuesto, cantidad&#8230;). Con el asesoramiento de nuestro estudio de dise\u00f1o, te ofrecemos la combinaci\u00f3n de varios materiales para un<strong> producto \u00fanico y personalizado.<\/strong><\/p>\n<p>&nbsp;<\/p>\n<h2><a id=\"PVC\"><\/a>PVC flexible<\/h2>\n<p>Materia que no tiene m\u00e1s secretos para nosotros! Transformamos el<strong> PVC flexible<\/strong> mediante\u00a0 <strong>soldadura HF<\/strong> desde los a\u00f1os 60 y por<strong> termoconformado<\/strong> desde los 80\u2026 siempre en nuestros talleres en Francia. Como resultado, tenemos una gran variedad de herramientas existentes o adaptables. S\u00f3lo usamos <strong>PVC<\/strong> de alta calidad, que cumple con el reglamento REACH y no contiene ftalatos.<\/p>\n<p>Disponible en una amplia variedad de colores, granos, espesores y personalizable por<a href=\"https:\/\/www.design-duval.com\/es\/quienes-somos\/procesos-de-fabricacion\/#tecnicas-impresion\"><u> todos los procesos de impresi\u00f3n<\/u><\/a>, el<strong> PVC<\/strong> permite un sinf\u00edn de creaciones \u00fanicas.<\/p>\n<p>Flexible, resistente, lavable, est\u00e1 destinado a m\u00faltiples usos. Transformado por la<a href=\"https:\/\/www.design-duval.com\/es\/quienes-somos\/procesos-de-fabricacion\/#soldadura-HF\"><u> soldadura por alta frecuencia<\/u><\/a>, el <strong>PVC<\/strong> se presta a la realizaci\u00f3n de:<\/p>\n<ul>\n<li>productos sometidos a una fuerte manipulaci\u00f3n (tapas de libros jur\u00eddicos o libros de consulta legales, tarjeteros, registros para carpetas, etc.),<\/li>\n<li>carpetas, muestrarios, maletas, cajas, que se utilizan a menudo y esto tambi\u00e9n al exterior (obras, talleres),<\/li>\n<li>fundas transparentes (fundas para cartillas de salud o vacunas, libro de familia, pasaporte, etc.),<\/li>\n<li>fundas\u00a0 o estuches, opacos o transparentes, con formas originales o formados por varias capas,<\/li>\n<li>cualquier producto impermeable o inflable.<\/li>\n<\/ul>\n<p>Transformado mediante <u>\u00a0<a href=\"https:\/\/www.design-duval.com\/es\/quienes-somos\/procesos-de-fabricacion\/#termoconformado\">termoconformado<\/a><\/u>, el <strong>PVC flexible<\/strong> permite realizar:<\/p>\n<ul>\n<li>los interiores de tus muestrarios, dise\u00f1ados para albergar tus productos o muestras extra\u00edbles,<\/li>\n<li>cu\u00f1as termoconformadas para el transporte de piezas en tus f\u00e1bricas,<\/li>\n<li>blisters para proteger tus productos.<\/li>\n<\/ul>\n<p>Como precursores en Francia en el uso del<strong> PVC<\/strong>, contribuimos a la creaci\u00f3n de <strong>soluciones sostenibles.<\/strong> De hecho, el <strong>PVC<\/strong> tiene un buen balance ecol\u00f3gico. Su transformaci\u00f3n requiere pocos recursos naturales y un bajo consumo de energ\u00eda en comparaci\u00f3n con otros materiales (pl\u00e1sticos o no). Adem\u00e1s, el<strong> PVC <\/strong>es totalmente reciclable al final de su vida. Y todas nuestras sobras son\u00a0 trituradas y reutilizadas.<\/p>\n<p>&nbsp;<\/p>\n<h2>PVC r\u00edgido expandido<\/h2>\n<p>El <strong>PVC<\/strong> <strong>expandido<\/strong> (tipo Forex\u00ae) es un <strong>PVC<\/strong> r\u00edgido y ligero. Es f\u00e1cil de trabajar, cortar, perforar&#8230; \u00a1y se puede imprimir! Es el soporte ideal para la fabricaci\u00f3n de tus <strong>paneles de exposici\u00f3n<\/strong> en cualquier formato.<\/p>\n<p>Y como siempre tratamos de ayudarte al m\u00e1ximo proponiendo <strong>soluciones completas<\/strong>, te ofrecemos <a href=\"https:\/\/www.design-duval.com\/es\/produit\/panel-muestrario-de-pared\/\">la creaci\u00f3n y\/o fijaci\u00f3n de tus muestras\/productos en el panel expositor<\/a>.<\/p>\n<p>&nbsp;<\/p>\n<h2><a id=\"polipropileno\"><\/a>El PP (polipropileno)<\/h2>\n<p>El <strong><u>polipropileno <\/u><\/strong>es un pol\u00edmero termopl\u00e1stico con propiedades notables. Es resistente, impermeable, se puede personalizar imprimiendo o a\u00f1adiendo accesorios, y est\u00e1 disponible en acabados opacos, transparentes o transl\u00facidos. R\u00edgido, no requiere ning\u00fan refuerzo de cart\u00f3n.<\/p>\n<p>En<strong> Design Duval<\/strong>, transformamos el <strong>PP<\/strong> cortando, doblando y plegando para hacer<strong> carpetas, separadores, cajas, estuches, maletines y expositores para puntos de venta<\/strong>. El<strong> polipropileno <\/strong>tambi\u00e9n puede ser transformado por soldadura ultras\u00f3nica para hacer <strong>cubiertas de libros o agendas y fundas protectoras para documentos<\/strong>.<\/p>\n<p>El polipropileno es apreciado por su bajo costo en herramientas. M\u00e1s econ\u00f3mico que el <strong>PVC<\/strong>, es sin embargo menos flexible y menos resistente.<\/p>\n<p>&nbsp;<\/p>\n<h2><a id=\"EVA\"><\/a>Goma EVA<\/h2>\n<p>La <strong>goma\u00a0 EVA <\/strong>es un copol\u00edmero particularmente flexible. Se caracteriza por su suavidad y flexibilidad. Es un material parecido a la goma con un tacto muy agradable. Impermeable, resistente a los rayos ultravioleta e inodoro, la <strong>goma EVA <\/strong>se utiliza en muchas industrias como en la del envasado, en\u00a0 la m\u00e9dica y en la alimentaria. La<strong> goma\u00a0 EVA <\/strong>est\u00e1 disponible en varios colores opacos o transl\u00facidos, y en transparente. Se transforma mediante la soldadura y tambi\u00e9n puede ser cosido.<\/p>\n<p>En <strong>Design Duval <\/strong>lo utilizamos en la <strong>fabricaci\u00f3n de embalajes promocionales flexibles para lencer\u00eda<\/strong> (y\u00a0 sobre todo para<a href=\"https:\/\/www.design-duval.com\/es\/produit\/bikini-bag-transparente-de-eva\/\"><u> trajes\u00a0 de ba\u00f1o<\/u><\/a> gracias a su estanqueidad), cosm\u00e9ticos e incluso en el sector de la automoci\u00f3n.<\/p>\n<p>Un material innovador, que puede ser cortado en cualquier forma imaginable y combinado con numerosos accesorios, como un cierre de cremallera o deslizante (tipo Flexico)! Ideal para satisfacer tu deseo de originalidad y para alimentar nuestra creatividad. Por \u00faltimo, la <strong>goma EVA puede personalizarse<\/strong> mediante <a href=\"https:\/\/www.design-duval.com\/es\/quienes-somos\/procesos-de-fabricacion\/#tecnicas-impresion\"><u>serigraf\u00eda o impresi\u00f3n offset<\/u><\/a>. Para un efecto de alta gama \u2026\u00a1elije la impresi\u00f3n en relieve!<\/p>\n<p>&nbsp;<\/p>\n<h2><a id=\"carton\"><\/a>Cart\u00f3n<\/h2>\n<p>Tambi\u00e9n ofrecemos <strong>soluciones en cart\u00f3n<\/strong>. Utilizamos <strong>cart\u00f3n compacto <\/strong>y<strong> cart\u00f3n corrugado contracolado o forrado<\/strong> para crear <strong>tus art\u00edculos promocionales y de presentaci\u00f3n<\/strong>:<\/p>\n<ul>\n<li>carpetas, cajetines, portadocumentos<\/li>\n<li>muestrarios, cajas, maletas, kits marketing,<\/li>\n<li>PLV de mesa&#8230;<\/li>\n<\/ul>\n<p>Gracias a las t\u00e9cnicas de contracolar y forrar el cart\u00f3n, el abanico de posibilidades es infinito: elecci\u00f3n del tipo de papel, personalizaci\u00f3n por impresi\u00f3n, aplicaci\u00f3n de una laminaci\u00f3n o de un barniz total o selectivo&#8230;<\/p>\n<p>El <strong>cart\u00f3n,<\/strong> considerado m\u00e1s ecol\u00f3gico, es el preferido para la <strong>presentaci\u00f3n de los productos naturales <\/strong>en particular. Tambi\u00e9n se presta a la fabricaci\u00f3n de peque\u00f1as series, ya que implica menos gastos de troqueles y de puesta en marcha que el PVC. Sin embargo, el cart\u00f3n sigue siendo m\u00e1s fr\u00e1gil que el PVC o el PP.<\/p>\n<p>&nbsp;<\/p>\n<h2>Espuma<\/h2>\n<p>Para compartimentar, almacenar y mantener tus <strong>productos y muestras <\/strong>en tus <strong>soportes de presentaci\u00f3n<\/strong>, tambi\u00e9n te ofrecemos embalajes con nidos de <strong>espuma<\/strong>. Al no requerir una gran inversi\u00f3n inicial, a diferencia del <strong>termoconformado<\/strong>, la <strong>espuma<\/strong> es una alternativa interesante para las peque\u00f1as series. Tambi\u00e9n confiere a tus presentaciones un aspecto de alta gama.<\/p>\n<p>En<strong> Design Duval<\/strong>, manipulamos todo tipo de <strong>espuma<\/strong> a medida para aumentar el valor de tus productos en sus <strong>cajas, maletines, maletas<\/strong> etc. Te aconsejamos en la elecci\u00f3n de la calidad de la <strong>espuma <\/strong>seg\u00fan el peso, la forma y el tipo de tus<strong> muestras<\/strong>, para una fijaci\u00f3n \u00f3ptima y un dise\u00f1o original.<\/p>\n<p>&nbsp;<\/p>\n<p>Como especialistas en la <strong>fabricaci\u00f3n de material de promoci\u00f3n de ventas, soportes de presentaci\u00f3n y embalajes promocionales personalizados<\/strong>, conocemos y procesamos diferentes materiales para ofrecer una respuesta totalmente personalizada a cada una de tus demandas espec\u00edficas. Gracias a esta experiencia, somos capaces de crear:<\/p>\n<ul>\n<li>productos en un solo material (todo en cart\u00f3n, todo en PVC o todo en PP, etc.);<\/li>\n<li>soluciones que combinan varios materiales, por ejemplo:\n<ul>\n<li>una carpeta mixta de cart\u00f3n forrado y, en el interior, separadores\u00a0 de PP y tarjetero de PVC,<\/li>\n<li>un muestrario con cubierta de cart\u00f3n forrado y cu\u00f1a de PVC termoconformado para muestras extra\u00edbles,<\/li>\n<li>una caja de cart\u00f3n forrado con PP gofrado para una mejor protecci\u00f3n de las esquinas, que contiene cajas de PP para agrupar las piezas peque\u00f1as,<\/li>\n<li>un display de mostrador de cart\u00f3n forrado con peana trasera y una espuma pegada para insertar las muestras,<\/li>\n<li>etc.<\/li>\n<\/ul>\n<\/li>\n<\/ul>\n<p>Desde nuestra creaci\u00f3n, hemos estado al lado de nuestros clientes para innovar y responder a todos sus deseos. Si\u00e9ntete libre de navegar a trav\u00e9s de nuestros diferentes universos para descubrir una amplia variedad de ejemplos:<\/p>\n<ul>\n<li><a href=\"https:\/\/www.design-duval.com\/es\/presentacion-fabricacion-muestras\/\">presentaci\u00f3n y fabricaci\u00f3n de muestras<\/a>,<\/li>\n<li><a href=\"https:\/\/www.design-duval.com\/es\/articulos-publicitarios-y-de-presentacion\/\">productos publicitarios y de presentaci\u00f3n cosidos o soldados<\/a><\/li>\n<li><a href=\"https:\/\/www.design-duval.com\/es\/embalajes-promicionales\/\">embalajes promocionales,<\/a><\/li>\n<li><a href=\"https:\/\/www.design-duval.com\/es\/impresion-digital\/\">impresi\u00f3n digital<\/a>.<\/li>\n<\/ul>\n","protected":false},"excerpt":{"rendered":"<p>&nbsp; En Design Duval, transformamos y damos forma a diferentes materiales (PVC, PP, PU, cart\u00f3n, espuma). Los seleccionamos en funci\u00f3n del uso del producto acabado, tus deseos (tacto, color, personalizaci\u00f3n&#8230;), pero tambi\u00e9n tus limitaciones (presupuesto, cantidad&#8230;). Con el asesoramiento de nuestro estudio de dise\u00f1o, te ofrecemos la combinaci\u00f3n de varios materiales para un producto \u00fanico [&hellip;]<\/p>\n","protected":false},"author":16,"featured_media":0,"parent":16619,"menu_order":0,"comment_status":"closed","ping_status":"closed","template":"","meta":[],"yoast_head":"<!-- This site is optimized with the Yoast SEO plugin v19.6.1 - https:\/\/yoast.com\/wordpress\/plugins\/seo\/ -->\n<title>Materiales procesados - Design Duval<\/title>\n<meta name=\"description\" content=\"Materiales procesados - Design Duval\" \/>\n<meta name=\"robots\" content=\"index, follow, max-snippet:-1, max-image-preview:large, max-video-preview:-1\" \/>\n<link rel=\"canonical\" href=\"https:\/\/www.design-duval.com\/es\/quienes-somos\/materiales-procesados\/\" \/>\n<meta property=\"og:locale\" content=\"es_ES\" \/>\n<meta property=\"og:type\" content=\"article\" \/>\n<meta property=\"og:title\" content=\"Materiales procesados - Design Duval\" \/>\n<meta property=\"og:description\" content=\"Materiales procesados - Design Duval\" \/>\n<meta property=\"og:url\" content=\"https:\/\/www.design-duval.com\/es\/quienes-somos\/materiales-procesados\/\" \/>\n<meta property=\"og:site_name\" content=\"Design Duval\" \/>\n<meta property=\"article:modified_time\" content=\"2021-02-05T10:22:25+00:00\" \/>\n<meta property=\"og:image\" content=\"https:\/\/www.design-duval.com\/wp-content\/uploads\/2020\/01\/36-3-455x265.jpg\" \/>\n<meta name=\"twitter:card\" content=\"summary\" \/>\n<meta name=\"twitter:label1\" content=\"Tiempo de lectura\" \/>\n\t<meta name=\"twitter:data1\" content=\"6 minutos\" \/>\n<script type=\"application\/ld+json\" class=\"yoast-schema-graph\">{\"@context\":\"https:\/\/schema.org\",\"@graph\":[{\"@type\":\"WebPage\",\"@id\":\"https:\/\/www.design-duval.com\/es\/quienes-somos\/materiales-procesados\/\",\"url\":\"https:\/\/www.design-duval.com\/es\/quienes-somos\/materiales-procesados\/\",\"name\":\"Materiales procesados - Design Duval\",\"isPartOf\":{\"@id\":\"https:\/\/www.design-duval.com\/es\/#website\"},\"datePublished\":\"2019-09-24T14:43:25+00:00\",\"dateModified\":\"2021-02-05T10:22:25+00:00\",\"description\":\"Materiales procesados - Design Duval\",\"breadcrumb\":{\"@id\":\"https:\/\/www.design-duval.com\/es\/quienes-somos\/materiales-procesados\/#breadcrumb\"},\"inLanguage\":\"es\",\"potentialAction\":[{\"@type\":\"ReadAction\",\"target\":[\"https:\/\/www.design-duval.com\/es\/quienes-somos\/materiales-procesados\/\"]}]},{\"@type\":\"BreadcrumbList\",\"@id\":\"https:\/\/www.design-duval.com\/es\/quienes-somos\/materiales-procesados\/#breadcrumb\",\"itemListElement\":[{\"@type\":\"ListItem\",\"position\":1,\"name\":\"Accueil\",\"item\":\"https:\/\/www.design-duval.com\/es\/\"},{\"@type\":\"ListItem\",\"position\":2,\"name\":\"\u00bfQui\u00e9nes somos?\",\"item\":\"https:\/\/www.design-duval.com\/es\/quienes-somos\/\"},{\"@type\":\"ListItem\",\"position\":3,\"name\":\"Materiales procesados\"}]},{\"@type\":\"WebSite\",\"@id\":\"https:\/\/www.design-duval.com\/es\/#website\",\"url\":\"https:\/\/www.design-duval.com\/es\/\",\"name\":\"Design Duval\",\"description\":\"\",\"publisher\":{\"@id\":\"https:\/\/www.design-duval.com\/es\/#organization\"},\"potentialAction\":[{\"@type\":\"SearchAction\",\"target\":{\"@type\":\"EntryPoint\",\"urlTemplate\":\"https:\/\/www.design-duval.com\/es\/?s={search_term_string}\"},\"query-input\":\"required name=search_term_string\"}],\"inLanguage\":\"es\"},{\"@type\":\"Organization\",\"@id\":\"https:\/\/www.design-duval.com\/es\/#organization\",\"name\":\"Design duval\",\"url\":\"https:\/\/www.design-duval.com\/es\/\",\"sameAs\":[],\"logo\":{\"@type\":\"ImageObject\",\"inLanguage\":\"es\",\"@id\":\"https:\/\/www.design-duval.com\/es\/#\/schema\/logo\/image\/\",\"url\":\"https:\/\/www.design-duval.com\/wp-content\/uploads\/2020\/09\/LOGO-DD-DN-web.jpg\",\"contentUrl\":\"https:\/\/www.design-duval.com\/wp-content\/uploads\/2020\/09\/LOGO-DD-DN-web.jpg\",\"width\":614,\"height\":460,\"caption\":\"Design duval\"},\"image\":{\"@id\":\"https:\/\/www.design-duval.com\/es\/#\/schema\/logo\/image\/\"}}]}<\/script>\n<!-- \/ Yoast SEO plugin. -->","yoast_head_json":{"title":"Materiales procesados - Design Duval","description":"Materiales procesados - Design Duval","robots":{"index":"index","follow":"follow","max-snippet":"max-snippet:-1","max-image-preview":"max-image-preview:large","max-video-preview":"max-video-preview:-1"},"canonical":"https:\/\/www.design-duval.com\/es\/quienes-somos\/materiales-procesados\/","og_locale":"es_ES","og_type":"article","og_title":"Materiales procesados - Design Duval","og_description":"Materiales procesados - Design Duval","og_url":"https:\/\/www.design-duval.com\/es\/quienes-somos\/materiales-procesados\/","og_site_name":"Design Duval","article_modified_time":"2021-02-05T10:22:25+00:00","og_image":[{"url":"https:\/\/www.design-duval.com\/wp-content\/uploads\/2020\/01\/36-3-455x265.jpg"}],"twitter_card":"summary","twitter_misc":{"Tiempo de lectura":"6 minutos"},"schema":{"@context":"https:\/\/schema.org","@graph":[{"@type":"WebPage","@id":"https:\/\/www.design-duval.com\/es\/quienes-somos\/materiales-procesados\/","url":"https:\/\/www.design-duval.com\/es\/quienes-somos\/materiales-procesados\/","name":"Materiales procesados - Design Duval","isPartOf":{"@id":"https:\/\/www.design-duval.com\/es\/#website"},"datePublished":"2019-09-24T14:43:25+00:00","dateModified":"2021-02-05T10:22:25+00:00","description":"Materiales procesados - Design Duval","breadcrumb":{"@id":"https:\/\/www.design-duval.com\/es\/quienes-somos\/materiales-procesados\/#breadcrumb"},"inLanguage":"es","potentialAction":[{"@type":"ReadAction","target":["https:\/\/www.design-duval.com\/es\/quienes-somos\/materiales-procesados\/"]}]},{"@type":"BreadcrumbList","@id":"https:\/\/www.design-duval.com\/es\/quienes-somos\/materiales-procesados\/#breadcrumb","itemListElement":[{"@type":"ListItem","position":1,"name":"Accueil","item":"https:\/\/www.design-duval.com\/es\/"},{"@type":"ListItem","position":2,"name":"\u00bfQui\u00e9nes somos?","item":"https:\/\/www.design-duval.com\/es\/quienes-somos\/"},{"@type":"ListItem","position":3,"name":"Materiales procesados"}]},{"@type":"WebSite","@id":"https:\/\/www.design-duval.com\/es\/#website","url":"https:\/\/www.design-duval.com\/es\/","name":"Design Duval","description":"","publisher":{"@id":"https:\/\/www.design-duval.com\/es\/#organization"},"potentialAction":[{"@type":"SearchAction","target":{"@type":"EntryPoint","urlTemplate":"https:\/\/www.design-duval.com\/es\/?s={search_term_string}"},"query-input":"required name=search_term_string"}],"inLanguage":"es"},{"@type":"Organization","@id":"https:\/\/www.design-duval.com\/es\/#organization","name":"Design duval","url":"https:\/\/www.design-duval.com\/es\/","sameAs":[],"logo":{"@type":"ImageObject","inLanguage":"es","@id":"https:\/\/www.design-duval.com\/es\/#\/schema\/logo\/image\/","url":"https:\/\/www.design-duval.com\/wp-content\/uploads\/2020\/09\/LOGO-DD-DN-web.jpg","contentUrl":"https:\/\/www.design-duval.com\/wp-content\/uploads\/2020\/09\/LOGO-DD-DN-web.jpg","width":614,"height":460,"caption":"Design duval"},"image":{"@id":"https:\/\/www.design-duval.com\/es\/#\/schema\/logo\/image\/"}}]}},"_links":{"self":[{"href":"https:\/\/www.design-duval.com\/es\/wp-json\/wp\/v2\/pages\/16636"}],"collection":[{"href":"https:\/\/www.design-duval.com\/es\/wp-json\/wp\/v2\/pages"}],"about":[{"href":"https:\/\/www.design-duval.com\/es\/wp-json\/wp\/v2\/types\/page"}],"author":[{"embeddable":true,"href":"https:\/\/www.design-duval.com\/es\/wp-json\/wp\/v2\/users\/16"}],"replies":[{"embeddable":true,"href":"https:\/\/www.design-duval.com\/es\/wp-json\/wp\/v2\/comments?post=16636"}],"version-history":[{"count":2,"href":"https:\/\/www.design-duval.com\/es\/wp-json\/wp\/v2\/pages\/16636\/revisions"}],"predecessor-version":[{"id":17705,"href":"https:\/\/www.design-duval.com\/es\/wp-json\/wp\/v2\/pages\/16636\/revisions\/17705"}],"up":[{"embeddable":true,"href":"https:\/\/www.design-duval.com\/es\/wp-json\/wp\/v2\/pages\/16619"}],"wp:attachment":[{"href":"https:\/\/www.design-duval.com\/es\/wp-json\/wp\/v2\/media?parent=16636"}],"curies":[{"name":"wp","href":"https:\/\/api.w.org\/{rel}","templated":true}]}}