{"id":16641,"date":"2019-09-09T09:29:57","date_gmt":"2019-09-09T07:29:57","guid":{"rendered":"https:\/\/www.design-duval.com\/savoir-faire-maroquinerie-publicitaire\/"},"modified":"2021-01-28T12:11:54","modified_gmt":"2021-01-28T11:11:54","slug":"articulos-publicitarios-y-de-presentacion-nuestra-experiencia","status":"publish","type":"page","link":"https:\/\/www.design-duval.com\/es\/articulos-publicitarios-y-de-presentacion-nuestra-experiencia\/","title":{"rendered":"Art\u00edculos publicitarios y de presentaci\u00f3n &#8211; nuestra experiencia"},"content":{"rendered":"<p>Al servicio de tu estrategia publicitaria y de fidelizaci\u00f3n del cliente, <strong>Design Duval<\/strong> te ofrece el<strong> dise\u00f1o y fabricaci\u00f3n de art\u00edculos publicitarios y de de presentaci\u00f3n soldados o cosidos exclusivamente a demanda y personalizable<\/strong>. Empezamos como <strong>fabricante de peque\u00f1os art\u00edculos de piel cosidos<\/strong>, para luego convertirnos en <strong>uno de los pioneros de la soldadura de alta frecuencia en Francia<\/strong>, por lo que dominamos ambas t\u00e9cnicas a la perfecci\u00f3n para elaborar art\u00edculos publicitarios, de presentaci\u00f3n y de almacenamiento, que se adaptan completamente a tu imagen: desde <strong>fundas para tarjetas<\/strong> hasta <strong>clasificadores<\/strong>, pasando por<strong> carpetas, cubiertas<\/strong> y <strong>portadocumentos<\/strong>.<\/p>\n","protected":false},"excerpt":{"rendered":"<p>Al servicio de tu estrategia publicitaria y de fidelizaci\u00f3n del cliente, Design Duval te ofrece el dise\u00f1o y fabricaci\u00f3n de art\u00edculos publicitarios y de de presentaci\u00f3n soldados o cosidos exclusivamente a demanda y personalizable. Empezamos como fabricante de peque\u00f1os art\u00edculos de piel cosidos, para luego convertirnos en uno de los pioneros de la soldadura de [&hellip;]<\/p>\n","protected":false},"author":9,"featured_media":0,"parent":0,"menu_order":0,"comment_status":"closed","ping_status":"closed","template":"","meta":[],"yoast_head":"<!-- This site is optimized with the Yoast SEO plugin v19.6.1 - https:\/\/yoast.com\/wordpress\/plugins\/seo\/ -->\n<title>Art\u00edculos publicitarios y de presentaci\u00f3n - nuestra experiencia - Design Duval<\/title>\n<meta name=\"description\" content=\"Art\u00edculos publicitarios y de presentaci\u00f3n - nuestra experiencia - Design Duval\" \/>\n<meta name=\"robots\" content=\"index, follow, max-snippet:-1, max-image-preview:large, max-video-preview:-1\" \/>\n<link rel=\"canonical\" href=\"https:\/\/www.design-duval.com\/es\/articulos-publicitarios-y-de-presentacion-nuestra-experiencia\/\" \/>\n<meta property=\"og:locale\" content=\"es_ES\" \/>\n<meta property=\"og:type\" content=\"article\" \/>\n<meta property=\"og:title\" content=\"Art\u00edculos publicitarios y de presentaci\u00f3n - nuestra experiencia - Design Duval\" \/>\n<meta property=\"og:description\" content=\"Art\u00edculos publicitarios y de presentaci\u00f3n - nuestra experiencia - Design Duval\" \/>\n<meta property=\"og:url\" content=\"https:\/\/www.design-duval.com\/es\/articulos-publicitarios-y-de-presentacion-nuestra-experiencia\/\" \/>\n<meta property=\"og:site_name\" content=\"Design Duval\" \/>\n<meta property=\"article:modified_time\" content=\"2021-01-28T11:11:54+00:00\" \/>\n<meta name=\"twitter:card\" content=\"summary\" \/>\n<meta name=\"twitter:label1\" content=\"Tiempo de lectura\" \/>\n\t<meta name=\"twitter:data1\" content=\"1 minuto\" \/>\n<script type=\"application\/ld+json\" class=\"yoast-schema-graph\">{\"@context\":\"https:\/\/schema.org\",\"@graph\":[{\"@type\":\"WebPage\",\"@id\":\"https:\/\/www.design-duval.com\/es\/articulos-publicitarios-y-de-presentacion-nuestra-experiencia\/\",\"url\":\"https:\/\/www.design-duval.com\/es\/articulos-publicitarios-y-de-presentacion-nuestra-experiencia\/\",\"name\":\"Art\u00edculos publicitarios y de presentaci\u00f3n - nuestra experiencia - Design Duval\",\"isPartOf\":{\"@id\":\"https:\/\/www.design-duval.com\/es\/#website\"},\"datePublished\":\"2019-09-09T07:29:57+00:00\",\"dateModified\":\"2021-01-28T11:11:54+00:00\",\"description\":\"Art\u00edculos publicitarios y de presentaci\u00f3n - nuestra experiencia - Design Duval\",\"breadcrumb\":{\"@id\":\"https:\/\/www.design-duval.com\/es\/articulos-publicitarios-y-de-presentacion-nuestra-experiencia\/#breadcrumb\"},\"inLanguage\":\"es\",\"potentialAction\":[{\"@type\":\"ReadAction\",\"target\":[\"https:\/\/www.design-duval.com\/es\/articulos-publicitarios-y-de-presentacion-nuestra-experiencia\/\"]}]},{\"@type\":\"BreadcrumbList\",\"@id\":\"https:\/\/www.design-duval.com\/es\/articulos-publicitarios-y-de-presentacion-nuestra-experiencia\/#breadcrumb\",\"itemListElement\":[{\"@type\":\"ListItem\",\"position\":1,\"name\":\"Accueil\",\"item\":\"https:\/\/www.design-duval.com\/es\/\"},{\"@type\":\"ListItem\",\"position\":2,\"name\":\"Art\u00edculos publicitarios y de presentaci\u00f3n &#8211; nuestra experiencia\"}]},{\"@type\":\"WebSite\",\"@id\":\"https:\/\/www.design-duval.com\/es\/#website\",\"url\":\"https:\/\/www.design-duval.com\/es\/\",\"name\":\"Design Duval\",\"description\":\"\",\"publisher\":{\"@id\":\"https:\/\/www.design-duval.com\/es\/#organization\"},\"potentialAction\":[{\"@type\":\"SearchAction\",\"target\":{\"@type\":\"EntryPoint\",\"urlTemplate\":\"https:\/\/www.design-duval.com\/es\/?s={search_term_string}\"},\"query-input\":\"required name=search_term_string\"}],\"inLanguage\":\"es\"},{\"@type\":\"Organization\",\"@id\":\"https:\/\/www.design-duval.com\/es\/#organization\",\"name\":\"Design duval\",\"url\":\"https:\/\/www.design-duval.com\/es\/\",\"sameAs\":[],\"logo\":{\"@type\":\"ImageObject\",\"inLanguage\":\"es\",\"@id\":\"https:\/\/www.design-duval.com\/es\/#\/schema\/logo\/image\/\",\"url\":\"https:\/\/www.design-duval.com\/wp-content\/uploads\/2020\/09\/LOGO-DD-DN-web.jpg\",\"contentUrl\":\"https:\/\/www.design-duval.com\/wp-content\/uploads\/2020\/09\/LOGO-DD-DN-web.jpg\",\"width\":614,\"height\":460,\"caption\":\"Design duval\"},\"image\":{\"@id\":\"https:\/\/www.design-duval.com\/es\/#\/schema\/logo\/image\/\"}}]}<\/script>\n<!-- \/ Yoast SEO plugin. -->","yoast_head_json":{"title":"Art\u00edculos publicitarios y de presentaci\u00f3n - nuestra experiencia - Design Duval","description":"Art\u00edculos publicitarios y de presentaci\u00f3n - nuestra experiencia - Design Duval","robots":{"index":"index","follow":"follow","max-snippet":"max-snippet:-1","max-image-preview":"max-image-preview:large","max-video-preview":"max-video-preview:-1"},"canonical":"https:\/\/www.design-duval.com\/es\/articulos-publicitarios-y-de-presentacion-nuestra-experiencia\/","og_locale":"es_ES","og_type":"article","og_title":"Art\u00edculos publicitarios y de presentaci\u00f3n - nuestra experiencia - Design Duval","og_description":"Art\u00edculos publicitarios y de presentaci\u00f3n - nuestra experiencia - Design Duval","og_url":"https:\/\/www.design-duval.com\/es\/articulos-publicitarios-y-de-presentacion-nuestra-experiencia\/","og_site_name":"Design Duval","article_modified_time":"2021-01-28T11:11:54+00:00","twitter_card":"summary","twitter_misc":{"Tiempo de lectura":"1 minuto"},"schema":{"@context":"https:\/\/schema.org","@graph":[{"@type":"WebPage","@id":"https:\/\/www.design-duval.com\/es\/articulos-publicitarios-y-de-presentacion-nuestra-experiencia\/","url":"https:\/\/www.design-duval.com\/es\/articulos-publicitarios-y-de-presentacion-nuestra-experiencia\/","name":"Art\u00edculos publicitarios y de presentaci\u00f3n - nuestra experiencia - Design Duval","isPartOf":{"@id":"https:\/\/www.design-duval.com\/es\/#website"},"datePublished":"2019-09-09T07:29:57+00:00","dateModified":"2021-01-28T11:11:54+00:00","description":"Art\u00edculos publicitarios y de presentaci\u00f3n - nuestra experiencia - Design Duval","breadcrumb":{"@id":"https:\/\/www.design-duval.com\/es\/articulos-publicitarios-y-de-presentacion-nuestra-experiencia\/#breadcrumb"},"inLanguage":"es","potentialAction":[{"@type":"ReadAction","target":["https:\/\/www.design-duval.com\/es\/articulos-publicitarios-y-de-presentacion-nuestra-experiencia\/"]}]},{"@type":"BreadcrumbList","@id":"https:\/\/www.design-duval.com\/es\/articulos-publicitarios-y-de-presentacion-nuestra-experiencia\/#breadcrumb","itemListElement":[{"@type":"ListItem","position":1,"name":"Accueil","item":"https:\/\/www.design-duval.com\/es\/"},{"@type":"ListItem","position":2,"name":"Art\u00edculos publicitarios y de presentaci\u00f3n &#8211; nuestra experiencia"}]},{"@type":"WebSite","@id":"https:\/\/www.design-duval.com\/es\/#website","url":"https:\/\/www.design-duval.com\/es\/","name":"Design Duval","description":"","publisher":{"@id":"https:\/\/www.design-duval.com\/es\/#organization"},"potentialAction":[{"@type":"SearchAction","target":{"@type":"EntryPoint","urlTemplate":"https:\/\/www.design-duval.com\/es\/?s={search_term_string}"},"query-input":"required name=search_term_string"}],"inLanguage":"es"},{"@type":"Organization","@id":"https:\/\/www.design-duval.com\/es\/#organization","name":"Design duval","url":"https:\/\/www.design-duval.com\/es\/","sameAs":[],"logo":{"@type":"ImageObject","inLanguage":"es","@id":"https:\/\/www.design-duval.com\/es\/#\/schema\/logo\/image\/","url":"https:\/\/www.design-duval.com\/wp-content\/uploads\/2020\/09\/LOGO-DD-DN-web.jpg","contentUrl":"https:\/\/www.design-duval.com\/wp-content\/uploads\/2020\/09\/LOGO-DD-DN-web.jpg","width":614,"height":460,"caption":"Design duval"},"image":{"@id":"https:\/\/www.design-duval.com\/es\/#\/schema\/logo\/image\/"}}]}},"_links":{"self":[{"href":"https:\/\/www.design-duval.com\/es\/wp-json\/wp\/v2\/pages\/16641"}],"collection":[{"href":"https:\/\/www.design-duval.com\/es\/wp-json\/wp\/v2\/pages"}],"about":[{"href":"https:\/\/www.design-duval.com\/es\/wp-json\/wp\/v2\/types\/page"}],"author":[{"embeddable":true,"href":"https:\/\/www.design-duval.com\/es\/wp-json\/wp\/v2\/users\/9"}],"replies":[{"embeddable":true,"href":"https:\/\/www.design-duval.com\/es\/wp-json\/wp\/v2\/comments?post=16641"}],"version-history":[{"count":3,"href":"https:\/\/www.design-duval.com\/es\/wp-json\/wp\/v2\/pages\/16641\/revisions"}],"predecessor-version":[{"id":17263,"href":"https:\/\/www.design-duval.com\/es\/wp-json\/wp\/v2\/pages\/16641\/revisions\/17263"}],"wp:attachment":[{"href":"https:\/\/www.design-duval.com\/es\/wp-json\/wp\/v2\/media?parent=16641"}],"curies":[{"name":"wp","href":"https:\/\/api.w.org\/{rel}","templated":true}]}}