{"id":16644,"date":"2019-10-20T23:44:59","date_gmt":"2019-10-20T21:44:59","guid":{"rendered":"https:\/\/www.design-duval.com\/savoir-faire-maroquinerie-publicitaire\/maroquinerie-soudee\/"},"modified":"2021-01-20T21:24:41","modified_gmt":"2021-01-20T20:24:41","slug":"articulos-publicitarios-soldados","status":"publish","type":"page","link":"https:\/\/www.design-duval.com\/es\/articulos-publicitarios-y-de-presentacion-nuestra-experiencia\/articulos-publicitarios-soldados\/","title":{"rendered":"Art\u00edculos publicitarios y de presentaci\u00f3n soldados"},"content":{"rendered":"<div id=\"attachment_13522\" style=\"width: 810px\" class=\"wp-caption aligncenter\"><img aria-describedby=\"caption-attachment-13522\" loading=\"lazy\" class=\"wp-image-13522\" src=\"https:\/\/www.design-duval.com\/wp-content\/uploads\/2020\/04\/Maroquinerie-soud\u00e9e-et-cousue-maroquinerie-soud\u00e9e-455x265.jpg\" alt=\"aroquinerie-soud\u00e9e-et-cousue-maroquinerie-soud\u00e9e\" width=\"800\" height=\"547\" srcset=\"https:\/\/www.design-duval.com\/wp-content\/uploads\/2020\/04\/Maroquinerie-soud\u00e9e-et-cousue-maroquinerie-soud\u00e9e-768x525.jpg 768w, https:\/\/www.design-duval.com\/wp-content\/uploads\/2020\/04\/Maroquinerie-soud\u00e9e-et-cousue-maroquinerie-soud\u00e9e-1500x1026.jpg 1500w, https:\/\/www.design-duval.com\/wp-content\/uploads\/2020\/04\/Maroquinerie-soud\u00e9e-et-cousue-maroquinerie-soud\u00e9e-620x424.jpg 620w, https:\/\/www.design-duval.com\/wp-content\/uploads\/2020\/04\/Maroquinerie-soud\u00e9e-et-cousue-maroquinerie-soud\u00e9e.jpg 1900w\" sizes=\"(max-width: 800px) 100vw, 800px\" \/><p id=\"caption-attachment-13522\" class=\"wp-caption-text\">Aur\u00e9lie (soldadura HF), Nathalie (soldadura HF), No\u00e9lie (departamento comercial)<\/p><\/div>\n<p>&nbsp;<\/p>\n<p>Empezamos especializ\u00e1ndonos en 1947 en <strong><u><a href=\"https:\/\/www.design-duval.com\/es\/savoir-faire-maroquinerie-publicitaire\/articulos-publicitarios-cosidos\/\">art\u00edculos publicitarios y de presentaci\u00f3n cosidos<\/a><\/u><\/strong>, pero en los a\u00f1os 60 creamos nuestros primeras <strong>soluciones publicitarias y de presentaci\u00f3n soldadas<\/strong>, introduciendo as\u00ed la t\u00e9cnica del <strong><u><a href=\"https:\/\/www.design-duval.com\/es\/quienes-somos\/procesos-de-fabricacion\/#soldadura-HF\">soldado de alta frecuencia<\/a><\/u><\/strong> en nuestra empresa. Desde entonces, fabricamos <strong>cubiertas, estuches, tapas protectoras, etiquetas de equipaje<\/strong>, etc., con unas dimensiones m\u00e1ximas de 750\u00a0x\u00a01100\u00a0mm.<\/p>\n<p>&nbsp;<\/p>\n<p>Para responder a tus deseos creativos, te ofrecemos <strong>material de presentaci\u00f3n y publicitario soldado hecho a medida<\/strong>, dise\u00f1ados y fabricados por nosotros mismos y personalizables hasta en el \u00faltimo detalle, incluyendo, por ejemplo:<\/p>\n<ul>\n<li>Creaci\u00f3n de fundas para tarjetas de visita o portadocumentos<\/li>\n<li>Soldadura con costura ancha o estrecha<\/li>\n<li>Impresi\u00f3n personalizada seg\u00fan tus deseos y archivo de impresi\u00f3n<\/li>\n<li>Refuerzo de cart\u00f3n para carpetas o archivadores, etc.<\/li>\n<\/ul>\n<p>Nuestro amplio parque de m\u00e1quinas, nuestras t\u00e9cnicas integradas de impresi\u00f3n y estampaci\u00f3n, nuestro trabajo en 3 turnos y nuestra <strong>experiencia en la soldadura HF<\/strong> garantizan a nuestros clientes reactividad, calidad y plazos de entrega cortos.<\/p>\n","protected":false},"excerpt":{"rendered":"<p>&nbsp; Empezamos especializ\u00e1ndonos en 1947 en art\u00edculos publicitarios y de presentaci\u00f3n cosidos, pero en los a\u00f1os 60 creamos nuestros primeras soluciones publicitarias y de presentaci\u00f3n soldadas, introduciendo as\u00ed la t\u00e9cnica del soldado de alta frecuencia en nuestra empresa. Desde entonces, fabricamos cubiertas, estuches, tapas protectoras, etiquetas de equipaje, etc., con unas dimensiones m\u00e1ximas de 750\u00a0x\u00a01100\u00a0mm. [&hellip;]<\/p>\n","protected":false},"author":16,"featured_media":0,"parent":16641,"menu_order":0,"comment_status":"closed","ping_status":"closed","template":"","meta":[],"yoast_head":"<!-- This site is optimized with the Yoast SEO plugin v19.6.1 - https:\/\/yoast.com\/wordpress\/plugins\/seo\/ -->\n<title>Art\u00edculos publicitarios y de presentaci\u00f3n soldados - Design Duval<\/title>\n<meta name=\"description\" content=\"Art\u00edculos publicitarios y de presentaci\u00f3n soldados - Design Duval\" \/>\n<meta name=\"robots\" content=\"index, follow, max-snippet:-1, max-image-preview:large, max-video-preview:-1\" \/>\n<link rel=\"canonical\" href=\"https:\/\/www.design-duval.com\/es\/articulos-publicitarios-y-de-presentacion-nuestra-experiencia\/articulos-publicitarios-soldados\/\" \/>\n<meta property=\"og:locale\" content=\"es_ES\" \/>\n<meta property=\"og:type\" content=\"article\" \/>\n<meta property=\"og:title\" content=\"Art\u00edculos publicitarios y de presentaci\u00f3n soldados - Design Duval\" \/>\n<meta property=\"og:description\" content=\"Art\u00edculos publicitarios y de presentaci\u00f3n soldados - Design Duval\" \/>\n<meta property=\"og:url\" content=\"https:\/\/www.design-duval.com\/es\/articulos-publicitarios-y-de-presentacion-nuestra-experiencia\/articulos-publicitarios-soldados\/\" \/>\n<meta property=\"og:site_name\" content=\"Design Duval\" \/>\n<meta property=\"article:modified_time\" content=\"2021-01-20T20:24:41+00:00\" \/>\n<meta name=\"twitter:card\" content=\"summary\" \/>\n<meta name=\"twitter:label1\" content=\"Tiempo de lectura\" \/>\n\t<meta name=\"twitter:data1\" content=\"1 minuto\" \/>\n<script type=\"application\/ld+json\" class=\"yoast-schema-graph\">{\"@context\":\"https:\/\/schema.org\",\"@graph\":[{\"@type\":\"WebPage\",\"@id\":\"https:\/\/www.design-duval.com\/es\/articulos-publicitarios-y-de-presentacion-nuestra-experiencia\/articulos-publicitarios-soldados\/\",\"url\":\"https:\/\/www.design-duval.com\/es\/articulos-publicitarios-y-de-presentacion-nuestra-experiencia\/articulos-publicitarios-soldados\/\",\"name\":\"Art\u00edculos publicitarios y de presentaci\u00f3n soldados - Design Duval\",\"isPartOf\":{\"@id\":\"https:\/\/www.design-duval.com\/es\/#website\"},\"datePublished\":\"2019-10-20T21:44:59+00:00\",\"dateModified\":\"2021-01-20T20:24:41+00:00\",\"description\":\"Art\u00edculos publicitarios y de presentaci\u00f3n soldados - Design Duval\",\"breadcrumb\":{\"@id\":\"https:\/\/www.design-duval.com\/es\/articulos-publicitarios-y-de-presentacion-nuestra-experiencia\/articulos-publicitarios-soldados\/#breadcrumb\"},\"inLanguage\":\"es\",\"potentialAction\":[{\"@type\":\"ReadAction\",\"target\":[\"https:\/\/www.design-duval.com\/es\/articulos-publicitarios-y-de-presentacion-nuestra-experiencia\/articulos-publicitarios-soldados\/\"]}]},{\"@type\":\"BreadcrumbList\",\"@id\":\"https:\/\/www.design-duval.com\/es\/articulos-publicitarios-y-de-presentacion-nuestra-experiencia\/articulos-publicitarios-soldados\/#breadcrumb\",\"itemListElement\":[{\"@type\":\"ListItem\",\"position\":1,\"name\":\"Accueil\",\"item\":\"https:\/\/www.design-duval.com\/es\/\"},{\"@type\":\"ListItem\",\"position\":2,\"name\":\"Art\u00edculos publicitarios y de presentaci\u00f3n &#8211; nuestra experiencia\",\"item\":\"https:\/\/www.design-duval.com\/es\/articulos-publicitarios-y-de-presentacion-nuestra-experiencia\/\"},{\"@type\":\"ListItem\",\"position\":3,\"name\":\"Art\u00edculos publicitarios y de presentaci\u00f3n soldados\"}]},{\"@type\":\"WebSite\",\"@id\":\"https:\/\/www.design-duval.com\/es\/#website\",\"url\":\"https:\/\/www.design-duval.com\/es\/\",\"name\":\"Design Duval\",\"description\":\"\",\"publisher\":{\"@id\":\"https:\/\/www.design-duval.com\/es\/#organization\"},\"potentialAction\":[{\"@type\":\"SearchAction\",\"target\":{\"@type\":\"EntryPoint\",\"urlTemplate\":\"https:\/\/www.design-duval.com\/es\/?s={search_term_string}\"},\"query-input\":\"required name=search_term_string\"}],\"inLanguage\":\"es\"},{\"@type\":\"Organization\",\"@id\":\"https:\/\/www.design-duval.com\/es\/#organization\",\"name\":\"Design duval\",\"url\":\"https:\/\/www.design-duval.com\/es\/\",\"sameAs\":[],\"logo\":{\"@type\":\"ImageObject\",\"inLanguage\":\"es\",\"@id\":\"https:\/\/www.design-duval.com\/es\/#\/schema\/logo\/image\/\",\"url\":\"https:\/\/www.design-duval.com\/wp-content\/uploads\/2020\/09\/LOGO-DD-DN-web.jpg\",\"contentUrl\":\"https:\/\/www.design-duval.com\/wp-content\/uploads\/2020\/09\/LOGO-DD-DN-web.jpg\",\"width\":614,\"height\":460,\"caption\":\"Design duval\"},\"image\":{\"@id\":\"https:\/\/www.design-duval.com\/es\/#\/schema\/logo\/image\/\"}}]}<\/script>\n<!-- \/ Yoast SEO plugin. -->","yoast_head_json":{"title":"Art\u00edculos publicitarios y de presentaci\u00f3n soldados - Design Duval","description":"Art\u00edculos publicitarios y de presentaci\u00f3n soldados - Design Duval","robots":{"index":"index","follow":"follow","max-snippet":"max-snippet:-1","max-image-preview":"max-image-preview:large","max-video-preview":"max-video-preview:-1"},"canonical":"https:\/\/www.design-duval.com\/es\/articulos-publicitarios-y-de-presentacion-nuestra-experiencia\/articulos-publicitarios-soldados\/","og_locale":"es_ES","og_type":"article","og_title":"Art\u00edculos publicitarios y de presentaci\u00f3n soldados - Design Duval","og_description":"Art\u00edculos publicitarios y de presentaci\u00f3n soldados - Design Duval","og_url":"https:\/\/www.design-duval.com\/es\/articulos-publicitarios-y-de-presentacion-nuestra-experiencia\/articulos-publicitarios-soldados\/","og_site_name":"Design Duval","article_modified_time":"2021-01-20T20:24:41+00:00","twitter_card":"summary","twitter_misc":{"Tiempo de lectura":"1 minuto"},"schema":{"@context":"https:\/\/schema.org","@graph":[{"@type":"WebPage","@id":"https:\/\/www.design-duval.com\/es\/articulos-publicitarios-y-de-presentacion-nuestra-experiencia\/articulos-publicitarios-soldados\/","url":"https:\/\/www.design-duval.com\/es\/articulos-publicitarios-y-de-presentacion-nuestra-experiencia\/articulos-publicitarios-soldados\/","name":"Art\u00edculos publicitarios y de presentaci\u00f3n soldados - Design Duval","isPartOf":{"@id":"https:\/\/www.design-duval.com\/es\/#website"},"datePublished":"2019-10-20T21:44:59+00:00","dateModified":"2021-01-20T20:24:41+00:00","description":"Art\u00edculos publicitarios y de presentaci\u00f3n soldados - Design Duval","breadcrumb":{"@id":"https:\/\/www.design-duval.com\/es\/articulos-publicitarios-y-de-presentacion-nuestra-experiencia\/articulos-publicitarios-soldados\/#breadcrumb"},"inLanguage":"es","potentialAction":[{"@type":"ReadAction","target":["https:\/\/www.design-duval.com\/es\/articulos-publicitarios-y-de-presentacion-nuestra-experiencia\/articulos-publicitarios-soldados\/"]}]},{"@type":"BreadcrumbList","@id":"https:\/\/www.design-duval.com\/es\/articulos-publicitarios-y-de-presentacion-nuestra-experiencia\/articulos-publicitarios-soldados\/#breadcrumb","itemListElement":[{"@type":"ListItem","position":1,"name":"Accueil","item":"https:\/\/www.design-duval.com\/es\/"},{"@type":"ListItem","position":2,"name":"Art\u00edculos publicitarios y de presentaci\u00f3n &#8211; nuestra experiencia","item":"https:\/\/www.design-duval.com\/es\/articulos-publicitarios-y-de-presentacion-nuestra-experiencia\/"},{"@type":"ListItem","position":3,"name":"Art\u00edculos publicitarios y de presentaci\u00f3n soldados"}]},{"@type":"WebSite","@id":"https:\/\/www.design-duval.com\/es\/#website","url":"https:\/\/www.design-duval.com\/es\/","name":"Design Duval","description":"","publisher":{"@id":"https:\/\/www.design-duval.com\/es\/#organization"},"potentialAction":[{"@type":"SearchAction","target":{"@type":"EntryPoint","urlTemplate":"https:\/\/www.design-duval.com\/es\/?s={search_term_string}"},"query-input":"required name=search_term_string"}],"inLanguage":"es"},{"@type":"Organization","@id":"https:\/\/www.design-duval.com\/es\/#organization","name":"Design duval","url":"https:\/\/www.design-duval.com\/es\/","sameAs":[],"logo":{"@type":"ImageObject","inLanguage":"es","@id":"https:\/\/www.design-duval.com\/es\/#\/schema\/logo\/image\/","url":"https:\/\/www.design-duval.com\/wp-content\/uploads\/2020\/09\/LOGO-DD-DN-web.jpg","contentUrl":"https:\/\/www.design-duval.com\/wp-content\/uploads\/2020\/09\/LOGO-DD-DN-web.jpg","width":614,"height":460,"caption":"Design duval"},"image":{"@id":"https:\/\/www.design-duval.com\/es\/#\/schema\/logo\/image\/"}}]}},"_links":{"self":[{"href":"https:\/\/www.design-duval.com\/es\/wp-json\/wp\/v2\/pages\/16644"}],"collection":[{"href":"https:\/\/www.design-duval.com\/es\/wp-json\/wp\/v2\/pages"}],"about":[{"href":"https:\/\/www.design-duval.com\/es\/wp-json\/wp\/v2\/types\/page"}],"author":[{"embeddable":true,"href":"https:\/\/www.design-duval.com\/es\/wp-json\/wp\/v2\/users\/16"}],"replies":[{"embeddable":true,"href":"https:\/\/www.design-duval.com\/es\/wp-json\/wp\/v2\/comments?post=16644"}],"version-history":[{"count":3,"href":"https:\/\/www.design-duval.com\/es\/wp-json\/wp\/v2\/pages\/16644\/revisions"}],"predecessor-version":[{"id":17264,"href":"https:\/\/www.design-duval.com\/es\/wp-json\/wp\/v2\/pages\/16644\/revisions\/17264"}],"up":[{"embeddable":true,"href":"https:\/\/www.design-duval.com\/es\/wp-json\/wp\/v2\/pages\/16641"}],"wp:attachment":[{"href":"https:\/\/www.design-duval.com\/es\/wp-json\/wp\/v2\/media?parent=16644"}],"curies":[{"name":"wp","href":"https:\/\/api.w.org\/{rel}","templated":true}]}}