{"id":16648,"date":"2019-10-20T22:59:34","date_gmt":"2019-10-20T20:59:34","guid":{"rendered":"https:\/\/www.design-duval.com\/savoir-faire-maroquinerie-publicitaire\/maroquinerie-cousue\/"},"modified":"2021-01-20T21:28:03","modified_gmt":"2021-01-20T20:28:03","slug":"articulos-publicitarios-cosidos","status":"publish","type":"page","link":"https:\/\/www.design-duval.com\/es\/articulos-publicitarios-y-de-presentacion-nuestra-experiencia\/articulos-publicitarios-cosidos\/","title":{"rendered":"Art\u00edculos publicitarios y de presentaci\u00f3n cosidos"},"content":{"rendered":"<div id=\"attachment_13527\" style=\"width: 810px\" class=\"wp-caption aligncenter\"><img aria-describedby=\"caption-attachment-13527\" loading=\"lazy\" class=\"wp-image-13527\" src=\"https:\/\/www.design-duval.com\/wp-content\/uploads\/2020\/04\/Maroquinerie-soud\u00e9e-et-cousue-maroquinerie-cousue-455x265.jpg\" alt=\"Art\u00edculos publicitarios y de presentaci\u00f3n cosidos - nuestra experiencia\" width=\"800\" height=\"547\" srcset=\"https:\/\/www.design-duval.com\/wp-content\/uploads\/2020\/04\/Maroquinerie-soud\u00e9e-et-cousue-maroquinerie-cousue-768x525.jpg 768w, https:\/\/www.design-duval.com\/wp-content\/uploads\/2020\/04\/Maroquinerie-soud\u00e9e-et-cousue-maroquinerie-cousue-1500x1025.jpg 1500w, https:\/\/www.design-duval.com\/wp-content\/uploads\/2020\/04\/Maroquinerie-soud\u00e9e-et-cousue-maroquinerie-cousue-620x424.jpg 620w, https:\/\/www.design-duval.com\/wp-content\/uploads\/2020\/04\/Maroquinerie-soud\u00e9e-et-cousue-maroquinerie-cousue.jpg 1902w\" sizes=\"(max-width: 800px) 100vw, 800px\" \/><p id=\"caption-attachment-13527\" class=\"wp-caption-text\">Aur\u00e9lie (soldadura HF), Nathalie (soldadura HF), No\u00e9lie (departamento comercial)<\/p><\/div>\n<p>&nbsp;<\/p>\n<p>Gracias a nuestros or\u00edgenes como especialistas en el cosido de art\u00edculos de piel, hoy en d\u00eda disponemos de los conocimientos t\u00e9cnicos perfectos para la creaci\u00f3n de <strong>art\u00edculos de presentaci\u00f3n cosidos<\/strong>.<\/p>\n<p>La fase de dise\u00f1o sigue siendo responsabilidad exclusiva de nuestro equipo de dise\u00f1adores que se encuentra en Sainte-Marie y destaca por sus conocimientos t\u00e9cnicos, su creatividad y su orientaci\u00f3n al cliente. En la fase de producci\u00f3n, trabajamos desde hace unos a\u00f1os directamente en colaboraci\u00f3n con socios especializados, que hemos seleccionado seg\u00fan unos estrictos criterios de calidad y \u00e9tica.<\/p>\n<p>Gracias a estas competencias dentro del \u00e1rea de los <strong>art\u00edculos de piel sint\u00e9tica cosidos<\/strong>, hoy te podemos ofrecer<strong> art\u00edculos publicitarios y soluciones de presentaci\u00f3n completamente hechas a medida y personalizables<\/strong>, con acabados de primera clase.<\/p>\n<p>&nbsp;<\/p>\n<p>Las f<a href=\"https:\/\/www.design-duval.com\/es\/produit\/fundas-para-billetes-fundas-para-boletos-portatarjetas\/\">undas para tarjetas<\/a>, <a href=\"https:\/\/www.design-duval.com\/es\/produit\/kit-de-bienvenida-para-motos\/\">packs de bienvenida<\/a>,\u00a0<a href=\"https:\/\/www.design-duval.com\/es\/produit\/carpetas-portfolios-para-congresos\/\">carpetas para congresos<\/a>,\u00a0<a href=\"https:\/\/www.design-duval.com\/es\/produit\/carpetas-portadocumentos-para-coche\/\">portadocumentos para coches<\/a>, etc., se pueden adaptar hasta en el m\u00e1s m\u00ednimo detalle: bordes rectos o redondeados, costura tono sobre tono o con contraste, selecci\u00f3n del punto de costura, del material y, por supuesto, de los accesorios, impresi\u00f3n, etc.<\/p>\n<p>&nbsp;<\/p>\n","protected":false},"excerpt":{"rendered":"<p>&nbsp; Gracias a nuestros or\u00edgenes como especialistas en el cosido de art\u00edculos de piel, hoy en d\u00eda disponemos de los conocimientos t\u00e9cnicos perfectos para la creaci\u00f3n de art\u00edculos de presentaci\u00f3n cosidos. La fase de dise\u00f1o sigue siendo responsabilidad exclusiva de nuestro equipo de dise\u00f1adores que se encuentra en Sainte-Marie y destaca por sus conocimientos t\u00e9cnicos, [&hellip;]<\/p>\n","protected":false},"author":16,"featured_media":0,"parent":16641,"menu_order":0,"comment_status":"closed","ping_status":"closed","template":"","meta":[],"yoast_head":"<!-- This site is optimized with the Yoast SEO plugin v19.6.1 - https:\/\/yoast.com\/wordpress\/plugins\/seo\/ -->\n<title>Art\u00edculos publicitarios y de presentaci\u00f3n cosidos - Design Duval<\/title>\n<meta name=\"description\" content=\"Art\u00edculos publicitarios y de presentaci\u00f3n cosidos - Design Duval\" \/>\n<meta name=\"robots\" content=\"index, follow, max-snippet:-1, max-image-preview:large, max-video-preview:-1\" \/>\n<link rel=\"canonical\" href=\"https:\/\/www.design-duval.com\/es\/articulos-publicitarios-y-de-presentacion-nuestra-experiencia\/articulos-publicitarios-cosidos\/\" \/>\n<meta property=\"og:locale\" content=\"es_ES\" \/>\n<meta property=\"og:type\" content=\"article\" \/>\n<meta property=\"og:title\" content=\"Art\u00edculos publicitarios y de presentaci\u00f3n cosidos - Design Duval\" \/>\n<meta property=\"og:description\" content=\"Art\u00edculos publicitarios y de presentaci\u00f3n cosidos - Design Duval\" \/>\n<meta property=\"og:url\" content=\"https:\/\/www.design-duval.com\/es\/articulos-publicitarios-y-de-presentacion-nuestra-experiencia\/articulos-publicitarios-cosidos\/\" \/>\n<meta property=\"og:site_name\" content=\"Design Duval\" \/>\n<meta property=\"article:modified_time\" content=\"2021-01-20T20:28:03+00:00\" \/>\n<meta name=\"twitter:card\" content=\"summary\" \/>\n<meta name=\"twitter:label1\" content=\"Tiempo de lectura\" \/>\n\t<meta name=\"twitter:data1\" content=\"1 minuto\" \/>\n<script type=\"application\/ld+json\" class=\"yoast-schema-graph\">{\"@context\":\"https:\/\/schema.org\",\"@graph\":[{\"@type\":\"WebPage\",\"@id\":\"https:\/\/www.design-duval.com\/es\/articulos-publicitarios-y-de-presentacion-nuestra-experiencia\/articulos-publicitarios-cosidos\/\",\"url\":\"https:\/\/www.design-duval.com\/es\/articulos-publicitarios-y-de-presentacion-nuestra-experiencia\/articulos-publicitarios-cosidos\/\",\"name\":\"Art\u00edculos publicitarios y de presentaci\u00f3n cosidos - Design Duval\",\"isPartOf\":{\"@id\":\"https:\/\/www.design-duval.com\/es\/#website\"},\"datePublished\":\"2019-10-20T20:59:34+00:00\",\"dateModified\":\"2021-01-20T20:28:03+00:00\",\"description\":\"Art\u00edculos publicitarios y de presentaci\u00f3n cosidos - Design Duval\",\"breadcrumb\":{\"@id\":\"https:\/\/www.design-duval.com\/es\/articulos-publicitarios-y-de-presentacion-nuestra-experiencia\/articulos-publicitarios-cosidos\/#breadcrumb\"},\"inLanguage\":\"es\",\"potentialAction\":[{\"@type\":\"ReadAction\",\"target\":[\"https:\/\/www.design-duval.com\/es\/articulos-publicitarios-y-de-presentacion-nuestra-experiencia\/articulos-publicitarios-cosidos\/\"]}]},{\"@type\":\"BreadcrumbList\",\"@id\":\"https:\/\/www.design-duval.com\/es\/articulos-publicitarios-y-de-presentacion-nuestra-experiencia\/articulos-publicitarios-cosidos\/#breadcrumb\",\"itemListElement\":[{\"@type\":\"ListItem\",\"position\":1,\"name\":\"Accueil\",\"item\":\"https:\/\/www.design-duval.com\/es\/\"},{\"@type\":\"ListItem\",\"position\":2,\"name\":\"Art\u00edculos publicitarios y de presentaci\u00f3n &#8211; nuestra experiencia\",\"item\":\"https:\/\/www.design-duval.com\/es\/articulos-publicitarios-y-de-presentacion-nuestra-experiencia\/\"},{\"@type\":\"ListItem\",\"position\":3,\"name\":\"Art\u00edculos publicitarios y de presentaci\u00f3n cosidos\"}]},{\"@type\":\"WebSite\",\"@id\":\"https:\/\/www.design-duval.com\/es\/#website\",\"url\":\"https:\/\/www.design-duval.com\/es\/\",\"name\":\"Design Duval\",\"description\":\"\",\"publisher\":{\"@id\":\"https:\/\/www.design-duval.com\/es\/#organization\"},\"potentialAction\":[{\"@type\":\"SearchAction\",\"target\":{\"@type\":\"EntryPoint\",\"urlTemplate\":\"https:\/\/www.design-duval.com\/es\/?s={search_term_string}\"},\"query-input\":\"required name=search_term_string\"}],\"inLanguage\":\"es\"},{\"@type\":\"Organization\",\"@id\":\"https:\/\/www.design-duval.com\/es\/#organization\",\"name\":\"Design duval\",\"url\":\"https:\/\/www.design-duval.com\/es\/\",\"sameAs\":[],\"logo\":{\"@type\":\"ImageObject\",\"inLanguage\":\"es\",\"@id\":\"https:\/\/www.design-duval.com\/es\/#\/schema\/logo\/image\/\",\"url\":\"https:\/\/www.design-duval.com\/wp-content\/uploads\/2020\/09\/LOGO-DD-DN-web.jpg\",\"contentUrl\":\"https:\/\/www.design-duval.com\/wp-content\/uploads\/2020\/09\/LOGO-DD-DN-web.jpg\",\"width\":614,\"height\":460,\"caption\":\"Design duval\"},\"image\":{\"@id\":\"https:\/\/www.design-duval.com\/es\/#\/schema\/logo\/image\/\"}}]}<\/script>\n<!-- \/ Yoast SEO plugin. -->","yoast_head_json":{"title":"Art\u00edculos publicitarios y de presentaci\u00f3n cosidos - Design Duval","description":"Art\u00edculos publicitarios y de presentaci\u00f3n cosidos - Design Duval","robots":{"index":"index","follow":"follow","max-snippet":"max-snippet:-1","max-image-preview":"max-image-preview:large","max-video-preview":"max-video-preview:-1"},"canonical":"https:\/\/www.design-duval.com\/es\/articulos-publicitarios-y-de-presentacion-nuestra-experiencia\/articulos-publicitarios-cosidos\/","og_locale":"es_ES","og_type":"article","og_title":"Art\u00edculos publicitarios y de presentaci\u00f3n cosidos - Design Duval","og_description":"Art\u00edculos publicitarios y de presentaci\u00f3n cosidos - Design Duval","og_url":"https:\/\/www.design-duval.com\/es\/articulos-publicitarios-y-de-presentacion-nuestra-experiencia\/articulos-publicitarios-cosidos\/","og_site_name":"Design Duval","article_modified_time":"2021-01-20T20:28:03+00:00","twitter_card":"summary","twitter_misc":{"Tiempo de lectura":"1 minuto"},"schema":{"@context":"https:\/\/schema.org","@graph":[{"@type":"WebPage","@id":"https:\/\/www.design-duval.com\/es\/articulos-publicitarios-y-de-presentacion-nuestra-experiencia\/articulos-publicitarios-cosidos\/","url":"https:\/\/www.design-duval.com\/es\/articulos-publicitarios-y-de-presentacion-nuestra-experiencia\/articulos-publicitarios-cosidos\/","name":"Art\u00edculos publicitarios y de presentaci\u00f3n cosidos - Design Duval","isPartOf":{"@id":"https:\/\/www.design-duval.com\/es\/#website"},"datePublished":"2019-10-20T20:59:34+00:00","dateModified":"2021-01-20T20:28:03+00:00","description":"Art\u00edculos publicitarios y de presentaci\u00f3n cosidos - Design Duval","breadcrumb":{"@id":"https:\/\/www.design-duval.com\/es\/articulos-publicitarios-y-de-presentacion-nuestra-experiencia\/articulos-publicitarios-cosidos\/#breadcrumb"},"inLanguage":"es","potentialAction":[{"@type":"ReadAction","target":["https:\/\/www.design-duval.com\/es\/articulos-publicitarios-y-de-presentacion-nuestra-experiencia\/articulos-publicitarios-cosidos\/"]}]},{"@type":"BreadcrumbList","@id":"https:\/\/www.design-duval.com\/es\/articulos-publicitarios-y-de-presentacion-nuestra-experiencia\/articulos-publicitarios-cosidos\/#breadcrumb","itemListElement":[{"@type":"ListItem","position":1,"name":"Accueil","item":"https:\/\/www.design-duval.com\/es\/"},{"@type":"ListItem","position":2,"name":"Art\u00edculos publicitarios y de presentaci\u00f3n &#8211; nuestra experiencia","item":"https:\/\/www.design-duval.com\/es\/articulos-publicitarios-y-de-presentacion-nuestra-experiencia\/"},{"@type":"ListItem","position":3,"name":"Art\u00edculos publicitarios y de presentaci\u00f3n cosidos"}]},{"@type":"WebSite","@id":"https:\/\/www.design-duval.com\/es\/#website","url":"https:\/\/www.design-duval.com\/es\/","name":"Design Duval","description":"","publisher":{"@id":"https:\/\/www.design-duval.com\/es\/#organization"},"potentialAction":[{"@type":"SearchAction","target":{"@type":"EntryPoint","urlTemplate":"https:\/\/www.design-duval.com\/es\/?s={search_term_string}"},"query-input":"required name=search_term_string"}],"inLanguage":"es"},{"@type":"Organization","@id":"https:\/\/www.design-duval.com\/es\/#organization","name":"Design duval","url":"https:\/\/www.design-duval.com\/es\/","sameAs":[],"logo":{"@type":"ImageObject","inLanguage":"es","@id":"https:\/\/www.design-duval.com\/es\/#\/schema\/logo\/image\/","url":"https:\/\/www.design-duval.com\/wp-content\/uploads\/2020\/09\/LOGO-DD-DN-web.jpg","contentUrl":"https:\/\/www.design-duval.com\/wp-content\/uploads\/2020\/09\/LOGO-DD-DN-web.jpg","width":614,"height":460,"caption":"Design duval"},"image":{"@id":"https:\/\/www.design-duval.com\/es\/#\/schema\/logo\/image\/"}}]}},"_links":{"self":[{"href":"https:\/\/www.design-duval.com\/es\/wp-json\/wp\/v2\/pages\/16648"}],"collection":[{"href":"https:\/\/www.design-duval.com\/es\/wp-json\/wp\/v2\/pages"}],"about":[{"href":"https:\/\/www.design-duval.com\/es\/wp-json\/wp\/v2\/types\/page"}],"author":[{"embeddable":true,"href":"https:\/\/www.design-duval.com\/es\/wp-json\/wp\/v2\/users\/16"}],"replies":[{"embeddable":true,"href":"https:\/\/www.design-duval.com\/es\/wp-json\/wp\/v2\/comments?post=16648"}],"version-history":[{"count":2,"href":"https:\/\/www.design-duval.com\/es\/wp-json\/wp\/v2\/pages\/16648\/revisions"}],"predecessor-version":[{"id":17265,"href":"https:\/\/www.design-duval.com\/es\/wp-json\/wp\/v2\/pages\/16648\/revisions\/17265"}],"up":[{"embeddable":true,"href":"https:\/\/www.design-duval.com\/es\/wp-json\/wp\/v2\/pages\/16641"}],"wp:attachment":[{"href":"https:\/\/www.design-duval.com\/es\/wp-json\/wp\/v2\/media?parent=16648"}],"curies":[{"name":"wp","href":"https:\/\/api.w.org\/{rel}","templated":true}]}}