{"id":16665,"date":"2019-10-20T20:51:18","date_gmt":"2019-10-20T18:51:18","guid":{"rendered":"https:\/\/www.design-duval.com\/articulos-publicitarios-y-de-presentacion-soldados-o-cosidos-servicios\/conditionnement-a-facon\/"},"modified":"2021-01-22T14:06:35","modified_gmt":"2021-01-22T13:06:35","slug":"embalaje-segun-tus-preferencias","status":"publish","type":"page","link":"https:\/\/www.design-duval.com\/es\/articulos-publicitarios-y-de-presentacion-soldados-o-cosidos-servicios\/embalaje-segun-tus-preferencias\/","title":{"rendered":"Embalaje seg\u00fan tus preferencias"},"content":{"rendered":"<div id=\"attachment_13544\" style=\"width: 810px\" class=\"wp-caption aligncenter\"><img aria-describedby=\"caption-attachment-13544\" loading=\"lazy\" class=\"wp-image-13544\" src=\"https:\/\/www.design-duval.com\/wp-content\/uploads\/2020\/04\/Maroquinerie-soud\u00e9e-et-cousue-conditionnement-\u00e0-fa\u00e7on-455x265.jpg\" alt=\"Art\u00edculos publicitarios y de presentaci\u00f3n soldados o cosidos - embalaje seg\u00fan tus preferencias\" width=\"800\" height=\"547\" srcset=\"https:\/\/www.design-duval.com\/wp-content\/uploads\/2020\/04\/Maroquinerie-soud\u00e9e-et-cousue-conditionnement-\u00e0-fa\u00e7on-768x525.jpg 768w, https:\/\/www.design-duval.com\/wp-content\/uploads\/2020\/04\/Maroquinerie-soud\u00e9e-et-cousue-conditionnement-\u00e0-fa\u00e7on-1500x1026.jpg 1500w, https:\/\/www.design-duval.com\/wp-content\/uploads\/2020\/04\/Maroquinerie-soud\u00e9e-et-cousue-conditionnement-\u00e0-fa\u00e7on-620x424.jpg 620w, https:\/\/www.design-duval.com\/wp-content\/uploads\/2020\/04\/Maroquinerie-soud\u00e9e-et-cousue-conditionnement-\u00e0-fa\u00e7on.jpg 1900w\" sizes=\"(max-width: 800px) 100vw, 800px\" \/><p id=\"caption-attachment-13544\" class=\"wp-caption-text\">Sophie, confecci\u00f3n<\/p><\/div>\n<p>&nbsp;<\/p>\n<p>Al igual que en la creaci\u00f3n de tus proyectos, aqu\u00ed nuestro punto fuerte tambi\u00e9n es ofrecer una <strong>soluci\u00f3n a medida<\/strong>. Adaptamos el <strong>embalaje de tus productos<\/strong> a tus necesidades:<\/p>\n<ul>\n<li>Creaci\u00f3n de cajas de embalaje a medida seg\u00fan las dimensiones de tus productos<\/li>\n<li>Marcado de las cajas con el nombre o referencia de los productos, la cantidad contenida, un c\u00f3digo de barras, etc.<\/li>\n<li>Relleno perfecto de los espacios vac\u00edos para proteger los productos de golpes y movimientos durante el transporte<\/li>\n<li>Colocaci\u00f3n de cartones de separaci\u00f3n para evitar el hundimiento del embalaje<\/li>\n<li>Respeto de la cantidad y altura permitidas para palets en tu log\u00edstica central<\/li>\n<\/ul>\n<p>&nbsp;<\/p>\n<p>Nuestro equipo experimentado <strong>embala a medida<\/strong> todos tus <strong>art\u00edculos publicitarios y de presentaci\u00f3n cosidos o soldados:\u00a0<\/strong><strong><u><a href=\"https:\/\/www.design-duval.com\/es\/produit\/fundas-para-cartillas-sanitarias\/\">fundas para la cartilla de vacunaci\u00f3n<\/a>, <a href=\"https:\/\/www.design-duval.com\/de\/promotions-und-werbeverpackungen\/\">portadocumentos cosidos<\/a><\/u><\/strong><strong>,\u00a0<\/strong><strong><u><a href=\"https:\/\/www.design-duval.com\/es\/produit\/carpetas-portfolios-para-congresos\/\">carpetas para congresos<\/a><\/u><\/strong><strong>,\u00a0<\/strong><strong><u><a href=\"https:\/\/www.design-duval.com\/es\/produit\/estuches-pvc-personalizados\/\">estuches<\/a><\/u><\/strong>, etc.<\/p>\n","protected":false},"excerpt":{"rendered":"<p>&nbsp; Al igual que en la creaci\u00f3n de tus proyectos, aqu\u00ed nuestro punto fuerte tambi\u00e9n es ofrecer una soluci\u00f3n a medida. Adaptamos el embalaje de tus productos a tus necesidades: Creaci\u00f3n de cajas de embalaje a medida seg\u00fan las dimensiones de tus productos Marcado de las cajas con el nombre o referencia de los productos, [&hellip;]<\/p>\n","protected":false},"author":16,"featured_media":0,"parent":16662,"menu_order":0,"comment_status":"closed","ping_status":"closed","template":"","meta":[],"yoast_head":"<!-- This site is optimized with the Yoast SEO plugin v19.6.1 - https:\/\/yoast.com\/wordpress\/plugins\/seo\/ -->\n<title>Embalaje seg\u00fan tus preferencias - Design Duval<\/title>\n<meta name=\"description\" content=\"Embalaje seg\u00fan tus preferencias - Design Duval\" \/>\n<meta name=\"robots\" content=\"index, follow, max-snippet:-1, max-image-preview:large, max-video-preview:-1\" \/>\n<link rel=\"canonical\" href=\"https:\/\/www.design-duval.com\/es\/articulos-publicitarios-y-de-presentacion-soldados-o-cosidos-servicios\/embalaje-segun-tus-preferencias\/\" \/>\n<meta property=\"og:locale\" content=\"es_ES\" \/>\n<meta property=\"og:type\" content=\"article\" \/>\n<meta property=\"og:title\" content=\"Embalaje seg\u00fan tus preferencias - Design Duval\" \/>\n<meta property=\"og:description\" content=\"Embalaje seg\u00fan tus preferencias - Design Duval\" \/>\n<meta property=\"og:url\" content=\"https:\/\/www.design-duval.com\/es\/articulos-publicitarios-y-de-presentacion-soldados-o-cosidos-servicios\/embalaje-segun-tus-preferencias\/\" \/>\n<meta property=\"og:site_name\" content=\"Design Duval\" \/>\n<meta property=\"article:modified_time\" content=\"2021-01-22T13:06:35+00:00\" \/>\n<meta name=\"twitter:card\" content=\"summary\" \/>\n<meta name=\"twitter:label1\" content=\"Tiempo de lectura\" \/>\n\t<meta name=\"twitter:data1\" content=\"1 minuto\" \/>\n<script type=\"application\/ld+json\" class=\"yoast-schema-graph\">{\"@context\":\"https:\/\/schema.org\",\"@graph\":[{\"@type\":\"WebPage\",\"@id\":\"https:\/\/www.design-duval.com\/es\/articulos-publicitarios-y-de-presentacion-soldados-o-cosidos-servicios\/embalaje-segun-tus-preferencias\/\",\"url\":\"https:\/\/www.design-duval.com\/es\/articulos-publicitarios-y-de-presentacion-soldados-o-cosidos-servicios\/embalaje-segun-tus-preferencias\/\",\"name\":\"Embalaje seg\u00fan tus preferencias - Design Duval\",\"isPartOf\":{\"@id\":\"https:\/\/www.design-duval.com\/es\/#website\"},\"datePublished\":\"2019-10-20T18:51:18+00:00\",\"dateModified\":\"2021-01-22T13:06:35+00:00\",\"description\":\"Embalaje seg\u00fan tus preferencias - Design Duval\",\"breadcrumb\":{\"@id\":\"https:\/\/www.design-duval.com\/es\/articulos-publicitarios-y-de-presentacion-soldados-o-cosidos-servicios\/embalaje-segun-tus-preferencias\/#breadcrumb\"},\"inLanguage\":\"es\",\"potentialAction\":[{\"@type\":\"ReadAction\",\"target\":[\"https:\/\/www.design-duval.com\/es\/articulos-publicitarios-y-de-presentacion-soldados-o-cosidos-servicios\/embalaje-segun-tus-preferencias\/\"]}]},{\"@type\":\"BreadcrumbList\",\"@id\":\"https:\/\/www.design-duval.com\/es\/articulos-publicitarios-y-de-presentacion-soldados-o-cosidos-servicios\/embalaje-segun-tus-preferencias\/#breadcrumb\",\"itemListElement\":[{\"@type\":\"ListItem\",\"position\":1,\"name\":\"Accueil\",\"item\":\"https:\/\/www.design-duval.com\/es\/\"},{\"@type\":\"ListItem\",\"position\":2,\"name\":\"Art\u00edculos publicitarios y de presentaci\u00f3n soldados o cosidos &#8211; Servicios\",\"item\":\"https:\/\/www.design-duval.com\/es\/articulos-publicitarios-y-de-presentacion-soldados-o-cosidos-servicios\/\"},{\"@type\":\"ListItem\",\"position\":3,\"name\":\"Embalaje seg\u00fan tus preferencias\"}]},{\"@type\":\"WebSite\",\"@id\":\"https:\/\/www.design-duval.com\/es\/#website\",\"url\":\"https:\/\/www.design-duval.com\/es\/\",\"name\":\"Design Duval\",\"description\":\"\",\"publisher\":{\"@id\":\"https:\/\/www.design-duval.com\/es\/#organization\"},\"potentialAction\":[{\"@type\":\"SearchAction\",\"target\":{\"@type\":\"EntryPoint\",\"urlTemplate\":\"https:\/\/www.design-duval.com\/es\/?s={search_term_string}\"},\"query-input\":\"required name=search_term_string\"}],\"inLanguage\":\"es\"},{\"@type\":\"Organization\",\"@id\":\"https:\/\/www.design-duval.com\/es\/#organization\",\"name\":\"Design duval\",\"url\":\"https:\/\/www.design-duval.com\/es\/\",\"sameAs\":[],\"logo\":{\"@type\":\"ImageObject\",\"inLanguage\":\"es\",\"@id\":\"https:\/\/www.design-duval.com\/es\/#\/schema\/logo\/image\/\",\"url\":\"https:\/\/www.design-duval.com\/wp-content\/uploads\/2020\/09\/LOGO-DD-DN-web.jpg\",\"contentUrl\":\"https:\/\/www.design-duval.com\/wp-content\/uploads\/2020\/09\/LOGO-DD-DN-web.jpg\",\"width\":614,\"height\":460,\"caption\":\"Design duval\"},\"image\":{\"@id\":\"https:\/\/www.design-duval.com\/es\/#\/schema\/logo\/image\/\"}}]}<\/script>\n<!-- \/ Yoast SEO plugin. -->","yoast_head_json":{"title":"Embalaje seg\u00fan tus preferencias - Design Duval","description":"Embalaje seg\u00fan tus preferencias - Design Duval","robots":{"index":"index","follow":"follow","max-snippet":"max-snippet:-1","max-image-preview":"max-image-preview:large","max-video-preview":"max-video-preview:-1"},"canonical":"https:\/\/www.design-duval.com\/es\/articulos-publicitarios-y-de-presentacion-soldados-o-cosidos-servicios\/embalaje-segun-tus-preferencias\/","og_locale":"es_ES","og_type":"article","og_title":"Embalaje seg\u00fan tus preferencias - Design Duval","og_description":"Embalaje seg\u00fan tus preferencias - Design Duval","og_url":"https:\/\/www.design-duval.com\/es\/articulos-publicitarios-y-de-presentacion-soldados-o-cosidos-servicios\/embalaje-segun-tus-preferencias\/","og_site_name":"Design Duval","article_modified_time":"2021-01-22T13:06:35+00:00","twitter_card":"summary","twitter_misc":{"Tiempo de lectura":"1 minuto"},"schema":{"@context":"https:\/\/schema.org","@graph":[{"@type":"WebPage","@id":"https:\/\/www.design-duval.com\/es\/articulos-publicitarios-y-de-presentacion-soldados-o-cosidos-servicios\/embalaje-segun-tus-preferencias\/","url":"https:\/\/www.design-duval.com\/es\/articulos-publicitarios-y-de-presentacion-soldados-o-cosidos-servicios\/embalaje-segun-tus-preferencias\/","name":"Embalaje seg\u00fan tus preferencias - Design Duval","isPartOf":{"@id":"https:\/\/www.design-duval.com\/es\/#website"},"datePublished":"2019-10-20T18:51:18+00:00","dateModified":"2021-01-22T13:06:35+00:00","description":"Embalaje seg\u00fan tus preferencias - Design Duval","breadcrumb":{"@id":"https:\/\/www.design-duval.com\/es\/articulos-publicitarios-y-de-presentacion-soldados-o-cosidos-servicios\/embalaje-segun-tus-preferencias\/#breadcrumb"},"inLanguage":"es","potentialAction":[{"@type":"ReadAction","target":["https:\/\/www.design-duval.com\/es\/articulos-publicitarios-y-de-presentacion-soldados-o-cosidos-servicios\/embalaje-segun-tus-preferencias\/"]}]},{"@type":"BreadcrumbList","@id":"https:\/\/www.design-duval.com\/es\/articulos-publicitarios-y-de-presentacion-soldados-o-cosidos-servicios\/embalaje-segun-tus-preferencias\/#breadcrumb","itemListElement":[{"@type":"ListItem","position":1,"name":"Accueil","item":"https:\/\/www.design-duval.com\/es\/"},{"@type":"ListItem","position":2,"name":"Art\u00edculos publicitarios y de presentaci\u00f3n soldados o cosidos &#8211; Servicios","item":"https:\/\/www.design-duval.com\/es\/articulos-publicitarios-y-de-presentacion-soldados-o-cosidos-servicios\/"},{"@type":"ListItem","position":3,"name":"Embalaje seg\u00fan tus preferencias"}]},{"@type":"WebSite","@id":"https:\/\/www.design-duval.com\/es\/#website","url":"https:\/\/www.design-duval.com\/es\/","name":"Design Duval","description":"","publisher":{"@id":"https:\/\/www.design-duval.com\/es\/#organization"},"potentialAction":[{"@type":"SearchAction","target":{"@type":"EntryPoint","urlTemplate":"https:\/\/www.design-duval.com\/es\/?s={search_term_string}"},"query-input":"required name=search_term_string"}],"inLanguage":"es"},{"@type":"Organization","@id":"https:\/\/www.design-duval.com\/es\/#organization","name":"Design duval","url":"https:\/\/www.design-duval.com\/es\/","sameAs":[],"logo":{"@type":"ImageObject","inLanguage":"es","@id":"https:\/\/www.design-duval.com\/es\/#\/schema\/logo\/image\/","url":"https:\/\/www.design-duval.com\/wp-content\/uploads\/2020\/09\/LOGO-DD-DN-web.jpg","contentUrl":"https:\/\/www.design-duval.com\/wp-content\/uploads\/2020\/09\/LOGO-DD-DN-web.jpg","width":614,"height":460,"caption":"Design duval"},"image":{"@id":"https:\/\/www.design-duval.com\/es\/#\/schema\/logo\/image\/"}}]}},"_links":{"self":[{"href":"https:\/\/www.design-duval.com\/es\/wp-json\/wp\/v2\/pages\/16665"}],"collection":[{"href":"https:\/\/www.design-duval.com\/es\/wp-json\/wp\/v2\/pages"}],"about":[{"href":"https:\/\/www.design-duval.com\/es\/wp-json\/wp\/v2\/types\/page"}],"author":[{"embeddable":true,"href":"https:\/\/www.design-duval.com\/es\/wp-json\/wp\/v2\/users\/16"}],"replies":[{"embeddable":true,"href":"https:\/\/www.design-duval.com\/es\/wp-json\/wp\/v2\/comments?post=16665"}],"version-history":[{"count":2,"href":"https:\/\/www.design-duval.com\/es\/wp-json\/wp\/v2\/pages\/16665\/revisions"}],"predecessor-version":[{"id":17272,"href":"https:\/\/www.design-duval.com\/es\/wp-json\/wp\/v2\/pages\/16665\/revisions\/17272"}],"up":[{"embeddable":true,"href":"https:\/\/www.design-duval.com\/es\/wp-json\/wp\/v2\/pages\/16662"}],"wp:attachment":[{"href":"https:\/\/www.design-duval.com\/es\/wp-json\/wp\/v2\/media?parent=16665"}],"curies":[{"name":"wp","href":"https:\/\/api.w.org\/{rel}","templated":true}]}}