{"id":16671,"date":"2019-10-20T20:58:25","date_gmt":"2019-10-20T18:58:25","guid":{"rendered":"https:\/\/www.design-duval.com\/articulos-publicitarios-y-de-presentacion-soldados-o-cosidos-servicios\/routing-und-lagerung\/"},"modified":"2020-11-30T15:52:21","modified_gmt":"2020-11-30T14:52:21","slug":"enrutamiento-almacenamiento","status":"publish","type":"page","link":"https:\/\/www.design-duval.com\/es\/articulos-publicitarios-y-de-presentacion-soldados-o-cosidos-servicios\/enrutamiento-almacenamiento\/","title":{"rendered":"Enrutamiento \/ Almacenamiento"},"content":{"rendered":"<div id=\"attachment_13557\" style=\"width: 810px\" class=\"wp-caption aligncenter\"><img aria-describedby=\"caption-attachment-13557\" loading=\"lazy\" class=\"wp-image-13557\" src=\"https:\/\/www.design-duval.com\/wp-content\/uploads\/2020\/04\/Maroquinerie-soud\u00e9e-et-cousue-routage-et-stockage-455x265.jpg\" alt=\"Art\u00edculos publicitarios y de presentaci\u00f3n soldados o cosidos - enrutamiento \/ almacenamiento\" width=\"800\" height=\"547\" srcset=\"https:\/\/www.design-duval.com\/wp-content\/uploads\/2020\/04\/Maroquinerie-soud\u00e9e-et-cousue-routage-et-stockage-768x525.jpg 768w, https:\/\/www.design-duval.com\/wp-content\/uploads\/2020\/04\/Maroquinerie-soud\u00e9e-et-cousue-routage-et-stockage-1500x1026.jpg 1500w, https:\/\/www.design-duval.com\/wp-content\/uploads\/2020\/04\/Maroquinerie-soud\u00e9e-et-cousue-routage-et-stockage-620x424.jpg 620w, https:\/\/www.design-duval.com\/wp-content\/uploads\/2020\/04\/Maroquinerie-soud\u00e9e-et-cousue-routage-et-stockage.jpg 1900w\" sizes=\"(max-width: 800px) 100vw, 800px\" \/><p id=\"caption-attachment-13557\" class=\"wp-caption-text\">Laetitia, embalaje y transporte<\/p><\/div>\n<p>&nbsp;<\/p>\n<p>Si lo deseas, <strong>Design Duval<\/strong> puede poner a tu disposici\u00f3n hasta <strong>5000\u00a0m de superficie de almacenamiento<\/strong> para tus <strong>art\u00edculos publicitarios y de presentaci\u00f3n cosidos y soldados<\/strong>.<\/p>\n<p><strong>\u00a0<\/strong>Para optimizar tus gastos, te ofrecemos la posibilidad de fabricar tus productos en grandes cantidades y luego enviarlos seg\u00fan tus necesidades y dentro de los plazos acordados.<\/p>\n<p>Para tus entregas a demanda, garantizamos env\u00edos diarios de <strong><u><a href=\"https:\/\/www.design-duval.com\/es\/articulos-publicitarios-y-de-presentacion-soldados-o-cosidos-servicios\/embalaje-segun-tus-preferencias\/\">palets o paquetes<\/a><\/u><\/strong> dentro de Francia y en el extranjero.<\/p>\n<p>Adem\u00e1s, te ofrecemos el env\u00edo de surtidos de art\u00edculos creados por nosotros. Por ejemplo, nos encontramos con un caso en el que tuvimos que crear kits de diferentes modelos de <strong>estuches soldados<\/strong>, que luego tuvimos que enviar en cantidades muy diferentes (de 100 a 30,000 art\u00edculos) a 65 destinos distintos. \u00a1Nos encantan las complicaciones!<\/p>\n","protected":false},"excerpt":{"rendered":"<p>&nbsp; Si lo deseas, Design Duval puede poner a tu disposici\u00f3n hasta 5000\u00a0m de superficie de almacenamiento para tus art\u00edculos publicitarios y de presentaci\u00f3n cosidos y soldados. \u00a0Para optimizar tus gastos, te ofrecemos la posibilidad de fabricar tus productos en grandes cantidades y luego enviarlos seg\u00fan tus necesidades y dentro de los plazos acordados. Para [&hellip;]<\/p>\n","protected":false},"author":16,"featured_media":0,"parent":16662,"menu_order":0,"comment_status":"closed","ping_status":"closed","template":"","meta":[],"yoast_head":"<!-- This site is optimized with the Yoast SEO plugin v19.6.1 - https:\/\/yoast.com\/wordpress\/plugins\/seo\/ -->\n<title>Enrutamiento \/ Almacenamiento - Design Duval<\/title>\n<meta name=\"description\" content=\"Enrutamiento \/ Almacenamiento - Design Duval\" \/>\n<meta name=\"robots\" content=\"index, follow, max-snippet:-1, max-image-preview:large, max-video-preview:-1\" \/>\n<link rel=\"canonical\" href=\"https:\/\/www.design-duval.com\/es\/articulos-publicitarios-y-de-presentacion-soldados-o-cosidos-servicios\/enrutamiento-almacenamiento\/\" \/>\n<meta property=\"og:locale\" content=\"es_ES\" \/>\n<meta property=\"og:type\" content=\"article\" \/>\n<meta property=\"og:title\" content=\"Enrutamiento \/ Almacenamiento - Design Duval\" \/>\n<meta property=\"og:description\" content=\"Enrutamiento \/ Almacenamiento - Design Duval\" \/>\n<meta property=\"og:url\" content=\"https:\/\/www.design-duval.com\/es\/articulos-publicitarios-y-de-presentacion-soldados-o-cosidos-servicios\/enrutamiento-almacenamiento\/\" \/>\n<meta property=\"og:site_name\" content=\"Design Duval\" \/>\n<meta property=\"article:modified_time\" content=\"2020-11-30T14:52:21+00:00\" \/>\n<meta name=\"twitter:card\" content=\"summary\" \/>\n<meta name=\"twitter:label1\" content=\"Tiempo de lectura\" \/>\n\t<meta name=\"twitter:data1\" content=\"1 minuto\" \/>\n<script type=\"application\/ld+json\" class=\"yoast-schema-graph\">{\"@context\":\"https:\/\/schema.org\",\"@graph\":[{\"@type\":\"WebPage\",\"@id\":\"https:\/\/www.design-duval.com\/es\/articulos-publicitarios-y-de-presentacion-soldados-o-cosidos-servicios\/enrutamiento-almacenamiento\/\",\"url\":\"https:\/\/www.design-duval.com\/es\/articulos-publicitarios-y-de-presentacion-soldados-o-cosidos-servicios\/enrutamiento-almacenamiento\/\",\"name\":\"Enrutamiento \/ Almacenamiento - Design Duval\",\"isPartOf\":{\"@id\":\"https:\/\/www.design-duval.com\/es\/#website\"},\"datePublished\":\"2019-10-20T18:58:25+00:00\",\"dateModified\":\"2020-11-30T14:52:21+00:00\",\"description\":\"Enrutamiento \/ Almacenamiento - Design Duval\",\"breadcrumb\":{\"@id\":\"https:\/\/www.design-duval.com\/es\/articulos-publicitarios-y-de-presentacion-soldados-o-cosidos-servicios\/enrutamiento-almacenamiento\/#breadcrumb\"},\"inLanguage\":\"es\",\"potentialAction\":[{\"@type\":\"ReadAction\",\"target\":[\"https:\/\/www.design-duval.com\/es\/articulos-publicitarios-y-de-presentacion-soldados-o-cosidos-servicios\/enrutamiento-almacenamiento\/\"]}]},{\"@type\":\"BreadcrumbList\",\"@id\":\"https:\/\/www.design-duval.com\/es\/articulos-publicitarios-y-de-presentacion-soldados-o-cosidos-servicios\/enrutamiento-almacenamiento\/#breadcrumb\",\"itemListElement\":[{\"@type\":\"ListItem\",\"position\":1,\"name\":\"Accueil\",\"item\":\"https:\/\/www.design-duval.com\/es\/\"},{\"@type\":\"ListItem\",\"position\":2,\"name\":\"Art\u00edculos publicitarios y de presentaci\u00f3n soldados o cosidos &#8211; Servicios\",\"item\":\"https:\/\/www.design-duval.com\/es\/articulos-publicitarios-y-de-presentacion-soldados-o-cosidos-servicios\/\"},{\"@type\":\"ListItem\",\"position\":3,\"name\":\"Enrutamiento \/ Almacenamiento\"}]},{\"@type\":\"WebSite\",\"@id\":\"https:\/\/www.design-duval.com\/es\/#website\",\"url\":\"https:\/\/www.design-duval.com\/es\/\",\"name\":\"Design Duval\",\"description\":\"\",\"publisher\":{\"@id\":\"https:\/\/www.design-duval.com\/es\/#organization\"},\"potentialAction\":[{\"@type\":\"SearchAction\",\"target\":{\"@type\":\"EntryPoint\",\"urlTemplate\":\"https:\/\/www.design-duval.com\/es\/?s={search_term_string}\"},\"query-input\":\"required name=search_term_string\"}],\"inLanguage\":\"es\"},{\"@type\":\"Organization\",\"@id\":\"https:\/\/www.design-duval.com\/es\/#organization\",\"name\":\"Design duval\",\"url\":\"https:\/\/www.design-duval.com\/es\/\",\"sameAs\":[],\"logo\":{\"@type\":\"ImageObject\",\"inLanguage\":\"es\",\"@id\":\"https:\/\/www.design-duval.com\/es\/#\/schema\/logo\/image\/\",\"url\":\"https:\/\/www.design-duval.com\/wp-content\/uploads\/2020\/09\/LOGO-DD-DN-web.jpg\",\"contentUrl\":\"https:\/\/www.design-duval.com\/wp-content\/uploads\/2020\/09\/LOGO-DD-DN-web.jpg\",\"width\":614,\"height\":460,\"caption\":\"Design duval\"},\"image\":{\"@id\":\"https:\/\/www.design-duval.com\/es\/#\/schema\/logo\/image\/\"}}]}<\/script>\n<!-- \/ Yoast SEO plugin. -->","yoast_head_json":{"title":"Enrutamiento \/ Almacenamiento - Design Duval","description":"Enrutamiento \/ Almacenamiento - Design Duval","robots":{"index":"index","follow":"follow","max-snippet":"max-snippet:-1","max-image-preview":"max-image-preview:large","max-video-preview":"max-video-preview:-1"},"canonical":"https:\/\/www.design-duval.com\/es\/articulos-publicitarios-y-de-presentacion-soldados-o-cosidos-servicios\/enrutamiento-almacenamiento\/","og_locale":"es_ES","og_type":"article","og_title":"Enrutamiento \/ Almacenamiento - Design Duval","og_description":"Enrutamiento \/ Almacenamiento - Design Duval","og_url":"https:\/\/www.design-duval.com\/es\/articulos-publicitarios-y-de-presentacion-soldados-o-cosidos-servicios\/enrutamiento-almacenamiento\/","og_site_name":"Design Duval","article_modified_time":"2020-11-30T14:52:21+00:00","twitter_card":"summary","twitter_misc":{"Tiempo de lectura":"1 minuto"},"schema":{"@context":"https:\/\/schema.org","@graph":[{"@type":"WebPage","@id":"https:\/\/www.design-duval.com\/es\/articulos-publicitarios-y-de-presentacion-soldados-o-cosidos-servicios\/enrutamiento-almacenamiento\/","url":"https:\/\/www.design-duval.com\/es\/articulos-publicitarios-y-de-presentacion-soldados-o-cosidos-servicios\/enrutamiento-almacenamiento\/","name":"Enrutamiento \/ Almacenamiento - Design Duval","isPartOf":{"@id":"https:\/\/www.design-duval.com\/es\/#website"},"datePublished":"2019-10-20T18:58:25+00:00","dateModified":"2020-11-30T14:52:21+00:00","description":"Enrutamiento \/ Almacenamiento - Design Duval","breadcrumb":{"@id":"https:\/\/www.design-duval.com\/es\/articulos-publicitarios-y-de-presentacion-soldados-o-cosidos-servicios\/enrutamiento-almacenamiento\/#breadcrumb"},"inLanguage":"es","potentialAction":[{"@type":"ReadAction","target":["https:\/\/www.design-duval.com\/es\/articulos-publicitarios-y-de-presentacion-soldados-o-cosidos-servicios\/enrutamiento-almacenamiento\/"]}]},{"@type":"BreadcrumbList","@id":"https:\/\/www.design-duval.com\/es\/articulos-publicitarios-y-de-presentacion-soldados-o-cosidos-servicios\/enrutamiento-almacenamiento\/#breadcrumb","itemListElement":[{"@type":"ListItem","position":1,"name":"Accueil","item":"https:\/\/www.design-duval.com\/es\/"},{"@type":"ListItem","position":2,"name":"Art\u00edculos publicitarios y de presentaci\u00f3n soldados o cosidos &#8211; Servicios","item":"https:\/\/www.design-duval.com\/es\/articulos-publicitarios-y-de-presentacion-soldados-o-cosidos-servicios\/"},{"@type":"ListItem","position":3,"name":"Enrutamiento \/ Almacenamiento"}]},{"@type":"WebSite","@id":"https:\/\/www.design-duval.com\/es\/#website","url":"https:\/\/www.design-duval.com\/es\/","name":"Design Duval","description":"","publisher":{"@id":"https:\/\/www.design-duval.com\/es\/#organization"},"potentialAction":[{"@type":"SearchAction","target":{"@type":"EntryPoint","urlTemplate":"https:\/\/www.design-duval.com\/es\/?s={search_term_string}"},"query-input":"required name=search_term_string"}],"inLanguage":"es"},{"@type":"Organization","@id":"https:\/\/www.design-duval.com\/es\/#organization","name":"Design duval","url":"https:\/\/www.design-duval.com\/es\/","sameAs":[],"logo":{"@type":"ImageObject","inLanguage":"es","@id":"https:\/\/www.design-duval.com\/es\/#\/schema\/logo\/image\/","url":"https:\/\/www.design-duval.com\/wp-content\/uploads\/2020\/09\/LOGO-DD-DN-web.jpg","contentUrl":"https:\/\/www.design-duval.com\/wp-content\/uploads\/2020\/09\/LOGO-DD-DN-web.jpg","width":614,"height":460,"caption":"Design duval"},"image":{"@id":"https:\/\/www.design-duval.com\/es\/#\/schema\/logo\/image\/"}}]}},"_links":{"self":[{"href":"https:\/\/www.design-duval.com\/es\/wp-json\/wp\/v2\/pages\/16671"}],"collection":[{"href":"https:\/\/www.design-duval.com\/es\/wp-json\/wp\/v2\/pages"}],"about":[{"href":"https:\/\/www.design-duval.com\/es\/wp-json\/wp\/v2\/types\/page"}],"author":[{"embeddable":true,"href":"https:\/\/www.design-duval.com\/es\/wp-json\/wp\/v2\/users\/16"}],"replies":[{"embeddable":true,"href":"https:\/\/www.design-duval.com\/es\/wp-json\/wp\/v2\/comments?post=16671"}],"version-history":[{"count":2,"href":"https:\/\/www.design-duval.com\/es\/wp-json\/wp\/v2\/pages\/16671\/revisions"}],"predecessor-version":[{"id":16673,"href":"https:\/\/www.design-duval.com\/es\/wp-json\/wp\/v2\/pages\/16671\/revisions\/16673"}],"up":[{"embeddable":true,"href":"https:\/\/www.design-duval.com\/es\/wp-json\/wp\/v2\/pages\/16662"}],"wp:attachment":[{"href":"https:\/\/www.design-duval.com\/es\/wp-json\/wp\/v2\/media?parent=16671"}],"curies":[{"name":"wp","href":"https:\/\/api.w.org\/{rel}","templated":true}]}}