{"id":16690,"date":"2016-10-27T16:56:18","date_gmt":"2016-10-27T14:56:18","guid":{"rendered":"https:\/\/www.design-duval.com\/herstellung-musterkollektionen-know-how\/"},"modified":"2021-01-25T12:04:12","modified_gmt":"2021-01-25T11:04:12","slug":"presentacion-y-fabricacion-de-muestras-nuestra-experiencia","status":"publish","type":"page","link":"https:\/\/www.design-duval.com\/es\/presentacion-y-fabricacion-de-muestras-nuestra-experiencia\/","title":{"rendered":"Presentaci\u00f3n y fabricaci\u00f3n de muestras: nuestra experiencia"},"content":{"rendered":"<p>Llevamos m\u00e1s de 40 a\u00f1os fabricando <strong>presentaciones para muestras, productos individuales y gamas de productos<\/strong>, siempre <strong>en producci\u00f3n por encargo<\/strong> y a menudo con <strong>servicio completo <\/strong>. Gracias a esta experiencia de muchos a\u00f1os, contamos hoy con unos conocimientos reconocidos a nivel internacional y somos tu socio de confianza en todas las fases de tu proyecto.<\/p>\n","protected":false},"excerpt":{"rendered":"<p>Llevamos m\u00e1s de 40 a\u00f1os fabricando presentaciones para muestras, productos individuales y gamas de productos, siempre en producci\u00f3n por encargo y a menudo con servicio completo . Gracias a esta experiencia de muchos a\u00f1os, contamos hoy con unos conocimientos reconocidos a nivel internacional y somos tu socio de confianza en todas las fases de tu [&hellip;]<\/p>\n","protected":false},"author":9,"featured_media":0,"parent":0,"menu_order":0,"comment_status":"closed","ping_status":"closed","template":"","meta":[],"yoast_head":"<!-- This site is optimized with the Yoast SEO plugin v19.6.1 - https:\/\/yoast.com\/wordpress\/plugins\/seo\/ -->\n<title>Echtmusterkollektionen - unser Know-how<\/title>\n<meta name=\"description\" content=\"Presentaci\u00f3n y fabricaci\u00f3n de muestras: nuestra experiencia - Design Duval\" \/>\n<meta name=\"robots\" content=\"index, follow, max-snippet:-1, max-image-preview:large, max-video-preview:-1\" \/>\n<link rel=\"canonical\" href=\"https:\/\/www.design-duval.com\/es\/presentacion-y-fabricacion-de-muestras-nuestra-experiencia\/\" \/>\n<meta property=\"og:locale\" content=\"es_ES\" \/>\n<meta property=\"og:type\" content=\"article\" \/>\n<meta property=\"og:title\" content=\"Echtmusterkollektionen - unser Know-how\" \/>\n<meta property=\"og:description\" content=\"Presentaci\u00f3n y fabricaci\u00f3n de muestras: nuestra experiencia - Design Duval\" \/>\n<meta property=\"og:url\" content=\"https:\/\/www.design-duval.com\/es\/presentacion-y-fabricacion-de-muestras-nuestra-experiencia\/\" \/>\n<meta property=\"og:site_name\" content=\"Design Duval\" \/>\n<meta property=\"article:modified_time\" content=\"2021-01-25T11:04:12+00:00\" \/>\n<meta name=\"twitter:card\" content=\"summary\" \/>\n<script type=\"application\/ld+json\" class=\"yoast-schema-graph\">{\"@context\":\"https:\/\/schema.org\",\"@graph\":[{\"@type\":\"WebPage\",\"@id\":\"https:\/\/www.design-duval.com\/es\/presentacion-y-fabricacion-de-muestras-nuestra-experiencia\/\",\"url\":\"https:\/\/www.design-duval.com\/es\/presentacion-y-fabricacion-de-muestras-nuestra-experiencia\/\",\"name\":\"Echtmusterkollektionen - unser Know-how\",\"isPartOf\":{\"@id\":\"https:\/\/www.design-duval.com\/es\/#website\"},\"datePublished\":\"2016-10-27T14:56:18+00:00\",\"dateModified\":\"2021-01-25T11:04:12+00:00\",\"description\":\"Presentaci\u00f3n y fabricaci\u00f3n de muestras: nuestra experiencia - Design Duval\",\"breadcrumb\":{\"@id\":\"https:\/\/www.design-duval.com\/es\/presentacion-y-fabricacion-de-muestras-nuestra-experiencia\/#breadcrumb\"},\"inLanguage\":\"es\",\"potentialAction\":[{\"@type\":\"ReadAction\",\"target\":[\"https:\/\/www.design-duval.com\/es\/presentacion-y-fabricacion-de-muestras-nuestra-experiencia\/\"]}]},{\"@type\":\"BreadcrumbList\",\"@id\":\"https:\/\/www.design-duval.com\/es\/presentacion-y-fabricacion-de-muestras-nuestra-experiencia\/#breadcrumb\",\"itemListElement\":[{\"@type\":\"ListItem\",\"position\":1,\"name\":\"Accueil\",\"item\":\"https:\/\/www.design-duval.com\/es\/\"},{\"@type\":\"ListItem\",\"position\":2,\"name\":\"Presentaci\u00f3n y fabricaci\u00f3n de muestras: nuestra experiencia\"}]},{\"@type\":\"WebSite\",\"@id\":\"https:\/\/www.design-duval.com\/es\/#website\",\"url\":\"https:\/\/www.design-duval.com\/es\/\",\"name\":\"Design Duval\",\"description\":\"\",\"publisher\":{\"@id\":\"https:\/\/www.design-duval.com\/es\/#organization\"},\"potentialAction\":[{\"@type\":\"SearchAction\",\"target\":{\"@type\":\"EntryPoint\",\"urlTemplate\":\"https:\/\/www.design-duval.com\/es\/?s={search_term_string}\"},\"query-input\":\"required name=search_term_string\"}],\"inLanguage\":\"es\"},{\"@type\":\"Organization\",\"@id\":\"https:\/\/www.design-duval.com\/es\/#organization\",\"name\":\"Design duval\",\"url\":\"https:\/\/www.design-duval.com\/es\/\",\"sameAs\":[],\"logo\":{\"@type\":\"ImageObject\",\"inLanguage\":\"es\",\"@id\":\"https:\/\/www.design-duval.com\/es\/#\/schema\/logo\/image\/\",\"url\":\"https:\/\/www.design-duval.com\/wp-content\/uploads\/2020\/09\/LOGO-DD-DN-web.jpg\",\"contentUrl\":\"https:\/\/www.design-duval.com\/wp-content\/uploads\/2020\/09\/LOGO-DD-DN-web.jpg\",\"width\":614,\"height\":460,\"caption\":\"Design duval\"},\"image\":{\"@id\":\"https:\/\/www.design-duval.com\/es\/#\/schema\/logo\/image\/\"}}]}<\/script>\n<!-- \/ Yoast SEO plugin. -->","yoast_head_json":{"title":"Echtmusterkollektionen - unser Know-how","description":"Presentaci\u00f3n y fabricaci\u00f3n de muestras: nuestra experiencia - Design Duval","robots":{"index":"index","follow":"follow","max-snippet":"max-snippet:-1","max-image-preview":"max-image-preview:large","max-video-preview":"max-video-preview:-1"},"canonical":"https:\/\/www.design-duval.com\/es\/presentacion-y-fabricacion-de-muestras-nuestra-experiencia\/","og_locale":"es_ES","og_type":"article","og_title":"Echtmusterkollektionen - unser Know-how","og_description":"Presentaci\u00f3n y fabricaci\u00f3n de muestras: nuestra experiencia - Design Duval","og_url":"https:\/\/www.design-duval.com\/es\/presentacion-y-fabricacion-de-muestras-nuestra-experiencia\/","og_site_name":"Design Duval","article_modified_time":"2021-01-25T11:04:12+00:00","twitter_card":"summary","schema":{"@context":"https:\/\/schema.org","@graph":[{"@type":"WebPage","@id":"https:\/\/www.design-duval.com\/es\/presentacion-y-fabricacion-de-muestras-nuestra-experiencia\/","url":"https:\/\/www.design-duval.com\/es\/presentacion-y-fabricacion-de-muestras-nuestra-experiencia\/","name":"Echtmusterkollektionen - unser Know-how","isPartOf":{"@id":"https:\/\/www.design-duval.com\/es\/#website"},"datePublished":"2016-10-27T14:56:18+00:00","dateModified":"2021-01-25T11:04:12+00:00","description":"Presentaci\u00f3n y fabricaci\u00f3n de muestras: nuestra experiencia - Design Duval","breadcrumb":{"@id":"https:\/\/www.design-duval.com\/es\/presentacion-y-fabricacion-de-muestras-nuestra-experiencia\/#breadcrumb"},"inLanguage":"es","potentialAction":[{"@type":"ReadAction","target":["https:\/\/www.design-duval.com\/es\/presentacion-y-fabricacion-de-muestras-nuestra-experiencia\/"]}]},{"@type":"BreadcrumbList","@id":"https:\/\/www.design-duval.com\/es\/presentacion-y-fabricacion-de-muestras-nuestra-experiencia\/#breadcrumb","itemListElement":[{"@type":"ListItem","position":1,"name":"Accueil","item":"https:\/\/www.design-duval.com\/es\/"},{"@type":"ListItem","position":2,"name":"Presentaci\u00f3n y fabricaci\u00f3n de muestras: nuestra experiencia"}]},{"@type":"WebSite","@id":"https:\/\/www.design-duval.com\/es\/#website","url":"https:\/\/www.design-duval.com\/es\/","name":"Design Duval","description":"","publisher":{"@id":"https:\/\/www.design-duval.com\/es\/#organization"},"potentialAction":[{"@type":"SearchAction","target":{"@type":"EntryPoint","urlTemplate":"https:\/\/www.design-duval.com\/es\/?s={search_term_string}"},"query-input":"required name=search_term_string"}],"inLanguage":"es"},{"@type":"Organization","@id":"https:\/\/www.design-duval.com\/es\/#organization","name":"Design duval","url":"https:\/\/www.design-duval.com\/es\/","sameAs":[],"logo":{"@type":"ImageObject","inLanguage":"es","@id":"https:\/\/www.design-duval.com\/es\/#\/schema\/logo\/image\/","url":"https:\/\/www.design-duval.com\/wp-content\/uploads\/2020\/09\/LOGO-DD-DN-web.jpg","contentUrl":"https:\/\/www.design-duval.com\/wp-content\/uploads\/2020\/09\/LOGO-DD-DN-web.jpg","width":614,"height":460,"caption":"Design duval"},"image":{"@id":"https:\/\/www.design-duval.com\/es\/#\/schema\/logo\/image\/"}}]}},"_links":{"self":[{"href":"https:\/\/www.design-duval.com\/es\/wp-json\/wp\/v2\/pages\/16690"}],"collection":[{"href":"https:\/\/www.design-duval.com\/es\/wp-json\/wp\/v2\/pages"}],"about":[{"href":"https:\/\/www.design-duval.com\/es\/wp-json\/wp\/v2\/types\/page"}],"author":[{"embeddable":true,"href":"https:\/\/www.design-duval.com\/es\/wp-json\/wp\/v2\/users\/9"}],"replies":[{"embeddable":true,"href":"https:\/\/www.design-duval.com\/es\/wp-json\/wp\/v2\/comments?post=16690"}],"version-history":[{"count":3,"href":"https:\/\/www.design-duval.com\/es\/wp-json\/wp\/v2\/pages\/16690\/revisions"}],"predecessor-version":[{"id":17292,"href":"https:\/\/www.design-duval.com\/es\/wp-json\/wp\/v2\/pages\/16690\/revisions\/17292"}],"wp:attachment":[{"href":"https:\/\/www.design-duval.com\/es\/wp-json\/wp\/v2\/media?parent=16690"}],"curies":[{"name":"wp","href":"https:\/\/api.w.org\/{rel}","templated":true}]}}