{"id":16693,"date":"2019-10-11T19:41:56","date_gmt":"2019-10-11T17:41:56","guid":{"rendered":"https:\/\/www.design-duval.com\/presentacion-y-fabricacion-de-muestras-nuestra-experiencia\/entwurf-und-herstellung-von-musterkollektionen\/"},"modified":"2021-01-25T12:08:18","modified_gmt":"2021-01-25T11:08:18","slug":"diseno-fabricacion-muestrarios","status":"publish","type":"page","link":"https:\/\/www.design-duval.com\/es\/presentacion-y-fabricacion-de-muestras-nuestra-experiencia\/diseno-fabricacion-muestrarios\/","title":{"rendered":"Dise\u00f1o y fabricaci\u00f3n de muestrarios"},"content":{"rendered":"<div id=\"attachment_13310\" style=\"width: 810px\" class=\"wp-caption aligncenter\"><img aria-describedby=\"caption-attachment-13310\" loading=\"lazy\" class=\"wp-image-13310\" src=\"https:\/\/www.design-duval.com\/wp-content\/uploads\/2020\/04\/Pr\u00e9sentation-et-fabrication-\u00e9chantillons-pr\u00e9sentation-d\u00e9chantillons-455x265.jpg\" alt=\"Presentaci\u00f3n y fabricaci\u00f3n de muestras - Dise\u00f1o y fabricaci\u00f3n de muestrarios\" width=\"800\" height=\"547\" srcset=\"https:\/\/www.design-duval.com\/wp-content\/uploads\/2020\/04\/Pr\u00e9sentation-et-fabrication-\u00e9chantillons-pr\u00e9sentation-d\u00e9chantillons-768x525.jpg 768w, https:\/\/www.design-duval.com\/wp-content\/uploads\/2020\/04\/Pr\u00e9sentation-et-fabrication-\u00e9chantillons-pr\u00e9sentation-d\u00e9chantillons-1500x1026.jpg 1500w, https:\/\/www.design-duval.com\/wp-content\/uploads\/2020\/04\/Pr\u00e9sentation-et-fabrication-\u00e9chantillons-pr\u00e9sentation-d\u00e9chantillons-620x424.jpg 620w, https:\/\/www.design-duval.com\/wp-content\/uploads\/2020\/04\/Pr\u00e9sentation-et-fabrication-\u00e9chantillons-pr\u00e9sentation-d\u00e9chantillons.jpg 1900w\" sizes=\"(max-width: 800px) 100vw, 800px\" \/><p id=\"caption-attachment-13310\" class=\"wp-caption-text\">Myriam, administraci\u00f3n de ventas Duval Nuanciers<\/p><\/div>\n<p>&nbsp;<\/p>\n<p>Tanto si tienes una idea exacta de cu\u00e1l es la <strong>mejor forma de presentar tus muestras <\/strong> como si no tienes ninguna idea de por d\u00f3nde empezar, Design Duval dise\u00f1a para ti y contigo la <strong>presentaci\u00f3n de muestras<\/strong> ideal.<\/p>\n<p>\u00bfNuestra fuerza? Un estudio de dise\u00f1o y un equipo de producci\u00f3n bajo el mismo techo, que trabajan codo con codo para <a href=\"https:\/\/www.design-duval.com\/es\/muestrarios-diseno-y-desarrollo\/\">dise\u00f1ar muestrarios que se adapten a tus necesidades espec\u00edficas<\/a>. A continuaci\u00f3n, los <strong>estuches de muestras, cartas de colores, cajas para muestras, carpetas muestrarios, maletas de muestras, muestrarios expositores<\/strong> se producen internamente, con numerosas t\u00e9cnicas de producci\u00f3n que dominamos a la perfecci\u00f3n:<\/p>\n<ul>\n<li>Transformaci\u00f3n de PVC a trav\u00e9s de soldadura de alta frecuencia y termoconformado,<\/li>\n<li>Corte y troquelado de polipropileno,<\/li>\n<li>Contracolado y forro de cart\u00f3n,<\/li>\n<li>Serigraf\u00eda, impresi\u00f3n offset, impresi\u00f3n digital, estampaci\u00f3n.<\/li>\n<\/ul>\n<p>Gracias a esta diversidad de materiales y t\u00e9cnicas de transformaci\u00f3n, podemos siempre responder de forma espec\u00edfica a tus necesidades y satisfacer tus exigencias funcionales, est\u00e9ticas y de presupuesto.<br \/>\nNo somos un \u201csimple fabricante\u201d, no, te invitamos a compartir contigo nuestros 40 a\u00f1os de experiencia en el dise\u00f1o y fabricaci\u00f3n de muestrarios.<\/p>\n<p>\u00bfYa has echado un vistazo a nuestra p\u00e1gina web? \u00bfPuede que ya hayas encontrado un producto que va en l\u00ednea con tus deseos? Estamos encantados de aconsejarte para adaptar tu proyecto a los utillajes existentes, lo que permite ahorrar tiempo y dinero, para una fabricaci\u00f3n r\u00e1pida de tus muestrarios y expositores de muestras.<\/p>\n","protected":false},"excerpt":{"rendered":"<p>&nbsp; Tanto si tienes una idea exacta de cu\u00e1l es la mejor forma de presentar tus muestras como si no tienes ninguna idea de por d\u00f3nde empezar, Design Duval dise\u00f1a para ti y contigo la presentaci\u00f3n de muestras ideal. \u00bfNuestra fuerza? Un estudio de dise\u00f1o y un equipo de producci\u00f3n bajo el mismo techo, que [&hellip;]<\/p>\n","protected":false},"author":16,"featured_media":0,"parent":16690,"menu_order":0,"comment_status":"closed","ping_status":"closed","template":"","meta":[],"yoast_head":"<!-- This site is optimized with the Yoast SEO plugin v19.6.1 - https:\/\/yoast.com\/wordpress\/plugins\/seo\/ -->\n<title>Dise\u00f1o y fabricaci\u00f3n de muestrarios - Design Duval<\/title>\n<meta name=\"description\" content=\"Dise\u00f1o y fabricaci\u00f3n de muestrarios - Design Duval\" \/>\n<meta name=\"robots\" content=\"index, follow, max-snippet:-1, max-image-preview:large, max-video-preview:-1\" \/>\n<link rel=\"canonical\" href=\"https:\/\/www.design-duval.com\/es\/presentacion-y-fabricacion-de-muestras-nuestra-experiencia\/diseno-fabricacion-muestrarios\/\" \/>\n<meta property=\"og:locale\" content=\"es_ES\" \/>\n<meta property=\"og:type\" content=\"article\" \/>\n<meta property=\"og:title\" content=\"Dise\u00f1o y fabricaci\u00f3n de muestrarios - Design Duval\" \/>\n<meta property=\"og:description\" content=\"Dise\u00f1o y fabricaci\u00f3n de muestrarios - Design Duval\" \/>\n<meta property=\"og:url\" content=\"https:\/\/www.design-duval.com\/es\/presentacion-y-fabricacion-de-muestras-nuestra-experiencia\/diseno-fabricacion-muestrarios\/\" \/>\n<meta property=\"og:site_name\" content=\"Design Duval\" \/>\n<meta property=\"article:modified_time\" content=\"2021-01-25T11:08:18+00:00\" \/>\n<meta name=\"twitter:card\" content=\"summary\" \/>\n<meta name=\"twitter:label1\" content=\"Tiempo de lectura\" \/>\n\t<meta name=\"twitter:data1\" content=\"1 minuto\" \/>\n<script type=\"application\/ld+json\" class=\"yoast-schema-graph\">{\"@context\":\"https:\/\/schema.org\",\"@graph\":[{\"@type\":\"WebPage\",\"@id\":\"https:\/\/www.design-duval.com\/es\/presentacion-y-fabricacion-de-muestras-nuestra-experiencia\/diseno-fabricacion-muestrarios\/\",\"url\":\"https:\/\/www.design-duval.com\/es\/presentacion-y-fabricacion-de-muestras-nuestra-experiencia\/diseno-fabricacion-muestrarios\/\",\"name\":\"Dise\u00f1o y fabricaci\u00f3n de muestrarios - Design Duval\",\"isPartOf\":{\"@id\":\"https:\/\/www.design-duval.com\/es\/#website\"},\"datePublished\":\"2019-10-11T17:41:56+00:00\",\"dateModified\":\"2021-01-25T11:08:18+00:00\",\"description\":\"Dise\u00f1o y fabricaci\u00f3n de muestrarios - Design Duval\",\"breadcrumb\":{\"@id\":\"https:\/\/www.design-duval.com\/es\/presentacion-y-fabricacion-de-muestras-nuestra-experiencia\/diseno-fabricacion-muestrarios\/#breadcrumb\"},\"inLanguage\":\"es\",\"potentialAction\":[{\"@type\":\"ReadAction\",\"target\":[\"https:\/\/www.design-duval.com\/es\/presentacion-y-fabricacion-de-muestras-nuestra-experiencia\/diseno-fabricacion-muestrarios\/\"]}]},{\"@type\":\"BreadcrumbList\",\"@id\":\"https:\/\/www.design-duval.com\/es\/presentacion-y-fabricacion-de-muestras-nuestra-experiencia\/diseno-fabricacion-muestrarios\/#breadcrumb\",\"itemListElement\":[{\"@type\":\"ListItem\",\"position\":1,\"name\":\"Accueil\",\"item\":\"https:\/\/www.design-duval.com\/es\/\"},{\"@type\":\"ListItem\",\"position\":2,\"name\":\"Presentaci\u00f3n y fabricaci\u00f3n de muestras: nuestra experiencia\",\"item\":\"https:\/\/www.design-duval.com\/es\/presentacion-y-fabricacion-de-muestras-nuestra-experiencia\/\"},{\"@type\":\"ListItem\",\"position\":3,\"name\":\"Dise\u00f1o y fabricaci\u00f3n de muestrarios\"}]},{\"@type\":\"WebSite\",\"@id\":\"https:\/\/www.design-duval.com\/es\/#website\",\"url\":\"https:\/\/www.design-duval.com\/es\/\",\"name\":\"Design Duval\",\"description\":\"\",\"publisher\":{\"@id\":\"https:\/\/www.design-duval.com\/es\/#organization\"},\"potentialAction\":[{\"@type\":\"SearchAction\",\"target\":{\"@type\":\"EntryPoint\",\"urlTemplate\":\"https:\/\/www.design-duval.com\/es\/?s={search_term_string}\"},\"query-input\":\"required name=search_term_string\"}],\"inLanguage\":\"es\"},{\"@type\":\"Organization\",\"@id\":\"https:\/\/www.design-duval.com\/es\/#organization\",\"name\":\"Design duval\",\"url\":\"https:\/\/www.design-duval.com\/es\/\",\"sameAs\":[],\"logo\":{\"@type\":\"ImageObject\",\"inLanguage\":\"es\",\"@id\":\"https:\/\/www.design-duval.com\/es\/#\/schema\/logo\/image\/\",\"url\":\"https:\/\/www.design-duval.com\/wp-content\/uploads\/2020\/09\/LOGO-DD-DN-web.jpg\",\"contentUrl\":\"https:\/\/www.design-duval.com\/wp-content\/uploads\/2020\/09\/LOGO-DD-DN-web.jpg\",\"width\":614,\"height\":460,\"caption\":\"Design duval\"},\"image\":{\"@id\":\"https:\/\/www.design-duval.com\/es\/#\/schema\/logo\/image\/\"}}]}<\/script>\n<!-- \/ Yoast SEO plugin. -->","yoast_head_json":{"title":"Dise\u00f1o y fabricaci\u00f3n de muestrarios - Design Duval","description":"Dise\u00f1o y fabricaci\u00f3n de muestrarios - Design Duval","robots":{"index":"index","follow":"follow","max-snippet":"max-snippet:-1","max-image-preview":"max-image-preview:large","max-video-preview":"max-video-preview:-1"},"canonical":"https:\/\/www.design-duval.com\/es\/presentacion-y-fabricacion-de-muestras-nuestra-experiencia\/diseno-fabricacion-muestrarios\/","og_locale":"es_ES","og_type":"article","og_title":"Dise\u00f1o y fabricaci\u00f3n de muestrarios - Design Duval","og_description":"Dise\u00f1o y fabricaci\u00f3n de muestrarios - Design Duval","og_url":"https:\/\/www.design-duval.com\/es\/presentacion-y-fabricacion-de-muestras-nuestra-experiencia\/diseno-fabricacion-muestrarios\/","og_site_name":"Design Duval","article_modified_time":"2021-01-25T11:08:18+00:00","twitter_card":"summary","twitter_misc":{"Tiempo de lectura":"1 minuto"},"schema":{"@context":"https:\/\/schema.org","@graph":[{"@type":"WebPage","@id":"https:\/\/www.design-duval.com\/es\/presentacion-y-fabricacion-de-muestras-nuestra-experiencia\/diseno-fabricacion-muestrarios\/","url":"https:\/\/www.design-duval.com\/es\/presentacion-y-fabricacion-de-muestras-nuestra-experiencia\/diseno-fabricacion-muestrarios\/","name":"Dise\u00f1o y fabricaci\u00f3n de muestrarios - Design Duval","isPartOf":{"@id":"https:\/\/www.design-duval.com\/es\/#website"},"datePublished":"2019-10-11T17:41:56+00:00","dateModified":"2021-01-25T11:08:18+00:00","description":"Dise\u00f1o y fabricaci\u00f3n de muestrarios - Design Duval","breadcrumb":{"@id":"https:\/\/www.design-duval.com\/es\/presentacion-y-fabricacion-de-muestras-nuestra-experiencia\/diseno-fabricacion-muestrarios\/#breadcrumb"},"inLanguage":"es","potentialAction":[{"@type":"ReadAction","target":["https:\/\/www.design-duval.com\/es\/presentacion-y-fabricacion-de-muestras-nuestra-experiencia\/diseno-fabricacion-muestrarios\/"]}]},{"@type":"BreadcrumbList","@id":"https:\/\/www.design-duval.com\/es\/presentacion-y-fabricacion-de-muestras-nuestra-experiencia\/diseno-fabricacion-muestrarios\/#breadcrumb","itemListElement":[{"@type":"ListItem","position":1,"name":"Accueil","item":"https:\/\/www.design-duval.com\/es\/"},{"@type":"ListItem","position":2,"name":"Presentaci\u00f3n y fabricaci\u00f3n de muestras: nuestra experiencia","item":"https:\/\/www.design-duval.com\/es\/presentacion-y-fabricacion-de-muestras-nuestra-experiencia\/"},{"@type":"ListItem","position":3,"name":"Dise\u00f1o y fabricaci\u00f3n de muestrarios"}]},{"@type":"WebSite","@id":"https:\/\/www.design-duval.com\/es\/#website","url":"https:\/\/www.design-duval.com\/es\/","name":"Design Duval","description":"","publisher":{"@id":"https:\/\/www.design-duval.com\/es\/#organization"},"potentialAction":[{"@type":"SearchAction","target":{"@type":"EntryPoint","urlTemplate":"https:\/\/www.design-duval.com\/es\/?s={search_term_string}"},"query-input":"required name=search_term_string"}],"inLanguage":"es"},{"@type":"Organization","@id":"https:\/\/www.design-duval.com\/es\/#organization","name":"Design duval","url":"https:\/\/www.design-duval.com\/es\/","sameAs":[],"logo":{"@type":"ImageObject","inLanguage":"es","@id":"https:\/\/www.design-duval.com\/es\/#\/schema\/logo\/image\/","url":"https:\/\/www.design-duval.com\/wp-content\/uploads\/2020\/09\/LOGO-DD-DN-web.jpg","contentUrl":"https:\/\/www.design-duval.com\/wp-content\/uploads\/2020\/09\/LOGO-DD-DN-web.jpg","width":614,"height":460,"caption":"Design duval"},"image":{"@id":"https:\/\/www.design-duval.com\/es\/#\/schema\/logo\/image\/"}}]}},"_links":{"self":[{"href":"https:\/\/www.design-duval.com\/es\/wp-json\/wp\/v2\/pages\/16693"}],"collection":[{"href":"https:\/\/www.design-duval.com\/es\/wp-json\/wp\/v2\/pages"}],"about":[{"href":"https:\/\/www.design-duval.com\/es\/wp-json\/wp\/v2\/types\/page"}],"author":[{"embeddable":true,"href":"https:\/\/www.design-duval.com\/es\/wp-json\/wp\/v2\/users\/16"}],"replies":[{"embeddable":true,"href":"https:\/\/www.design-duval.com\/es\/wp-json\/wp\/v2\/comments?post=16693"}],"version-history":[{"count":2,"href":"https:\/\/www.design-duval.com\/es\/wp-json\/wp\/v2\/pages\/16693\/revisions"}],"predecessor-version":[{"id":17293,"href":"https:\/\/www.design-duval.com\/es\/wp-json\/wp\/v2\/pages\/16693\/revisions\/17293"}],"up":[{"embeddable":true,"href":"https:\/\/www.design-duval.com\/es\/wp-json\/wp\/v2\/pages\/16690"}],"wp:attachment":[{"href":"https:\/\/www.design-duval.com\/es\/wp-json\/wp\/v2\/media?parent=16693"}],"curies":[{"name":"wp","href":"https:\/\/api.w.org\/{rel}","templated":true}]}}