{"id":16706,"date":"2019-10-11T19:43:22","date_gmt":"2019-10-11T17:43:22","guid":{"rendered":"https:\/\/www.design-duval.com\/muestrarios-diseno-y-desarrollo\/personalisierte-projektanalyse\/"},"modified":"2020-12-01T14:30:02","modified_gmt":"2020-12-01T13:30:02","slug":"analisis-personalizado-del-proyecto","status":"publish","type":"page","link":"https:\/\/www.design-duval.com\/es\/muestrarios-diseno-y-desarrollo\/analisis-personalizado-del-proyecto\/","title":{"rendered":"An\u00e1lisis personalizado del proyecto"},"content":{"rendered":"<div id=\"attachment_4690\" style=\"width: 810px\" class=\"wp-caption aligncenter\"><img aria-describedby=\"caption-attachment-4690\" loading=\"lazy\" class=\"wp-image-4690\" src=\"https:\/\/www.design-duval.com\/wp-content\/uploads\/2020\/01\/Pr\u00e9sentation-et-fabrication-\u00e9chantillons-\u00e9tude-personnalis\u00e9e-du-projet-455x265.jpg\" alt=\"Presentaci\u00f3n y fabricaci\u00f3n de muestras - An\u00e1lisis personalizado del proyecto\" width=\"800\" height=\"416\" \/><p id=\"caption-attachment-4690\" class=\"wp-caption-text\">Dorian, t\u00e9cnico industrial<\/p><\/div>\n<p>&nbsp;<\/p>\n<p>En <strong>Design Duval<\/strong> ponemos al cliente en el centro de la creaci\u00f3n.<\/p>\n<p>Podemos ser expertos en el <strong>desarrollo y la producci\u00f3n de presentaciones de muestras hechas a demanda<\/strong>, \u00a1pero sin ti no podemos hacer nada!<\/p>\n<p>Por eso, te hacemos muchas preguntas:<\/p>\n<ul>\n<li>cantidad, tama\u00f1o, grosor y peso de las muestras a presentar,<\/li>\n<li>muestras extra\u00edbles o fijas,<\/li>\n<li>grupos objetivo,<\/li>\n<li>presupuesto,<\/li>\n<li>tiradas<\/li>\n<li>etc.<\/li>\n<\/ul>\n<p>Tambi\u00e9n te preguntamos sobre tus preferencias en cuanto a materiales para la presentaci\u00f3n, tu modo de comunicaci\u00f3n general, tu imagen de marca y segmento de mercado. Nuestro intercambio constituye la base del proyecto.<\/p>\n<p>Poco a poco el proyecto va tomando forma. Nuestros experimentados encargados de clientes te hacen las primeras propuestas, a veces apoy\u00e1ndose en realizaciones similares para ilustrarlas. Al final, habremos definido juntos <strong>los materiales y t\u00e9cnicas de producci\u00f3n<\/strong> que permiten a los dise\u00f1adores llevar a cabo el proyecto.<\/p>\n<p>Aprovechamos nuestra s\u00f3lida experiencia y la completamos con una permanente observaci\u00f3n del mercado, de las tecnolog\u00edas y de las tendencias, para proponerte una presentaci\u00f3n funcional que se adapte perfectamente a tus necesidades.<\/p>\n","protected":false},"excerpt":{"rendered":"<p>&nbsp; En Design Duval ponemos al cliente en el centro de la creaci\u00f3n. Podemos ser expertos en el desarrollo y la producci\u00f3n de presentaciones de muestras hechas a demanda, \u00a1pero sin ti no podemos hacer nada! Por eso, te hacemos muchas preguntas: cantidad, tama\u00f1o, grosor y peso de las muestras a presentar, muestras extra\u00edbles o [&hellip;]<\/p>\n","protected":false},"author":16,"featured_media":0,"parent":16702,"menu_order":0,"comment_status":"closed","ping_status":"closed","template":"","meta":[],"yoast_head":"<!-- This site is optimized with the Yoast SEO plugin v19.6.1 - https:\/\/yoast.com\/wordpress\/plugins\/seo\/ -->\n<title>An\u00e1lisis personalizado del proyecto - Design Duval<\/title>\n<meta name=\"description\" content=\"An\u00e1lisis personalizado del proyecto - Design Duval\" \/>\n<meta name=\"robots\" content=\"index, follow, max-snippet:-1, max-image-preview:large, max-video-preview:-1\" \/>\n<link rel=\"canonical\" href=\"https:\/\/www.design-duval.com\/es\/muestrarios-diseno-y-desarrollo\/analisis-personalizado-del-proyecto\/\" \/>\n<meta property=\"og:locale\" content=\"es_ES\" \/>\n<meta property=\"og:type\" content=\"article\" \/>\n<meta property=\"og:title\" content=\"An\u00e1lisis personalizado del proyecto - Design Duval\" \/>\n<meta property=\"og:description\" content=\"An\u00e1lisis personalizado del proyecto - Design Duval\" \/>\n<meta property=\"og:url\" content=\"https:\/\/www.design-duval.com\/es\/muestrarios-diseno-y-desarrollo\/analisis-personalizado-del-proyecto\/\" \/>\n<meta property=\"og:site_name\" content=\"Design Duval\" \/>\n<meta property=\"article:modified_time\" content=\"2020-12-01T13:30:02+00:00\" \/>\n<meta name=\"twitter:card\" content=\"summary\" \/>\n<meta name=\"twitter:label1\" content=\"Tiempo de lectura\" \/>\n\t<meta name=\"twitter:data1\" content=\"1 minuto\" \/>\n<script type=\"application\/ld+json\" class=\"yoast-schema-graph\">{\"@context\":\"https:\/\/schema.org\",\"@graph\":[{\"@type\":\"WebPage\",\"@id\":\"https:\/\/www.design-duval.com\/es\/muestrarios-diseno-y-desarrollo\/analisis-personalizado-del-proyecto\/\",\"url\":\"https:\/\/www.design-duval.com\/es\/muestrarios-diseno-y-desarrollo\/analisis-personalizado-del-proyecto\/\",\"name\":\"An\u00e1lisis personalizado del proyecto - Design Duval\",\"isPartOf\":{\"@id\":\"https:\/\/www.design-duval.com\/es\/#website\"},\"datePublished\":\"2019-10-11T17:43:22+00:00\",\"dateModified\":\"2020-12-01T13:30:02+00:00\",\"description\":\"An\u00e1lisis personalizado del proyecto - Design Duval\",\"breadcrumb\":{\"@id\":\"https:\/\/www.design-duval.com\/es\/muestrarios-diseno-y-desarrollo\/analisis-personalizado-del-proyecto\/#breadcrumb\"},\"inLanguage\":\"es\",\"potentialAction\":[{\"@type\":\"ReadAction\",\"target\":[\"https:\/\/www.design-duval.com\/es\/muestrarios-diseno-y-desarrollo\/analisis-personalizado-del-proyecto\/\"]}]},{\"@type\":\"BreadcrumbList\",\"@id\":\"https:\/\/www.design-duval.com\/es\/muestrarios-diseno-y-desarrollo\/analisis-personalizado-del-proyecto\/#breadcrumb\",\"itemListElement\":[{\"@type\":\"ListItem\",\"position\":1,\"name\":\"Accueil\",\"item\":\"https:\/\/www.design-duval.com\/es\/\"},{\"@type\":\"ListItem\",\"position\":2,\"name\":\"Presentaci\u00f3n y fabricaci\u00f3n de muestras: dise\u00f1o y desarrollo\",\"item\":\"https:\/\/www.design-duval.com\/es\/muestrarios-diseno-y-desarrollo\/\"},{\"@type\":\"ListItem\",\"position\":3,\"name\":\"An\u00e1lisis personalizado del proyecto\"}]},{\"@type\":\"WebSite\",\"@id\":\"https:\/\/www.design-duval.com\/es\/#website\",\"url\":\"https:\/\/www.design-duval.com\/es\/\",\"name\":\"Design Duval\",\"description\":\"\",\"publisher\":{\"@id\":\"https:\/\/www.design-duval.com\/es\/#organization\"},\"potentialAction\":[{\"@type\":\"SearchAction\",\"target\":{\"@type\":\"EntryPoint\",\"urlTemplate\":\"https:\/\/www.design-duval.com\/es\/?s={search_term_string}\"},\"query-input\":\"required name=search_term_string\"}],\"inLanguage\":\"es\"},{\"@type\":\"Organization\",\"@id\":\"https:\/\/www.design-duval.com\/es\/#organization\",\"name\":\"Design duval\",\"url\":\"https:\/\/www.design-duval.com\/es\/\",\"sameAs\":[],\"logo\":{\"@type\":\"ImageObject\",\"inLanguage\":\"es\",\"@id\":\"https:\/\/www.design-duval.com\/es\/#\/schema\/logo\/image\/\",\"url\":\"https:\/\/www.design-duval.com\/wp-content\/uploads\/2020\/09\/LOGO-DD-DN-web.jpg\",\"contentUrl\":\"https:\/\/www.design-duval.com\/wp-content\/uploads\/2020\/09\/LOGO-DD-DN-web.jpg\",\"width\":614,\"height\":460,\"caption\":\"Design duval\"},\"image\":{\"@id\":\"https:\/\/www.design-duval.com\/es\/#\/schema\/logo\/image\/\"}}]}<\/script>\n<!-- \/ Yoast SEO plugin. -->","yoast_head_json":{"title":"An\u00e1lisis personalizado del proyecto - Design Duval","description":"An\u00e1lisis personalizado del proyecto - Design Duval","robots":{"index":"index","follow":"follow","max-snippet":"max-snippet:-1","max-image-preview":"max-image-preview:large","max-video-preview":"max-video-preview:-1"},"canonical":"https:\/\/www.design-duval.com\/es\/muestrarios-diseno-y-desarrollo\/analisis-personalizado-del-proyecto\/","og_locale":"es_ES","og_type":"article","og_title":"An\u00e1lisis personalizado del proyecto - Design Duval","og_description":"An\u00e1lisis personalizado del proyecto - Design Duval","og_url":"https:\/\/www.design-duval.com\/es\/muestrarios-diseno-y-desarrollo\/analisis-personalizado-del-proyecto\/","og_site_name":"Design Duval","article_modified_time":"2020-12-01T13:30:02+00:00","twitter_card":"summary","twitter_misc":{"Tiempo de lectura":"1 minuto"},"schema":{"@context":"https:\/\/schema.org","@graph":[{"@type":"WebPage","@id":"https:\/\/www.design-duval.com\/es\/muestrarios-diseno-y-desarrollo\/analisis-personalizado-del-proyecto\/","url":"https:\/\/www.design-duval.com\/es\/muestrarios-diseno-y-desarrollo\/analisis-personalizado-del-proyecto\/","name":"An\u00e1lisis personalizado del proyecto - Design Duval","isPartOf":{"@id":"https:\/\/www.design-duval.com\/es\/#website"},"datePublished":"2019-10-11T17:43:22+00:00","dateModified":"2020-12-01T13:30:02+00:00","description":"An\u00e1lisis personalizado del proyecto - Design Duval","breadcrumb":{"@id":"https:\/\/www.design-duval.com\/es\/muestrarios-diseno-y-desarrollo\/analisis-personalizado-del-proyecto\/#breadcrumb"},"inLanguage":"es","potentialAction":[{"@type":"ReadAction","target":["https:\/\/www.design-duval.com\/es\/muestrarios-diseno-y-desarrollo\/analisis-personalizado-del-proyecto\/"]}]},{"@type":"BreadcrumbList","@id":"https:\/\/www.design-duval.com\/es\/muestrarios-diseno-y-desarrollo\/analisis-personalizado-del-proyecto\/#breadcrumb","itemListElement":[{"@type":"ListItem","position":1,"name":"Accueil","item":"https:\/\/www.design-duval.com\/es\/"},{"@type":"ListItem","position":2,"name":"Presentaci\u00f3n y fabricaci\u00f3n de muestras: dise\u00f1o y desarrollo","item":"https:\/\/www.design-duval.com\/es\/muestrarios-diseno-y-desarrollo\/"},{"@type":"ListItem","position":3,"name":"An\u00e1lisis personalizado del proyecto"}]},{"@type":"WebSite","@id":"https:\/\/www.design-duval.com\/es\/#website","url":"https:\/\/www.design-duval.com\/es\/","name":"Design Duval","description":"","publisher":{"@id":"https:\/\/www.design-duval.com\/es\/#organization"},"potentialAction":[{"@type":"SearchAction","target":{"@type":"EntryPoint","urlTemplate":"https:\/\/www.design-duval.com\/es\/?s={search_term_string}"},"query-input":"required name=search_term_string"}],"inLanguage":"es"},{"@type":"Organization","@id":"https:\/\/www.design-duval.com\/es\/#organization","name":"Design duval","url":"https:\/\/www.design-duval.com\/es\/","sameAs":[],"logo":{"@type":"ImageObject","inLanguage":"es","@id":"https:\/\/www.design-duval.com\/es\/#\/schema\/logo\/image\/","url":"https:\/\/www.design-duval.com\/wp-content\/uploads\/2020\/09\/LOGO-DD-DN-web.jpg","contentUrl":"https:\/\/www.design-duval.com\/wp-content\/uploads\/2020\/09\/LOGO-DD-DN-web.jpg","width":614,"height":460,"caption":"Design duval"},"image":{"@id":"https:\/\/www.design-duval.com\/es\/#\/schema\/logo\/image\/"}}]}},"_links":{"self":[{"href":"https:\/\/www.design-duval.com\/es\/wp-json\/wp\/v2\/pages\/16706"}],"collection":[{"href":"https:\/\/www.design-duval.com\/es\/wp-json\/wp\/v2\/pages"}],"about":[{"href":"https:\/\/www.design-duval.com\/es\/wp-json\/wp\/v2\/types\/page"}],"author":[{"embeddable":true,"href":"https:\/\/www.design-duval.com\/es\/wp-json\/wp\/v2\/users\/16"}],"replies":[{"embeddable":true,"href":"https:\/\/www.design-duval.com\/es\/wp-json\/wp\/v2\/comments?post=16706"}],"version-history":[{"count":2,"href":"https:\/\/www.design-duval.com\/es\/wp-json\/wp\/v2\/pages\/16706\/revisions"}],"predecessor-version":[{"id":16708,"href":"https:\/\/www.design-duval.com\/es\/wp-json\/wp\/v2\/pages\/16706\/revisions\/16708"}],"up":[{"embeddable":true,"href":"https:\/\/www.design-duval.com\/es\/wp-json\/wp\/v2\/pages\/16702"}],"wp:attachment":[{"href":"https:\/\/www.design-duval.com\/es\/wp-json\/wp\/v2\/media?parent=16706"}],"curies":[{"name":"wp","href":"https:\/\/api.w.org\/{rel}","templated":true}]}}