{"id":16709,"date":"2019-10-11T19:43:49","date_gmt":"2019-10-11T17:43:49","guid":{"rendered":"https:\/\/www.design-duval.com\/muestrarios-diseno-y-desarrollo\/modelisation\/"},"modified":"2020-12-01T14:34:31","modified_gmt":"2020-12-01T13:34:31","slug":"modelizacion","status":"publish","type":"page","link":"https:\/\/www.design-duval.com\/es\/muestrarios-diseno-y-desarrollo\/modelizacion\/","title":{"rendered":"Modelizaci\u00f3n"},"content":{"rendered":"<div id=\"attachment_13437\" style=\"width: 810px\" class=\"wp-caption aligncenter\"><img aria-describedby=\"caption-attachment-13437\" loading=\"lazy\" class=\"wp-image-13437\" src=\"https:\/\/www.design-duval.com\/wp-content\/uploads\/2020\/04\/Pr\u00e9sentation-et-fabrication-\u00e9chantillons-mod\u00e9lisation-455x265.jpg\" alt=\"Presentaci\u00f3n y fabricaci\u00f3n de muestras - modelizaci\u00f3n\" width=\"800\" height=\"547\" srcset=\"https:\/\/www.design-duval.com\/wp-content\/uploads\/2020\/04\/Pr\u00e9sentation-et-fabrication-\u00e9chantillons-mod\u00e9lisation-768x525.jpg 768w, https:\/\/www.design-duval.com\/wp-content\/uploads\/2020\/04\/Pr\u00e9sentation-et-fabrication-\u00e9chantillons-mod\u00e9lisation-1500x1026.jpg 1500w, https:\/\/www.design-duval.com\/wp-content\/uploads\/2020\/04\/Pr\u00e9sentation-et-fabrication-\u00e9chantillons-mod\u00e9lisation-620x424.jpg 620w, https:\/\/www.design-duval.com\/wp-content\/uploads\/2020\/04\/Pr\u00e9sentation-et-fabrication-\u00e9chantillons-mod\u00e9lisation.jpg 1900w\" sizes=\"(max-width: 800px) 100vw, 800px\" \/><p id=\"caption-attachment-13437\" class=\"wp-caption-text\">Elodie, dise\u00f1adora<\/p><\/div>\n<p>&nbsp;<\/p>\n<p>Nuestros dise\u00f1adores dan luego vida a las ideas. Utilizando las \u00faltimas herramientas CAD (Computer Aided Design), transforman el proyecto que hemos imaginado juntos en un plano 2D.<br \/>\nPara proyectos m\u00e1s t\u00e9cnicos y complejos, creamos una animaci\u00f3n 3D, para poner en movimiento tu futura<strong> presentaci\u00f3n de muestras<\/strong> y que la puedas examinar desde todas sus perspectivas.<br \/>\nEn todas las fases del desarrollo de tu proyecto, controlamos contigo los elementos t\u00e9cnicos, funcionales y est\u00e9ticos de tu presentaci\u00f3n de muestras.<br \/>\nAl final, te ofreceremos una oferta detallada para la creaci\u00f3n de tu muestrario.<\/p>\n","protected":false},"excerpt":{"rendered":"<p>&nbsp; Nuestros dise\u00f1adores dan luego vida a las ideas. Utilizando las \u00faltimas herramientas CAD (Computer Aided Design), transforman el proyecto que hemos imaginado juntos en un plano 2D. Para proyectos m\u00e1s t\u00e9cnicos y complejos, creamos una animaci\u00f3n 3D, para poner en movimiento tu futura presentaci\u00f3n de muestras y que la puedas examinar desde todas sus [&hellip;]<\/p>\n","protected":false},"author":16,"featured_media":0,"parent":16702,"menu_order":0,"comment_status":"closed","ping_status":"closed","template":"","meta":[],"yoast_head":"<!-- This site is optimized with the Yoast SEO plugin v19.6.1 - https:\/\/yoast.com\/wordpress\/plugins\/seo\/ -->\n<title>Modelizaci\u00f3n de tus muestrarios- Design Duval<\/title>\n<meta name=\"description\" content=\"Modelizaci\u00f3n - Design Duval\" \/>\n<meta name=\"robots\" content=\"index, follow, max-snippet:-1, max-image-preview:large, max-video-preview:-1\" \/>\n<link rel=\"canonical\" href=\"https:\/\/www.design-duval.com\/es\/muestrarios-diseno-y-desarrollo\/modelizacion\/\" \/>\n<meta property=\"og:locale\" content=\"es_ES\" \/>\n<meta property=\"og:type\" content=\"article\" \/>\n<meta property=\"og:title\" content=\"Modelizaci\u00f3n de tus muestrarios- Design Duval\" \/>\n<meta property=\"og:description\" content=\"Modelizaci\u00f3n - Design Duval\" \/>\n<meta property=\"og:url\" content=\"https:\/\/www.design-duval.com\/es\/muestrarios-diseno-y-desarrollo\/modelizacion\/\" \/>\n<meta property=\"og:site_name\" content=\"Design Duval\" \/>\n<meta property=\"article:modified_time\" content=\"2020-12-01T13:34:31+00:00\" \/>\n<meta name=\"twitter:card\" content=\"summary\" \/>\n<meta name=\"twitter:label1\" content=\"Tiempo de lectura\" \/>\n\t<meta name=\"twitter:data1\" content=\"1 minuto\" \/>\n<script type=\"application\/ld+json\" class=\"yoast-schema-graph\">{\"@context\":\"https:\/\/schema.org\",\"@graph\":[{\"@type\":\"WebPage\",\"@id\":\"https:\/\/www.design-duval.com\/es\/muestrarios-diseno-y-desarrollo\/modelizacion\/\",\"url\":\"https:\/\/www.design-duval.com\/es\/muestrarios-diseno-y-desarrollo\/modelizacion\/\",\"name\":\"Modelizaci\u00f3n de tus muestrarios- Design Duval\",\"isPartOf\":{\"@id\":\"https:\/\/www.design-duval.com\/es\/#website\"},\"datePublished\":\"2019-10-11T17:43:49+00:00\",\"dateModified\":\"2020-12-01T13:34:31+00:00\",\"description\":\"Modelizaci\u00f3n - Design Duval\",\"breadcrumb\":{\"@id\":\"https:\/\/www.design-duval.com\/es\/muestrarios-diseno-y-desarrollo\/modelizacion\/#breadcrumb\"},\"inLanguage\":\"es\",\"potentialAction\":[{\"@type\":\"ReadAction\",\"target\":[\"https:\/\/www.design-duval.com\/es\/muestrarios-diseno-y-desarrollo\/modelizacion\/\"]}]},{\"@type\":\"BreadcrumbList\",\"@id\":\"https:\/\/www.design-duval.com\/es\/muestrarios-diseno-y-desarrollo\/modelizacion\/#breadcrumb\",\"itemListElement\":[{\"@type\":\"ListItem\",\"position\":1,\"name\":\"Accueil\",\"item\":\"https:\/\/www.design-duval.com\/es\/\"},{\"@type\":\"ListItem\",\"position\":2,\"name\":\"Presentaci\u00f3n y fabricaci\u00f3n de muestras: dise\u00f1o y desarrollo\",\"item\":\"https:\/\/www.design-duval.com\/es\/muestrarios-diseno-y-desarrollo\/\"},{\"@type\":\"ListItem\",\"position\":3,\"name\":\"Modelizaci\u00f3n\"}]},{\"@type\":\"WebSite\",\"@id\":\"https:\/\/www.design-duval.com\/es\/#website\",\"url\":\"https:\/\/www.design-duval.com\/es\/\",\"name\":\"Design Duval\",\"description\":\"\",\"publisher\":{\"@id\":\"https:\/\/www.design-duval.com\/es\/#organization\"},\"potentialAction\":[{\"@type\":\"SearchAction\",\"target\":{\"@type\":\"EntryPoint\",\"urlTemplate\":\"https:\/\/www.design-duval.com\/es\/?s={search_term_string}\"},\"query-input\":\"required name=search_term_string\"}],\"inLanguage\":\"es\"},{\"@type\":\"Organization\",\"@id\":\"https:\/\/www.design-duval.com\/es\/#organization\",\"name\":\"Design duval\",\"url\":\"https:\/\/www.design-duval.com\/es\/\",\"sameAs\":[],\"logo\":{\"@type\":\"ImageObject\",\"inLanguage\":\"es\",\"@id\":\"https:\/\/www.design-duval.com\/es\/#\/schema\/logo\/image\/\",\"url\":\"https:\/\/www.design-duval.com\/wp-content\/uploads\/2020\/09\/LOGO-DD-DN-web.jpg\",\"contentUrl\":\"https:\/\/www.design-duval.com\/wp-content\/uploads\/2020\/09\/LOGO-DD-DN-web.jpg\",\"width\":614,\"height\":460,\"caption\":\"Design duval\"},\"image\":{\"@id\":\"https:\/\/www.design-duval.com\/es\/#\/schema\/logo\/image\/\"}}]}<\/script>\n<!-- \/ Yoast SEO plugin. -->","yoast_head_json":{"title":"Modelizaci\u00f3n de tus muestrarios- Design Duval","description":"Modelizaci\u00f3n - Design Duval","robots":{"index":"index","follow":"follow","max-snippet":"max-snippet:-1","max-image-preview":"max-image-preview:large","max-video-preview":"max-video-preview:-1"},"canonical":"https:\/\/www.design-duval.com\/es\/muestrarios-diseno-y-desarrollo\/modelizacion\/","og_locale":"es_ES","og_type":"article","og_title":"Modelizaci\u00f3n de tus muestrarios- Design Duval","og_description":"Modelizaci\u00f3n - Design Duval","og_url":"https:\/\/www.design-duval.com\/es\/muestrarios-diseno-y-desarrollo\/modelizacion\/","og_site_name":"Design Duval","article_modified_time":"2020-12-01T13:34:31+00:00","twitter_card":"summary","twitter_misc":{"Tiempo de lectura":"1 minuto"},"schema":{"@context":"https:\/\/schema.org","@graph":[{"@type":"WebPage","@id":"https:\/\/www.design-duval.com\/es\/muestrarios-diseno-y-desarrollo\/modelizacion\/","url":"https:\/\/www.design-duval.com\/es\/muestrarios-diseno-y-desarrollo\/modelizacion\/","name":"Modelizaci\u00f3n de tus muestrarios- Design Duval","isPartOf":{"@id":"https:\/\/www.design-duval.com\/es\/#website"},"datePublished":"2019-10-11T17:43:49+00:00","dateModified":"2020-12-01T13:34:31+00:00","description":"Modelizaci\u00f3n - Design Duval","breadcrumb":{"@id":"https:\/\/www.design-duval.com\/es\/muestrarios-diseno-y-desarrollo\/modelizacion\/#breadcrumb"},"inLanguage":"es","potentialAction":[{"@type":"ReadAction","target":["https:\/\/www.design-duval.com\/es\/muestrarios-diseno-y-desarrollo\/modelizacion\/"]}]},{"@type":"BreadcrumbList","@id":"https:\/\/www.design-duval.com\/es\/muestrarios-diseno-y-desarrollo\/modelizacion\/#breadcrumb","itemListElement":[{"@type":"ListItem","position":1,"name":"Accueil","item":"https:\/\/www.design-duval.com\/es\/"},{"@type":"ListItem","position":2,"name":"Presentaci\u00f3n y fabricaci\u00f3n de muestras: dise\u00f1o y desarrollo","item":"https:\/\/www.design-duval.com\/es\/muestrarios-diseno-y-desarrollo\/"},{"@type":"ListItem","position":3,"name":"Modelizaci\u00f3n"}]},{"@type":"WebSite","@id":"https:\/\/www.design-duval.com\/es\/#website","url":"https:\/\/www.design-duval.com\/es\/","name":"Design Duval","description":"","publisher":{"@id":"https:\/\/www.design-duval.com\/es\/#organization"},"potentialAction":[{"@type":"SearchAction","target":{"@type":"EntryPoint","urlTemplate":"https:\/\/www.design-duval.com\/es\/?s={search_term_string}"},"query-input":"required name=search_term_string"}],"inLanguage":"es"},{"@type":"Organization","@id":"https:\/\/www.design-duval.com\/es\/#organization","name":"Design duval","url":"https:\/\/www.design-duval.com\/es\/","sameAs":[],"logo":{"@type":"ImageObject","inLanguage":"es","@id":"https:\/\/www.design-duval.com\/es\/#\/schema\/logo\/image\/","url":"https:\/\/www.design-duval.com\/wp-content\/uploads\/2020\/09\/LOGO-DD-DN-web.jpg","contentUrl":"https:\/\/www.design-duval.com\/wp-content\/uploads\/2020\/09\/LOGO-DD-DN-web.jpg","width":614,"height":460,"caption":"Design duval"},"image":{"@id":"https:\/\/www.design-duval.com\/es\/#\/schema\/logo\/image\/"}}]}},"_links":{"self":[{"href":"https:\/\/www.design-duval.com\/es\/wp-json\/wp\/v2\/pages\/16709"}],"collection":[{"href":"https:\/\/www.design-duval.com\/es\/wp-json\/wp\/v2\/pages"}],"about":[{"href":"https:\/\/www.design-duval.com\/es\/wp-json\/wp\/v2\/types\/page"}],"author":[{"embeddable":true,"href":"https:\/\/www.design-duval.com\/es\/wp-json\/wp\/v2\/users\/16"}],"replies":[{"embeddable":true,"href":"https:\/\/www.design-duval.com\/es\/wp-json\/wp\/v2\/comments?post=16709"}],"version-history":[{"count":2,"href":"https:\/\/www.design-duval.com\/es\/wp-json\/wp\/v2\/pages\/16709\/revisions"}],"predecessor-version":[{"id":16711,"href":"https:\/\/www.design-duval.com\/es\/wp-json\/wp\/v2\/pages\/16709\/revisions\/16711"}],"up":[{"embeddable":true,"href":"https:\/\/www.design-duval.com\/es\/wp-json\/wp\/v2\/pages\/16702"}],"wp:attachment":[{"href":"https:\/\/www.design-duval.com\/es\/wp-json\/wp\/v2\/media?parent=16709"}],"curies":[{"name":"wp","href":"https:\/\/api.w.org\/{rel}","templated":true}]}}