{"id":16712,"date":"2019-10-11T19:44:09","date_gmt":"2019-10-11T17:44:09","guid":{"rendered":"https:\/\/www.design-duval.com\/muestrarios-diseno-y-desarrollo\/modellierung\/"},"modified":"2020-12-01T14:39:41","modified_gmt":"2020-12-01T13:39:41","slug":"creacion-de-prototipos","status":"publish","type":"page","link":"https:\/\/www.design-duval.com\/es\/muestrarios-diseno-y-desarrollo\/creacion-de-prototipos\/","title":{"rendered":"Creaci\u00f3n de prototipos"},"content":{"rendered":"<div id=\"attachment_4658\" style=\"width: 810px\" class=\"wp-caption aligncenter\"><img aria-describedby=\"caption-attachment-4658\" loading=\"lazy\" class=\"wp-image-4658\" src=\"https:\/\/www.design-duval.com\/wp-content\/uploads\/2020\/01\/Maroquinerie-soud\u00e9e-et-cousue-prototypage-455x265.jpg\" alt=\"Presentaci\u00f3n y fabricaci\u00f3n de muestras - Creaci\u00f3n de prototipos\" width=\"800\" height=\"416\" \/><p id=\"caption-attachment-4658\" class=\"wp-caption-text\">S\u00e9bastien, director de producci\u00f3n Design Duval<\/p><\/div>\n<p>&nbsp;<\/p>\n<p>Tras la aceptaci\u00f3n de la oferta y la realizaci\u00f3n del pedido, te enviamos los planos y troquelados para que puedas crear tus archivos de impresi\u00f3n.<br \/>\nControlamos tus archivos de impresi\u00f3n y luego creamos una prueba de color para la validaci\u00f3n de la impresi\u00f3n. Al mismo tiempo, creamos una maqueta en blanco, que a menudo imprimimos ya con impresi\u00f3n digital, para<\/p>\n<ul>\n<li>verificar la funcionalidad, las caracter\u00edsticas y el dise\u00f1o,<\/li>\n<li>comprobar la calidad y fiabilidad,<\/li>\n<li>asegurar, en general, la conformidad con tus especificaciones.<\/li>\n<\/ul>\n","protected":false},"excerpt":{"rendered":"<p>&nbsp; Tras la aceptaci\u00f3n de la oferta y la realizaci\u00f3n del pedido, te enviamos los planos y troquelados para que puedas crear tus archivos de impresi\u00f3n. Controlamos tus archivos de impresi\u00f3n y luego creamos una prueba de color para la validaci\u00f3n de la impresi\u00f3n. Al mismo tiempo, creamos una maqueta en blanco, que a menudo [&hellip;]<\/p>\n","protected":false},"author":16,"featured_media":0,"parent":16702,"menu_order":0,"comment_status":"closed","ping_status":"closed","template":"","meta":[],"yoast_head":"<!-- This site is optimized with the Yoast SEO plugin v19.6.1 - https:\/\/yoast.com\/wordpress\/plugins\/seo\/ -->\n<title>Creaci\u00f3n de prototipos para tu muestrarios - Design Duval<\/title>\n<meta name=\"description\" content=\"Creaci\u00f3n de prototipos - Design Duval\" \/>\n<meta name=\"robots\" content=\"index, follow, max-snippet:-1, max-image-preview:large, max-video-preview:-1\" \/>\n<link rel=\"canonical\" href=\"https:\/\/www.design-duval.com\/es\/muestrarios-diseno-y-desarrollo\/creacion-de-prototipos\/\" \/>\n<meta property=\"og:locale\" content=\"es_ES\" \/>\n<meta property=\"og:type\" content=\"article\" \/>\n<meta property=\"og:title\" content=\"Creaci\u00f3n de prototipos para tu muestrarios - Design Duval\" \/>\n<meta property=\"og:description\" content=\"Creaci\u00f3n de prototipos - Design Duval\" \/>\n<meta property=\"og:url\" content=\"https:\/\/www.design-duval.com\/es\/muestrarios-diseno-y-desarrollo\/creacion-de-prototipos\/\" \/>\n<meta property=\"og:site_name\" content=\"Design Duval\" \/>\n<meta property=\"article:modified_time\" content=\"2020-12-01T13:39:41+00:00\" \/>\n<meta name=\"twitter:card\" content=\"summary\" \/>\n<meta name=\"twitter:label1\" content=\"Tiempo de lectura\" \/>\n\t<meta name=\"twitter:data1\" content=\"1 minuto\" \/>\n<script type=\"application\/ld+json\" class=\"yoast-schema-graph\">{\"@context\":\"https:\/\/schema.org\",\"@graph\":[{\"@type\":\"WebPage\",\"@id\":\"https:\/\/www.design-duval.com\/es\/muestrarios-diseno-y-desarrollo\/creacion-de-prototipos\/\",\"url\":\"https:\/\/www.design-duval.com\/es\/muestrarios-diseno-y-desarrollo\/creacion-de-prototipos\/\",\"name\":\"Creaci\u00f3n de prototipos para tu muestrarios - Design Duval\",\"isPartOf\":{\"@id\":\"https:\/\/www.design-duval.com\/es\/#website\"},\"datePublished\":\"2019-10-11T17:44:09+00:00\",\"dateModified\":\"2020-12-01T13:39:41+00:00\",\"description\":\"Creaci\u00f3n de prototipos - Design Duval\",\"breadcrumb\":{\"@id\":\"https:\/\/www.design-duval.com\/es\/muestrarios-diseno-y-desarrollo\/creacion-de-prototipos\/#breadcrumb\"},\"inLanguage\":\"es\",\"potentialAction\":[{\"@type\":\"ReadAction\",\"target\":[\"https:\/\/www.design-duval.com\/es\/muestrarios-diseno-y-desarrollo\/creacion-de-prototipos\/\"]}]},{\"@type\":\"BreadcrumbList\",\"@id\":\"https:\/\/www.design-duval.com\/es\/muestrarios-diseno-y-desarrollo\/creacion-de-prototipos\/#breadcrumb\",\"itemListElement\":[{\"@type\":\"ListItem\",\"position\":1,\"name\":\"Accueil\",\"item\":\"https:\/\/www.design-duval.com\/es\/\"},{\"@type\":\"ListItem\",\"position\":2,\"name\":\"Presentaci\u00f3n y fabricaci\u00f3n de muestras: dise\u00f1o y desarrollo\",\"item\":\"https:\/\/www.design-duval.com\/es\/muestrarios-diseno-y-desarrollo\/\"},{\"@type\":\"ListItem\",\"position\":3,\"name\":\"Creaci\u00f3n de prototipos\"}]},{\"@type\":\"WebSite\",\"@id\":\"https:\/\/www.design-duval.com\/es\/#website\",\"url\":\"https:\/\/www.design-duval.com\/es\/\",\"name\":\"Design Duval\",\"description\":\"\",\"publisher\":{\"@id\":\"https:\/\/www.design-duval.com\/es\/#organization\"},\"potentialAction\":[{\"@type\":\"SearchAction\",\"target\":{\"@type\":\"EntryPoint\",\"urlTemplate\":\"https:\/\/www.design-duval.com\/es\/?s={search_term_string}\"},\"query-input\":\"required name=search_term_string\"}],\"inLanguage\":\"es\"},{\"@type\":\"Organization\",\"@id\":\"https:\/\/www.design-duval.com\/es\/#organization\",\"name\":\"Design duval\",\"url\":\"https:\/\/www.design-duval.com\/es\/\",\"sameAs\":[],\"logo\":{\"@type\":\"ImageObject\",\"inLanguage\":\"es\",\"@id\":\"https:\/\/www.design-duval.com\/es\/#\/schema\/logo\/image\/\",\"url\":\"https:\/\/www.design-duval.com\/wp-content\/uploads\/2020\/09\/LOGO-DD-DN-web.jpg\",\"contentUrl\":\"https:\/\/www.design-duval.com\/wp-content\/uploads\/2020\/09\/LOGO-DD-DN-web.jpg\",\"width\":614,\"height\":460,\"caption\":\"Design duval\"},\"image\":{\"@id\":\"https:\/\/www.design-duval.com\/es\/#\/schema\/logo\/image\/\"}}]}<\/script>\n<!-- \/ Yoast SEO plugin. -->","yoast_head_json":{"title":"Creaci\u00f3n de prototipos para tu muestrarios - Design Duval","description":"Creaci\u00f3n de prototipos - Design Duval","robots":{"index":"index","follow":"follow","max-snippet":"max-snippet:-1","max-image-preview":"max-image-preview:large","max-video-preview":"max-video-preview:-1"},"canonical":"https:\/\/www.design-duval.com\/es\/muestrarios-diseno-y-desarrollo\/creacion-de-prototipos\/","og_locale":"es_ES","og_type":"article","og_title":"Creaci\u00f3n de prototipos para tu muestrarios - Design Duval","og_description":"Creaci\u00f3n de prototipos - Design Duval","og_url":"https:\/\/www.design-duval.com\/es\/muestrarios-diseno-y-desarrollo\/creacion-de-prototipos\/","og_site_name":"Design Duval","article_modified_time":"2020-12-01T13:39:41+00:00","twitter_card":"summary","twitter_misc":{"Tiempo de lectura":"1 minuto"},"schema":{"@context":"https:\/\/schema.org","@graph":[{"@type":"WebPage","@id":"https:\/\/www.design-duval.com\/es\/muestrarios-diseno-y-desarrollo\/creacion-de-prototipos\/","url":"https:\/\/www.design-duval.com\/es\/muestrarios-diseno-y-desarrollo\/creacion-de-prototipos\/","name":"Creaci\u00f3n de prototipos para tu muestrarios - Design Duval","isPartOf":{"@id":"https:\/\/www.design-duval.com\/es\/#website"},"datePublished":"2019-10-11T17:44:09+00:00","dateModified":"2020-12-01T13:39:41+00:00","description":"Creaci\u00f3n de prototipos - Design Duval","breadcrumb":{"@id":"https:\/\/www.design-duval.com\/es\/muestrarios-diseno-y-desarrollo\/creacion-de-prototipos\/#breadcrumb"},"inLanguage":"es","potentialAction":[{"@type":"ReadAction","target":["https:\/\/www.design-duval.com\/es\/muestrarios-diseno-y-desarrollo\/creacion-de-prototipos\/"]}]},{"@type":"BreadcrumbList","@id":"https:\/\/www.design-duval.com\/es\/muestrarios-diseno-y-desarrollo\/creacion-de-prototipos\/#breadcrumb","itemListElement":[{"@type":"ListItem","position":1,"name":"Accueil","item":"https:\/\/www.design-duval.com\/es\/"},{"@type":"ListItem","position":2,"name":"Presentaci\u00f3n y fabricaci\u00f3n de muestras: dise\u00f1o y desarrollo","item":"https:\/\/www.design-duval.com\/es\/muestrarios-diseno-y-desarrollo\/"},{"@type":"ListItem","position":3,"name":"Creaci\u00f3n de prototipos"}]},{"@type":"WebSite","@id":"https:\/\/www.design-duval.com\/es\/#website","url":"https:\/\/www.design-duval.com\/es\/","name":"Design Duval","description":"","publisher":{"@id":"https:\/\/www.design-duval.com\/es\/#organization"},"potentialAction":[{"@type":"SearchAction","target":{"@type":"EntryPoint","urlTemplate":"https:\/\/www.design-duval.com\/es\/?s={search_term_string}"},"query-input":"required name=search_term_string"}],"inLanguage":"es"},{"@type":"Organization","@id":"https:\/\/www.design-duval.com\/es\/#organization","name":"Design duval","url":"https:\/\/www.design-duval.com\/es\/","sameAs":[],"logo":{"@type":"ImageObject","inLanguage":"es","@id":"https:\/\/www.design-duval.com\/es\/#\/schema\/logo\/image\/","url":"https:\/\/www.design-duval.com\/wp-content\/uploads\/2020\/09\/LOGO-DD-DN-web.jpg","contentUrl":"https:\/\/www.design-duval.com\/wp-content\/uploads\/2020\/09\/LOGO-DD-DN-web.jpg","width":614,"height":460,"caption":"Design duval"},"image":{"@id":"https:\/\/www.design-duval.com\/es\/#\/schema\/logo\/image\/"}}]}},"_links":{"self":[{"href":"https:\/\/www.design-duval.com\/es\/wp-json\/wp\/v2\/pages\/16712"}],"collection":[{"href":"https:\/\/www.design-duval.com\/es\/wp-json\/wp\/v2\/pages"}],"about":[{"href":"https:\/\/www.design-duval.com\/es\/wp-json\/wp\/v2\/types\/page"}],"author":[{"embeddable":true,"href":"https:\/\/www.design-duval.com\/es\/wp-json\/wp\/v2\/users\/16"}],"replies":[{"embeddable":true,"href":"https:\/\/www.design-duval.com\/es\/wp-json\/wp\/v2\/comments?post=16712"}],"version-history":[{"count":2,"href":"https:\/\/www.design-duval.com\/es\/wp-json\/wp\/v2\/pages\/16712\/revisions"}],"predecessor-version":[{"id":16714,"href":"https:\/\/www.design-duval.com\/es\/wp-json\/wp\/v2\/pages\/16712\/revisions\/16714"}],"up":[{"embeddable":true,"href":"https:\/\/www.design-duval.com\/es\/wp-json\/wp\/v2\/pages\/16702"}],"wp:attachment":[{"href":"https:\/\/www.design-duval.com\/es\/wp-json\/wp\/v2\/media?parent=16712"}],"curies":[{"name":"wp","href":"https:\/\/api.w.org\/{rel}","templated":true}]}}