{"id":16715,"date":"2016-10-27T16:56:07","date_gmt":"2016-10-27T14:56:07","guid":{"rendered":"https:\/\/www.design-duval.com\/musterkollektionen-service\/"},"modified":"2021-01-25T14:21:06","modified_gmt":"2021-01-25T13:21:06","slug":"presentacion-y-fabricacion-de-muestras-servicios","status":"publish","type":"page","link":"https:\/\/www.design-duval.com\/es\/presentacion-y-fabricacion-de-muestras-servicios\/","title":{"rendered":"Presentaci\u00f3n y fabricaci\u00f3n de muestras: Servicios"},"content":{"rendered":"<p>Como firme <strong>proveedor de servicio completo<\/strong>, <strong>Design Duval<\/strong> te ofrece una amplia gama de servicios y soluciones adem\u00e1s del <strong>dise\u00f1o y fabricaci\u00f3n de muestrarios<\/strong>.<br \/>\nTanto si prefieres un servicio global o servicios a la carta, crearemos un paquete de servicios hecho a medida y adaptado a tus necesidades.<\/p>\n","protected":false},"excerpt":{"rendered":"<p>Como firme proveedor de servicio completo, Design Duval te ofrece una amplia gama de servicios y soluciones adem\u00e1s del dise\u00f1o y fabricaci\u00f3n de muestrarios. Tanto si prefieres un servicio global o servicios a la carta, crearemos un paquete de servicios hecho a medida y adaptado a tus necesidades.<\/p>\n","protected":false},"author":9,"featured_media":0,"parent":0,"menu_order":0,"comment_status":"closed","ping_status":"closed","template":"","meta":[],"yoast_head":"<!-- This site is optimized with the Yoast SEO plugin v19.6.1 - https:\/\/yoast.com\/wordpress\/plugins\/seo\/ -->\n<title>Presentaci\u00f3n y fabricaci\u00f3n de muestrarios- Servicios<\/title>\n<meta name=\"description\" content=\"Presentaci\u00f3n y fabricaci\u00f3n de muestras: Servicios - Design Duval\" \/>\n<meta name=\"robots\" content=\"index, follow, max-snippet:-1, max-image-preview:large, max-video-preview:-1\" \/>\n<link rel=\"canonical\" href=\"https:\/\/www.design-duval.com\/es\/presentacion-y-fabricacion-de-muestras-servicios\/\" \/>\n<meta property=\"og:locale\" content=\"es_ES\" \/>\n<meta property=\"og:type\" content=\"article\" \/>\n<meta property=\"og:title\" content=\"Presentaci\u00f3n y fabricaci\u00f3n de muestrarios- Servicios\" \/>\n<meta property=\"og:description\" content=\"Presentaci\u00f3n y fabricaci\u00f3n de muestras: Servicios - Design Duval\" \/>\n<meta property=\"og:url\" content=\"https:\/\/www.design-duval.com\/es\/presentacion-y-fabricacion-de-muestras-servicios\/\" \/>\n<meta property=\"og:site_name\" content=\"Design Duval\" \/>\n<meta property=\"article:modified_time\" content=\"2021-01-25T13:21:06+00:00\" \/>\n<meta name=\"twitter:card\" content=\"summary\" \/>\n<script type=\"application\/ld+json\" class=\"yoast-schema-graph\">{\"@context\":\"https:\/\/schema.org\",\"@graph\":[{\"@type\":\"WebPage\",\"@id\":\"https:\/\/www.design-duval.com\/es\/presentacion-y-fabricacion-de-muestras-servicios\/\",\"url\":\"https:\/\/www.design-duval.com\/es\/presentacion-y-fabricacion-de-muestras-servicios\/\",\"name\":\"Presentaci\u00f3n y fabricaci\u00f3n de muestrarios- Servicios\",\"isPartOf\":{\"@id\":\"https:\/\/www.design-duval.com\/es\/#website\"},\"datePublished\":\"2016-10-27T14:56:07+00:00\",\"dateModified\":\"2021-01-25T13:21:06+00:00\",\"description\":\"Presentaci\u00f3n y fabricaci\u00f3n de muestras: Servicios - Design Duval\",\"breadcrumb\":{\"@id\":\"https:\/\/www.design-duval.com\/es\/presentacion-y-fabricacion-de-muestras-servicios\/#breadcrumb\"},\"inLanguage\":\"es\",\"potentialAction\":[{\"@type\":\"ReadAction\",\"target\":[\"https:\/\/www.design-duval.com\/es\/presentacion-y-fabricacion-de-muestras-servicios\/\"]}]},{\"@type\":\"BreadcrumbList\",\"@id\":\"https:\/\/www.design-duval.com\/es\/presentacion-y-fabricacion-de-muestras-servicios\/#breadcrumb\",\"itemListElement\":[{\"@type\":\"ListItem\",\"position\":1,\"name\":\"Accueil\",\"item\":\"https:\/\/www.design-duval.com\/es\/\"},{\"@type\":\"ListItem\",\"position\":2,\"name\":\"Presentaci\u00f3n y fabricaci\u00f3n de muestras: Servicios\"}]},{\"@type\":\"WebSite\",\"@id\":\"https:\/\/www.design-duval.com\/es\/#website\",\"url\":\"https:\/\/www.design-duval.com\/es\/\",\"name\":\"Design Duval\",\"description\":\"\",\"publisher\":{\"@id\":\"https:\/\/www.design-duval.com\/es\/#organization\"},\"potentialAction\":[{\"@type\":\"SearchAction\",\"target\":{\"@type\":\"EntryPoint\",\"urlTemplate\":\"https:\/\/www.design-duval.com\/es\/?s={search_term_string}\"},\"query-input\":\"required name=search_term_string\"}],\"inLanguage\":\"es\"},{\"@type\":\"Organization\",\"@id\":\"https:\/\/www.design-duval.com\/es\/#organization\",\"name\":\"Design duval\",\"url\":\"https:\/\/www.design-duval.com\/es\/\",\"sameAs\":[],\"logo\":{\"@type\":\"ImageObject\",\"inLanguage\":\"es\",\"@id\":\"https:\/\/www.design-duval.com\/es\/#\/schema\/logo\/image\/\",\"url\":\"https:\/\/www.design-duval.com\/wp-content\/uploads\/2020\/09\/LOGO-DD-DN-web.jpg\",\"contentUrl\":\"https:\/\/www.design-duval.com\/wp-content\/uploads\/2020\/09\/LOGO-DD-DN-web.jpg\",\"width\":614,\"height\":460,\"caption\":\"Design duval\"},\"image\":{\"@id\":\"https:\/\/www.design-duval.com\/es\/#\/schema\/logo\/image\/\"}}]}<\/script>\n<!-- \/ Yoast SEO plugin. -->","yoast_head_json":{"title":"Presentaci\u00f3n y fabricaci\u00f3n de muestrarios- Servicios","description":"Presentaci\u00f3n y fabricaci\u00f3n de muestras: Servicios - Design Duval","robots":{"index":"index","follow":"follow","max-snippet":"max-snippet:-1","max-image-preview":"max-image-preview:large","max-video-preview":"max-video-preview:-1"},"canonical":"https:\/\/www.design-duval.com\/es\/presentacion-y-fabricacion-de-muestras-servicios\/","og_locale":"es_ES","og_type":"article","og_title":"Presentaci\u00f3n y fabricaci\u00f3n de muestrarios- Servicios","og_description":"Presentaci\u00f3n y fabricaci\u00f3n de muestras: Servicios - Design Duval","og_url":"https:\/\/www.design-duval.com\/es\/presentacion-y-fabricacion-de-muestras-servicios\/","og_site_name":"Design Duval","article_modified_time":"2021-01-25T13:21:06+00:00","twitter_card":"summary","schema":{"@context":"https:\/\/schema.org","@graph":[{"@type":"WebPage","@id":"https:\/\/www.design-duval.com\/es\/presentacion-y-fabricacion-de-muestras-servicios\/","url":"https:\/\/www.design-duval.com\/es\/presentacion-y-fabricacion-de-muestras-servicios\/","name":"Presentaci\u00f3n y fabricaci\u00f3n de muestrarios- Servicios","isPartOf":{"@id":"https:\/\/www.design-duval.com\/es\/#website"},"datePublished":"2016-10-27T14:56:07+00:00","dateModified":"2021-01-25T13:21:06+00:00","description":"Presentaci\u00f3n y fabricaci\u00f3n de muestras: Servicios - Design Duval","breadcrumb":{"@id":"https:\/\/www.design-duval.com\/es\/presentacion-y-fabricacion-de-muestras-servicios\/#breadcrumb"},"inLanguage":"es","potentialAction":[{"@type":"ReadAction","target":["https:\/\/www.design-duval.com\/es\/presentacion-y-fabricacion-de-muestras-servicios\/"]}]},{"@type":"BreadcrumbList","@id":"https:\/\/www.design-duval.com\/es\/presentacion-y-fabricacion-de-muestras-servicios\/#breadcrumb","itemListElement":[{"@type":"ListItem","position":1,"name":"Accueil","item":"https:\/\/www.design-duval.com\/es\/"},{"@type":"ListItem","position":2,"name":"Presentaci\u00f3n y fabricaci\u00f3n de muestras: Servicios"}]},{"@type":"WebSite","@id":"https:\/\/www.design-duval.com\/es\/#website","url":"https:\/\/www.design-duval.com\/es\/","name":"Design Duval","description":"","publisher":{"@id":"https:\/\/www.design-duval.com\/es\/#organization"},"potentialAction":[{"@type":"SearchAction","target":{"@type":"EntryPoint","urlTemplate":"https:\/\/www.design-duval.com\/es\/?s={search_term_string}"},"query-input":"required name=search_term_string"}],"inLanguage":"es"},{"@type":"Organization","@id":"https:\/\/www.design-duval.com\/es\/#organization","name":"Design duval","url":"https:\/\/www.design-duval.com\/es\/","sameAs":[],"logo":{"@type":"ImageObject","inLanguage":"es","@id":"https:\/\/www.design-duval.com\/es\/#\/schema\/logo\/image\/","url":"https:\/\/www.design-duval.com\/wp-content\/uploads\/2020\/09\/LOGO-DD-DN-web.jpg","contentUrl":"https:\/\/www.design-duval.com\/wp-content\/uploads\/2020\/09\/LOGO-DD-DN-web.jpg","width":614,"height":460,"caption":"Design duval"},"image":{"@id":"https:\/\/www.design-duval.com\/es\/#\/schema\/logo\/image\/"}}]}},"_links":{"self":[{"href":"https:\/\/www.design-duval.com\/es\/wp-json\/wp\/v2\/pages\/16715"}],"collection":[{"href":"https:\/\/www.design-duval.com\/es\/wp-json\/wp\/v2\/pages"}],"about":[{"href":"https:\/\/www.design-duval.com\/es\/wp-json\/wp\/v2\/types\/page"}],"author":[{"embeddable":true,"href":"https:\/\/www.design-duval.com\/es\/wp-json\/wp\/v2\/users\/9"}],"replies":[{"embeddable":true,"href":"https:\/\/www.design-duval.com\/es\/wp-json\/wp\/v2\/comments?post=16715"}],"version-history":[{"count":3,"href":"https:\/\/www.design-duval.com\/es\/wp-json\/wp\/v2\/pages\/16715\/revisions"}],"predecessor-version":[{"id":17296,"href":"https:\/\/www.design-duval.com\/es\/wp-json\/wp\/v2\/pages\/16715\/revisions\/17296"}],"wp:attachment":[{"href":"https:\/\/www.design-duval.com\/es\/wp-json\/wp\/v2\/media?parent=16715"}],"curies":[{"name":"wp","href":"https:\/\/api.w.org\/{rel}","templated":true}]}}