{"id":16731,"date":"2019-10-11T19:41:13","date_gmt":"2019-10-11T17:41:13","guid":{"rendered":"https:\/\/www.design-duval.com\/presentacion-y-fabricacion-de-muestras-servicios\/routing-und-versandservice-fuer-ihre-musterkollektionen\/"},"modified":"2021-01-25T14:28:55","modified_gmt":"2021-01-25T13:28:55","slug":"servicio-de-enrutamiento-para-tus-catalogos-de-muestras","status":"publish","type":"page","link":"https:\/\/www.design-duval.com\/es\/presentacion-y-fabricacion-de-muestras-servicios\/servicio-de-enrutamiento-para-tus-catalogos-de-muestras\/","title":{"rendered":"Servicio de enrutamiento y env\u00edo para tus cat\u00e1logos de muestras"},"content":{"rendered":"<div id=\"attachment_13515\" style=\"width: 810px\" class=\"wp-caption aligncenter\"><img aria-describedby=\"caption-attachment-13515\" loading=\"lazy\" class=\"wp-image-13515\" src=\"https:\/\/www.design-duval.com\/wp-content\/uploads\/2020\/04\/Pr\u00e9sentation-et-fabrication-\u00e9chantillons-routage-et-dispatching-455x265.jpg\" alt=\"Presentaci\u00f3n y fabricaci\u00f3n de muestras -Servicio de enrutamiento y env\u00edo \" width=\"800\" height=\"547\" srcset=\"https:\/\/www.design-duval.com\/wp-content\/uploads\/2020\/04\/Pr\u00e9sentation-et-fabrication-\u00e9chantillons-routage-et-dispatching-768x525.jpg 768w, https:\/\/www.design-duval.com\/wp-content\/uploads\/2020\/04\/Pr\u00e9sentation-et-fabrication-\u00e9chantillons-routage-et-dispatching-1500x1026.jpg 1500w, https:\/\/www.design-duval.com\/wp-content\/uploads\/2020\/04\/Pr\u00e9sentation-et-fabrication-\u00e9chantillons-routage-et-dispatching-620x424.jpg 620w, https:\/\/www.design-duval.com\/wp-content\/uploads\/2020\/04\/Pr\u00e9sentation-et-fabrication-\u00e9chantillons-routage-et-dispatching.jpg 1900w\" sizes=\"(max-width: 800px) 100vw, 800px\" \/><p id=\"caption-attachment-13515\" class=\"wp-caption-text\">Myriam (administraci\u00f3n de ventas Duval Nuanciers), Jean-Yves (planificaci\u00f3n de producci\u00f3n), Sarah (entrada de pedidos, env\u00edo, facturaci\u00f3n)<\/p><\/div>\n<p>&nbsp;<\/p>\n<p>Como queremos ofrecerte un servicio completo para tus <strong>carpetas muestrarios y cartas de colores<\/strong> que vaya desde el dise\u00f1o hasta la entrega, en Design Duval encontrar\u00e1s un <strong>servicio de enrutamiento y env\u00edo a la carta<\/strong>.<\/p>\n<p>Podemos suministrar a tus prescriptores, clientes, arquitectos o distribuidores directamente seg\u00fan tus indicaciones:<\/p>\n<ul>\n<li>Podemos entregar en uno o varios lugares<\/li>\n<li>Nos adaptamos a las cantidades que nos indiques<\/li>\n<li>Enviamos todos los art\u00edculos de una sola vez o de forma escalonada seg\u00fan el ritmo de entrega que desees<\/li>\n<li>Podemos realizar la facturaci\u00f3n de forma centralizada o descentralizada<\/li>\n<\/ul>\n<p>Entregamos dentro y fuera del pa\u00eds, tanto a nivel europeo como internacional, puesto que tenemos la capacidad de crear tus <a href=\"https:\/\/www.design-duval.com\/es\/presentacion-y-fabricacion-de-muestras-servicios\/muestrarios-en-diferentes-versiones\/\">colecciones de muestras en diferentes versiones extranjeras<\/a>.<\/p>\n<p>\u00bfQuieres descubrir m\u00e1s sobre nuestros servicios? \u00bfNecesitas hablar sobre un proyecto concreto? \u00bfQuieres ver lo que es posible? <a href=\"https:\/\/www.design-duval.com\/es\/contacto\/\">\u00a1Cont\u00e1ctanos!<\/a><\/p>\n","protected":false},"excerpt":{"rendered":"<p>&nbsp; Como queremos ofrecerte un servicio completo para tus carpetas muestrarios y cartas de colores que vaya desde el dise\u00f1o hasta la entrega, en Design Duval encontrar\u00e1s un servicio de enrutamiento y env\u00edo a la carta. Podemos suministrar a tus prescriptores, clientes, arquitectos o distribuidores directamente seg\u00fan tus indicaciones: Podemos entregar en uno o varios [&hellip;]<\/p>\n","protected":false},"author":16,"featured_media":0,"parent":16715,"menu_order":0,"comment_status":"closed","ping_status":"closed","template":"","meta":[],"yoast_head":"<!-- This site is optimized with the Yoast SEO plugin v19.6.1 - https:\/\/yoast.com\/wordpress\/plugins\/seo\/ -->\n<title>Servicio de enrutamiento y env\u00edo para tus cat\u00e1logos de muestras - Design Duval<\/title>\n<meta name=\"description\" content=\"Servicio de enrutamiento y env\u00edo para tus cat\u00e1logos de muestras - Design Duval\" \/>\n<meta name=\"robots\" content=\"index, follow, max-snippet:-1, max-image-preview:large, max-video-preview:-1\" \/>\n<link rel=\"canonical\" href=\"https:\/\/www.design-duval.com\/es\/presentacion-y-fabricacion-de-muestras-servicios\/servicio-de-enrutamiento-para-tus-catalogos-de-muestras\/\" \/>\n<meta property=\"og:locale\" content=\"es_ES\" \/>\n<meta property=\"og:type\" content=\"article\" \/>\n<meta property=\"og:title\" content=\"Servicio de enrutamiento y env\u00edo para tus cat\u00e1logos de muestras - Design Duval\" \/>\n<meta property=\"og:description\" content=\"Servicio de enrutamiento y env\u00edo para tus cat\u00e1logos de muestras - Design Duval\" \/>\n<meta property=\"og:url\" content=\"https:\/\/www.design-duval.com\/es\/presentacion-y-fabricacion-de-muestras-servicios\/servicio-de-enrutamiento-para-tus-catalogos-de-muestras\/\" \/>\n<meta property=\"og:site_name\" content=\"Design Duval\" \/>\n<meta property=\"article:modified_time\" content=\"2021-01-25T13:28:55+00:00\" \/>\n<meta name=\"twitter:card\" content=\"summary\" \/>\n<meta name=\"twitter:label1\" content=\"Tiempo de lectura\" \/>\n\t<meta name=\"twitter:data1\" content=\"1 minuto\" \/>\n<script type=\"application\/ld+json\" class=\"yoast-schema-graph\">{\"@context\":\"https:\/\/schema.org\",\"@graph\":[{\"@type\":\"WebPage\",\"@id\":\"https:\/\/www.design-duval.com\/es\/presentacion-y-fabricacion-de-muestras-servicios\/servicio-de-enrutamiento-para-tus-catalogos-de-muestras\/\",\"url\":\"https:\/\/www.design-duval.com\/es\/presentacion-y-fabricacion-de-muestras-servicios\/servicio-de-enrutamiento-para-tus-catalogos-de-muestras\/\",\"name\":\"Servicio de enrutamiento y env\u00edo para tus cat\u00e1logos de muestras - Design Duval\",\"isPartOf\":{\"@id\":\"https:\/\/www.design-duval.com\/es\/#website\"},\"datePublished\":\"2019-10-11T17:41:13+00:00\",\"dateModified\":\"2021-01-25T13:28:55+00:00\",\"description\":\"Servicio de enrutamiento y env\u00edo para tus cat\u00e1logos de muestras - Design Duval\",\"breadcrumb\":{\"@id\":\"https:\/\/www.design-duval.com\/es\/presentacion-y-fabricacion-de-muestras-servicios\/servicio-de-enrutamiento-para-tus-catalogos-de-muestras\/#breadcrumb\"},\"inLanguage\":\"es\",\"potentialAction\":[{\"@type\":\"ReadAction\",\"target\":[\"https:\/\/www.design-duval.com\/es\/presentacion-y-fabricacion-de-muestras-servicios\/servicio-de-enrutamiento-para-tus-catalogos-de-muestras\/\"]}]},{\"@type\":\"BreadcrumbList\",\"@id\":\"https:\/\/www.design-duval.com\/es\/presentacion-y-fabricacion-de-muestras-servicios\/servicio-de-enrutamiento-para-tus-catalogos-de-muestras\/#breadcrumb\",\"itemListElement\":[{\"@type\":\"ListItem\",\"position\":1,\"name\":\"Accueil\",\"item\":\"https:\/\/www.design-duval.com\/es\/\"},{\"@type\":\"ListItem\",\"position\":2,\"name\":\"Presentaci\u00f3n y fabricaci\u00f3n de muestras: Servicios\",\"item\":\"https:\/\/www.design-duval.com\/es\/presentacion-y-fabricacion-de-muestras-servicios\/\"},{\"@type\":\"ListItem\",\"position\":3,\"name\":\"Servicio de enrutamiento y env\u00edo para tus cat\u00e1logos de muestras\"}]},{\"@type\":\"WebSite\",\"@id\":\"https:\/\/www.design-duval.com\/es\/#website\",\"url\":\"https:\/\/www.design-duval.com\/es\/\",\"name\":\"Design Duval\",\"description\":\"\",\"publisher\":{\"@id\":\"https:\/\/www.design-duval.com\/es\/#organization\"},\"potentialAction\":[{\"@type\":\"SearchAction\",\"target\":{\"@type\":\"EntryPoint\",\"urlTemplate\":\"https:\/\/www.design-duval.com\/es\/?s={search_term_string}\"},\"query-input\":\"required name=search_term_string\"}],\"inLanguage\":\"es\"},{\"@type\":\"Organization\",\"@id\":\"https:\/\/www.design-duval.com\/es\/#organization\",\"name\":\"Design duval\",\"url\":\"https:\/\/www.design-duval.com\/es\/\",\"sameAs\":[],\"logo\":{\"@type\":\"ImageObject\",\"inLanguage\":\"es\",\"@id\":\"https:\/\/www.design-duval.com\/es\/#\/schema\/logo\/image\/\",\"url\":\"https:\/\/www.design-duval.com\/wp-content\/uploads\/2020\/09\/LOGO-DD-DN-web.jpg\",\"contentUrl\":\"https:\/\/www.design-duval.com\/wp-content\/uploads\/2020\/09\/LOGO-DD-DN-web.jpg\",\"width\":614,\"height\":460,\"caption\":\"Design duval\"},\"image\":{\"@id\":\"https:\/\/www.design-duval.com\/es\/#\/schema\/logo\/image\/\"}}]}<\/script>\n<!-- \/ Yoast SEO plugin. -->","yoast_head_json":{"title":"Servicio de enrutamiento y env\u00edo para tus cat\u00e1logos de muestras - Design Duval","description":"Servicio de enrutamiento y env\u00edo para tus cat\u00e1logos de muestras - Design Duval","robots":{"index":"index","follow":"follow","max-snippet":"max-snippet:-1","max-image-preview":"max-image-preview:large","max-video-preview":"max-video-preview:-1"},"canonical":"https:\/\/www.design-duval.com\/es\/presentacion-y-fabricacion-de-muestras-servicios\/servicio-de-enrutamiento-para-tus-catalogos-de-muestras\/","og_locale":"es_ES","og_type":"article","og_title":"Servicio de enrutamiento y env\u00edo para tus cat\u00e1logos de muestras - Design Duval","og_description":"Servicio de enrutamiento y env\u00edo para tus cat\u00e1logos de muestras - Design Duval","og_url":"https:\/\/www.design-duval.com\/es\/presentacion-y-fabricacion-de-muestras-servicios\/servicio-de-enrutamiento-para-tus-catalogos-de-muestras\/","og_site_name":"Design Duval","article_modified_time":"2021-01-25T13:28:55+00:00","twitter_card":"summary","twitter_misc":{"Tiempo de lectura":"1 minuto"},"schema":{"@context":"https:\/\/schema.org","@graph":[{"@type":"WebPage","@id":"https:\/\/www.design-duval.com\/es\/presentacion-y-fabricacion-de-muestras-servicios\/servicio-de-enrutamiento-para-tus-catalogos-de-muestras\/","url":"https:\/\/www.design-duval.com\/es\/presentacion-y-fabricacion-de-muestras-servicios\/servicio-de-enrutamiento-para-tus-catalogos-de-muestras\/","name":"Servicio de enrutamiento y env\u00edo para tus cat\u00e1logos de muestras - Design Duval","isPartOf":{"@id":"https:\/\/www.design-duval.com\/es\/#website"},"datePublished":"2019-10-11T17:41:13+00:00","dateModified":"2021-01-25T13:28:55+00:00","description":"Servicio de enrutamiento y env\u00edo para tus cat\u00e1logos de muestras - Design Duval","breadcrumb":{"@id":"https:\/\/www.design-duval.com\/es\/presentacion-y-fabricacion-de-muestras-servicios\/servicio-de-enrutamiento-para-tus-catalogos-de-muestras\/#breadcrumb"},"inLanguage":"es","potentialAction":[{"@type":"ReadAction","target":["https:\/\/www.design-duval.com\/es\/presentacion-y-fabricacion-de-muestras-servicios\/servicio-de-enrutamiento-para-tus-catalogos-de-muestras\/"]}]},{"@type":"BreadcrumbList","@id":"https:\/\/www.design-duval.com\/es\/presentacion-y-fabricacion-de-muestras-servicios\/servicio-de-enrutamiento-para-tus-catalogos-de-muestras\/#breadcrumb","itemListElement":[{"@type":"ListItem","position":1,"name":"Accueil","item":"https:\/\/www.design-duval.com\/es\/"},{"@type":"ListItem","position":2,"name":"Presentaci\u00f3n y fabricaci\u00f3n de muestras: Servicios","item":"https:\/\/www.design-duval.com\/es\/presentacion-y-fabricacion-de-muestras-servicios\/"},{"@type":"ListItem","position":3,"name":"Servicio de enrutamiento y env\u00edo para tus cat\u00e1logos de muestras"}]},{"@type":"WebSite","@id":"https:\/\/www.design-duval.com\/es\/#website","url":"https:\/\/www.design-duval.com\/es\/","name":"Design Duval","description":"","publisher":{"@id":"https:\/\/www.design-duval.com\/es\/#organization"},"potentialAction":[{"@type":"SearchAction","target":{"@type":"EntryPoint","urlTemplate":"https:\/\/www.design-duval.com\/es\/?s={search_term_string}"},"query-input":"required name=search_term_string"}],"inLanguage":"es"},{"@type":"Organization","@id":"https:\/\/www.design-duval.com\/es\/#organization","name":"Design duval","url":"https:\/\/www.design-duval.com\/es\/","sameAs":[],"logo":{"@type":"ImageObject","inLanguage":"es","@id":"https:\/\/www.design-duval.com\/es\/#\/schema\/logo\/image\/","url":"https:\/\/www.design-duval.com\/wp-content\/uploads\/2020\/09\/LOGO-DD-DN-web.jpg","contentUrl":"https:\/\/www.design-duval.com\/wp-content\/uploads\/2020\/09\/LOGO-DD-DN-web.jpg","width":614,"height":460,"caption":"Design duval"},"image":{"@id":"https:\/\/www.design-duval.com\/es\/#\/schema\/logo\/image\/"}}]}},"_links":{"self":[{"href":"https:\/\/www.design-duval.com\/es\/wp-json\/wp\/v2\/pages\/16731"}],"collection":[{"href":"https:\/\/www.design-duval.com\/es\/wp-json\/wp\/v2\/pages"}],"about":[{"href":"https:\/\/www.design-duval.com\/es\/wp-json\/wp\/v2\/types\/page"}],"author":[{"embeddable":true,"href":"https:\/\/www.design-duval.com\/es\/wp-json\/wp\/v2\/users\/16"}],"replies":[{"embeddable":true,"href":"https:\/\/www.design-duval.com\/es\/wp-json\/wp\/v2\/comments?post=16731"}],"version-history":[{"count":3,"href":"https:\/\/www.design-duval.com\/es\/wp-json\/wp\/v2\/pages\/16731\/revisions"}],"predecessor-version":[{"id":17301,"href":"https:\/\/www.design-duval.com\/es\/wp-json\/wp\/v2\/pages\/16731\/revisions\/17301"}],"up":[{"embeddable":true,"href":"https:\/\/www.design-duval.com\/es\/wp-json\/wp\/v2\/pages\/16715"}],"wp:attachment":[{"href":"https:\/\/www.design-duval.com\/es\/wp-json\/wp\/v2\/media?parent=16731"}],"curies":[{"name":"wp","href":"https:\/\/api.w.org\/{rel}","templated":true}]}}