{"id":17075,"date":"2019-10-06T20:58:31","date_gmt":"2019-10-06T18:58:31","guid":{"rendered":"https:\/\/www.design-duval.com\/embalajes-promicionales-experienica\/design-und-fertigung-aus-einer-hand\/"},"modified":"2021-02-03T16:18:44","modified_gmt":"2021-02-03T15:18:44","slug":"diseno-y-fabricacion-por-un-mismo-proveedor","status":"publish","type":"page","link":"https:\/\/www.design-duval.com\/es\/embalajes-promicionales-experienica\/diseno-y-fabricacion-por-un-mismo-proveedor\/","title":{"rendered":"Dise\u00f1o y fabricaci\u00f3n por un mismo proveedor"},"content":{"rendered":"<div id=\"attachment_13563\" style=\"width: 810px\" class=\"wp-caption aligncenter\"><img aria-describedby=\"caption-attachment-13563\" loading=\"lazy\" class=\"wp-image-13563\" src=\"https:\/\/www.design-duval.com\/wp-content\/uploads\/2020\/04\/Packaging-promotionnel-ma\u00eetrise-de-la-cr\u00e9ation-et-de-la-fabrication-455x265.jpg\" alt=\"Embalajes promicionales - Dise\u00f1o y fabricaci\u00f3n por un mismo proveedor\" width=\"800\" height=\"547\" srcset=\"https:\/\/www.design-duval.com\/wp-content\/uploads\/2020\/04\/Packaging-promotionnel-ma\u00eetrise-de-la-cr\u00e9ation-et-de-la-fabrication-768x525.jpg 768w, https:\/\/www.design-duval.com\/wp-content\/uploads\/2020\/04\/Packaging-promotionnel-ma\u00eetrise-de-la-cr\u00e9ation-et-de-la-fabrication-1500x1026.jpg 1500w, https:\/\/www.design-duval.com\/wp-content\/uploads\/2020\/04\/Packaging-promotionnel-ma\u00eetrise-de-la-cr\u00e9ation-et-de-la-fabrication-620x424.jpg 620w, https:\/\/www.design-duval.com\/wp-content\/uploads\/2020\/04\/Packaging-promotionnel-ma\u00eetrise-de-la-cr\u00e9ation-et-de-la-fabrication.jpg 1900w\" sizes=\"(max-width: 800px) 100vw, 800px\" \/><p id=\"caption-attachment-13563\" class=\"wp-caption-text\">Luc, operador de maquinaria<\/p><\/div>\n<p>&nbsp;<\/p>\n<p><strong>Design Duval<\/strong> naci\u00f3 hace m\u00e1s de 70 a\u00f1os en la Breta\u00f1a francesa. Empezamos como<strong> una sastrer\u00eda y taller de marroquiner\u00eda<\/strong> y hemos ido ampliando nuestra oferta de forma constante hasta convertirnos en los pioneros en Francia de la transformaci\u00f3n del PVC <strong>a trav\u00e9s de la soldadura por alta frecuencia<\/strong>.<\/p>\n<p>Para los clientes dentro del sector de la cosm\u00e9tica, de la salud, del turismo, del autom\u00f3vil, etc., dise\u00f1amos y fabricamos <strong>portadocumentos, kits de belleza, estuches<\/strong> y cualquier otro <strong>packaging promocional<\/strong> cosido o soldado que pueda surgir de tu fantas\u00eda y nuestra creatividad.<\/p>\n<p>Disponemos de nuestro propio estudio de dise\u00f1o, que se encuentra en el mismo lugar que nuestra planta de producci\u00f3n: una garant\u00eda para el desarrollo de soluciones originales para tus proyectos, que sean factibles tambi\u00e9n a nivel t\u00e9cnico.<\/p>\n<p>Todos los <strong>embalajes publicitarios soldados (bolsas, estuches, etc.)<\/strong> son dise\u00f1ados y fabricados en nuestra planta de producci\u00f3n en la Breta\u00f1a.<\/p>\n<p>Los <strong>art\u00edculos publicitarios cosidos (neceseres, kits de bienvenida, tote bags, etc.)<\/strong> son dise\u00f1ados por nuestros dise\u00f1adores en Francia y fabricados por nuestros socios en Asia bajo <a href=\"https:\/\/www.design-duval.com\/es\/embalajes-promicionales-experienica\/control-de-calidad\/\">un estricto y continuo control de calidad<\/a>.<\/p>\n","protected":false},"excerpt":{"rendered":"<p>&nbsp; Design Duval naci\u00f3 hace m\u00e1s de 70 a\u00f1os en la Breta\u00f1a francesa. Empezamos como una sastrer\u00eda y taller de marroquiner\u00eda y hemos ido ampliando nuestra oferta de forma constante hasta convertirnos en los pioneros en Francia de la transformaci\u00f3n del PVC a trav\u00e9s de la soldadura por alta frecuencia. Para los clientes dentro del [&hellip;]<\/p>\n","protected":false},"author":16,"featured_media":0,"parent":17072,"menu_order":0,"comment_status":"closed","ping_status":"closed","template":"","meta":[],"yoast_head":"<!-- This site is optimized with the Yoast SEO plugin v19.6.1 - https:\/\/yoast.com\/wordpress\/plugins\/seo\/ -->\n<title>Dise\u00f1o y fabricaci\u00f3n por un mismo proveedor - Design Duval<\/title>\n<meta name=\"description\" content=\"Dise\u00f1o y fabricaci\u00f3n por un mismo proveedor - Design Duval\" \/>\n<meta name=\"robots\" content=\"index, follow, max-snippet:-1, max-image-preview:large, max-video-preview:-1\" \/>\n<link rel=\"canonical\" href=\"https:\/\/www.design-duval.com\/es\/embalajes-promicionales-experienica\/diseno-y-fabricacion-por-un-mismo-proveedor\/\" \/>\n<meta property=\"og:locale\" content=\"es_ES\" \/>\n<meta property=\"og:type\" content=\"article\" \/>\n<meta property=\"og:title\" content=\"Dise\u00f1o y fabricaci\u00f3n por un mismo proveedor - Design Duval\" \/>\n<meta property=\"og:description\" content=\"Dise\u00f1o y fabricaci\u00f3n por un mismo proveedor - Design Duval\" \/>\n<meta property=\"og:url\" content=\"https:\/\/www.design-duval.com\/es\/embalajes-promicionales-experienica\/diseno-y-fabricacion-por-un-mismo-proveedor\/\" \/>\n<meta property=\"og:site_name\" content=\"Design Duval\" \/>\n<meta property=\"article:modified_time\" content=\"2021-02-03T15:18:44+00:00\" \/>\n<meta name=\"twitter:card\" content=\"summary\" \/>\n<meta name=\"twitter:label1\" content=\"Tiempo de lectura\" \/>\n\t<meta name=\"twitter:data1\" content=\"1 minuto\" \/>\n<script type=\"application\/ld+json\" class=\"yoast-schema-graph\">{\"@context\":\"https:\/\/schema.org\",\"@graph\":[{\"@type\":\"WebPage\",\"@id\":\"https:\/\/www.design-duval.com\/es\/embalajes-promicionales-experienica\/diseno-y-fabricacion-por-un-mismo-proveedor\/\",\"url\":\"https:\/\/www.design-duval.com\/es\/embalajes-promicionales-experienica\/diseno-y-fabricacion-por-un-mismo-proveedor\/\",\"name\":\"Dise\u00f1o y fabricaci\u00f3n por un mismo proveedor - Design Duval\",\"isPartOf\":{\"@id\":\"https:\/\/www.design-duval.com\/es\/#website\"},\"datePublished\":\"2019-10-06T18:58:31+00:00\",\"dateModified\":\"2021-02-03T15:18:44+00:00\",\"description\":\"Dise\u00f1o y fabricaci\u00f3n por un mismo proveedor - Design Duval\",\"breadcrumb\":{\"@id\":\"https:\/\/www.design-duval.com\/es\/embalajes-promicionales-experienica\/diseno-y-fabricacion-por-un-mismo-proveedor\/#breadcrumb\"},\"inLanguage\":\"es\",\"potentialAction\":[{\"@type\":\"ReadAction\",\"target\":[\"https:\/\/www.design-duval.com\/es\/embalajes-promicionales-experienica\/diseno-y-fabricacion-por-un-mismo-proveedor\/\"]}]},{\"@type\":\"BreadcrumbList\",\"@id\":\"https:\/\/www.design-duval.com\/es\/embalajes-promicionales-experienica\/diseno-y-fabricacion-por-un-mismo-proveedor\/#breadcrumb\",\"itemListElement\":[{\"@type\":\"ListItem\",\"position\":1,\"name\":\"Accueil\",\"item\":\"https:\/\/www.design-duval.com\/es\/\"},{\"@type\":\"ListItem\",\"position\":2,\"name\":\"Embalajes promicionales: nuestra experienica\",\"item\":\"https:\/\/www.design-duval.com\/es\/embalajes-promicionales-experienica\/\"},{\"@type\":\"ListItem\",\"position\":3,\"name\":\"Dise\u00f1o y fabricaci\u00f3n por un mismo proveedor\"}]},{\"@type\":\"WebSite\",\"@id\":\"https:\/\/www.design-duval.com\/es\/#website\",\"url\":\"https:\/\/www.design-duval.com\/es\/\",\"name\":\"Design Duval\",\"description\":\"\",\"publisher\":{\"@id\":\"https:\/\/www.design-duval.com\/es\/#organization\"},\"potentialAction\":[{\"@type\":\"SearchAction\",\"target\":{\"@type\":\"EntryPoint\",\"urlTemplate\":\"https:\/\/www.design-duval.com\/es\/?s={search_term_string}\"},\"query-input\":\"required name=search_term_string\"}],\"inLanguage\":\"es\"},{\"@type\":\"Organization\",\"@id\":\"https:\/\/www.design-duval.com\/es\/#organization\",\"name\":\"Design duval\",\"url\":\"https:\/\/www.design-duval.com\/es\/\",\"sameAs\":[],\"logo\":{\"@type\":\"ImageObject\",\"inLanguage\":\"es\",\"@id\":\"https:\/\/www.design-duval.com\/es\/#\/schema\/logo\/image\/\",\"url\":\"https:\/\/www.design-duval.com\/wp-content\/uploads\/2020\/09\/LOGO-DD-DN-web.jpg\",\"contentUrl\":\"https:\/\/www.design-duval.com\/wp-content\/uploads\/2020\/09\/LOGO-DD-DN-web.jpg\",\"width\":614,\"height\":460,\"caption\":\"Design duval\"},\"image\":{\"@id\":\"https:\/\/www.design-duval.com\/es\/#\/schema\/logo\/image\/\"}}]}<\/script>\n<!-- \/ Yoast SEO plugin. -->","yoast_head_json":{"title":"Dise\u00f1o y fabricaci\u00f3n por un mismo proveedor - Design Duval","description":"Dise\u00f1o y fabricaci\u00f3n por un mismo proveedor - Design Duval","robots":{"index":"index","follow":"follow","max-snippet":"max-snippet:-1","max-image-preview":"max-image-preview:large","max-video-preview":"max-video-preview:-1"},"canonical":"https:\/\/www.design-duval.com\/es\/embalajes-promicionales-experienica\/diseno-y-fabricacion-por-un-mismo-proveedor\/","og_locale":"es_ES","og_type":"article","og_title":"Dise\u00f1o y fabricaci\u00f3n por un mismo proveedor - Design Duval","og_description":"Dise\u00f1o y fabricaci\u00f3n por un mismo proveedor - Design Duval","og_url":"https:\/\/www.design-duval.com\/es\/embalajes-promicionales-experienica\/diseno-y-fabricacion-por-un-mismo-proveedor\/","og_site_name":"Design Duval","article_modified_time":"2021-02-03T15:18:44+00:00","twitter_card":"summary","twitter_misc":{"Tiempo de lectura":"1 minuto"},"schema":{"@context":"https:\/\/schema.org","@graph":[{"@type":"WebPage","@id":"https:\/\/www.design-duval.com\/es\/embalajes-promicionales-experienica\/diseno-y-fabricacion-por-un-mismo-proveedor\/","url":"https:\/\/www.design-duval.com\/es\/embalajes-promicionales-experienica\/diseno-y-fabricacion-por-un-mismo-proveedor\/","name":"Dise\u00f1o y fabricaci\u00f3n por un mismo proveedor - Design Duval","isPartOf":{"@id":"https:\/\/www.design-duval.com\/es\/#website"},"datePublished":"2019-10-06T18:58:31+00:00","dateModified":"2021-02-03T15:18:44+00:00","description":"Dise\u00f1o y fabricaci\u00f3n por un mismo proveedor - Design Duval","breadcrumb":{"@id":"https:\/\/www.design-duval.com\/es\/embalajes-promicionales-experienica\/diseno-y-fabricacion-por-un-mismo-proveedor\/#breadcrumb"},"inLanguage":"es","potentialAction":[{"@type":"ReadAction","target":["https:\/\/www.design-duval.com\/es\/embalajes-promicionales-experienica\/diseno-y-fabricacion-por-un-mismo-proveedor\/"]}]},{"@type":"BreadcrumbList","@id":"https:\/\/www.design-duval.com\/es\/embalajes-promicionales-experienica\/diseno-y-fabricacion-por-un-mismo-proveedor\/#breadcrumb","itemListElement":[{"@type":"ListItem","position":1,"name":"Accueil","item":"https:\/\/www.design-duval.com\/es\/"},{"@type":"ListItem","position":2,"name":"Embalajes promicionales: nuestra experienica","item":"https:\/\/www.design-duval.com\/es\/embalajes-promicionales-experienica\/"},{"@type":"ListItem","position":3,"name":"Dise\u00f1o y fabricaci\u00f3n por un mismo proveedor"}]},{"@type":"WebSite","@id":"https:\/\/www.design-duval.com\/es\/#website","url":"https:\/\/www.design-duval.com\/es\/","name":"Design Duval","description":"","publisher":{"@id":"https:\/\/www.design-duval.com\/es\/#organization"},"potentialAction":[{"@type":"SearchAction","target":{"@type":"EntryPoint","urlTemplate":"https:\/\/www.design-duval.com\/es\/?s={search_term_string}"},"query-input":"required name=search_term_string"}],"inLanguage":"es"},{"@type":"Organization","@id":"https:\/\/www.design-duval.com\/es\/#organization","name":"Design duval","url":"https:\/\/www.design-duval.com\/es\/","sameAs":[],"logo":{"@type":"ImageObject","inLanguage":"es","@id":"https:\/\/www.design-duval.com\/es\/#\/schema\/logo\/image\/","url":"https:\/\/www.design-duval.com\/wp-content\/uploads\/2020\/09\/LOGO-DD-DN-web.jpg","contentUrl":"https:\/\/www.design-duval.com\/wp-content\/uploads\/2020\/09\/LOGO-DD-DN-web.jpg","width":614,"height":460,"caption":"Design duval"},"image":{"@id":"https:\/\/www.design-duval.com\/es\/#\/schema\/logo\/image\/"}}]}},"_links":{"self":[{"href":"https:\/\/www.design-duval.com\/es\/wp-json\/wp\/v2\/pages\/17075"}],"collection":[{"href":"https:\/\/www.design-duval.com\/es\/wp-json\/wp\/v2\/pages"}],"about":[{"href":"https:\/\/www.design-duval.com\/es\/wp-json\/wp\/v2\/types\/page"}],"author":[{"embeddable":true,"href":"https:\/\/www.design-duval.com\/es\/wp-json\/wp\/v2\/users\/16"}],"replies":[{"embeddable":true,"href":"https:\/\/www.design-duval.com\/es\/wp-json\/wp\/v2\/comments?post=17075"}],"version-history":[{"count":3,"href":"https:\/\/www.design-duval.com\/es\/wp-json\/wp\/v2\/pages\/17075\/revisions"}],"predecessor-version":[{"id":17660,"href":"https:\/\/www.design-duval.com\/es\/wp-json\/wp\/v2\/pages\/17075\/revisions\/17660"}],"up":[{"embeddable":true,"href":"https:\/\/www.design-duval.com\/es\/wp-json\/wp\/v2\/pages\/17072"}],"wp:attachment":[{"href":"https:\/\/www.design-duval.com\/es\/wp-json\/wp\/v2\/media?parent=17075"}],"curies":[{"name":"wp","href":"https:\/\/api.w.org\/{rel}","templated":true}]}}