{"id":17079,"date":"2019-10-06T21:01:52","date_gmt":"2019-10-06T19:01:52","guid":{"rendered":"https:\/\/www.design-duval.com\/embalajes-promicionales-experienica\/le-controle-qualite\/"},"modified":"2021-02-03T16:20:15","modified_gmt":"2021-02-03T15:20:15","slug":"control-de-calidad","status":"publish","type":"page","link":"https:\/\/www.design-duval.com\/es\/embalajes-promicionales-experienica\/control-de-calidad\/","title":{"rendered":"Control de calidad"},"content":{"rendered":"<div id=\"attachment_13569\" style=\"width: 810px\" class=\"wp-caption aligncenter\"><img aria-describedby=\"caption-attachment-13569\" loading=\"lazy\" class=\"wp-image-13569\" src=\"https:\/\/www.design-duval.com\/wp-content\/uploads\/2020\/04\/Packaging-promotionnel-contr\u00f4le-qualit\u00e9-455x265.jpg\" alt=\"Embalajes promicionales - Control de calidad\" width=\"800\" height=\"547\" srcset=\"https:\/\/www.design-duval.com\/wp-content\/uploads\/2020\/04\/Packaging-promotionnel-contr\u00f4le-qualit\u00e9-768x525.jpg 768w, https:\/\/www.design-duval.com\/wp-content\/uploads\/2020\/04\/Packaging-promotionnel-contr\u00f4le-qualit\u00e9-1500x1026.jpg 1500w, https:\/\/www.design-duval.com\/wp-content\/uploads\/2020\/04\/Packaging-promotionnel-contr\u00f4le-qualit\u00e9-620x424.jpg 620w, https:\/\/www.design-duval.com\/wp-content\/uploads\/2020\/04\/Packaging-promotionnel-contr\u00f4le-qualit\u00e9.jpg 1900w\" sizes=\"(max-width: 800px) 100vw, 800px\" \/><p id=\"caption-attachment-13569\" class=\"wp-caption-text\">Jacques &#8211; Responsable de producci\u00f3n Duval Nuanciers<\/p><\/div>\n<p>&nbsp;<\/p>\n<p>Para la externalizaci\u00f3n de nuestros <strong>productos publicitarios y de presentaci\u00f3n cosidos<\/strong>, hemos elegido a nuestros socios de acuerdo con nuestros criterios de exigencia <strong>\u00e9tica<\/strong> y de <strong>calidad<\/strong>, y teniendo en cuenta especialmente su respeto de las directrices de la OIT (Organizaci\u00f3n Internacional del Trabajo). Uno de nuestros empleados supervisa de forma permanente la producci\u00f3n in situ, asegur\u00e1ndose de que se ajuste completamente al prototipo que te hemos entregado. Adem\u00e1s, un empleado de nuestro departamento de compras y organismos de control externos (como Intertek) llevan a cabo <a href=\"https:\/\/www.design-duval.com\/es\/las-etapas-de-tu-proyecto\/\">visitas y controles de calidad de forma regular<\/a>.<\/p>\n<p>Para todos tus art\u00edculos publicitarios, ofrecemos materiales que, como m\u00ednimo, cumplen con tus especificaciones (REACH, EN71, normas VDA de la industria automovil\u00edstica&#8230;). Adem\u00e1s, si lo solicitas, tambi\u00e9n podemos realizar para tus neceseres de cosm\u00e9tica, carpetas para documentaci\u00f3n de veh\u00edculos, bolsas t\u00e9rmicas publicitarias, neceseres para avi\u00f3n, etc. ex\u00e1menes de conformidad a trav\u00e9s de laboratorios certificados independientes:<\/p>\n<ul>\n<li>gama completa de an\u00e1lisis para cada sustancia qu\u00edmica presente en el producto,<\/li>\n<li>evaluaci\u00f3n de toxicidad,<\/li>\n<li>certificado y garant\u00eda de calidad qu\u00edmica<\/li>\n<li>etc.<\/li>\n<\/ul>\n","protected":false},"excerpt":{"rendered":"<p>&nbsp; Para la externalizaci\u00f3n de nuestros productos publicitarios y de presentaci\u00f3n cosidos, hemos elegido a nuestros socios de acuerdo con nuestros criterios de exigencia \u00e9tica y de calidad, y teniendo en cuenta especialmente su respeto de las directrices de la OIT (Organizaci\u00f3n Internacional del Trabajo). Uno de nuestros empleados supervisa de forma permanente la producci\u00f3n [&hellip;]<\/p>\n","protected":false},"author":16,"featured_media":0,"parent":17072,"menu_order":0,"comment_status":"closed","ping_status":"closed","template":"","meta":[],"yoast_head":"<!-- This site is optimized with the Yoast SEO plugin v19.6.1 - https:\/\/yoast.com\/wordpress\/plugins\/seo\/ -->\n<title>Control de calidad - Design Duval<\/title>\n<meta name=\"description\" content=\"Control de calidad - Design Duval\" \/>\n<meta name=\"robots\" content=\"index, follow, max-snippet:-1, max-image-preview:large, max-video-preview:-1\" \/>\n<link rel=\"canonical\" href=\"https:\/\/www.design-duval.com\/es\/embalajes-promicionales-experienica\/control-de-calidad\/\" \/>\n<meta property=\"og:locale\" content=\"es_ES\" \/>\n<meta property=\"og:type\" content=\"article\" \/>\n<meta property=\"og:title\" content=\"Control de calidad - Design Duval\" \/>\n<meta property=\"og:description\" content=\"Control de calidad - Design Duval\" \/>\n<meta property=\"og:url\" content=\"https:\/\/www.design-duval.com\/es\/embalajes-promicionales-experienica\/control-de-calidad\/\" \/>\n<meta property=\"og:site_name\" content=\"Design Duval\" \/>\n<meta property=\"article:modified_time\" content=\"2021-02-03T15:20:15+00:00\" \/>\n<meta name=\"twitter:card\" content=\"summary\" \/>\n<meta name=\"twitter:label1\" content=\"Tiempo de lectura\" \/>\n\t<meta name=\"twitter:data1\" content=\"1 minuto\" \/>\n<script type=\"application\/ld+json\" class=\"yoast-schema-graph\">{\"@context\":\"https:\/\/schema.org\",\"@graph\":[{\"@type\":\"WebPage\",\"@id\":\"https:\/\/www.design-duval.com\/es\/embalajes-promicionales-experienica\/control-de-calidad\/\",\"url\":\"https:\/\/www.design-duval.com\/es\/embalajes-promicionales-experienica\/control-de-calidad\/\",\"name\":\"Control de calidad - Design Duval\",\"isPartOf\":{\"@id\":\"https:\/\/www.design-duval.com\/es\/#website\"},\"datePublished\":\"2019-10-06T19:01:52+00:00\",\"dateModified\":\"2021-02-03T15:20:15+00:00\",\"description\":\"Control de calidad - Design Duval\",\"breadcrumb\":{\"@id\":\"https:\/\/www.design-duval.com\/es\/embalajes-promicionales-experienica\/control-de-calidad\/#breadcrumb\"},\"inLanguage\":\"es\",\"potentialAction\":[{\"@type\":\"ReadAction\",\"target\":[\"https:\/\/www.design-duval.com\/es\/embalajes-promicionales-experienica\/control-de-calidad\/\"]}]},{\"@type\":\"BreadcrumbList\",\"@id\":\"https:\/\/www.design-duval.com\/es\/embalajes-promicionales-experienica\/control-de-calidad\/#breadcrumb\",\"itemListElement\":[{\"@type\":\"ListItem\",\"position\":1,\"name\":\"Accueil\",\"item\":\"https:\/\/www.design-duval.com\/es\/\"},{\"@type\":\"ListItem\",\"position\":2,\"name\":\"Embalajes promicionales: nuestra experienica\",\"item\":\"https:\/\/www.design-duval.com\/es\/embalajes-promicionales-experienica\/\"},{\"@type\":\"ListItem\",\"position\":3,\"name\":\"Control de calidad\"}]},{\"@type\":\"WebSite\",\"@id\":\"https:\/\/www.design-duval.com\/es\/#website\",\"url\":\"https:\/\/www.design-duval.com\/es\/\",\"name\":\"Design Duval\",\"description\":\"\",\"publisher\":{\"@id\":\"https:\/\/www.design-duval.com\/es\/#organization\"},\"potentialAction\":[{\"@type\":\"SearchAction\",\"target\":{\"@type\":\"EntryPoint\",\"urlTemplate\":\"https:\/\/www.design-duval.com\/es\/?s={search_term_string}\"},\"query-input\":\"required name=search_term_string\"}],\"inLanguage\":\"es\"},{\"@type\":\"Organization\",\"@id\":\"https:\/\/www.design-duval.com\/es\/#organization\",\"name\":\"Design duval\",\"url\":\"https:\/\/www.design-duval.com\/es\/\",\"sameAs\":[],\"logo\":{\"@type\":\"ImageObject\",\"inLanguage\":\"es\",\"@id\":\"https:\/\/www.design-duval.com\/es\/#\/schema\/logo\/image\/\",\"url\":\"https:\/\/www.design-duval.com\/wp-content\/uploads\/2020\/09\/LOGO-DD-DN-web.jpg\",\"contentUrl\":\"https:\/\/www.design-duval.com\/wp-content\/uploads\/2020\/09\/LOGO-DD-DN-web.jpg\",\"width\":614,\"height\":460,\"caption\":\"Design duval\"},\"image\":{\"@id\":\"https:\/\/www.design-duval.com\/es\/#\/schema\/logo\/image\/\"}}]}<\/script>\n<!-- \/ Yoast SEO plugin. -->","yoast_head_json":{"title":"Control de calidad - Design Duval","description":"Control de calidad - Design Duval","robots":{"index":"index","follow":"follow","max-snippet":"max-snippet:-1","max-image-preview":"max-image-preview:large","max-video-preview":"max-video-preview:-1"},"canonical":"https:\/\/www.design-duval.com\/es\/embalajes-promicionales-experienica\/control-de-calidad\/","og_locale":"es_ES","og_type":"article","og_title":"Control de calidad - Design Duval","og_description":"Control de calidad - Design Duval","og_url":"https:\/\/www.design-duval.com\/es\/embalajes-promicionales-experienica\/control-de-calidad\/","og_site_name":"Design Duval","article_modified_time":"2021-02-03T15:20:15+00:00","twitter_card":"summary","twitter_misc":{"Tiempo de lectura":"1 minuto"},"schema":{"@context":"https:\/\/schema.org","@graph":[{"@type":"WebPage","@id":"https:\/\/www.design-duval.com\/es\/embalajes-promicionales-experienica\/control-de-calidad\/","url":"https:\/\/www.design-duval.com\/es\/embalajes-promicionales-experienica\/control-de-calidad\/","name":"Control de calidad - Design Duval","isPartOf":{"@id":"https:\/\/www.design-duval.com\/es\/#website"},"datePublished":"2019-10-06T19:01:52+00:00","dateModified":"2021-02-03T15:20:15+00:00","description":"Control de calidad - Design Duval","breadcrumb":{"@id":"https:\/\/www.design-duval.com\/es\/embalajes-promicionales-experienica\/control-de-calidad\/#breadcrumb"},"inLanguage":"es","potentialAction":[{"@type":"ReadAction","target":["https:\/\/www.design-duval.com\/es\/embalajes-promicionales-experienica\/control-de-calidad\/"]}]},{"@type":"BreadcrumbList","@id":"https:\/\/www.design-duval.com\/es\/embalajes-promicionales-experienica\/control-de-calidad\/#breadcrumb","itemListElement":[{"@type":"ListItem","position":1,"name":"Accueil","item":"https:\/\/www.design-duval.com\/es\/"},{"@type":"ListItem","position":2,"name":"Embalajes promicionales: nuestra experienica","item":"https:\/\/www.design-duval.com\/es\/embalajes-promicionales-experienica\/"},{"@type":"ListItem","position":3,"name":"Control de calidad"}]},{"@type":"WebSite","@id":"https:\/\/www.design-duval.com\/es\/#website","url":"https:\/\/www.design-duval.com\/es\/","name":"Design Duval","description":"","publisher":{"@id":"https:\/\/www.design-duval.com\/es\/#organization"},"potentialAction":[{"@type":"SearchAction","target":{"@type":"EntryPoint","urlTemplate":"https:\/\/www.design-duval.com\/es\/?s={search_term_string}"},"query-input":"required name=search_term_string"}],"inLanguage":"es"},{"@type":"Organization","@id":"https:\/\/www.design-duval.com\/es\/#organization","name":"Design duval","url":"https:\/\/www.design-duval.com\/es\/","sameAs":[],"logo":{"@type":"ImageObject","inLanguage":"es","@id":"https:\/\/www.design-duval.com\/es\/#\/schema\/logo\/image\/","url":"https:\/\/www.design-duval.com\/wp-content\/uploads\/2020\/09\/LOGO-DD-DN-web.jpg","contentUrl":"https:\/\/www.design-duval.com\/wp-content\/uploads\/2020\/09\/LOGO-DD-DN-web.jpg","width":614,"height":460,"caption":"Design duval"},"image":{"@id":"https:\/\/www.design-duval.com\/es\/#\/schema\/logo\/image\/"}}]}},"_links":{"self":[{"href":"https:\/\/www.design-duval.com\/es\/wp-json\/wp\/v2\/pages\/17079"}],"collection":[{"href":"https:\/\/www.design-duval.com\/es\/wp-json\/wp\/v2\/pages"}],"about":[{"href":"https:\/\/www.design-duval.com\/es\/wp-json\/wp\/v2\/types\/page"}],"author":[{"embeddable":true,"href":"https:\/\/www.design-duval.com\/es\/wp-json\/wp\/v2\/users\/16"}],"replies":[{"embeddable":true,"href":"https:\/\/www.design-duval.com\/es\/wp-json\/wp\/v2\/comments?post=17079"}],"version-history":[{"count":3,"href":"https:\/\/www.design-duval.com\/es\/wp-json\/wp\/v2\/pages\/17079\/revisions"}],"predecessor-version":[{"id":17662,"href":"https:\/\/www.design-duval.com\/es\/wp-json\/wp\/v2\/pages\/17079\/revisions\/17662"}],"up":[{"embeddable":true,"href":"https:\/\/www.design-duval.com\/es\/wp-json\/wp\/v2\/pages\/17072"}],"wp:attachment":[{"href":"https:\/\/www.design-duval.com\/es\/wp-json\/wp\/v2\/media?parent=17079"}],"curies":[{"name":"wp","href":"https:\/\/api.w.org\/{rel}","templated":true}]}}