{"id":17085,"date":"2019-10-06T20:35:20","date_gmt":"2019-10-06T18:35:20","guid":{"rendered":"https:\/\/www.design-duval.com\/promotions-und-werbeverpackungen-design-und-entwicklung\/kreativitaet-und-design\/"},"modified":"2021-02-03T16:21:40","modified_gmt":"2021-02-03T15:21:40","slug":"creatividad-y-diseno","status":"publish","type":"page","link":"https:\/\/www.design-duval.com\/es\/embalajes-promicionales-diseno-y-desarrollo\/creatividad-y-diseno\/","title":{"rendered":"Creatividad y dise\u00f1o"},"content":{"rendered":"<div id=\"attachment_13636\" style=\"width: 810px\" class=\"wp-caption aligncenter\"><img aria-describedby=\"caption-attachment-13636\" loading=\"lazy\" class=\"wp-image-13636\" src=\"https:\/\/www.design-duval.com\/wp-content\/uploads\/2020\/04\/Packaging-promotionnel-cr\u00e9ation-et-design-455x265.jpg\" alt=\"Embalajes promicionales -Dise\u00f1o y desarrollo\" width=\"800\" height=\"547\" srcset=\"https:\/\/www.design-duval.com\/wp-content\/uploads\/2020\/04\/Packaging-promotionnel-cr\u00e9ation-et-design-768x525.jpg 768w, https:\/\/www.design-duval.com\/wp-content\/uploads\/2020\/04\/Packaging-promotionnel-cr\u00e9ation-et-design-1500x1026.jpg 1500w, https:\/\/www.design-duval.com\/wp-content\/uploads\/2020\/04\/Packaging-promotionnel-cr\u00e9ation-et-design-620x424.jpg 620w, https:\/\/www.design-duval.com\/wp-content\/uploads\/2020\/04\/Packaging-promotionnel-cr\u00e9ation-et-design.jpg 1900w\" sizes=\"(max-width: 800px) 100vw, 800px\" \/><p id=\"caption-attachment-13636\" class=\"wp-caption-text\">St\u00e9phane, Claudia, Elodie, S\u00e9b<\/p><\/div>\n<p>&nbsp;<\/p>\n<p>En <strong>Design Duval<\/strong>, los equipos de dise\u00f1o, m\u00e9todos y compras trabajan codo con codo para ti&#8230; \u00a1pero tambi\u00e9n contigo!<br \/>\nUna vez nos has facilitado la mayor informaci\u00f3n posible para poder definir las caracter\u00edsticas generales de tu proyecto, nuestros equipos se ponen manos a la obra y desglosan tu brief hasta el m\u00ednimo detalle. Cada equipo tiene una funci\u00f3n:<\/p>\n<ul>\n<li>El estudio de dise\u00f1o se ocupa del dise\u00f1o del producto y de la elecci\u00f3n de materiales.<\/li>\n<li>El departamento de m\u00e9todos comprueba si tu proyecto es viable y escoge los mejores procesos de fabricaci\u00f3n.<\/li>\n<li>El departamento de compras verifica que todos los recursos se encuentren disponibles en el momento oportuno y controla el presupuesto.<\/li>\n<\/ul>\n<p>Siempre en busca de nuevas tendencias y t\u00e9cnicas, nuestros dise\u00f1adores juegan con la combinaci\u00f3n de materiales, formas, accesorios, colores, impresiones, etc., para ofrecerte un <strong>producto publicitario y de presentaci\u00f3n<\/strong> \u00fanico.<\/p>\n<p><strong>Una estrecha relaci\u00f3n con nuestros clientes y una amplia variedad de competencias internas: \u00a1la garant\u00eda del producto promocional perfecto al mejor precio! <\/strong><\/p>\n","protected":false},"excerpt":{"rendered":"<p>&nbsp; En Design Duval, los equipos de dise\u00f1o, m\u00e9todos y compras trabajan codo con codo para ti&#8230; \u00a1pero tambi\u00e9n contigo! Una vez nos has facilitado la mayor informaci\u00f3n posible para poder definir las caracter\u00edsticas generales de tu proyecto, nuestros equipos se ponen manos a la obra y desglosan tu brief hasta el m\u00ednimo detalle. Cada [&hellip;]<\/p>\n","protected":false},"author":16,"featured_media":0,"parent":17082,"menu_order":0,"comment_status":"closed","ping_status":"closed","template":"","meta":[],"yoast_head":"<!-- This site is optimized with the Yoast SEO plugin v19.6.1 - https:\/\/yoast.com\/wordpress\/plugins\/seo\/ -->\n<title>Creatividad y dise\u00f1o - Design Duval<\/title>\n<meta name=\"description\" content=\"Creatividad y dise\u00f1o - Design Duval\" \/>\n<meta name=\"robots\" content=\"index, follow, max-snippet:-1, max-image-preview:large, max-video-preview:-1\" \/>\n<link rel=\"canonical\" href=\"https:\/\/www.design-duval.com\/es\/embalajes-promicionales-diseno-y-desarrollo\/creatividad-y-diseno\/\" \/>\n<meta property=\"og:locale\" content=\"es_ES\" \/>\n<meta property=\"og:type\" content=\"article\" \/>\n<meta property=\"og:title\" content=\"Creatividad y dise\u00f1o - Design Duval\" \/>\n<meta property=\"og:description\" content=\"Creatividad y dise\u00f1o - Design Duval\" \/>\n<meta property=\"og:url\" content=\"https:\/\/www.design-duval.com\/es\/embalajes-promicionales-diseno-y-desarrollo\/creatividad-y-diseno\/\" \/>\n<meta property=\"og:site_name\" content=\"Design Duval\" \/>\n<meta property=\"article:modified_time\" content=\"2021-02-03T15:21:40+00:00\" \/>\n<meta name=\"twitter:card\" content=\"summary\" \/>\n<meta name=\"twitter:label1\" content=\"Tiempo de lectura\" \/>\n\t<meta name=\"twitter:data1\" content=\"1 minuto\" \/>\n<script type=\"application\/ld+json\" class=\"yoast-schema-graph\">{\"@context\":\"https:\/\/schema.org\",\"@graph\":[{\"@type\":\"WebPage\",\"@id\":\"https:\/\/www.design-duval.com\/es\/embalajes-promicionales-diseno-y-desarrollo\/creatividad-y-diseno\/\",\"url\":\"https:\/\/www.design-duval.com\/es\/embalajes-promicionales-diseno-y-desarrollo\/creatividad-y-diseno\/\",\"name\":\"Creatividad y dise\u00f1o - Design Duval\",\"isPartOf\":{\"@id\":\"https:\/\/www.design-duval.com\/es\/#website\"},\"datePublished\":\"2019-10-06T18:35:20+00:00\",\"dateModified\":\"2021-02-03T15:21:40+00:00\",\"description\":\"Creatividad y dise\u00f1o - Design Duval\",\"breadcrumb\":{\"@id\":\"https:\/\/www.design-duval.com\/es\/embalajes-promicionales-diseno-y-desarrollo\/creatividad-y-diseno\/#breadcrumb\"},\"inLanguage\":\"es\",\"potentialAction\":[{\"@type\":\"ReadAction\",\"target\":[\"https:\/\/www.design-duval.com\/es\/embalajes-promicionales-diseno-y-desarrollo\/creatividad-y-diseno\/\"]}]},{\"@type\":\"BreadcrumbList\",\"@id\":\"https:\/\/www.design-duval.com\/es\/embalajes-promicionales-diseno-y-desarrollo\/creatividad-y-diseno\/#breadcrumb\",\"itemListElement\":[{\"@type\":\"ListItem\",\"position\":1,\"name\":\"Accueil\",\"item\":\"https:\/\/www.design-duval.com\/es\/\"},{\"@type\":\"ListItem\",\"position\":2,\"name\":\"Embalajes promicionales: Dise\u00f1o y desarrollo\",\"item\":\"https:\/\/www.design-duval.com\/es\/embalajes-promicionales-diseno-y-desarrollo\/\"},{\"@type\":\"ListItem\",\"position\":3,\"name\":\"Creatividad y dise\u00f1o\"}]},{\"@type\":\"WebSite\",\"@id\":\"https:\/\/www.design-duval.com\/es\/#website\",\"url\":\"https:\/\/www.design-duval.com\/es\/\",\"name\":\"Design Duval\",\"description\":\"\",\"publisher\":{\"@id\":\"https:\/\/www.design-duval.com\/es\/#organization\"},\"potentialAction\":[{\"@type\":\"SearchAction\",\"target\":{\"@type\":\"EntryPoint\",\"urlTemplate\":\"https:\/\/www.design-duval.com\/es\/?s={search_term_string}\"},\"query-input\":\"required name=search_term_string\"}],\"inLanguage\":\"es\"},{\"@type\":\"Organization\",\"@id\":\"https:\/\/www.design-duval.com\/es\/#organization\",\"name\":\"Design duval\",\"url\":\"https:\/\/www.design-duval.com\/es\/\",\"sameAs\":[],\"logo\":{\"@type\":\"ImageObject\",\"inLanguage\":\"es\",\"@id\":\"https:\/\/www.design-duval.com\/es\/#\/schema\/logo\/image\/\",\"url\":\"https:\/\/www.design-duval.com\/wp-content\/uploads\/2020\/09\/LOGO-DD-DN-web.jpg\",\"contentUrl\":\"https:\/\/www.design-duval.com\/wp-content\/uploads\/2020\/09\/LOGO-DD-DN-web.jpg\",\"width\":614,\"height\":460,\"caption\":\"Design duval\"},\"image\":{\"@id\":\"https:\/\/www.design-duval.com\/es\/#\/schema\/logo\/image\/\"}}]}<\/script>\n<!-- \/ Yoast SEO plugin. -->","yoast_head_json":{"title":"Creatividad y dise\u00f1o - Design Duval","description":"Creatividad y dise\u00f1o - Design Duval","robots":{"index":"index","follow":"follow","max-snippet":"max-snippet:-1","max-image-preview":"max-image-preview:large","max-video-preview":"max-video-preview:-1"},"canonical":"https:\/\/www.design-duval.com\/es\/embalajes-promicionales-diseno-y-desarrollo\/creatividad-y-diseno\/","og_locale":"es_ES","og_type":"article","og_title":"Creatividad y dise\u00f1o - Design Duval","og_description":"Creatividad y dise\u00f1o - Design Duval","og_url":"https:\/\/www.design-duval.com\/es\/embalajes-promicionales-diseno-y-desarrollo\/creatividad-y-diseno\/","og_site_name":"Design Duval","article_modified_time":"2021-02-03T15:21:40+00:00","twitter_card":"summary","twitter_misc":{"Tiempo de lectura":"1 minuto"},"schema":{"@context":"https:\/\/schema.org","@graph":[{"@type":"WebPage","@id":"https:\/\/www.design-duval.com\/es\/embalajes-promicionales-diseno-y-desarrollo\/creatividad-y-diseno\/","url":"https:\/\/www.design-duval.com\/es\/embalajes-promicionales-diseno-y-desarrollo\/creatividad-y-diseno\/","name":"Creatividad y dise\u00f1o - Design Duval","isPartOf":{"@id":"https:\/\/www.design-duval.com\/es\/#website"},"datePublished":"2019-10-06T18:35:20+00:00","dateModified":"2021-02-03T15:21:40+00:00","description":"Creatividad y dise\u00f1o - Design Duval","breadcrumb":{"@id":"https:\/\/www.design-duval.com\/es\/embalajes-promicionales-diseno-y-desarrollo\/creatividad-y-diseno\/#breadcrumb"},"inLanguage":"es","potentialAction":[{"@type":"ReadAction","target":["https:\/\/www.design-duval.com\/es\/embalajes-promicionales-diseno-y-desarrollo\/creatividad-y-diseno\/"]}]},{"@type":"BreadcrumbList","@id":"https:\/\/www.design-duval.com\/es\/embalajes-promicionales-diseno-y-desarrollo\/creatividad-y-diseno\/#breadcrumb","itemListElement":[{"@type":"ListItem","position":1,"name":"Accueil","item":"https:\/\/www.design-duval.com\/es\/"},{"@type":"ListItem","position":2,"name":"Embalajes promicionales: Dise\u00f1o y desarrollo","item":"https:\/\/www.design-duval.com\/es\/embalajes-promicionales-diseno-y-desarrollo\/"},{"@type":"ListItem","position":3,"name":"Creatividad y dise\u00f1o"}]},{"@type":"WebSite","@id":"https:\/\/www.design-duval.com\/es\/#website","url":"https:\/\/www.design-duval.com\/es\/","name":"Design Duval","description":"","publisher":{"@id":"https:\/\/www.design-duval.com\/es\/#organization"},"potentialAction":[{"@type":"SearchAction","target":{"@type":"EntryPoint","urlTemplate":"https:\/\/www.design-duval.com\/es\/?s={search_term_string}"},"query-input":"required name=search_term_string"}],"inLanguage":"es"},{"@type":"Organization","@id":"https:\/\/www.design-duval.com\/es\/#organization","name":"Design duval","url":"https:\/\/www.design-duval.com\/es\/","sameAs":[],"logo":{"@type":"ImageObject","inLanguage":"es","@id":"https:\/\/www.design-duval.com\/es\/#\/schema\/logo\/image\/","url":"https:\/\/www.design-duval.com\/wp-content\/uploads\/2020\/09\/LOGO-DD-DN-web.jpg","contentUrl":"https:\/\/www.design-duval.com\/wp-content\/uploads\/2020\/09\/LOGO-DD-DN-web.jpg","width":614,"height":460,"caption":"Design duval"},"image":{"@id":"https:\/\/www.design-duval.com\/es\/#\/schema\/logo\/image\/"}}]}},"_links":{"self":[{"href":"https:\/\/www.design-duval.com\/es\/wp-json\/wp\/v2\/pages\/17085"}],"collection":[{"href":"https:\/\/www.design-duval.com\/es\/wp-json\/wp\/v2\/pages"}],"about":[{"href":"https:\/\/www.design-duval.com\/es\/wp-json\/wp\/v2\/types\/page"}],"author":[{"embeddable":true,"href":"https:\/\/www.design-duval.com\/es\/wp-json\/wp\/v2\/users\/16"}],"replies":[{"embeddable":true,"href":"https:\/\/www.design-duval.com\/es\/wp-json\/wp\/v2\/comments?post=17085"}],"version-history":[{"count":3,"href":"https:\/\/www.design-duval.com\/es\/wp-json\/wp\/v2\/pages\/17085\/revisions"}],"predecessor-version":[{"id":17663,"href":"https:\/\/www.design-duval.com\/es\/wp-json\/wp\/v2\/pages\/17085\/revisions\/17663"}],"up":[{"embeddable":true,"href":"https:\/\/www.design-duval.com\/es\/wp-json\/wp\/v2\/pages\/17082"}],"wp:attachment":[{"href":"https:\/\/www.design-duval.com\/es\/wp-json\/wp\/v2\/media?parent=17085"}],"curies":[{"name":"wp","href":"https:\/\/api.w.org\/{rel}","templated":true}]}}