{"id":17088,"date":"2019-10-06T20:38:28","date_gmt":"2019-10-06T18:38:28","guid":{"rendered":"https:\/\/www.design-duval.com\/promotions-und-werbeverpackungen-design-und-entwicklung\/ihr-projekt-schritt-fuer-schritt\/"},"modified":"2021-02-03T16:22:53","modified_gmt":"2021-02-03T15:22:53","slug":"tu-proyecto-paso-a-paso","status":"publish","type":"page","link":"https:\/\/www.design-duval.com\/es\/embalajes-promicionales-diseno-y-desarrollo\/tu-proyecto-paso-a-paso\/","title":{"rendered":"Tu proyecto paso a paso"},"content":{"rendered":"<div id=\"attachment_13575\" style=\"width: 810px\" class=\"wp-caption aligncenter\"><img aria-describedby=\"caption-attachment-13575\" loading=\"lazy\" class=\"wp-image-13575\" src=\"https:\/\/www.design-duval.com\/wp-content\/uploads\/2020\/04\/Packaging-promotionnel-projet-pas-\u00e0-pas-455x265.jpg\" alt=\"Embalajes promicionales - proyecto paso a paso\" width=\"800\" height=\"547\" srcset=\"https:\/\/www.design-duval.com\/wp-content\/uploads\/2020\/04\/Packaging-promotionnel-projet-pas-\u00e0-pas-768x525.jpg 768w, https:\/\/www.design-duval.com\/wp-content\/uploads\/2020\/04\/Packaging-promotionnel-projet-pas-\u00e0-pas-1500x1026.jpg 1500w, https:\/\/www.design-duval.com\/wp-content\/uploads\/2020\/04\/Packaging-promotionnel-projet-pas-\u00e0-pas-620x424.jpg 620w, https:\/\/www.design-duval.com\/wp-content\/uploads\/2020\/04\/Packaging-promotionnel-projet-pas-\u00e0-pas.jpg 1900w\" sizes=\"(max-width: 800px) 100vw, 800px\" \/><p id=\"caption-attachment-13575\" class=\"wp-caption-text\">Christiane, serigraf\u00eda<\/p><\/div>\n<p>&nbsp;<\/p>\n<p>Para asegurarnos de entregarte <strong>un producto conforme a la calidad y al plazo acordados<\/strong>, elaboramos tu proyecto <a href=\"https:\/\/www.design-duval.com\/es\/las-etapas-de-tu-proyecto\/\">paso a paso<\/a>.<\/p>\n<p>Tras realizar un an\u00e1lisis personalizado de tu proyecto, te presentamos nuestras propuestas de soluci\u00f3n, ilustradas con dise\u00f1os o animaciones 3D. Adem\u00e1s, te proponemos una selecci\u00f3n de los materiales adecuados para tu proyecto.<\/p>\n<p>Por supuesto, para ayudarte en tu elecci\u00f3n, junto con nuestras propuestas recibir\u00e1s tambi\u00e9n un presupuesto detallado.<\/p>\n<p>Si te gusta nuestra propuesta y el precio se ajusta a tu presupuesto, crearemos un prototipo con el material elegido, que quiz\u00e1s se pueda imprimir ya con tu imagen corporativa. Este prototipo sirve para verificar que el proyecto cumple con tus expectativas, si no fuera caso, realizar\u00edamos los cambios deseados y, de ser necesario, ajustar\u00edamos el presupuesto. <strong>\u00bfNuestra prioridad? \u00a1Tu satisfacci\u00f3n! <\/strong><\/p>\n<p>Tras la recepci\u00f3n de tu pedido y la aceptaci\u00f3n del prototipo, empezamos con la <strong>producci\u00f3n de tu packaging publicitario<\/strong> y, al mismo tiempo, se inician todas las fases de control durante la producci\u00f3n.<\/p>\n<p>Te presentaremos el primer producto de la serie al principio de la producci\u00f3n, para que puedas verificar una vez m\u00e1s la conformidad del producto con el prototipo. En adelante, este producto nos servir\u00e1 como modelo de referencia para los diferentes controles a lo largo de todo el proceso de producci\u00f3n.<\/p>\n<p><strong>Desde el desarrollo de las ideas creativas hasta la producci\u00f3n, situamos a nuestros clientes en el centro de todo el proceso de fabricaci\u00f3n <\/strong>. Por eso, te escuchamos, te acompa\u00f1amos y te asesoramos. Tres cualidades indispensables para establecer una relaci\u00f3n comercial personal, transparente y duradera<\/p>\n","protected":false},"excerpt":{"rendered":"<p>&nbsp; Para asegurarnos de entregarte un producto conforme a la calidad y al plazo acordados, elaboramos tu proyecto paso a paso. Tras realizar un an\u00e1lisis personalizado de tu proyecto, te presentamos nuestras propuestas de soluci\u00f3n, ilustradas con dise\u00f1os o animaciones 3D. Adem\u00e1s, te proponemos una selecci\u00f3n de los materiales adecuados para tu proyecto. Por supuesto, [&hellip;]<\/p>\n","protected":false},"author":16,"featured_media":0,"parent":17082,"menu_order":0,"comment_status":"closed","ping_status":"closed","template":"","meta":[],"yoast_head":"<!-- This site is optimized with the Yoast SEO plugin v19.6.1 - https:\/\/yoast.com\/wordpress\/plugins\/seo\/ -->\n<title>Tu proyecto paso a paso - Design Duval<\/title>\n<meta name=\"description\" content=\"Tu proyecto paso a paso - Design Duval\" \/>\n<meta name=\"robots\" content=\"index, follow, max-snippet:-1, max-image-preview:large, max-video-preview:-1\" \/>\n<link rel=\"canonical\" href=\"https:\/\/www.design-duval.com\/es\/embalajes-promicionales-diseno-y-desarrollo\/tu-proyecto-paso-a-paso\/\" \/>\n<meta property=\"og:locale\" content=\"es_ES\" \/>\n<meta property=\"og:type\" content=\"article\" \/>\n<meta property=\"og:title\" content=\"Tu proyecto paso a paso - Design Duval\" \/>\n<meta property=\"og:description\" content=\"Tu proyecto paso a paso - Design Duval\" \/>\n<meta property=\"og:url\" content=\"https:\/\/www.design-duval.com\/es\/embalajes-promicionales-diseno-y-desarrollo\/tu-proyecto-paso-a-paso\/\" \/>\n<meta property=\"og:site_name\" content=\"Design Duval\" \/>\n<meta property=\"article:modified_time\" content=\"2021-02-03T15:22:53+00:00\" \/>\n<meta name=\"twitter:card\" content=\"summary\" \/>\n<meta name=\"twitter:label1\" content=\"Tiempo de lectura\" \/>\n\t<meta name=\"twitter:data1\" content=\"1 minuto\" \/>\n<script type=\"application\/ld+json\" class=\"yoast-schema-graph\">{\"@context\":\"https:\/\/schema.org\",\"@graph\":[{\"@type\":\"WebPage\",\"@id\":\"https:\/\/www.design-duval.com\/es\/embalajes-promicionales-diseno-y-desarrollo\/tu-proyecto-paso-a-paso\/\",\"url\":\"https:\/\/www.design-duval.com\/es\/embalajes-promicionales-diseno-y-desarrollo\/tu-proyecto-paso-a-paso\/\",\"name\":\"Tu proyecto paso a paso - Design Duval\",\"isPartOf\":{\"@id\":\"https:\/\/www.design-duval.com\/es\/#website\"},\"datePublished\":\"2019-10-06T18:38:28+00:00\",\"dateModified\":\"2021-02-03T15:22:53+00:00\",\"description\":\"Tu proyecto paso a paso - Design Duval\",\"breadcrumb\":{\"@id\":\"https:\/\/www.design-duval.com\/es\/embalajes-promicionales-diseno-y-desarrollo\/tu-proyecto-paso-a-paso\/#breadcrumb\"},\"inLanguage\":\"es\",\"potentialAction\":[{\"@type\":\"ReadAction\",\"target\":[\"https:\/\/www.design-duval.com\/es\/embalajes-promicionales-diseno-y-desarrollo\/tu-proyecto-paso-a-paso\/\"]}]},{\"@type\":\"BreadcrumbList\",\"@id\":\"https:\/\/www.design-duval.com\/es\/embalajes-promicionales-diseno-y-desarrollo\/tu-proyecto-paso-a-paso\/#breadcrumb\",\"itemListElement\":[{\"@type\":\"ListItem\",\"position\":1,\"name\":\"Accueil\",\"item\":\"https:\/\/www.design-duval.com\/es\/\"},{\"@type\":\"ListItem\",\"position\":2,\"name\":\"Embalajes promicionales: Dise\u00f1o y desarrollo\",\"item\":\"https:\/\/www.design-duval.com\/es\/embalajes-promicionales-diseno-y-desarrollo\/\"},{\"@type\":\"ListItem\",\"position\":3,\"name\":\"Tu proyecto paso a paso\"}]},{\"@type\":\"WebSite\",\"@id\":\"https:\/\/www.design-duval.com\/es\/#website\",\"url\":\"https:\/\/www.design-duval.com\/es\/\",\"name\":\"Design Duval\",\"description\":\"\",\"publisher\":{\"@id\":\"https:\/\/www.design-duval.com\/es\/#organization\"},\"potentialAction\":[{\"@type\":\"SearchAction\",\"target\":{\"@type\":\"EntryPoint\",\"urlTemplate\":\"https:\/\/www.design-duval.com\/es\/?s={search_term_string}\"},\"query-input\":\"required name=search_term_string\"}],\"inLanguage\":\"es\"},{\"@type\":\"Organization\",\"@id\":\"https:\/\/www.design-duval.com\/es\/#organization\",\"name\":\"Design duval\",\"url\":\"https:\/\/www.design-duval.com\/es\/\",\"sameAs\":[],\"logo\":{\"@type\":\"ImageObject\",\"inLanguage\":\"es\",\"@id\":\"https:\/\/www.design-duval.com\/es\/#\/schema\/logo\/image\/\",\"url\":\"https:\/\/www.design-duval.com\/wp-content\/uploads\/2020\/09\/LOGO-DD-DN-web.jpg\",\"contentUrl\":\"https:\/\/www.design-duval.com\/wp-content\/uploads\/2020\/09\/LOGO-DD-DN-web.jpg\",\"width\":614,\"height\":460,\"caption\":\"Design duval\"},\"image\":{\"@id\":\"https:\/\/www.design-duval.com\/es\/#\/schema\/logo\/image\/\"}}]}<\/script>\n<!-- \/ Yoast SEO plugin. -->","yoast_head_json":{"title":"Tu proyecto paso a paso - Design Duval","description":"Tu proyecto paso a paso - Design Duval","robots":{"index":"index","follow":"follow","max-snippet":"max-snippet:-1","max-image-preview":"max-image-preview:large","max-video-preview":"max-video-preview:-1"},"canonical":"https:\/\/www.design-duval.com\/es\/embalajes-promicionales-diseno-y-desarrollo\/tu-proyecto-paso-a-paso\/","og_locale":"es_ES","og_type":"article","og_title":"Tu proyecto paso a paso - Design Duval","og_description":"Tu proyecto paso a paso - Design Duval","og_url":"https:\/\/www.design-duval.com\/es\/embalajes-promicionales-diseno-y-desarrollo\/tu-proyecto-paso-a-paso\/","og_site_name":"Design Duval","article_modified_time":"2021-02-03T15:22:53+00:00","twitter_card":"summary","twitter_misc":{"Tiempo de lectura":"1 minuto"},"schema":{"@context":"https:\/\/schema.org","@graph":[{"@type":"WebPage","@id":"https:\/\/www.design-duval.com\/es\/embalajes-promicionales-diseno-y-desarrollo\/tu-proyecto-paso-a-paso\/","url":"https:\/\/www.design-duval.com\/es\/embalajes-promicionales-diseno-y-desarrollo\/tu-proyecto-paso-a-paso\/","name":"Tu proyecto paso a paso - Design Duval","isPartOf":{"@id":"https:\/\/www.design-duval.com\/es\/#website"},"datePublished":"2019-10-06T18:38:28+00:00","dateModified":"2021-02-03T15:22:53+00:00","description":"Tu proyecto paso a paso - Design Duval","breadcrumb":{"@id":"https:\/\/www.design-duval.com\/es\/embalajes-promicionales-diseno-y-desarrollo\/tu-proyecto-paso-a-paso\/#breadcrumb"},"inLanguage":"es","potentialAction":[{"@type":"ReadAction","target":["https:\/\/www.design-duval.com\/es\/embalajes-promicionales-diseno-y-desarrollo\/tu-proyecto-paso-a-paso\/"]}]},{"@type":"BreadcrumbList","@id":"https:\/\/www.design-duval.com\/es\/embalajes-promicionales-diseno-y-desarrollo\/tu-proyecto-paso-a-paso\/#breadcrumb","itemListElement":[{"@type":"ListItem","position":1,"name":"Accueil","item":"https:\/\/www.design-duval.com\/es\/"},{"@type":"ListItem","position":2,"name":"Embalajes promicionales: Dise\u00f1o y desarrollo","item":"https:\/\/www.design-duval.com\/es\/embalajes-promicionales-diseno-y-desarrollo\/"},{"@type":"ListItem","position":3,"name":"Tu proyecto paso a paso"}]},{"@type":"WebSite","@id":"https:\/\/www.design-duval.com\/es\/#website","url":"https:\/\/www.design-duval.com\/es\/","name":"Design Duval","description":"","publisher":{"@id":"https:\/\/www.design-duval.com\/es\/#organization"},"potentialAction":[{"@type":"SearchAction","target":{"@type":"EntryPoint","urlTemplate":"https:\/\/www.design-duval.com\/es\/?s={search_term_string}"},"query-input":"required name=search_term_string"}],"inLanguage":"es"},{"@type":"Organization","@id":"https:\/\/www.design-duval.com\/es\/#organization","name":"Design duval","url":"https:\/\/www.design-duval.com\/es\/","sameAs":[],"logo":{"@type":"ImageObject","inLanguage":"es","@id":"https:\/\/www.design-duval.com\/es\/#\/schema\/logo\/image\/","url":"https:\/\/www.design-duval.com\/wp-content\/uploads\/2020\/09\/LOGO-DD-DN-web.jpg","contentUrl":"https:\/\/www.design-duval.com\/wp-content\/uploads\/2020\/09\/LOGO-DD-DN-web.jpg","width":614,"height":460,"caption":"Design duval"},"image":{"@id":"https:\/\/www.design-duval.com\/es\/#\/schema\/logo\/image\/"}}]}},"_links":{"self":[{"href":"https:\/\/www.design-duval.com\/es\/wp-json\/wp\/v2\/pages\/17088"}],"collection":[{"href":"https:\/\/www.design-duval.com\/es\/wp-json\/wp\/v2\/pages"}],"about":[{"href":"https:\/\/www.design-duval.com\/es\/wp-json\/wp\/v2\/types\/page"}],"author":[{"embeddable":true,"href":"https:\/\/www.design-duval.com\/es\/wp-json\/wp\/v2\/users\/16"}],"replies":[{"embeddable":true,"href":"https:\/\/www.design-duval.com\/es\/wp-json\/wp\/v2\/comments?post=17088"}],"version-history":[{"count":3,"href":"https:\/\/www.design-duval.com\/es\/wp-json\/wp\/v2\/pages\/17088\/revisions"}],"predecessor-version":[{"id":17664,"href":"https:\/\/www.design-duval.com\/es\/wp-json\/wp\/v2\/pages\/17088\/revisions\/17664"}],"up":[{"embeddable":true,"href":"https:\/\/www.design-duval.com\/es\/wp-json\/wp\/v2\/pages\/17082"}],"wp:attachment":[{"href":"https:\/\/www.design-duval.com\/es\/wp-json\/wp\/v2\/media?parent=17088"}],"curies":[{"name":"wp","href":"https:\/\/api.w.org\/{rel}","templated":true}]}}