{"id":17195,"date":"2019-10-11T18:35:32","date_gmt":"2019-10-11T16:35:32","guid":{"rendered":"https:\/\/www.design-duval.com\/digitaldruck-zusatzleistungen\/impression-de-donnees-variables\/"},"modified":"2021-02-03T15:11:02","modified_gmt":"2021-02-03T14:11:02","slug":"personalizacion-individual","status":"publish","type":"page","link":"https:\/\/www.design-duval.com\/es\/impresion-digital-servicios\/personalizacion-individual\/","title":{"rendered":"Personalizaci\u00f3n individual"},"content":{"rendered":"<div id=\"attachment_13611\" style=\"width: 810px\" class=\"wp-caption aligncenter\"><img aria-describedby=\"caption-attachment-13611\" loading=\"lazy\" class=\"wp-image-13611\" src=\"https:\/\/www.design-duval.com\/wp-content\/uploads\/2020\/04\/Impression-num\u00e9rique-impression-donn\u00e9es-variables-455x265.jpg\" alt=\"impresi\u00f3n digital-personalizaci\u00f3n individual\" width=\"800\" height=\"547\" srcset=\"https:\/\/www.design-duval.com\/wp-content\/uploads\/2020\/04\/Impression-num\u00e9rique-impression-donn\u00e9es-variables-768x525.jpg 768w, https:\/\/www.design-duval.com\/wp-content\/uploads\/2020\/04\/Impression-num\u00e9rique-impression-donn\u00e9es-variables-1500x1026.jpg 1500w, https:\/\/www.design-duval.com\/wp-content\/uploads\/2020\/04\/Impression-num\u00e9rique-impression-donn\u00e9es-variables-620x424.jpg 620w, https:\/\/www.design-duval.com\/wp-content\/uploads\/2020\/04\/Impression-num\u00e9rique-impression-donn\u00e9es-variables.jpg 1900w\" sizes=\"(max-width: 800px) 100vw, 800px\" \/><p id=\"caption-attachment-13611\" class=\"wp-caption-text\">Ang\u00e9lique, soldadura HF e impresi\u00f3n digital<\/p><\/div>\n<p>&nbsp;<\/p>\n<p>Al igual que t\u00fa eres algo \u00fanico para nosotros, tus clientes tambi\u00e9n lo ser\u00e1n para ti.<\/p>\n<p>Por eso te damos la oportunidad de personalizar tu producto de <strong>impresi\u00f3n digital<\/strong> en una serie muy limitada y hasta convertirlo en una pieza \u00fanica. Encontramos una soluci\u00f3n para toda necesidad de dise\u00f1o individual, desde lo m\u00e1s sencillo hasta lo m\u00e1s extremo.<\/p>\n<p>Para la recopilaci\u00f3n de los datos de impresi\u00f3n personales podemos desarrollar un sitio web para ti, que se ajuste a tu marca y a tus criterios.<\/p>\n","protected":false},"excerpt":{"rendered":"<p>&nbsp; Al igual que t\u00fa eres algo \u00fanico para nosotros, tus clientes tambi\u00e9n lo ser\u00e1n para ti. Por eso te damos la oportunidad de personalizar tu producto de impresi\u00f3n digital en una serie muy limitada y hasta convertirlo en una pieza \u00fanica. Encontramos una soluci\u00f3n para toda necesidad de dise\u00f1o individual, desde lo m\u00e1s sencillo [&hellip;]<\/p>\n","protected":false},"author":16,"featured_media":0,"parent":17189,"menu_order":0,"comment_status":"closed","ping_status":"closed","template":"","meta":[],"yoast_head":"<!-- This site is optimized with the Yoast SEO plugin v19.6.1 - https:\/\/yoast.com\/wordpress\/plugins\/seo\/ -->\n<title>Personalizaci\u00f3n individual - Design Duval<\/title>\n<meta name=\"description\" content=\"Personalizaci\u00f3n individual - Design Duval\" \/>\n<meta name=\"robots\" content=\"index, follow, max-snippet:-1, max-image-preview:large, max-video-preview:-1\" \/>\n<link rel=\"canonical\" href=\"https:\/\/www.design-duval.com\/es\/impresion-digital-servicios\/personalizacion-individual\/\" \/>\n<meta property=\"og:locale\" content=\"es_ES\" \/>\n<meta property=\"og:type\" content=\"article\" \/>\n<meta property=\"og:title\" content=\"Personalizaci\u00f3n individual - Design Duval\" \/>\n<meta property=\"og:description\" content=\"Personalizaci\u00f3n individual - Design Duval\" \/>\n<meta property=\"og:url\" content=\"https:\/\/www.design-duval.com\/es\/impresion-digital-servicios\/personalizacion-individual\/\" \/>\n<meta property=\"og:site_name\" content=\"Design Duval\" \/>\n<meta property=\"article:modified_time\" content=\"2021-02-03T14:11:02+00:00\" \/>\n<meta name=\"twitter:card\" content=\"summary\" \/>\n<meta name=\"twitter:label1\" content=\"Tiempo de lectura\" \/>\n\t<meta name=\"twitter:data1\" content=\"1 minuto\" \/>\n<script type=\"application\/ld+json\" class=\"yoast-schema-graph\">{\"@context\":\"https:\/\/schema.org\",\"@graph\":[{\"@type\":\"WebPage\",\"@id\":\"https:\/\/www.design-duval.com\/es\/impresion-digital-servicios\/personalizacion-individual\/\",\"url\":\"https:\/\/www.design-duval.com\/es\/impresion-digital-servicios\/personalizacion-individual\/\",\"name\":\"Personalizaci\u00f3n individual - Design Duval\",\"isPartOf\":{\"@id\":\"https:\/\/www.design-duval.com\/es\/#website\"},\"datePublished\":\"2019-10-11T16:35:32+00:00\",\"dateModified\":\"2021-02-03T14:11:02+00:00\",\"description\":\"Personalizaci\u00f3n individual - Design Duval\",\"breadcrumb\":{\"@id\":\"https:\/\/www.design-duval.com\/es\/impresion-digital-servicios\/personalizacion-individual\/#breadcrumb\"},\"inLanguage\":\"es\",\"potentialAction\":[{\"@type\":\"ReadAction\",\"target\":[\"https:\/\/www.design-duval.com\/es\/impresion-digital-servicios\/personalizacion-individual\/\"]}]},{\"@type\":\"BreadcrumbList\",\"@id\":\"https:\/\/www.design-duval.com\/es\/impresion-digital-servicios\/personalizacion-individual\/#breadcrumb\",\"itemListElement\":[{\"@type\":\"ListItem\",\"position\":1,\"name\":\"Accueil\",\"item\":\"https:\/\/www.design-duval.com\/es\/\"},{\"@type\":\"ListItem\",\"position\":2,\"name\":\"Impresi\u00f3n digital : Servicios\",\"item\":\"https:\/\/www.design-duval.com\/es\/impresion-digital-servicios\/\"},{\"@type\":\"ListItem\",\"position\":3,\"name\":\"Personalizaci\u00f3n individual\"}]},{\"@type\":\"WebSite\",\"@id\":\"https:\/\/www.design-duval.com\/es\/#website\",\"url\":\"https:\/\/www.design-duval.com\/es\/\",\"name\":\"Design Duval\",\"description\":\"\",\"publisher\":{\"@id\":\"https:\/\/www.design-duval.com\/es\/#organization\"},\"potentialAction\":[{\"@type\":\"SearchAction\",\"target\":{\"@type\":\"EntryPoint\",\"urlTemplate\":\"https:\/\/www.design-duval.com\/es\/?s={search_term_string}\"},\"query-input\":\"required name=search_term_string\"}],\"inLanguage\":\"es\"},{\"@type\":\"Organization\",\"@id\":\"https:\/\/www.design-duval.com\/es\/#organization\",\"name\":\"Design duval\",\"url\":\"https:\/\/www.design-duval.com\/es\/\",\"sameAs\":[],\"logo\":{\"@type\":\"ImageObject\",\"inLanguage\":\"es\",\"@id\":\"https:\/\/www.design-duval.com\/es\/#\/schema\/logo\/image\/\",\"url\":\"https:\/\/www.design-duval.com\/wp-content\/uploads\/2020\/09\/LOGO-DD-DN-web.jpg\",\"contentUrl\":\"https:\/\/www.design-duval.com\/wp-content\/uploads\/2020\/09\/LOGO-DD-DN-web.jpg\",\"width\":614,\"height\":460,\"caption\":\"Design duval\"},\"image\":{\"@id\":\"https:\/\/www.design-duval.com\/es\/#\/schema\/logo\/image\/\"}}]}<\/script>\n<!-- \/ Yoast SEO plugin. -->","yoast_head_json":{"title":"Personalizaci\u00f3n individual - Design Duval","description":"Personalizaci\u00f3n individual - Design Duval","robots":{"index":"index","follow":"follow","max-snippet":"max-snippet:-1","max-image-preview":"max-image-preview:large","max-video-preview":"max-video-preview:-1"},"canonical":"https:\/\/www.design-duval.com\/es\/impresion-digital-servicios\/personalizacion-individual\/","og_locale":"es_ES","og_type":"article","og_title":"Personalizaci\u00f3n individual - Design Duval","og_description":"Personalizaci\u00f3n individual - Design Duval","og_url":"https:\/\/www.design-duval.com\/es\/impresion-digital-servicios\/personalizacion-individual\/","og_site_name":"Design Duval","article_modified_time":"2021-02-03T14:11:02+00:00","twitter_card":"summary","twitter_misc":{"Tiempo de lectura":"1 minuto"},"schema":{"@context":"https:\/\/schema.org","@graph":[{"@type":"WebPage","@id":"https:\/\/www.design-duval.com\/es\/impresion-digital-servicios\/personalizacion-individual\/","url":"https:\/\/www.design-duval.com\/es\/impresion-digital-servicios\/personalizacion-individual\/","name":"Personalizaci\u00f3n individual - Design Duval","isPartOf":{"@id":"https:\/\/www.design-duval.com\/es\/#website"},"datePublished":"2019-10-11T16:35:32+00:00","dateModified":"2021-02-03T14:11:02+00:00","description":"Personalizaci\u00f3n individual - Design Duval","breadcrumb":{"@id":"https:\/\/www.design-duval.com\/es\/impresion-digital-servicios\/personalizacion-individual\/#breadcrumb"},"inLanguage":"es","potentialAction":[{"@type":"ReadAction","target":["https:\/\/www.design-duval.com\/es\/impresion-digital-servicios\/personalizacion-individual\/"]}]},{"@type":"BreadcrumbList","@id":"https:\/\/www.design-duval.com\/es\/impresion-digital-servicios\/personalizacion-individual\/#breadcrumb","itemListElement":[{"@type":"ListItem","position":1,"name":"Accueil","item":"https:\/\/www.design-duval.com\/es\/"},{"@type":"ListItem","position":2,"name":"Impresi\u00f3n digital : Servicios","item":"https:\/\/www.design-duval.com\/es\/impresion-digital-servicios\/"},{"@type":"ListItem","position":3,"name":"Personalizaci\u00f3n individual"}]},{"@type":"WebSite","@id":"https:\/\/www.design-duval.com\/es\/#website","url":"https:\/\/www.design-duval.com\/es\/","name":"Design Duval","description":"","publisher":{"@id":"https:\/\/www.design-duval.com\/es\/#organization"},"potentialAction":[{"@type":"SearchAction","target":{"@type":"EntryPoint","urlTemplate":"https:\/\/www.design-duval.com\/es\/?s={search_term_string}"},"query-input":"required name=search_term_string"}],"inLanguage":"es"},{"@type":"Organization","@id":"https:\/\/www.design-duval.com\/es\/#organization","name":"Design duval","url":"https:\/\/www.design-duval.com\/es\/","sameAs":[],"logo":{"@type":"ImageObject","inLanguage":"es","@id":"https:\/\/www.design-duval.com\/es\/#\/schema\/logo\/image\/","url":"https:\/\/www.design-duval.com\/wp-content\/uploads\/2020\/09\/LOGO-DD-DN-web.jpg","contentUrl":"https:\/\/www.design-duval.com\/wp-content\/uploads\/2020\/09\/LOGO-DD-DN-web.jpg","width":614,"height":460,"caption":"Design duval"},"image":{"@id":"https:\/\/www.design-duval.com\/es\/#\/schema\/logo\/image\/"}}]}},"_links":{"self":[{"href":"https:\/\/www.design-duval.com\/es\/wp-json\/wp\/v2\/pages\/17195"}],"collection":[{"href":"https:\/\/www.design-duval.com\/es\/wp-json\/wp\/v2\/pages"}],"about":[{"href":"https:\/\/www.design-duval.com\/es\/wp-json\/wp\/v2\/types\/page"}],"author":[{"embeddable":true,"href":"https:\/\/www.design-duval.com\/es\/wp-json\/wp\/v2\/users\/16"}],"replies":[{"embeddable":true,"href":"https:\/\/www.design-duval.com\/es\/wp-json\/wp\/v2\/comments?post=17195"}],"version-history":[{"count":3,"href":"https:\/\/www.design-duval.com\/es\/wp-json\/wp\/v2\/pages\/17195\/revisions"}],"predecessor-version":[{"id":17654,"href":"https:\/\/www.design-duval.com\/es\/wp-json\/wp\/v2\/pages\/17195\/revisions\/17654"}],"up":[{"embeddable":true,"href":"https:\/\/www.design-duval.com\/es\/wp-json\/wp\/v2\/pages\/17189"}],"wp:attachment":[{"href":"https:\/\/www.design-duval.com\/es\/wp-json\/wp\/v2\/media?parent=17195"}],"curies":[{"name":"wp","href":"https:\/\/api.w.org\/{rel}","templated":true}]}}