{"id":17199,"date":"2019-10-11T18:36:31","date_gmt":"2019-10-11T16:36:31","guid":{"rendered":"https:\/\/www.design-duval.com\/digitaldruck-zusatzleistungen\/conseils-personnalises-pour-linstallation\/"},"modified":"2021-02-04T12:23:29","modified_gmt":"2021-02-04T11:23:29","slug":"asesoramiento-personalizado-para-la-instalacion","status":"publish","type":"page","link":"https:\/\/www.design-duval.com\/es\/impresion-digital-servicios\/asesoramiento-personalizado-para-la-instalacion\/","title":{"rendered":"Asesoramiento personalizado para la instalaci\u00f3n"},"content":{"rendered":"<div id=\"attachment_13617\" style=\"width: 810px\" class=\"wp-caption aligncenter\"><img aria-describedby=\"caption-attachment-13617\" loading=\"lazy\" class=\"wp-image-13617\" src=\"https:\/\/www.design-duval.com\/wp-content\/uploads\/2020\/04\/Impression-num\u00e9rique-conseils-personnalis\u00e9s-455x265.jpg\" alt=\"impresi\u00f3n digital-asesoramiento personalizado \" width=\"800\" height=\"547\" srcset=\"https:\/\/www.design-duval.com\/wp-content\/uploads\/2020\/04\/Impression-num\u00e9rique-conseils-personnalis\u00e9s-768x525.jpg 768w, https:\/\/www.design-duval.com\/wp-content\/uploads\/2020\/04\/Impression-num\u00e9rique-conseils-personnalis\u00e9s-1500x1026.jpg 1500w, https:\/\/www.design-duval.com\/wp-content\/uploads\/2020\/04\/Impression-num\u00e9rique-conseils-personnalis\u00e9s-620x424.jpg 620w, https:\/\/www.design-duval.com\/wp-content\/uploads\/2020\/04\/Impression-num\u00e9rique-conseils-personnalis\u00e9s.jpg 1900w\" sizes=\"(max-width: 800px) 100vw, 800px\" \/><p id=\"caption-attachment-13617\" class=\"wp-caption-text\">Fred und Sylvain, recepci\u00f3n de mercanc\u00edas y almacenaje<\/p><\/div>\n<p>&nbsp;<\/p>\n<p>Para <strong>Design Duval<\/strong>, <strong>dise\u00f1ar una exposici\u00f3n<\/strong> no es solo <strong>imprimir im\u00e1genes con calidad profesional<\/strong>, sino tambi\u00e9n acompa\u00f1arte en la <strong>instalaci\u00f3n y el montaje de tu escenograf\u00eda<\/strong>.<\/p>\n<p>Te ofrecemos el <strong>dise\u00f1o y fabricaci\u00f3n de instalaciones y m\u00f3dulos para uso interior o exterior<\/strong> para que saques el m\u00e1ximo partido de tu exposici\u00f3n. Nuestro equipo te orienta en la selecci\u00f3n de los materiales de soporte y de las fijaciones. Un <strong>asesoramiento personalizado<\/strong>, que se adapta perfectamente a la configuraci\u00f3n de tu lugar de exposici\u00f3n.<\/p>\n<p>Para los sistemas m\u00e1s complejos, te proporcionamos unas instrucciones de montaje claras y detalladas. Y pase lo que pase, \u00a1estamos siempre <a href=\"https:\/\/www.design-duval.com\/es\/una-pregunta-un-proyecto-una-oferta\/\">a tu disposici\u00f3n para cualquier pregunta<\/a>!<\/p>\n","protected":false},"excerpt":{"rendered":"<p>&nbsp; Para Design Duval, dise\u00f1ar una exposici\u00f3n no es solo imprimir im\u00e1genes con calidad profesional, sino tambi\u00e9n acompa\u00f1arte en la instalaci\u00f3n y el montaje de tu escenograf\u00eda. Te ofrecemos el dise\u00f1o y fabricaci\u00f3n de instalaciones y m\u00f3dulos para uso interior o exterior para que saques el m\u00e1ximo partido de tu exposici\u00f3n. Nuestro equipo te orienta [&hellip;]<\/p>\n","protected":false},"author":16,"featured_media":0,"parent":17189,"menu_order":0,"comment_status":"closed","ping_status":"closed","template":"","meta":[],"yoast_head":"<!-- This site is optimized with the Yoast SEO plugin v19.6.1 - https:\/\/yoast.com\/wordpress\/plugins\/seo\/ -->\n<title>Asesoramiento personalizado para la instalaci\u00f3n - Design Duval<\/title>\n<meta name=\"description\" content=\"Asesoramiento personalizado para la instalaci\u00f3n - Design Duval\" \/>\n<meta name=\"robots\" content=\"index, follow, max-snippet:-1, max-image-preview:large, max-video-preview:-1\" \/>\n<link rel=\"canonical\" href=\"https:\/\/www.design-duval.com\/es\/impresion-digital-servicios\/asesoramiento-personalizado-para-la-instalacion\/\" \/>\n<meta property=\"og:locale\" content=\"es_ES\" \/>\n<meta property=\"og:type\" content=\"article\" \/>\n<meta property=\"og:title\" content=\"Asesoramiento personalizado para la instalaci\u00f3n - Design Duval\" \/>\n<meta property=\"og:description\" content=\"Asesoramiento personalizado para la instalaci\u00f3n - Design Duval\" \/>\n<meta property=\"og:url\" content=\"https:\/\/www.design-duval.com\/es\/impresion-digital-servicios\/asesoramiento-personalizado-para-la-instalacion\/\" \/>\n<meta property=\"og:site_name\" content=\"Design Duval\" \/>\n<meta property=\"article:modified_time\" content=\"2021-02-04T11:23:29+00:00\" \/>\n<meta name=\"twitter:card\" content=\"summary\" \/>\n<meta name=\"twitter:label1\" content=\"Tiempo de lectura\" \/>\n\t<meta name=\"twitter:data1\" content=\"1 minuto\" \/>\n<script type=\"application\/ld+json\" class=\"yoast-schema-graph\">{\"@context\":\"https:\/\/schema.org\",\"@graph\":[{\"@type\":\"WebPage\",\"@id\":\"https:\/\/www.design-duval.com\/es\/impresion-digital-servicios\/asesoramiento-personalizado-para-la-instalacion\/\",\"url\":\"https:\/\/www.design-duval.com\/es\/impresion-digital-servicios\/asesoramiento-personalizado-para-la-instalacion\/\",\"name\":\"Asesoramiento personalizado para la instalaci\u00f3n - Design Duval\",\"isPartOf\":{\"@id\":\"https:\/\/www.design-duval.com\/es\/#website\"},\"datePublished\":\"2019-10-11T16:36:31+00:00\",\"dateModified\":\"2021-02-04T11:23:29+00:00\",\"description\":\"Asesoramiento personalizado para la instalaci\u00f3n - Design Duval\",\"breadcrumb\":{\"@id\":\"https:\/\/www.design-duval.com\/es\/impresion-digital-servicios\/asesoramiento-personalizado-para-la-instalacion\/#breadcrumb\"},\"inLanguage\":\"es\",\"potentialAction\":[{\"@type\":\"ReadAction\",\"target\":[\"https:\/\/www.design-duval.com\/es\/impresion-digital-servicios\/asesoramiento-personalizado-para-la-instalacion\/\"]}]},{\"@type\":\"BreadcrumbList\",\"@id\":\"https:\/\/www.design-duval.com\/es\/impresion-digital-servicios\/asesoramiento-personalizado-para-la-instalacion\/#breadcrumb\",\"itemListElement\":[{\"@type\":\"ListItem\",\"position\":1,\"name\":\"Accueil\",\"item\":\"https:\/\/www.design-duval.com\/es\/\"},{\"@type\":\"ListItem\",\"position\":2,\"name\":\"Impresi\u00f3n digital : Servicios\",\"item\":\"https:\/\/www.design-duval.com\/es\/impresion-digital-servicios\/\"},{\"@type\":\"ListItem\",\"position\":3,\"name\":\"Asesoramiento personalizado para la instalaci\u00f3n\"}]},{\"@type\":\"WebSite\",\"@id\":\"https:\/\/www.design-duval.com\/es\/#website\",\"url\":\"https:\/\/www.design-duval.com\/es\/\",\"name\":\"Design Duval\",\"description\":\"\",\"publisher\":{\"@id\":\"https:\/\/www.design-duval.com\/es\/#organization\"},\"potentialAction\":[{\"@type\":\"SearchAction\",\"target\":{\"@type\":\"EntryPoint\",\"urlTemplate\":\"https:\/\/www.design-duval.com\/es\/?s={search_term_string}\"},\"query-input\":\"required name=search_term_string\"}],\"inLanguage\":\"es\"},{\"@type\":\"Organization\",\"@id\":\"https:\/\/www.design-duval.com\/es\/#organization\",\"name\":\"Design duval\",\"url\":\"https:\/\/www.design-duval.com\/es\/\",\"sameAs\":[],\"logo\":{\"@type\":\"ImageObject\",\"inLanguage\":\"es\",\"@id\":\"https:\/\/www.design-duval.com\/es\/#\/schema\/logo\/image\/\",\"url\":\"https:\/\/www.design-duval.com\/wp-content\/uploads\/2020\/09\/LOGO-DD-DN-web.jpg\",\"contentUrl\":\"https:\/\/www.design-duval.com\/wp-content\/uploads\/2020\/09\/LOGO-DD-DN-web.jpg\",\"width\":614,\"height\":460,\"caption\":\"Design duval\"},\"image\":{\"@id\":\"https:\/\/www.design-duval.com\/es\/#\/schema\/logo\/image\/\"}}]}<\/script>\n<!-- \/ Yoast SEO plugin. -->","yoast_head_json":{"title":"Asesoramiento personalizado para la instalaci\u00f3n - Design Duval","description":"Asesoramiento personalizado para la instalaci\u00f3n - Design Duval","robots":{"index":"index","follow":"follow","max-snippet":"max-snippet:-1","max-image-preview":"max-image-preview:large","max-video-preview":"max-video-preview:-1"},"canonical":"https:\/\/www.design-duval.com\/es\/impresion-digital-servicios\/asesoramiento-personalizado-para-la-instalacion\/","og_locale":"es_ES","og_type":"article","og_title":"Asesoramiento personalizado para la instalaci\u00f3n - Design Duval","og_description":"Asesoramiento personalizado para la instalaci\u00f3n - Design Duval","og_url":"https:\/\/www.design-duval.com\/es\/impresion-digital-servicios\/asesoramiento-personalizado-para-la-instalacion\/","og_site_name":"Design Duval","article_modified_time":"2021-02-04T11:23:29+00:00","twitter_card":"summary","twitter_misc":{"Tiempo de lectura":"1 minuto"},"schema":{"@context":"https:\/\/schema.org","@graph":[{"@type":"WebPage","@id":"https:\/\/www.design-duval.com\/es\/impresion-digital-servicios\/asesoramiento-personalizado-para-la-instalacion\/","url":"https:\/\/www.design-duval.com\/es\/impresion-digital-servicios\/asesoramiento-personalizado-para-la-instalacion\/","name":"Asesoramiento personalizado para la instalaci\u00f3n - Design Duval","isPartOf":{"@id":"https:\/\/www.design-duval.com\/es\/#website"},"datePublished":"2019-10-11T16:36:31+00:00","dateModified":"2021-02-04T11:23:29+00:00","description":"Asesoramiento personalizado para la instalaci\u00f3n - Design Duval","breadcrumb":{"@id":"https:\/\/www.design-duval.com\/es\/impresion-digital-servicios\/asesoramiento-personalizado-para-la-instalacion\/#breadcrumb"},"inLanguage":"es","potentialAction":[{"@type":"ReadAction","target":["https:\/\/www.design-duval.com\/es\/impresion-digital-servicios\/asesoramiento-personalizado-para-la-instalacion\/"]}]},{"@type":"BreadcrumbList","@id":"https:\/\/www.design-duval.com\/es\/impresion-digital-servicios\/asesoramiento-personalizado-para-la-instalacion\/#breadcrumb","itemListElement":[{"@type":"ListItem","position":1,"name":"Accueil","item":"https:\/\/www.design-duval.com\/es\/"},{"@type":"ListItem","position":2,"name":"Impresi\u00f3n digital : Servicios","item":"https:\/\/www.design-duval.com\/es\/impresion-digital-servicios\/"},{"@type":"ListItem","position":3,"name":"Asesoramiento personalizado para la instalaci\u00f3n"}]},{"@type":"WebSite","@id":"https:\/\/www.design-duval.com\/es\/#website","url":"https:\/\/www.design-duval.com\/es\/","name":"Design Duval","description":"","publisher":{"@id":"https:\/\/www.design-duval.com\/es\/#organization"},"potentialAction":[{"@type":"SearchAction","target":{"@type":"EntryPoint","urlTemplate":"https:\/\/www.design-duval.com\/es\/?s={search_term_string}"},"query-input":"required name=search_term_string"}],"inLanguage":"es"},{"@type":"Organization","@id":"https:\/\/www.design-duval.com\/es\/#organization","name":"Design duval","url":"https:\/\/www.design-duval.com\/es\/","sameAs":[],"logo":{"@type":"ImageObject","inLanguage":"es","@id":"https:\/\/www.design-duval.com\/es\/#\/schema\/logo\/image\/","url":"https:\/\/www.design-duval.com\/wp-content\/uploads\/2020\/09\/LOGO-DD-DN-web.jpg","contentUrl":"https:\/\/www.design-duval.com\/wp-content\/uploads\/2020\/09\/LOGO-DD-DN-web.jpg","width":614,"height":460,"caption":"Design duval"},"image":{"@id":"https:\/\/www.design-duval.com\/es\/#\/schema\/logo\/image\/"}}]}},"_links":{"self":[{"href":"https:\/\/www.design-duval.com\/es\/wp-json\/wp\/v2\/pages\/17199"}],"collection":[{"href":"https:\/\/www.design-duval.com\/es\/wp-json\/wp\/v2\/pages"}],"about":[{"href":"https:\/\/www.design-duval.com\/es\/wp-json\/wp\/v2\/types\/page"}],"author":[{"embeddable":true,"href":"https:\/\/www.design-duval.com\/es\/wp-json\/wp\/v2\/users\/16"}],"replies":[{"embeddable":true,"href":"https:\/\/www.design-duval.com\/es\/wp-json\/wp\/v2\/comments?post=17199"}],"version-history":[{"count":3,"href":"https:\/\/www.design-duval.com\/es\/wp-json\/wp\/v2\/pages\/17199\/revisions"}],"predecessor-version":[{"id":17687,"href":"https:\/\/www.design-duval.com\/es\/wp-json\/wp\/v2\/pages\/17199\/revisions\/17687"}],"up":[{"embeddable":true,"href":"https:\/\/www.design-duval.com\/es\/wp-json\/wp\/v2\/pages\/17189"}],"wp:attachment":[{"href":"https:\/\/www.design-duval.com\/es\/wp-json\/wp\/v2\/media?parent=17199"}],"curies":[{"name":"wp","href":"https:\/\/api.w.org\/{rel}","templated":true}]}}