{"id":17202,"date":"2019-10-11T18:37:08","date_gmt":"2019-10-11T16:37:08","guid":{"rendered":"https:\/\/www.design-duval.com\/digitaldruck-zusatzleistungen\/emballage-et-expedition\/"},"modified":"2021-01-15T13:01:22","modified_gmt":"2021-01-15T12:01:22","slug":"embalaje-y-envio","status":"publish","type":"page","link":"https:\/\/www.design-duval.com\/es\/impresion-digital-servicios\/embalaje-y-envio\/","title":{"rendered":"Embalaje y env\u00edo"},"content":{"rendered":"<div id=\"attachment_16576\" style=\"width: 465px\" class=\"wp-caption aligncenter\"><img aria-describedby=\"caption-attachment-16576\" loading=\"lazy\" class=\"wp-image-16576 size-medium\" src=\"https:\/\/www.design-duval.com\/wp-content\/uploads\/2020\/10\/dd-nico-grande-455x265.jpg\" alt=\"impresi\u00f3n digital - embalaje y env\u00edo\" width=\"455\" height=\"265\" \/><p id=\"caption-attachment-16576\" class=\"wp-caption-text\">Nicolas, comercial<\/p><\/div>\n<p>&nbsp;<\/p>\n<p>Puesto que somos conscientes de la fragilidad y complejidad del embalaje de determinados materiales, te ofrecemos un servicio de empaquetado y env\u00edo a demanda.<\/p>\n<p>Empaquetamos tu producto seg\u00fan tus indicaciones de forma unitaria o en el n\u00famero de unidades que desees, dependiendo de si es una <strong>impresi\u00f3n digital<\/strong><\/p>\n<ul>\n<li>sobre materiales flexibles (lona, adhesivo de suelo&#8230;),<\/li>\n<li>sobre un material r\u00edgido (PVC, plexigl\u00e1s&#8230;) o<\/li>\n<li>en peque\u00f1o o gran formato (expositor de PLV, expositor de mostrador, stopper publicitario\u2026).<\/li>\n<\/ul>\n<p>Nuestra dilatada experiencia con el enrutamiento nos permite ofrecerte tambi\u00e9n<\/p>\n<ul>\n<li>el env\u00edo a diferentes puntos,<\/li>\n<li>entrega dentro del pa\u00eds o en el extranjero,<\/li>\n<li>un almacenaje con suministro a demanda o con un ciclo de entrega establecido.<\/li>\n<\/ul>\n<p>Situ\u00e1ndonos en la vanguardia de la innovaci\u00f3n, podemos ofrecer a tus comerciales o clientes la oportunidad de realizar sus pedidos de forma f\u00e1cil a trav\u00e9s de una herramienta inform\u00e1tica creada espec\u00edficamente para ti. \u00a1Una excelente oportunidad para seguir al mismo tiempo la evoluci\u00f3n de tus stocks!<\/p>\n","protected":false},"excerpt":{"rendered":"<p>&nbsp; Puesto que somos conscientes de la fragilidad y complejidad del embalaje de determinados materiales, te ofrecemos un servicio de empaquetado y env\u00edo a demanda. Empaquetamos tu producto seg\u00fan tus indicaciones de forma unitaria o en el n\u00famero de unidades que desees, dependiendo de si es una impresi\u00f3n digital sobre materiales flexibles (lona, adhesivo de [&hellip;]<\/p>\n","protected":false},"author":16,"featured_media":0,"parent":17189,"menu_order":0,"comment_status":"closed","ping_status":"closed","template":"","meta":[],"yoast_head":"<!-- This site is optimized with the Yoast SEO plugin v19.6.1 - https:\/\/yoast.com\/wordpress\/plugins\/seo\/ -->\n<title>Embalaje y env\u00edo - Design Duval<\/title>\n<meta name=\"description\" content=\"Embalaje y env\u00edo - Design Duval\" \/>\n<meta name=\"robots\" content=\"index, follow, max-snippet:-1, max-image-preview:large, max-video-preview:-1\" \/>\n<link rel=\"canonical\" href=\"https:\/\/www.design-duval.com\/es\/impresion-digital-servicios\/embalaje-y-envio\/\" \/>\n<meta property=\"og:locale\" content=\"es_ES\" \/>\n<meta property=\"og:type\" content=\"article\" \/>\n<meta property=\"og:title\" content=\"Embalaje y env\u00edo - Design Duval\" \/>\n<meta property=\"og:description\" content=\"Embalaje y env\u00edo - Design Duval\" \/>\n<meta property=\"og:url\" content=\"https:\/\/www.design-duval.com\/es\/impresion-digital-servicios\/embalaje-y-envio\/\" \/>\n<meta property=\"og:site_name\" content=\"Design Duval\" \/>\n<meta property=\"article:modified_time\" content=\"2021-01-15T12:01:22+00:00\" \/>\n<meta property=\"og:image\" content=\"https:\/\/www.design-duval.com\/wp-content\/uploads\/2020\/10\/dd-nico-grande-455x265.jpg\" \/>\n<meta name=\"twitter:card\" content=\"summary\" \/>\n<meta name=\"twitter:label1\" content=\"Tiempo de lectura\" \/>\n\t<meta name=\"twitter:data1\" content=\"1 minuto\" \/>\n<script type=\"application\/ld+json\" class=\"yoast-schema-graph\">{\"@context\":\"https:\/\/schema.org\",\"@graph\":[{\"@type\":\"WebPage\",\"@id\":\"https:\/\/www.design-duval.com\/es\/impresion-digital-servicios\/embalaje-y-envio\/\",\"url\":\"https:\/\/www.design-duval.com\/es\/impresion-digital-servicios\/embalaje-y-envio\/\",\"name\":\"Embalaje y env\u00edo - Design Duval\",\"isPartOf\":{\"@id\":\"https:\/\/www.design-duval.com\/es\/#website\"},\"datePublished\":\"2019-10-11T16:37:08+00:00\",\"dateModified\":\"2021-01-15T12:01:22+00:00\",\"description\":\"Embalaje y env\u00edo - Design Duval\",\"breadcrumb\":{\"@id\":\"https:\/\/www.design-duval.com\/es\/impresion-digital-servicios\/embalaje-y-envio\/#breadcrumb\"},\"inLanguage\":\"es\",\"potentialAction\":[{\"@type\":\"ReadAction\",\"target\":[\"https:\/\/www.design-duval.com\/es\/impresion-digital-servicios\/embalaje-y-envio\/\"]}]},{\"@type\":\"BreadcrumbList\",\"@id\":\"https:\/\/www.design-duval.com\/es\/impresion-digital-servicios\/embalaje-y-envio\/#breadcrumb\",\"itemListElement\":[{\"@type\":\"ListItem\",\"position\":1,\"name\":\"Accueil\",\"item\":\"https:\/\/www.design-duval.com\/es\/\"},{\"@type\":\"ListItem\",\"position\":2,\"name\":\"Impresi\u00f3n digital : Servicios\",\"item\":\"https:\/\/www.design-duval.com\/es\/impresion-digital-servicios\/\"},{\"@type\":\"ListItem\",\"position\":3,\"name\":\"Embalaje y env\u00edo\"}]},{\"@type\":\"WebSite\",\"@id\":\"https:\/\/www.design-duval.com\/es\/#website\",\"url\":\"https:\/\/www.design-duval.com\/es\/\",\"name\":\"Design Duval\",\"description\":\"\",\"publisher\":{\"@id\":\"https:\/\/www.design-duval.com\/es\/#organization\"},\"potentialAction\":[{\"@type\":\"SearchAction\",\"target\":{\"@type\":\"EntryPoint\",\"urlTemplate\":\"https:\/\/www.design-duval.com\/es\/?s={search_term_string}\"},\"query-input\":\"required name=search_term_string\"}],\"inLanguage\":\"es\"},{\"@type\":\"Organization\",\"@id\":\"https:\/\/www.design-duval.com\/es\/#organization\",\"name\":\"Design duval\",\"url\":\"https:\/\/www.design-duval.com\/es\/\",\"sameAs\":[],\"logo\":{\"@type\":\"ImageObject\",\"inLanguage\":\"es\",\"@id\":\"https:\/\/www.design-duval.com\/es\/#\/schema\/logo\/image\/\",\"url\":\"https:\/\/www.design-duval.com\/wp-content\/uploads\/2020\/09\/LOGO-DD-DN-web.jpg\",\"contentUrl\":\"https:\/\/www.design-duval.com\/wp-content\/uploads\/2020\/09\/LOGO-DD-DN-web.jpg\",\"width\":614,\"height\":460,\"caption\":\"Design duval\"},\"image\":{\"@id\":\"https:\/\/www.design-duval.com\/es\/#\/schema\/logo\/image\/\"}}]}<\/script>\n<!-- \/ Yoast SEO plugin. -->","yoast_head_json":{"title":"Embalaje y env\u00edo - Design Duval","description":"Embalaje y env\u00edo - Design Duval","robots":{"index":"index","follow":"follow","max-snippet":"max-snippet:-1","max-image-preview":"max-image-preview:large","max-video-preview":"max-video-preview:-1"},"canonical":"https:\/\/www.design-duval.com\/es\/impresion-digital-servicios\/embalaje-y-envio\/","og_locale":"es_ES","og_type":"article","og_title":"Embalaje y env\u00edo - Design Duval","og_description":"Embalaje y env\u00edo - Design Duval","og_url":"https:\/\/www.design-duval.com\/es\/impresion-digital-servicios\/embalaje-y-envio\/","og_site_name":"Design Duval","article_modified_time":"2021-01-15T12:01:22+00:00","og_image":[{"url":"https:\/\/www.design-duval.com\/wp-content\/uploads\/2020\/10\/dd-nico-grande-455x265.jpg"}],"twitter_card":"summary","twitter_misc":{"Tiempo de lectura":"1 minuto"},"schema":{"@context":"https:\/\/schema.org","@graph":[{"@type":"WebPage","@id":"https:\/\/www.design-duval.com\/es\/impresion-digital-servicios\/embalaje-y-envio\/","url":"https:\/\/www.design-duval.com\/es\/impresion-digital-servicios\/embalaje-y-envio\/","name":"Embalaje y env\u00edo - Design Duval","isPartOf":{"@id":"https:\/\/www.design-duval.com\/es\/#website"},"datePublished":"2019-10-11T16:37:08+00:00","dateModified":"2021-01-15T12:01:22+00:00","description":"Embalaje y env\u00edo - Design Duval","breadcrumb":{"@id":"https:\/\/www.design-duval.com\/es\/impresion-digital-servicios\/embalaje-y-envio\/#breadcrumb"},"inLanguage":"es","potentialAction":[{"@type":"ReadAction","target":["https:\/\/www.design-duval.com\/es\/impresion-digital-servicios\/embalaje-y-envio\/"]}]},{"@type":"BreadcrumbList","@id":"https:\/\/www.design-duval.com\/es\/impresion-digital-servicios\/embalaje-y-envio\/#breadcrumb","itemListElement":[{"@type":"ListItem","position":1,"name":"Accueil","item":"https:\/\/www.design-duval.com\/es\/"},{"@type":"ListItem","position":2,"name":"Impresi\u00f3n digital : Servicios","item":"https:\/\/www.design-duval.com\/es\/impresion-digital-servicios\/"},{"@type":"ListItem","position":3,"name":"Embalaje y env\u00edo"}]},{"@type":"WebSite","@id":"https:\/\/www.design-duval.com\/es\/#website","url":"https:\/\/www.design-duval.com\/es\/","name":"Design Duval","description":"","publisher":{"@id":"https:\/\/www.design-duval.com\/es\/#organization"},"potentialAction":[{"@type":"SearchAction","target":{"@type":"EntryPoint","urlTemplate":"https:\/\/www.design-duval.com\/es\/?s={search_term_string}"},"query-input":"required name=search_term_string"}],"inLanguage":"es"},{"@type":"Organization","@id":"https:\/\/www.design-duval.com\/es\/#organization","name":"Design duval","url":"https:\/\/www.design-duval.com\/es\/","sameAs":[],"logo":{"@type":"ImageObject","inLanguage":"es","@id":"https:\/\/www.design-duval.com\/es\/#\/schema\/logo\/image\/","url":"https:\/\/www.design-duval.com\/wp-content\/uploads\/2020\/09\/LOGO-DD-DN-web.jpg","contentUrl":"https:\/\/www.design-duval.com\/wp-content\/uploads\/2020\/09\/LOGO-DD-DN-web.jpg","width":614,"height":460,"caption":"Design duval"},"image":{"@id":"https:\/\/www.design-duval.com\/es\/#\/schema\/logo\/image\/"}}]}},"_links":{"self":[{"href":"https:\/\/www.design-duval.com\/es\/wp-json\/wp\/v2\/pages\/17202"}],"collection":[{"href":"https:\/\/www.design-duval.com\/es\/wp-json\/wp\/v2\/pages"}],"about":[{"href":"https:\/\/www.design-duval.com\/es\/wp-json\/wp\/v2\/types\/page"}],"author":[{"embeddable":true,"href":"https:\/\/www.design-duval.com\/es\/wp-json\/wp\/v2\/users\/16"}],"replies":[{"embeddable":true,"href":"https:\/\/www.design-duval.com\/es\/wp-json\/wp\/v2\/comments?post=17202"}],"version-history":[{"count":2,"href":"https:\/\/www.design-duval.com\/es\/wp-json\/wp\/v2\/pages\/17202\/revisions"}],"predecessor-version":[{"id":17204,"href":"https:\/\/www.design-duval.com\/es\/wp-json\/wp\/v2\/pages\/17202\/revisions\/17204"}],"up":[{"embeddable":true,"href":"https:\/\/www.design-duval.com\/es\/wp-json\/wp\/v2\/pages\/17189"}],"wp:attachment":[{"href":"https:\/\/www.design-duval.com\/es\/wp-json\/wp\/v2\/media?parent=17202"}],"curies":[{"name":"wp","href":"https:\/\/api.w.org\/{rel}","templated":true}]}}